{"id":22,"date":"2022-05-02T14:53:17","date_gmt":"2022-05-02T17:53:17","guid":{"rendered":"https:\/\/www3.unicentro.br\/bibliotecas\/?page_id=22"},"modified":"2026-03-20T15:10:10","modified_gmt":"2026-03-20T18:10:10","slug":"equipe","status":"publish","type":"page","link":"https:\/\/www3.unicentro.br\/bibliotecas\/conheca-a-rede-de-bibliotecas-unicentro\/equipe\/","title":{"rendered":"Equipe"},"content":{"rendered":"<div class=\"wpb-content-wrapper\"><p>[vc_row][vc_column][vc_column_text css=&#8221;&#8221;]<\/p>\n<p style=\"text-align: left\"><span style=\"font-size: 12pt;font-family: georgia, palatino, serif\"><strong>Equipe da Rede de Bibliotecas da Unicentro<\/strong><\/span><\/p>\n<p>&nbsp;<\/p>\n<p><span style=\"font-family: georgia, palatino, serif;font-size: 12pt\"><em><b>Fichas Catalogr\u00e1ficas<\/b>: <\/em><\/span><\/p>\n<p><span style=\"font-family: georgia, palatino, serif;font-size: 12pt\">Eguimara de Oliveira (Guarapuava)<\/span><br \/>\n<span style=\"font-family: georgia, palatino, serif;font-size: 12pt\"><a href=\"mailto:mara@unicentro.br\">mara@unicentro.br<\/a><\/span><\/p>\n<p><span style=\"font-family: georgia, palatino, serif;font-size: 12pt\">Elaine Souza (Irati)<\/span><br \/>\n<span style=\"font-family: georgia, palatino, serif;font-size: 12pt\"><a href=\"mailto:efsouza@unicentro.br\">efsouza@unicentro.br<\/a><\/span><\/p>\n<p>&nbsp;<\/p>\n<p><span style=\"font-family: georgia, palatino, serif;font-size: 12pt\"><strong><em>Bibliotecas Digitais:<\/em><\/strong><\/span><\/p>\n<p><span style=\"font-family: georgia, palatino, serif;font-size: 12pt\">Yasmin Rodrigues<\/span><br \/>\n<span style=\"font-family: georgia, palatino, serif;font-size: 12pt\"><a href=\"yasminrodrigues@unicentro.br\">yasminrodrigues@unicentro.br<\/a><\/span><\/p>\n<p><span style=\"font-family: georgia, palatino, serif;font-size: 12pt\">Samatha Batista<\/span><br \/>\n<span style=\"font-family: georgia, palatino, serif;font-size: 12pt\"><a href=\"samanthabatista@unicentro.br\">samanthabatista@unicentro.br<\/a><\/span><\/p>\n<p>&nbsp;<\/p>\n<p><span style=\"font-family: georgia, palatino, serif;font-size: 12pt\"><strong>Biblioteca C\u00e2mpus Santa Cruz<\/strong><\/span><\/p>\n<p><span style=\"font-family: georgia, palatino, serif;font-size: 12pt\">Atendimento:\u00a0Andrea Wiedermann<\/span><br \/>\n<span style=\"font-family: georgia, palatino, serif;font-size: 12pt\"><a href=\"mailto:awiedermann@unicentro.br\">awiedermann@unicentro.br<\/a><\/span><\/p>\n<p><span style=\"font-family: georgia, palatino, serif;font-size: 12pt\">Empr\u00e9stimos entre Bibliotecas: Andrea Wiedermann<\/span><br \/>\n<span style=\"font-family: georgia, palatino, serif;font-size: 12pt\"><a href=\"mailto:awiedermann@unicentro.br\">awiedermann@unicentro.br<\/a><\/span><\/p>\n<p data-pm-slice=\"1 1 []\"><span style=\"font-family: georgia, palatino, serif;font-size: 12pt\">Processamento T\u00e9cnico: Lucilene Melo<\/span><br \/>\n<span style=\"font-family: georgia, palatino, serif;font-size: 12pt\"><a href=\"mailto:lucilenemelo@unicentro.br\">lucilenemelo@unicentro.br<\/a><\/span><\/p>\n<p>&nbsp;<\/p>\n<p><span style=\"font-family: georgia, palatino, serif;font-size: 12pt\"><strong>Biblioteca C\u00e2mpus Cedeteg<\/strong><\/span><\/p>\n<p><span style=\"font-family: georgia, palatino, serif;font-size: 12pt\">Atendimento: Emanuely Schuartz\u00a0<\/span><br \/>\n<span style=\"font-family: georgia, palatino, serif;font-size: 12pt\"><a href=\"mailto:emanuelyschuartz9@gmail.com\">emanuelyschuartz9@gmail.com<\/a><\/span><\/p>\n<p><span style=\"font-family: georgia, palatino, serif;font-size: 12pt\">Empr\u00e9stimos entre Bibliotecas: Emanuely Schuartz\u00a0<\/span><br \/>\n<span style=\"font-family: georgia, palatino, serif;font-size: 12pt\"><a href=\"mailto:emanuelyschuartz9@gmail.com\">emanuelyschuartz9@gmail.com<\/a><\/span><\/p>\n<p><span style=\"font-family: georgia, palatino, serif;font-size: 12pt\">Hemeroteca: Yasmin Brand Rodrigues<\/span><br \/>\n<span style=\"font-family: georgia, palatino, serif;font-size: 12pt\"><a href=\"mailto:yasminrodrigues@unicentro.br\">yasminrodrigues@unicentro.br<\/a><\/span><\/p>\n<p data-pm-slice=\"1 1 []\"><span style=\"font-family: georgia, palatino, serif;font-size: 12pt\">Processamento T\u00e9cnico: Fabiano Juc\u00e1<\/span><br \/>\n<span style=\"font-family: georgia, palatino, serif;font-size: 12pt\"><a href=\"mailto:fjuca@unicentro.br\">fjuca@unicentro.br<\/a><\/span><\/p>\n<p><span style=\"font-family: georgia, palatino, serif;font-size: 12pt\">Administra\u00e7\u00e3o: Lirian Cola\u00e7o e Yasmin Rodrigues<\/span><br \/>\n<span style=\"font-family: georgia, palatino, serif;font-size: 12pt\"><a href=\"mailto:lirian@unicentro.br\">lirian@unicentro.br<\/a><\/span><br \/>\n<span style=\"font-family: georgia, palatino, serif;font-size: 12pt\"><a href=\"mailto:yasminrodrigues@unicentro.br\">yasminrodrigues@unicentro.br<\/a><\/span><\/p>\n<p>&nbsp;<\/p>\n<p><span style=\"font-family: georgia, palatino, serif;font-size: 12pt\"><strong>Biblioteca C\u00e2mpus de Irati<\/strong><\/span><\/p>\n<p><span style=\"font-family: georgia, palatino, serif;font-size: 12pt\">Coordena\u00e7\u00e3o: Elaine Fernandes de Souza<\/span><br \/>\n<span style=\"font-family: georgia, palatino, serif;font-size: 12pt\"><a href=\"mailto:efsouza@unicentro.br\">efsouza@unicentro.br<\/a><\/span><\/p>\n<p><span style=\"font-family: georgia, palatino, serif;font-size: 12pt\">Atendimento: Douglas Conrado Goy<\/span><br \/>\n<span style=\"font-size: 12pt;font-family: georgia, palatino, serif\"><a href=\"mailto:dcgoy@unicentro.br\">dcgoy@unicentro.br<\/a><\/span><\/p>\n<p><span style=\"font-family: georgia, palatino, serif;font-size: 12pt\">Empr\u00e9stimos entre Bibliotecas: Emylin Schwab Luz<\/span><br \/>\n<span style=\"font-family: georgia, palatino, serif;font-size: 12pt\"><a href=\"mailto:egsluz@unicentro.br\">egsluz@unicentro.br<\/a><\/span><\/p>\n<p><span style=\"font-family: georgia, palatino, serif;font-size: 12pt\">Processamento T\u00e9cnico: Elaine Fernandes de Souza<\/span><br \/>\n<span style=\"font-family: georgia, palatino, serif;font-size: 12pt\"><a href=\"mailto:efsouza@unicentro.br\">efsouza@unicentro.br<\/a><\/span><\/p>\n<p>&nbsp;<\/p>\n<p><span style=\"font-family: georgia, palatino, serif;font-size: 12pt\"><strong>Biblioteca C\u00e2mpus Chopinzinho<\/strong><\/span><\/p>\n<p><span style=\"font-family: georgia, palatino, serif;font-size: 12pt\">Coordena\u00e7\u00e3o: Marli F\u00e1tima da Silva<\/span><br \/>\n<span style=\"font-family: georgia, palatino, serif;font-size: 12pt\"><a href=\"mailto:juannamagiero66@gmail.com\">marlinanda21@hotmail.com<\/a><\/span><\/p>\n<p>&nbsp;<\/p>\n<p><span style=\"font-family: georgia, palatino, serif;font-size: 12pt\"><strong>Biblioteca C\u00e2mpus Coronel Vivida<\/strong><\/span><\/p>\n<p><span style=\"font-family: georgia, palatino, serif;font-size: 12pt\">Coordena\u00e7\u00e3o: Rosilei Matiollo Sinhorim<\/span><br \/>\n<span style=\"font-family: georgia, palatino, serif;font-size: 12pt\"><a href=\"mailto:msrose.m2017@gmail.com\">msrose.m2017@gmail.com<\/a><\/span><\/p>\n<p>&nbsp;<\/p>\n<p><span style=\"font-family: georgia, palatino, serif;font-size: 12pt\"><strong>Biblioteca C\u00e2mpus Pitanga<\/strong><\/span><\/p>\n<p><span style=\"font-family: georgia, palatino, serif;font-size: 12pt\">Coordena\u00e7\u00e3o:\u00a0Cecilia Eurich Martins<\/span><br \/>\n<span style=\"font-family: georgia, palatino, serif;font-size: 12pt\"><a href=\"mailto:cem0306@hotmail.com\">cem0306@hotmail.com<\/a><\/span><\/p>\n<p>&nbsp;<\/p>\n<p><span style=\"font-family: georgia, palatino, serif;font-size: 12pt\"><strong>Biblioteca C\u00e2mpus Prudent\u00f3polis<\/strong><\/span><\/p>\n<p><span style=\"font-family: georgia, palatino, serif;font-size: 12pt\">Coordena\u00e7\u00e3o: Silvana Michalczyszyn Guimar\u00e3es<\/span><br \/>\n<span style=\"font-family: georgia, palatino, serif;font-size: 12pt\"><a href=\"mailto:biblioprude@hotmail.com\">biblioprude@hotmail.com<\/a><\/span><\/p>\n<p>&nbsp;<\/p>\n<p><span style=\"font-family: georgia, palatino, serif;font-size: 12pt\"><em><strong>Redes Sociais e Comunica\u00e7\u00e3o<\/strong><\/em><\/span><\/p>\n<p><span style=\"font-family: georgia, palatino, serif;font-size: 12pt\">Coordena\u00e7\u00e3o: Yasmin Rodrigues<\/span><br \/>\n<span style=\"font-family: georgia, palatino, serif;font-size: 12pt\"><a href=\"mailto:yasminrodrigues@unicentro.br\">yasminrodrigues@unicentro.br<\/a><\/span><\/p>\n<p><span style=\"font-family: georgia, palatino, serif;font-size: 12pt\">Integrantes:<\/span><\/p>\n<p><span style=\"font-family: georgia, palatino, serif;font-size: 12pt\">Emanuely Schuartz\u00a0<\/span><br \/>\n<span style=\"font-family: georgia, palatino, serif;font-size: 12pt\"><a href=\"mailto:emanuelyschuartz9@gmail.com\">emanuelyschuartz9@gmail.com<\/a><\/span><\/p>\n<p><span style=\"font-family: georgia, palatino, serif;font-size: 12pt\">Karolina Ferreira Purfirio<\/span><br \/>\n<span style=\"font-family: georgia, palatino, serif;font-size: 12pt\"><a href=\"mailto:kfpurfirio@unicentro.br\">kfpurfirio@unicentro.br<\/a><\/span><\/p>\n<p>&nbsp;<\/p>\n<p><span style=\"font-size: 8pt;color: #999999;font-family: georgia, palatino, serif\">Atualizado 23\/05\/2025<\/span><\/p>\n<p>[\/vc_column_text][\/vc_column][\/vc_row]<\/p>\n<\/div>","protected":false},"excerpt":{"rendered":"<p>[vc_row][vc_column][vc_column_text css=&#8221;&#8221;] Equipe da Rede de Bibliotecas da Unicentro &nbsp; Fichas Catalogr\u00e1ficas: Eguimara de Oliveira (Guarapuava) mara@unicentro.br Elaine Souza (Irati) efsouza@unicentro.br &nbsp; Bibliotecas Digitais: Yasmin Rodrigues yasminrodrigues@unicentro.br Samatha Batista samanthabatista@unicentro.br &nbsp; Biblioteca C\u00e2mpus Santa Cruz Atendimento:\u00a0Andrea Wiedermann awiedermann@unicentro.br Empr\u00e9stimos entre Bibliotecas: Andrea Wiedermann awiedermann@unicentro.br Processamento T\u00e9cnico: Lucilene Melo lucilenemelo@unicentro.br &nbsp; Biblioteca C\u00e2mpus Cedeteg Atendimento: Emanuely [&hellip;]<\/p>\n","protected":false},"author":3,"featured_media":0,"parent":18,"menu_order":0,"comment_status":"closed","ping_status":"closed","template":"","meta":{"_exactmetrics_skip_tracking":false,"_exactmetrics_sitenote_active":false,"_exactmetrics_sitenote_note":"","_exactmetrics_sitenote_category":0,"footnotes":"","_links_to":"","_links_to_target":""},"class_list":["post-22","page","type-page","status-publish","hentry"],"_links":{"self":[{"href":"https:\/\/www3.unicentro.br\/bibliotecas\/wp-json\/wp\/v2\/pages\/22","targetHints":{"allow":["GET"]}}],"collection":[{"href":"https:\/\/www3.unicentro.br\/bibliotecas\/wp-json\/wp\/v2\/pages"}],"about":[{"href":"https:\/\/www3.unicentro.br\/bibliotecas\/wp-json\/wp\/v2\/types\/page"}],"author":[{"embeddable":true,"href":"https:\/\/www3.unicentro.br\/bibliotecas\/wp-json\/wp\/v2\/users\/3"}],"replies":[{"embeddable":true,"href":"https:\/\/www3.unicentro.br\/bibliotecas\/wp-json\/wp\/v2\/comments?post=22"}],"version-history":[{"count":5,"href":"https:\/\/www3.unicentro.br\/bibliotecas\/wp-json\/wp\/v2\/pages\/22\/revisions"}],"predecessor-version":[{"id":373,"href":"https:\/\/www3.unicentro.br\/bibliotecas\/wp-json\/wp\/v2\/pages\/22\/revisions\/373"}],"up":[{"embeddable":true,"href":"https:\/\/www3.unicentro.br\/bibliotecas\/wp-json\/wp\/v2\/pages\/18"}],"wp:attachment":[{"href":"https:\/\/www3.unicentro.br\/bibliotecas\/wp-json\/wp\/v2\/media?parent=22"}],"curies":[{"name":"wp","href":"https:\/\/api.w.org\/{rel}","templated":true}]}}