{"id":895,"date":"2018-04-06T14:35:24","date_gmt":"2018-04-06T17:35:24","guid":{"rendered":"https:\/\/www3.unicentro.br\/anuario\/?page_id=895"},"modified":"2018-08-28T15:27:00","modified_gmt":"2018-08-28T18:27:00","slug":"ano-base-2017","status":"publish","type":"page","link":"https:\/\/www3.unicentro.br\/anuario\/anuario-2017\/ano-base-2017\/","title":{"rendered":"Apresenta\u00e7\u00e3o"},"content":{"rendered":"<div class=\"wpb-content-wrapper\"><p>[vc_row][vc_column][vc_column_text]<span style=\"font-size: 18pt; color: #333333;\"><span style=\"font-family: arial, helvetica, sans-serif;\">Apresenta\u00e7\u00e3o<\/span><\/span><\/p>\n<p align=\"justify\"><span style=\"font-family: arial, helvetica, sans-serif; font-size: 10pt; color: #333333;\">O Anu\u00e1rio Estat\u00edstico da Unicentro \u2013 2018 (ano-base 2017) tem por objetivo apresentar, para a comunidade acad\u00eamica e para a sociedade em geral, um conjunto de informa\u00e7\u00f5es sobre os principais indicadores da performance institucional nas suas \u00e1reas de atua\u00e7\u00e3o: ensino, pesquisa, extens\u00e3o, cultura e presta\u00e7\u00e3o de servi\u00e7os \u00e0 comunidade.<\/span><\/p>\n<p align=\"justify\"><span style=\"font-family: arial, helvetica, sans-serif; font-size: 10pt; color: #333333;\">No decorrer do ano de 2017, a Unicentro realizou not\u00f3rias interven\u00e7\u00f5es no meio em que est\u00e1 inserida, e este cat\u00e1logo devolve \u00e0 sociedade esses resultados, sendo essa uma fun\u00e7\u00e3o chave da presta\u00e7\u00e3o de servi\u00e7os p\u00fablicos. Que comp\u00f5e este cat\u00e1logo \u00e9 uma importante ferramenta para o planejamento estrat\u00e9gico, bem como para a formula\u00e7\u00e3o de pol\u00edticas p\u00fablicas para as \u00e1reas abrangidas pela Universidade.<\/span><\/p>\n<p align=\"justify\"><span style=\"font-family: arial, helvetica, sans-serif; font-size: 10pt; color: #333333;\">No ano de 2017, a Universidade teve 11.087 alunos matriculados no ensino de gradua\u00e7\u00e3o e p\u00f3s-gradua\u00e7\u00e3o. Destes, 7.195 matriculados no ensino de gradua\u00e7\u00e3o presencial, distribu\u00eddos nos 41 cursos ofertados. Como a Unicentro tamb\u00e9m atua no ensino de gradua\u00e7\u00e3o a dist\u00e2ncia, contou com 1.515 alunos matriculados em seus seis cursos ofertados nessa modalidade.<\/span><\/p>\n<p align=\"justify\"><span style=\"font-family: arial, helvetica, sans-serif; font-size: 10pt; color: #333333;\">No ensino de p\u00f3s-gradua\u00e7\u00e3o, a Universidade ofereceu 38 cursos entre os n\u00edveis <em>lato<\/em> e <em>stricto sensu<\/em>, sendo 17 cursos de especializa\u00e7\u00e3o e 21 programas de mestrado e doutorado. Estiveram matriculados 2.377 acad\u00eamicos nessas ofertas, distribu\u00eddos nos <em>campi<\/em> Santa Cruz, Cedeteg, Irati, nos campi avan\u00e7ados de Chopinzinho e Prudent\u00f3polis, e nos polos de apoio presencial para a educa\u00e7\u00e3o a dist\u00e2ncia, com os quais a Universidade mant\u00e9m conv\u00eanios.<\/span><\/p>\n<p align=\"justify\"><span style=\"font-family: arial, helvetica, sans-serif; font-size: 10pt; color: #333333;\">Do ponto de vista do atendimento \u00e0 comunidade, a Universidade prestou servi\u00e7os de fisioterapia, enfermagem, psicologia, nutri\u00e7\u00e3o, farm\u00e1cia, fonoaudiologia, orienta\u00e7\u00e3o e prote\u00e7\u00e3o de direitos da inf\u00e2ncia e juventude e medicina veterin\u00e1ria, atendendo mun\u00edcipes de Guarapuava, Irati e de toda a regi\u00e3o de entorno da Universidade, prestando, assim, um importante servi\u00e7o assistencial \u00e0 sociedade. Al\u00e9m disso, por meio da Ag\u00eancia de Inova\u00e7\u00e3o Tecnol\u00f3gica, a Unicentro prestou um essencial servi\u00e7o de apoio \u00e0 promo\u00e7\u00e3o da cultura empreendedora e da produ\u00e7\u00e3o intelectual.<\/span><\/p>\n<p align=\"justify\"><span style=\"font-family: arial, helvetica, sans-serif; font-size: 10pt; color: #333333;\">A confec\u00e7\u00e3o deste cat\u00e1logo de informa\u00e7\u00f5es n\u00e3o seria poss\u00edvel sem a colabora\u00e7\u00e3o a participa\u00e7\u00e3o dos setores pedag\u00f3gicos e administrativos da Universidade. Assim, a estes apresentamos nosso agradecimento. Afinal, este anu\u00e1rio se configura como uma importante representa\u00e7\u00e3o dos n\u00edveis de produtividade e desempenho acad\u00eamico, cient\u00edfico e administrativo da Unicentro, que corrobora o cumprimento de sua miss\u00e3o perante a sociedade na qual est\u00e1 inserida.<\/span><\/p>\n<div id=\"Se\u00e7\u00e3o1\" dir=\"ltr\">\n<p align=\"justify\"><span style=\"font-family: arial, helvetica, sans-serif; font-size: 10pt; color: #333333;\"><a style=\"color: #333333;\" name=\"x_yui_3_16_0_ym19_1_1502455047747_67101\"><\/a> Finalmente, destaco o trabalho da equipe executora deste Anu\u00e1rio: do Diretor de Avalia\u00e7\u00e3o Institucional, Angelo Andr\u00e9 Marafon, que coordenou os trabalhos, da Diretora de Planejamento; da Profa. Roseli de Oliveira Machado, que ofereceu imprescind\u00edvel apoio ao desenvolvimento do cat\u00e1logo; de Elizandro Walter R\u00e3gs\u00e3 Salles Ribeiro e Fernando Anzolin Moss, como respons\u00e1veis pelo tratamento dos dados e diagrama\u00e7\u00e3o do material; do Diretor de Publicidade e Propaganda, Lucas Gomes Thim\u00f3teo, na formula\u00e7\u00e3o do layout gr\u00e1fico, da Profa. Dalila Oliva de Lima Oliveira, na revis\u00e3o textual.<\/span><\/p>\n<\/div>\n<p style=\"text-align: right;\"><span style=\"color: #333333;\"><strong><span style=\"font-family: arial, helvetica, sans-serif; font-size: 10pt;\">Gilberto Franco de Souza<\/span><\/strong><\/span><br \/>\n<span style=\"font-family: arial, helvetica, sans-serif; font-size: 10pt; color: #333333;\">Pr\u00f3-Reitor de Planejamento da UNICENTRO<\/span><\/p>\n<p>[\/vc_column_text][\/vc_column][\/vc_row]<\/p>\n<\/div>","protected":false},"excerpt":{"rendered":"<p>[vc_row][vc_column][vc_column_text]Apresenta\u00e7\u00e3o O Anu\u00e1rio Estat\u00edstico da Unicentro \u2013 2018 (ano-base 2017) tem por objetivo apresentar, para a comunidade acad\u00eamica e para a sociedade em geral, um conjunto de informa\u00e7\u00f5es sobre os principais indicadores da performance institucional nas suas \u00e1reas de atua\u00e7\u00e3o: ensino, pesquisa, extens\u00e3o, cultura e presta\u00e7\u00e3o de servi\u00e7os \u00e0 comunidade. No decorrer do ano de [&hellip;]<\/p>\n","protected":false},"author":3,"featured_media":0,"parent":1351,"menu_order":0,"comment_status":"closed","ping_status":"closed","template":"","meta":{"_exactmetrics_skip_tracking":false,"_exactmetrics_sitenote_active":false,"_exactmetrics_sitenote_note":"","_exactmetrics_sitenote_category":0,"footnotes":"","_links_to":"","_links_to_target":""},"class_list":["post-895","page","type-page","status-publish","hentry"],"_links":{"self":[{"href":"https:\/\/www3.unicentro.br\/anuario\/wp-json\/wp\/v2\/pages\/895","targetHints":{"allow":["GET"]}}],"collection":[{"href":"https:\/\/www3.unicentro.br\/anuario\/wp-json\/wp\/v2\/pages"}],"about":[{"href":"https:\/\/www3.unicentro.br\/anuario\/wp-json\/wp\/v2\/types\/page"}],"author":[{"embeddable":true,"href":"https:\/\/www3.unicentro.br\/anuario\/wp-json\/wp\/v2\/users\/3"}],"replies":[{"embeddable":true,"href":"https:\/\/www3.unicentro.br\/anuario\/wp-json\/wp\/v2\/comments?post=895"}],"version-history":[{"count":0,"href":"https:\/\/www3.unicentro.br\/anuario\/wp-json\/wp\/v2\/pages\/895\/revisions"}],"up":[{"embeddable":true,"href":"https:\/\/www3.unicentro.br\/anuario\/wp-json\/wp\/v2\/pages\/1351"}],"wp:attachment":[{"href":"https:\/\/www3.unicentro.br\/anuario\/wp-json\/wp\/v2\/media?parent=895"}],"curies":[{"name":"wp","href":"https:\/\/api.w.org\/{rel}","templated":true}]}}