{"id":873,"date":"2018-04-06T14:19:02","date_gmt":"2018-04-06T17:19:02","guid":{"rendered":"https:\/\/www3.unicentro.br\/anuario\/?page_id=873"},"modified":"2018-10-04T09:25:07","modified_gmt":"2018-10-04T12:25:07","slug":"infra-estrutura","status":"publish","type":"page","link":"https:\/\/www3.unicentro.br\/anuario\/anuario-2017\/infra-estrutura\/","title":{"rendered":"Infraestrutura F\u00edsica"},"content":{"rendered":"<div class=\"wpb-content-wrapper\"><p>[vc_row][vc_column][vc_column_text]<span style=\"font-size: 20pt;color: #333333\">Infraestrutura F\u00edsica<\/span><\/p>\n<p style=\"text-align: justify\">A UNICENTRO \u00e9 composta por tr\u00eas <i id=\"x_yui_3_16_0_ym19_1_1498051810210_64714\">campi<\/i> Universit\u00e1rios &#8211; Santa Cruz e Cedeteg, em Guarapuava-PR, e o <i id=\"x_yui_3_16_0_ym19_1_1498051810210_64715\">campus<\/i> de Irati, na cidade de Irati-PR. Ainda, os <em>campi<\/em> Avan\u00e7ados de Laranjeiras do Sul e de Coronel Vivida tamb\u00e9m fazem parte da estrutura pr\u00f3pria da Universidade.<\/p>\n<p style=\"text-align: justify\">A estrutura f\u00edsica dos <em>campi<\/em> \u00e9 constitu\u00edda por blocos did\u00e1ticos, com salas de aula utilizadas para os cursos de gradua\u00e7\u00e3o e p\u00f3s-gradua\u00e7\u00e3o, blocos administrativo-pedag\u00f3gicos, laborat\u00f3rios e cl\u00ednicas destinados \u00e0s atividades pr\u00e1ticas pertinentes \u00e0 oferta dos cursos da Universidade e \u00e0 presta\u00e7\u00e3o de servi\u00e7os \u00e0 comunidade.<\/p>\n<p>[\/vc_column_text][\/vc_column][\/vc_row][vc_row][vc_column width=&#8221;1\/3&#8243;][vc_gallery interval=&#8221;3&#8243; images=&#8221;1286,1288,1287&#8243; img_size=&#8221;large&#8221;][\/vc_column][vc_column width=&#8221;1\/3&#8243;][vc_gallery interval=&#8221;3&#8243; images=&#8221;1300,1301,1299&#8243; img_size=&#8221;large&#8221;][\/vc_column][vc_column width=&#8221;1\/3&#8243;][vc_gallery interval=&#8221;3&#8243; images=&#8221;1303,1302,1304&#8243; img_size=&#8221;large&#8221;][\/vc_column][\/vc_row][vc_row][vc_column width=&#8221;1\/2&#8243;][vc_single_image image=&#8221;1307&#8243; img_size=&#8221;medium&#8221; alignment=&#8221;center&#8221;][\/vc_column][vc_column width=&#8221;1\/2&#8243;][vc_single_image image=&#8221;1308&#8243; img_size=&#8221;medium&#8221; alignment=&#8221;center&#8221;][\/vc_column][\/vc_row][vc_row][vc_column][vc_tta_accordion color=&#8221;white&#8221; c_icon=&#8221;chevron&#8221; active_section=&#8221;10&#8243; collapsible_all=&#8221;true&#8221; title=&#8221;\u00c1rea Territorial&#8221;][vc_tta_section title=&#8221;\u00c1rea Total Constru\u00edda&#8221; tab_id=&#8221;1532526564751-63e87b01-c526&#8243;][vc_column_text]<\/p>\n<table border=\"0\" cellspacing=\"0\">\n<thead>\n<tr>\n<td style=\"text-align: center;\" align=\"center\" valign=\"middle\" height=\"17\"><span style=\"font-family: arial, helvetica, sans-serif; font-size: 10pt;\"><strong>LOCALIZA\u00c7\u00c3O<\/strong><\/span><\/td>\n<td style=\"text-align: center;\" colspan=\"5\" align=\"center\" valign=\"middle\"><span style=\"font-family: arial, helvetica, sans-serif; font-size: 10pt;\"><strong>Estat\u00edstica em (m2)<\/strong><\/span><\/td>\n<\/tr>\n<tr>\n<td style=\"text-align: center;\" align=\"left\" height=\"17\"><\/td>\n<td style=\"text-align: center;\" align=\"left\"><span style=\"font-family: arial, helvetica, sans-serif; font-size: 10pt;\"><strong>\u00c1rea Constru\u00edda<\/strong><\/span><\/td>\n<td style=\"text-align: center;\" align=\"left\"><span style=\"font-family: arial, helvetica, sans-serif; font-size: 10pt;\"><strong>\u00c1rea Pavtos T\u00e9rreos<\/strong><\/span><\/td>\n<td style=\"text-align: center;\" align=\"left\"><span style=\"font-family: arial, helvetica, sans-serif; font-size: 10pt;\"><strong>\u00c1rea Terreno<\/strong><\/span><\/td>\n<td style=\"text-align: center;\" align=\"left\"><span style=\"font-family: arial, helvetica, sans-serif; font-size: 10pt;\"><strong>Outro Pavimentos<\/strong><\/span><\/td>\n<td style=\"text-align: center;\" align=\"left\"><span style=\"font-family: arial, helvetica, sans-serif; font-size: 10pt;\"><strong>\u00c1rea \u00datil\u00a0<\/strong><\/span><\/td>\n<\/tr>\n<\/thead>\n<caption><span style=\"font-family: arial, helvetica, sans-serif; font-size: 10pt;\"><strong>\u00c1REA TERRITORIAL EM M\u00b2 POR CAMPUS \u2013 2017<\/strong><\/span><\/caption>\n<colgroup width=\"293\"><\/colgroup>\n<colgroup width=\"108\"><\/colgroup>\n<colgroup width=\"133\"><\/colgroup>\n<colgroup width=\"85\"><\/colgroup>\n<colgroup width=\"120\"><\/colgroup>\n<colgroup width=\"85\"><\/colgroup>\n<tbody>\n<tr>\n<td align=\"left\" height=\"17\"><span style=\"font-family: arial, helvetica, sans-serif; font-size: 10pt;\"><em>Campus<\/em>\u00a0Santa Cruz \u2013 Guarapuava<\/span><\/td>\n<td align=\"right\"><span style=\"font-family: arial, helvetica, sans-serif; font-size: 10pt;\">22.670,46<\/span><\/td>\n<td align=\"right\"><span style=\"font-family: arial, helvetica, sans-serif; font-size: 10pt;\">8.711,25<\/span><\/td>\n<td align=\"right\"><span style=\"font-family: arial, helvetica, sans-serif; font-size: 10pt;\">28.388,00<\/span><\/td>\n<td align=\"right\"><span style=\"font-family: arial, helvetica, sans-serif; font-size: 10pt;\">13.959,21<\/span><\/td>\n<td style=\"text-align: right;\" align=\"left\"><span style=\"font-family: arial, helvetica, sans-serif; font-size: 10pt;\">20.856,83<\/span><\/td>\n<\/tr>\n<tr>\n<td align=\"left\" height=\"17\"><span style=\"font-family: arial, helvetica, sans-serif; font-size: 10pt;\"><em>Campus<\/em>\u00a0Cedeteg \u2013 Guarapuava<\/span><\/td>\n<td align=\"right\"><span style=\"font-family: arial, helvetica, sans-serif; font-size: 10pt;\">35.842,76<\/span><\/td>\n<td align=\"right\"><span style=\"font-family: arial, helvetica, sans-serif; font-size: 10pt;\">30.968,26<\/span><\/td>\n<td align=\"right\"><span style=\"font-family: arial, helvetica, sans-serif; font-size: 10pt;\">1.058.950,71<\/span><\/td>\n<td align=\"right\"><span style=\"font-family: arial, helvetica, sans-serif; font-size: 10pt;\">4.874,50<\/span><\/td>\n<td align=\"right\"><span style=\"font-family: arial, helvetica, sans-serif; font-size: 10pt;\">32.975,34<\/span><\/td>\n<\/tr>\n<tr>\n<td align=\"left\" height=\"17\"><span style=\"font-family: arial, helvetica, sans-serif; font-size: 10pt;\"><em>Campus<\/em>\u00a0Irati<\/span><\/td>\n<td align=\"right\"><span style=\"font-family: arial, helvetica, sans-serif; font-size: 10pt;\">22.529,36<\/span><\/td>\n<td align=\"right\"><span style=\"font-family: arial, helvetica, sans-serif; font-size: 10pt;\">15.844,81<\/span><\/td>\n<td align=\"right\"><span style=\"font-family: arial, helvetica, sans-serif; font-size: 10pt;\">735.089,00<\/span><\/td>\n<td align=\"right\"><span style=\"font-family: arial, helvetica, sans-serif; font-size: 10pt;\">6.684,55<\/span><\/td>\n<td align=\"right\"><span style=\"font-family: arial, helvetica, sans-serif; font-size: 10pt;\">20.727,01<\/span><\/td>\n<\/tr>\n<tr>\n<td align=\"left\" height=\"17\"><span style=\"font-family: arial, helvetica, sans-serif; font-size: 10pt;\"><em>*Campus <\/em>Avan\u00e7ado\u00a0Laranjeiras do Sul\u00a0<\/span><\/td>\n<td align=\"right\"><span style=\"font-family: arial, helvetica, sans-serif; font-size: 10pt;\">1.590,10<\/span><\/td>\n<td align=\"right\"><span style=\"font-family: arial, helvetica, sans-serif; font-size: 10pt;\">895,05<\/span><\/td>\n<td align=\"right\"><span style=\"font-family: arial, helvetica, sans-serif; font-size: 10pt;\">24.200,00<\/span><\/td>\n<td align=\"right\"><span style=\"font-family: arial, helvetica, sans-serif; font-size: 10pt;\">695,05<\/span><\/td>\n<td align=\"right\"><span style=\"font-family: arial, helvetica, sans-serif; font-size: 10pt;\">1.462,89<\/span><\/td>\n<\/tr>\n<tr>\n<td align=\"left\" height=\"17\"><span style=\"font-family: arial, helvetica, sans-serif; font-size: 10pt;\"><em>*Campus<\/em>\u00a0Avan\u00e7ado Coronel Vivida<\/span><\/td>\n<td style=\"text-align: right;\" align=\"left\"><span style=\"font-family: arial, helvetica, sans-serif; font-size: 10pt;\">256,60<\/span><\/td>\n<td align=\"right\"><span style=\"font-family: arial, helvetica, sans-serif; font-size: 10pt;\">175,13<\/span><\/td>\n<td align=\"right\"><span style=\"font-family: arial, helvetica, sans-serif; font-size: 10pt;\">460,00<\/span><\/td>\n<td align=\"right\"><span style=\"font-family: arial, helvetica, sans-serif; font-size: 10pt;\">81,47<\/span><\/td>\n<td align=\"right\"><span style=\"font-family: arial, helvetica, sans-serif; font-size: 10pt;\">236,07<\/span><\/td>\n<\/tr>\n<tr>\n<td align=\"left\" height=\"17\"><span style=\"font-family: arial, helvetica, sans-serif; font-size: 10pt;\"><strong>TOTAL<\/strong><\/span><\/td>\n<td align=\"right\"><span style=\"font-family: arial, helvetica, sans-serif; font-size: 10pt;\"><strong>82.889,28<\/strong><\/span><\/td>\n<td align=\"right\"><span style=\"font-family: arial, helvetica, sans-serif; font-size: 10pt;\"><strong>56.594,50<\/strong><\/span><\/td>\n<td align=\"right\"><span style=\"font-family: arial, helvetica, sans-serif; font-size: 10pt;\"><strong>1.847.087,71<\/strong><\/span><\/td>\n<td align=\"right\"><span style=\"font-family: arial, helvetica, sans-serif; font-size: 10pt;\"><strong>26.294,78<\/strong><\/span><\/td>\n<td align=\"right\"><span style=\"font-family: arial, helvetica, sans-serif; font-size: 10pt;\"><strong>76.258,14<\/strong><\/span><\/td>\n<\/tr>\n<\/tbody>\n<\/table>\n<p><span style=\"font-family: arial, helvetica, sans-serif; font-size: 10pt;\">*Estrutura pr\u00f3pria da Unicentro.<\/span>[\/vc_column_text][\/vc_tta_section][vc_tta_section title=&#8221;Audit\u00f3rios por Campus&#8221; tab_id=&#8221;1532526564754-0c123d34-9872&#8243;][vc_column_text]<\/p>\n<table class=\" alignleft\" style=\"height: 539px\" width=\"780\">\n<thead>\n<tr>\n<td><span style=\"font-family: arial, helvetica, sans-serif\"><strong>AUDIT\u00d3RIO<\/strong><\/span><\/td>\n<td><span style=\"font-family: arial, helvetica, sans-serif\"><strong><em>CAMPUS<\/em><\/strong><\/span><\/td>\n<td><span style=\"font-family: arial, helvetica, sans-serif\"><strong>\u00c1REA (M\u00b2)<\/strong><\/span><\/td>\n<\/tr>\n<\/thead>\n<tbody>\n<tr>\n<td style=\"text-align: left\"><span style=\"font-family: arial, helvetica, sans-serif\">Francisco Contini<\/span><\/td>\n<td style=\"text-align: left\"><span style=\"font-family: arial, helvetica, sans-serif\">Santa Cruz<\/span><\/td>\n<td style=\"text-align: right\"><span style=\"font-family: arial, helvetica, sans-serif\">468,19<\/span><\/td>\n<\/tr>\n<tr>\n<td style=\"text-align: left\"><span style=\"font-family: arial, helvetica, sans-serif\">Miniaudit\u00f3rio<\/span><\/td>\n<td style=\"text-align: left\"><span style=\"font-family: arial, helvetica, sans-serif\">Santa Cruz<\/span><\/td>\n<td style=\"text-align: right\"><span style=\"font-family: arial, helvetica, sans-serif\">107,95<\/span><\/td>\n<\/tr>\n<tr>\n<td style=\"text-align: left\"><span style=\"font-family: arial, helvetica, sans-serif\">Cinema<\/span><\/td>\n<td style=\"text-align: left\"><span style=\"font-family: arial, helvetica, sans-serif\">Santa Cruz<\/span><\/td>\n<td style=\"text-align: right\"><span style=\"font-family: arial, helvetica, sans-serif\">100,93<\/span><\/td>\n<\/tr>\n<tr>\n<td style=\"text-align: left\"><span style=\"font-family: arial, helvetica, sans-serif\">Sala de Eventos<\/span><\/td>\n<td style=\"text-align: left\"><span style=\"font-family: arial, helvetica, sans-serif\">Santa Cruz<\/span><\/td>\n<td style=\"text-align: right\"><span style=\"font-family: arial, helvetica, sans-serif\">108,00<\/span><\/td>\n<\/tr>\n<tr>\n<td style=\"text-align: left\"><span style=\"font-family: arial, helvetica, sans-serif\">Central<\/span><\/td>\n<td style=\"text-align: left\"><span style=\"font-family: arial, helvetica, sans-serif\">Cedeteg<\/span><\/td>\n<td style=\"text-align: right\"><span style=\"font-family: arial, helvetica, sans-serif\">254,13<\/span><\/td>\n<\/tr>\n<tr>\n<td style=\"text-align: left\"><span style=\"font-family: arial, helvetica, sans-serif\">Miniaudit\u00f3rio Lidec<\/span><\/td>\n<td style=\"text-align: left\"><span style=\"font-family: arial, helvetica, sans-serif\">Cedeteg<\/span><\/td>\n<td style=\"text-align: right\"><span style=\"font-family: arial, helvetica, sans-serif\">123,27<\/span><\/td>\n<\/tr>\n<tr>\n<td style=\"text-align: left\"><span style=\"font-family: arial, helvetica, sans-serif\">Miniaudit\u00f3rio Integ<\/span><\/td>\n<td style=\"text-align: left\"><span style=\"font-family: arial, helvetica, sans-serif\">Cedeteg<\/span><\/td>\n<td style=\"text-align: right\"><span style=\"font-family: arial, helvetica, sans-serif\">22,21<\/span><\/td>\n<\/tr>\n<tr>\n<td style=\"text-align: left\"><span style=\"font-family: arial, helvetica, sans-serif\">Miniaudit\u00f3rio Novatec<\/span><\/td>\n<td style=\"text-align: left\"><span style=\"font-family: arial, helvetica, sans-serif\">Cedeteg<\/span><\/td>\n<td style=\"text-align: right\"><span style=\"font-family: arial, helvetica, sans-serif\">45,58<\/span><\/td>\n<\/tr>\n<tr>\n<td style=\"text-align: left\"><span style=\"font-family: arial, helvetica, sans-serif\">Miniaudit\u00f3rio PDE<\/span><\/td>\n<td style=\"text-align: left\"><span style=\"font-family: arial, helvetica, sans-serif\">Cedeteg<\/span><\/td>\n<td style=\"text-align: right\"><span style=\"font-family: arial, helvetica, sans-serif\">176,15<\/span><\/td>\n<\/tr>\n<tr>\n<td style=\"text-align: left\"><span style=\"font-family: arial, helvetica, sans-serif\">Miniaudit\u00f3rio PPGBIO\u00a0<\/span><\/td>\n<td style=\"text-align: left\"><span style=\"font-family: arial, helvetica, sans-serif\">Cedeteg<\/span><\/td>\n<td style=\"text-align: right\"><span style=\"font-family: arial, helvetica, sans-serif\">176,15<\/span><\/td>\n<\/tr>\n<tr>\n<td style=\"text-align: left\"><span style=\"font-family: arial, helvetica, sans-serif\">Miniaudit\u00f3rio PPGG\u00a0<\/span><\/td>\n<td style=\"text-align: left\"><span style=\"font-family: arial, helvetica, sans-serif\">Cedeteg<\/span><\/td>\n<td style=\"text-align: right\"><span style=\"font-family: arial, helvetica, sans-serif\">83,30\u00a0<\/span><\/td>\n<\/tr>\n<tr>\n<td style=\"text-align: left\"><span style=\"font-family: arial, helvetica, sans-serif\">Miniaudit\u00f3rio PPGQ\u00a0<\/span><\/td>\n<td style=\"text-align: left\"><span style=\"font-family: arial, helvetica, sans-serif\">Cedeteg<\/span><\/td>\n<td style=\"text-align: right\"><span style=\"font-family: arial, helvetica, sans-serif\">84,99<\/span><\/td>\n<\/tr>\n<tr>\n<td style=\"text-align: left\"><span style=\"font-family: arial, helvetica, sans-serif\">Miniaudit\u00f3rio PPGA\u00a0<\/span><\/td>\n<td style=\"text-align: left\"><span style=\"font-family: arial, helvetica, sans-serif\">Cedeteg<\/span><\/td>\n<td style=\"text-align: right\"><span style=\"font-family: arial, helvetica, sans-serif\">81,70<\/span><\/td>\n<\/tr>\n<tr>\n<td style=\"text-align: left\"><span style=\"font-family: arial, helvetica, sans-serif\">Miniaudit\u00f3rio\u00a0Centro Mesorregional<\/span><\/td>\n<td style=\"text-align: left\"><span style=\"font-family: arial, helvetica, sans-serif\">Cedeteg<\/span><\/td>\n<td style=\"text-align: right\"><span style=\"font-family: arial, helvetica, sans-serif\">138,40<\/span><\/td>\n<\/tr>\n<tr>\n<td style=\"text-align: left\"><span style=\"font-family: arial, helvetica, sans-serif\">Miniaudit\u00f3rio Ambiotec<\/span><\/td>\n<td style=\"text-align: left\"><span style=\"font-family: arial, helvetica, sans-serif\">Cedeteg<\/span><\/td>\n<td style=\"text-align: right\"><span style=\"font-family: arial, helvetica, sans-serif\">111,00<\/span><\/td>\n<\/tr>\n<tr>\n<td style=\"text-align: left\"><span style=\"font-family: arial, helvetica, sans-serif\">Denise Stoklos<\/span><\/td>\n<td style=\"text-align: left\"><span style=\"font-family: arial, helvetica, sans-serif\">Irati<\/span><\/td>\n<td style=\"text-align: right\"><span style=\"font-family: arial, helvetica, sans-serif\">468,19<\/span><\/td>\n<\/tr>\n<tr>\n<td style=\"text-align: left\"><span style=\"font-family: arial, helvetica, sans-serif\">Miniaudit\u00f3rio<\/span><\/td>\n<td style=\"text-align: left\"><span style=\"font-family: arial, helvetica, sans-serif\">Irati<\/span><\/td>\n<td style=\"text-align: right\"><span style=\"font-family: arial, helvetica, sans-serif\">107,95<\/span><\/td>\n<\/tr>\n<\/tbody>\n<\/table>\n<p align=\"left\"><span style=\"font-family: arial, helvetica, sans-serif\">*Integ Incubadora Tecnol\u00f3gica;<br \/>\n*Novatec Ag\u00eancia de Inova\u00e7\u00e3o Tecnol\u00f3gica;<br \/>\n*PDE Programa de Desenvolvimento Educacional;<br \/>\n*PPGBIO Programa de P\u00f3s-Gradua\u00e7\u00e3o Biologia;<br \/>\n*PPGG Programa de P\u00f3s-Gradua\u00e7\u00e3o Geografia;<br \/>\n*PPGQ Programa de P\u00f3s-Gradua\u00e7\u00e3o Qu\u00edmica;<br \/>\n*PPGA Programa de P\u00f3s-Gradua\u00e7\u00e3o Agronomia.<\/span>[\/vc_column_text][\/vc_tta_section][vc_tta_section title=&#8221;Outros Espa\u00e7os&#8221; tab_id=&#8221;1532526564757-05b9eed4-948f&#8221;][vc_column_text]<\/p>\n<table class=\" aligncenter\">\n<caption><span style=\"font-family: arial, helvetica, sans-serif\"><strong>OUTROS ESPA\u00c7OS POR <em>CAMPUS<\/em> EM M\u00b2<\/strong><\/span><\/caption>\n<thead>\n<tr>\n<td style=\"text-align: center\"><span style=\"font-family: arial, helvetica, sans-serif\"><strong>ESPA\u00c7O<\/strong><\/span><\/td>\n<td style=\"text-align: center\"><span style=\"font-family: arial, helvetica, sans-serif\"><strong>SANTA CRUZ<\/strong><\/span><\/td>\n<td style=\"text-align: center\"><span style=\"font-family: arial, helvetica, sans-serif\"><strong>CEDETEG<\/strong><\/span><\/td>\n<td style=\"text-align: center\"><span style=\"font-family: arial, helvetica, sans-serif\"><strong>IRATI<\/strong><\/span><\/td>\n<\/tr>\n<\/thead>\n<tbody>\n<tr>\n<td style=\"text-align: justify\"><span style=\"font-family: arial, helvetica, sans-serif\">Salas de Aula<\/span><\/td>\n<td style=\"text-align: right\"><span style=\"font-family: arial, helvetica, sans-serif\">2.920,57<\/span><\/td>\n<td style=\"text-align: right\"><span style=\"font-family: arial, helvetica, sans-serif\">4.639,08<\/span><\/td>\n<td style=\"text-align: right\"><span style=\"font-family: arial, helvetica, sans-serif\">2.753,76<\/span><\/td>\n<\/tr>\n<tr>\n<td style=\"text-align: justify\"><span style=\"font-family: arial, helvetica, sans-serif\">Blocos de Pesquisa<\/span><\/td>\n<td style=\"text-align: right\"><span style=\"font-family: arial, helvetica, sans-serif\">903,80<\/span><\/td>\n<td style=\"text-align: right\"><span style=\"font-family: arial, helvetica, sans-serif\">8.239,83<\/span><\/td>\n<td style=\"text-align: right\"><span style=\"font-family: arial, helvetica, sans-serif\">2.007,48<\/span><\/td>\n<\/tr>\n<tr>\n<td style=\"text-align: justify\"><span style=\"font-family: arial, helvetica, sans-serif\">Administrativo<\/span><\/td>\n<td style=\"text-align: right\"><span style=\"font-family: arial, helvetica, sans-serif\">5.806,10<\/span><\/td>\n<td style=\"text-align: right\"><span style=\"font-family: arial, helvetica, sans-serif\">4.178,04<\/span><\/td>\n<td style=\"text-align: right\"><span style=\"font-family: arial, helvetica, sans-serif\">2.593,94<\/span><\/td>\n<\/tr>\n<tr>\n<td style=\"text-align: justify\"><span style=\"font-family: arial, helvetica, sans-serif\">Setores do Conhecimento<\/span><\/td>\n<td style=\"text-align: right\"><span style=\"font-family: arial, helvetica, sans-serif\">202,49<\/span><\/td>\n<td style=\"text-align: right\"><span style=\"font-family: arial, helvetica, sans-serif\">116,75<\/span><\/td>\n<td style=\"text-align: right\"><span style=\"font-family: arial, helvetica, sans-serif\">164,85<\/span><\/td>\n<\/tr>\n<tr>\n<td style=\"text-align: justify\"><span style=\"font-family: arial, helvetica, sans-serif\">Departamentos<\/span><\/td>\n<td style=\"text-align: right\"><span style=\"font-family: arial, helvetica, sans-serif\">2.167,46<\/span><\/td>\n<td style=\"text-align: right\"><span style=\"font-family: arial, helvetica, sans-serif\">35.846,96<\/span><\/td>\n<td style=\"text-align: right\"><span style=\"font-family: arial, helvetica, sans-serif\">3.232,57<\/span><\/td>\n<\/tr>\n<\/tbody>\n<\/table>\n<p>[\/vc_column_text][\/vc_tta_section][\/vc_tta_accordion][\/vc_column][\/vc_row]<\/p>\n<\/div>","protected":false},"excerpt":{"rendered":"<p>[vc_row][vc_column][vc_column_text]Infraestrutura F\u00edsica A UNICENTRO \u00e9 composta por tr\u00eas campi Universit\u00e1rios &#8211; Santa Cruz e Cedeteg, em Guarapuava-PR, e o campus de Irati, na cidade de Irati-PR. Ainda, os campi Avan\u00e7ados de Laranjeiras do Sul e de Coronel Vivida tamb\u00e9m fazem parte da estrutura pr\u00f3pria da Universidade. A estrutura f\u00edsica dos campi \u00e9 constitu\u00edda por blocos [&hellip;]<\/p>\n","protected":false},"author":3,"featured_media":0,"parent":1351,"menu_order":0,"comment_status":"closed","ping_status":"closed","template":"","meta":{"_exactmetrics_skip_tracking":false,"_exactmetrics_sitenote_active":false,"_exactmetrics_sitenote_note":"","_exactmetrics_sitenote_category":0,"footnotes":"","_links_to":"","_links_to_target":""},"class_list":["post-873","page","type-page","status-publish","hentry"],"_links":{"self":[{"href":"https:\/\/www3.unicentro.br\/anuario\/wp-json\/wp\/v2\/pages\/873","targetHints":{"allow":["GET"]}}],"collection":[{"href":"https:\/\/www3.unicentro.br\/anuario\/wp-json\/wp\/v2\/pages"}],"about":[{"href":"https:\/\/www3.unicentro.br\/anuario\/wp-json\/wp\/v2\/types\/page"}],"author":[{"embeddable":true,"href":"https:\/\/www3.unicentro.br\/anuario\/wp-json\/wp\/v2\/users\/3"}],"replies":[{"embeddable":true,"href":"https:\/\/www3.unicentro.br\/anuario\/wp-json\/wp\/v2\/comments?post=873"}],"version-history":[{"count":0,"href":"https:\/\/www3.unicentro.br\/anuario\/wp-json\/wp\/v2\/pages\/873\/revisions"}],"up":[{"embeddable":true,"href":"https:\/\/www3.unicentro.br\/anuario\/wp-json\/wp\/v2\/pages\/1351"}],"wp:attachment":[{"href":"https:\/\/www3.unicentro.br\/anuario\/wp-json\/wp\/v2\/media?parent=873"}],"curies":[{"name":"wp","href":"https:\/\/api.w.org\/{rel}","templated":true}]}}