{"id":871,"date":"2018-04-06T14:19:03","date_gmt":"2018-04-06T17:19:03","guid":{"rendered":"https:\/\/www3.unicentro.br\/anuario\/?page_id=871"},"modified":"2018-08-03T13:24:32","modified_gmt":"2018-08-03T16:24:32","slug":"editora","status":"publish","type":"page","link":"https:\/\/www3.unicentro.br\/anuario\/anuario-2017\/editora\/","title":{"rendered":"Editora Universit\u00e1ria"},"content":{"rendered":"<div class=\"wpb-content-wrapper\"><p>[vc_row][vc_column width=&#8221;1\/2&#8243;][vc_column_text]<\/p>\n<p align=\"JUSTIFY\"><span style=\"font-size: 20pt;color: #333333\">Sobre a Editora Universit\u00e1ria<\/span><\/p>\n<p align=\"JUSTIFY\">A Editora da UNICENTRO, EdUni, tem como\u00a0objetivo contribuir para gera\u00e7\u00e3o e divulga\u00e7\u00e3o\u00a0da produ\u00e7\u00e3o cient\u00edfica, tecnol\u00f3gica, art\u00edstica e cultural dos pesquisadores da Universidade, tanto para a regi\u00e3o de Guarapuava quanto para as demais regi\u00f5es do Brasil. A EdUni \u00e9 filiada \u00e0 Associa\u00e7\u00e3o Brasileira de Editoras Universit\u00e1rias, ABEU, e publica obras com resultados de trabalhos sobre as rela\u00e7\u00f5es de ensino e a pr\u00e1tica de sala de aula, bem como outras provenientes de atividades de pesquisa, t\u00e9cnicas, art\u00edsticas ou culturais desenvolvidas em Institui\u00e7\u00f5es de Ensino Superior.<\/p>\n<p>[\/vc_column_text][vc_tta_accordion color=&#8221;white&#8221; c_icon=&#8221;chevron&#8221; active_section=&#8221;10&#8243; collapsible_all=&#8221;true&#8221; title=&#8221;Dados Gerais&#8221;][vc_tta_section title=&#8221;International Standard Bibliographical Number (ISBN) e Livros Editorados &#8211; 2017&#8243; tab_id=&#8221;1495631316113-4e71a65c-e27e&#8221;][vc_column_text]<\/p>\n<table cellspacing=\"0\" cellpadding=\"4\">\n<thead>\n<tr>\n<td valign=\"top\" width=\"100%\">\n<p align=\"center\"><span style=\"font-family: arial, helvetica, sans-serif;font-size: 10pt\"><strong>T\u00cdTULO<\/strong><\/span><\/p>\n<\/td>\n<\/tr>\n<\/thead>\n<caption><span style=\"font-family: arial, helvetica, sans-serif;font-size: 10pt\"><strong>ISBN E LIVROS EDITORADOS &#8211; 2017<\/strong><\/span><\/caption>\n<colgroup>\n<col width=\"256*\" \/> <\/colgroup>\n<tbody>\n<tr>\n<td valign=\"top\" width=\"100%\">\n<p align=\"left\"><span style=\"font-family: arial, helvetica, sans-serif;font-size: 10pt\">A Aquisi\u00e7\u00e3o de Libras em um Contexto Multilingu\u00edstico<\/span><\/p>\n<\/td>\n<\/tr>\n<tr>\n<td valign=\"top\" width=\"100%\">\n<p align=\"left\"><span style=\"font-family: arial, helvetica, sans-serif;font-size: 10pt\">A Revolta de 1957 no Sudoeste do Paran\u00e1<\/span><\/p>\n<\/td>\n<\/tr>\n<tr>\n<td valign=\"top\" width=\"100%\">\n<p align=\"left\"><span style=\"font-family: arial, helvetica, sans-serif;font-size: 10pt\">A Seguridade Social no Brasil e na Argentina<\/span><\/p>\n<\/td>\n<\/tr>\n<tr>\n<td valign=\"top\" width=\"100%\">\n<p align=\"left\"><span style=\"font-family: arial, helvetica, sans-serif;font-size: 10pt\">O L\u00fadico e o Ensino de Ci\u00eancias<\/span><\/p>\n<\/td>\n<\/tr>\n<tr>\n<td valign=\"top\" width=\"100%\">\n<p align=\"left\"><span style=\"font-family: arial, helvetica, sans-serif;font-size: 10pt\">Pensar o Desenho<\/span><\/p>\n<\/td>\n<\/tr>\n<tr>\n<td valign=\"top\" width=\"100%\">\n<p align=\"left\"><span style=\"font-family: arial, helvetica, sans-serif;font-size: 10pt\">Sobre Mulheres e Pol\u00edcias<\/span><\/p>\n<\/td>\n<\/tr>\n<tr>\n<td valign=\"top\" width=\"100%\">\n<p align=\"left\"><span style=\"font-family: arial, helvetica, sans-serif;font-size: 10pt\">Inf\u00e2ncia e Educa\u00e7\u00e3o Infantil: Pol\u00edticas e Pr\u00e1ticas<\/span><\/p>\n<\/td>\n<\/tr>\n<tr>\n<td valign=\"top\" width=\"100%\">\n<p align=\"left\"><span style=\"font-family: arial, helvetica, sans-serif;font-size: 10pt\">A extens\u00e3o universit\u00e1ria e a produ\u00e7\u00e3o de conhecimento <\/span><\/p>\n<\/td>\n<\/tr>\n<tr>\n<td valign=\"top\" width=\"100%\">\n<p align=\"left\"><span style=\"font-family: arial, helvetica, sans-serif;font-size: 10pt\">A inicia\u00e7\u00e3o \u00e0 doc\u00eancia e as pr\u00e1ticas laboratoriais de Ci\u00eancias e Biologia <\/span><\/p>\n<\/td>\n<\/tr>\n<tr>\n<td valign=\"top\" width=\"100%\">\n<p align=\"left\"><span style=\"font-family: arial, helvetica, sans-serif;font-size: 10pt\"><strong>TOTAL DE PUBLICA\u00c7\u00d5ES: 09<\/strong><\/span><\/p>\n<\/td>\n<\/tr>\n<\/tbody>\n<\/table>\n<p>[\/vc_column_text][\/vc_tta_section][vc_tta_section title=&#8221;Peri\u00f3dicos &#8211; International Standard Serial Number (ISSN) &#8211; 2017&#8243; tab_id=&#8221;1495631316113-5add96c5-8101&#8243;][vc_column_text]<\/p>\n<table width=\"413\" cellspacing=\"0\" cellpadding=\"4\">\n<thead>\n<tr>\n<td valign=\"top\" width=\"100%\" height=\"17\">\n<p align=\"center\"><strong><span style=\"font-family: arial, helvetica, sans-serif;\">EVENTO<\/span><\/strong><\/p>\n<\/td>\n<\/tr>\n<\/thead>\n<caption><strong><span style=\"font-family: arial, helvetica, sans-serif;\">ANAIS DAS SEMANAS DE EVENTOS (ISSN) &#8211; 2017<\/span><\/strong><\/caption>\n<colgroup>\n<col width=\"256*\" \/> <\/colgroup>\n<tbody>\n<tr>\n<td valign=\"top\" width=\"100%\" height=\"18\"><span style=\"font-family: arial, helvetica, sans-serif;\">Semin\u00e1rio Internacional de Criatividade, Talento e Superdota\u00e7\u00e3o e Jornada Paranaense de Altas Habilidades e Superdota\u00e7\u00e3o<\/span><\/td>\n<\/tr>\n<tr>\n<td valign=\"top\" width=\"100%\" height=\"18\">\n<p align=\"left\"><span style=\"font-family: arial, helvetica, sans-serif;\">Semin\u00e1rio de Estudos em secretariado executivo<\/span><\/p>\n<\/td>\n<\/tr>\n<tr>\n<td valign=\"top\" width=\"100%\" height=\"18\">\n<p align=\"left\"><span style=\"font-family: arial, helvetica, sans-serif;\">Curso de especializa\u00e7\u00e3o em libras<\/span><\/p>\n<\/td>\n<\/tr>\n<tr>\n<td valign=\"top\" width=\"100%\" height=\"18\"><span style=\"font-family: arial, helvetica, sans-serif;\">Encontro Paranaense de Educa\u00e7\u00e3o Ambiental e Col\u00f3quio de Pesquisadores em Educa\u00e7\u00e3o Ambiental da Regi\u00e3o Sul<\/span><\/td>\n<\/tr>\n<tr>\n<td valign=\"top\" width=\"100%\" height=\"18\">\n<p align=\"left\"><span style=\"font-family: arial, helvetica, sans-serif;\">Encontro Nacional de Aquisi\u00e7\u00e3o, Patologias e Cl\u00ednica de Linguagem<\/span><\/p>\n<\/td>\n<\/tr>\n<tr>\n<td valign=\"top\" width=\"100%\" height=\"18\">\n<p align=\"left\"><span style=\"font-family: arial, helvetica, sans-serif;\">Caderno de Educa\u00e7\u00e3o do Campo<\/span><\/p>\n<\/td>\n<\/tr>\n<tr>\n<td valign=\"top\" width=\"100%\" height=\"18\">\n<p align=\"left\"><span style=\"font-family: arial, helvetica, sans-serif;\">F\u00f3rum de cultura eslava: di\u00e1logos multiculturais<\/span><\/p>\n<\/td>\n<\/tr>\n<tr>\n<td valign=\"top\" width=\"100%\" height=\"18\">\n<p align=\"left\"><span style=\"font-family: arial, helvetica, sans-serif;\">Col\u00f3quio Educa\u00e7\u00e3o F\u00edsica e Ci\u00eancias Sociais em Di\u00e1logo<\/span><\/p>\n<\/td>\n<\/tr>\n<tr>\n<td valign=\"top\" width=\"100%\" height=\"17\">\n<p align=\"left\"><strong><span style=\"font-family: arial, helvetica, sans-serif;\">TOTAL DE PUBLICA\u00c7\u00d5ES: 08<\/span><\/strong><\/p>\n<\/td>\n<\/tr>\n<\/tbody>\n<\/table>\n<p>[\/vc_column_text][\/vc_tta_section][vc_tta_section title=&#8221;Livros em Editora\u00e7\u00e3o &#8211; 2017&#8243; tab_id=&#8221;1495632515782-46bb0d4e-2674&#8243;][vc_column_text]<\/p>\n<table class=\" aligncenter\">\n<thead>\n<tr>\n<td style=\"text-align: center\"><span style=\"font-family: arial, helvetica, sans-serif\"><strong>T\u00cdTULO<\/strong><\/span><\/td>\n<\/tr>\n<\/thead>\n<tbody>\n<tr>\n<td style=\"text-align: left\"><span style=\"font-family: arial, helvetica, sans-serif\">A Aquisi\u00e7\u00e3o de Libras em um Contexto Multilingu\u00edstico<\/span><\/td>\n<\/tr>\n<tr>\n<td style=\"text-align: left\"><span style=\"font-family: arial, helvetica, sans-serif\">A Revolta de 1957 no Sudoeste do Paran\u00e1<\/span><\/td>\n<\/tr>\n<tr>\n<td style=\"text-align: left\"><span style=\"font-family: arial, helvetica, sans-serif\">A Seguridade Social no Brasil e na Argentina<\/span><\/td>\n<\/tr>\n<tr>\n<td style=\"text-align: left\"><span style=\"font-family: arial, helvetica, sans-serif\">O L\u00facido e o Ensino de Ci\u00eancias<\/span><\/td>\n<\/tr>\n<tr>\n<td style=\"text-align: left\"><span style=\"font-family: arial, helvetica, sans-serif\">Pensar o Desenho<\/span><\/td>\n<\/tr>\n<tr>\n<td style=\"text-align: left\"><span style=\"font-family: arial, helvetica, sans-serif\">Sobre Mulheres e Pol\u00edcias<\/span><\/td>\n<\/tr>\n<tr>\n<td style=\"text-align: left\"><span style=\"font-family: arial, helvetica, sans-serif\">Trabalho Sobre o que se Deteriorou<\/span><\/td>\n<\/tr>\n<tr>\n<td style=\"text-align: left\"><span style=\"font-family: arial, helvetica, sans-serif\">Renato Kehl e a Eugenia no Brasil: Ci\u00eancia, Ra\u00e7a e Na\u00e7\u00e3o no Per\u00edodo Entre Guerras<\/span><\/td>\n<\/tr>\n<tr>\n<td style=\"text-align: left\"><span style=\"font-family: arial, helvetica, sans-serif\">The Coup e Brazil de John Updike: Uma Leitura do Norte pelo Sul<\/span><\/td>\n<\/tr>\n<tr>\n<td style=\"text-align: left\"><span style=\"font-family: arial, helvetica, sans-serif\">Audiovisualidades: Elaborar com Foucault<\/span><\/td>\n<\/tr>\n<tr>\n<td style=\"text-align: left\"><span style=\"font-family: arial, helvetica, sans-serif\">O Trabalho Multidisciplinar no Programa Patronato da Comarca de Irati<\/span><\/td>\n<\/tr>\n<tr>\n<td style=\"text-align: left\"><span style=\"font-family: arial, helvetica, sans-serif\">Inf\u00e2ncia e Educa\u00e7\u00e3o Infantil: Pol\u00edticas e Pr\u00e1ticas<\/span><\/td>\n<\/tr>\n<tr>\n<td style=\"text-align: left\"><span style=\"font-family: arial, helvetica, sans-serif\">Antes que Tudo Acabe: O Discurso da M\u00eddia e a Crise Econ\u00f4mica na Cro\u00e1cia e no Brasil<\/span><\/td>\n<\/tr>\n<tr>\n<td style=\"text-align: left\"><span style=\"font-family: arial, helvetica, sans-serif\">Geografia e Forma\u00e7\u00e3o do Ge\u00f3grafo: Desafios e Possibilidades de Leitura do Mundo de Hoje<\/span><\/td>\n<\/tr>\n<tr>\n<td style=\"text-align: left\"><strong><span style=\"font-family: arial, helvetica, sans-serif\">TOTAL DE PUBLICA\u00c7\u00d5ES: 14<\/span><\/strong><\/td>\n<\/tr>\n<\/tbody>\n<\/table>\n<p>[\/vc_column_text][\/vc_tta_section][\/vc_tta_accordion][\/vc_column][vc_column width=&#8221;1\/2&#8243;][vc_single_image image=&#8221;324&#8243; img_size=&#8221;large&#8221;][vc_gallery interval=&#8221;3&#8243; images=&#8221;1195,1196,1194&#8243; img_size=&#8221;large&#8221;][\/vc_column][\/vc_row]<\/p>\n<\/div>","protected":false},"excerpt":{"rendered":"<p>[vc_row][vc_column width=&#8221;1\/2&#8243;][vc_column_text] Sobre a Editora Universit\u00e1ria A Editora da UNICENTRO, EdUni, tem como\u00a0objetivo contribuir para gera\u00e7\u00e3o e divulga\u00e7\u00e3o\u00a0da produ\u00e7\u00e3o cient\u00edfica, tecnol\u00f3gica, art\u00edstica e cultural dos pesquisadores da Universidade, tanto para a regi\u00e3o de Guarapuava quanto para as demais regi\u00f5es do Brasil. A EdUni \u00e9 filiada \u00e0 Associa\u00e7\u00e3o Brasileira de Editoras Universit\u00e1rias, ABEU, e publica obras [&hellip;]<\/p>\n","protected":false},"author":3,"featured_media":0,"parent":1351,"menu_order":0,"comment_status":"closed","ping_status":"closed","template":"","meta":{"_exactmetrics_skip_tracking":false,"_exactmetrics_sitenote_active":false,"_exactmetrics_sitenote_note":"","_exactmetrics_sitenote_category":0,"footnotes":"","_links_to":"","_links_to_target":""},"class_list":["post-871","page","type-page","status-publish","hentry"],"_links":{"self":[{"href":"https:\/\/www3.unicentro.br\/anuario\/wp-json\/wp\/v2\/pages\/871","targetHints":{"allow":["GET"]}}],"collection":[{"href":"https:\/\/www3.unicentro.br\/anuario\/wp-json\/wp\/v2\/pages"}],"about":[{"href":"https:\/\/www3.unicentro.br\/anuario\/wp-json\/wp\/v2\/types\/page"}],"author":[{"embeddable":true,"href":"https:\/\/www3.unicentro.br\/anuario\/wp-json\/wp\/v2\/users\/3"}],"replies":[{"embeddable":true,"href":"https:\/\/www3.unicentro.br\/anuario\/wp-json\/wp\/v2\/comments?post=871"}],"version-history":[{"count":0,"href":"https:\/\/www3.unicentro.br\/anuario\/wp-json\/wp\/v2\/pages\/871\/revisions"}],"up":[{"embeddable":true,"href":"https:\/\/www3.unicentro.br\/anuario\/wp-json\/wp\/v2\/pages\/1351"}],"wp:attachment":[{"href":"https:\/\/www3.unicentro.br\/anuario\/wp-json\/wp\/v2\/media?parent=871"}],"curies":[{"name":"wp","href":"https:\/\/api.w.org\/{rel}","templated":true}]}}