{"id":37,"date":"2017-04-03T15:55:41","date_gmt":"2017-04-03T18:55:41","guid":{"rendered":"https:\/\/www3.unicentro.br\/anuario\/?page_id=37"},"modified":"2018-04-06T14:40:55","modified_gmt":"2018-04-06T17:40:55","slug":"infra-estrutura","status":"publish","type":"page","link":"https:\/\/www3.unicentro.br\/anuario\/anuario-2016\/infra-estrutura\/","title":{"rendered":"Infraestrutura"},"content":{"rendered":"<div class=\"wpb-content-wrapper\"><p>[vc_row][vc_column width=&#8221;1\/2&#8243;][vc_column_text]<span style=\"font-size: 20pt;color: #333333\">Infraestrutura<\/span><\/p>\n<p style=\"text-align: justify\">A UNICENTRO \u00e9 composta por tr\u00eas <i id=\"x_yui_3_16_0_ym19_1_1498051810210_64714\">campi<\/i> Universit\u00e1rios &#8211; Santa Cruz e Cedeteg, em Guarapuava-PR, e o <i id=\"x_yui_3_16_0_ym19_1_1498051810210_64715\">campus<\/i> de Irati, na cidade de Irati-PR. A estrutura f\u00edsica dos <em>campi<\/em> \u00e9 constitu\u00edda por blocos did\u00e1ticos, com salas de aula utilizadas para os cursos de gradua\u00e7\u00e3o e p\u00f3s-gradua\u00e7\u00e3o, blocos administrativos-pedag\u00f3gicos e por laborat\u00f3rios e cl\u00ednicas destinados \u00e0s atividades pr\u00e1ticas pertinentes \u00e0 oferta da Universidade e \u00e0 presta\u00e7\u00e3o de servi\u00e7os \u00e0 comunidade.<\/p>\n<p>[\/vc_column_text][\/vc_column][vc_column width=&#8221;1\/2&#8243;][vc_single_image image=&#8221;343&#8243; img_size=&#8221;large&#8221;][\/vc_column][vc_column][vc_tta_accordion color=&#8221;white&#8221; c_icon=&#8221;chevron&#8221; active_section=&#8221;10&#8243; collapsible_all=&#8221;true&#8221; title=&#8221;\u00c1rea Territorial&#8221;][vc_tta_section title=&#8221;\u00c1rea Total Constru\u00edda&#8221; tab_id=&#8221;1496061049964-d1c2db58-1a58&#8243;][vc_column_text]<\/p>\n<table class=\" aligncenter\">\n<tfoot>\n<tr>\n<td style=\"text-align: left\" colspan=\"4\"><span style=\"font-family: arial, helvetica, sans-serif\">*\u00c1rea total constru\u00edda (incluindo todos os pisos 20.416 m\u00b2)<\/span><\/td>\n<\/tr>\n<\/tfoot>\n<thead>\n<tr>\n<td><span style=\"font-family: arial, helvetica, sans-serif\"><strong><em>CAMPUS<\/em><\/strong><\/span><\/td>\n<td><span style=\"font-family: arial, helvetica, sans-serif\"><strong>\u00c1REA TOTAL<\/strong><\/span><\/td>\n<td><span style=\"font-family: arial, helvetica, sans-serif\"><strong>\u00c1REA ACAD\u00caMICA<\/strong><\/span><\/td>\n<td><span style=\"font-family: arial, helvetica, sans-serif\"><strong>\u00c1REA URBANIZADA<\/strong><\/span><\/td>\n<\/tr>\n<\/thead>\n<caption><span style=\"font-family: arial, helvetica, sans-serif\"><strong>\u00c1REA TERRITORIAL EM M\u00b2 POR CAMPUS &#8211; 2016<\/strong><\/span><\/caption>\n<tbody>\n<tr>\n<td style=\"text-align: left\"><span style=\"font-family: arial, helvetica, sans-serif\">Santa Cruz<\/span><\/td>\n<td style=\"text-align: right\"><span style=\"font-family: arial, helvetica, sans-serif\">28.388,00<\/span><\/td>\n<td style=\"text-align: right\"><span style=\"font-family: arial, helvetica, sans-serif\">8.256,00*<\/span><\/td>\n<td style=\"text-align: right\"><span style=\"font-family: arial, helvetica, sans-serif\">14.700,00<\/span><\/td>\n<\/tr>\n<tr>\n<td style=\"text-align: left\"><span style=\"font-family: arial, helvetica, sans-serif\">Cedeteg<\/span><\/td>\n<td style=\"text-align: right\"><span style=\"font-family: arial, helvetica, sans-serif\">1.058.850,71<\/span><\/td>\n<td style=\"text-align: right\"><span style=\"font-family: arial, helvetica, sans-serif\">30.997,96<\/span><\/td>\n<td style=\"text-align: right\"><span style=\"font-family: arial, helvetica, sans-serif\">211.110,42<\/span><\/td>\n<\/tr>\n<tr>\n<td style=\"text-align: left\"><span style=\"font-family: arial, helvetica, sans-serif\">Irati<\/span><\/td>\n<td style=\"text-align: right\"><span style=\"font-family: arial, helvetica, sans-serif\">735.089,00<\/span><\/td>\n<td style=\"text-align: right\"><span style=\"font-family: arial, helvetica, sans-serif\">16.783,70<\/span><\/td>\n<td style=\"text-align: right\"><span style=\"font-family: arial, helvetica, sans-serif\">44.062,49<\/span><\/td>\n<\/tr>\n<tr>\n<td style=\"text-align: left\"><span style=\"font-family: arial, helvetica, sans-serif\"><strong>TOTAL<\/strong><\/span><\/td>\n<td style=\"text-align: right\"><span style=\"font-family: arial, helvetica, sans-serif\"><strong>1.822.327,71<\/strong><\/span><\/td>\n<td style=\"text-align: right\"><span style=\"font-family: arial, helvetica, sans-serif\"><strong>56.037,66<\/strong><\/span><\/td>\n<td style=\"text-align: right\"><span style=\"font-family: arial, helvetica, sans-serif\"><strong>269.872,91<\/strong><\/span><\/td>\n<\/tr>\n<\/tbody>\n<\/table>\n<p>[\/vc_column_text][\/vc_tta_section][vc_tta_section title=&#8221;Audit\u00f3rios por Campus &#8221; tab_id=&#8221;1501673677798-ec24fdc3-62fa&#8221;][vc_column_text]<\/p>\n<table class=\" aligncenter\">\n<thead>\n<tr>\n<td style=\"text-align: center\"><span style=\"font-family: arial, helvetica, sans-serif\"><strong>AUDIT\u00d3RIO<\/strong><\/span><\/td>\n<td style=\"text-align: center\"><span style=\"font-family: arial, helvetica, sans-serif\"><strong><em>CAMPUS<\/em><\/strong><\/span><\/td>\n<td style=\"text-align: center\"><span style=\"font-family: arial, helvetica, sans-serif\"><strong>\u00c1REA (M\u00b2)<\/strong><\/span><\/td>\n<\/tr>\n<\/thead>\n<tbody>\n<tr>\n<td style=\"text-align: left\"><span style=\"font-family: arial, helvetica, sans-serif\">Francisco Contini<\/span><\/td>\n<td style=\"text-align: left\"><span style=\"font-family: arial, helvetica, sans-serif\">Santa Cruz<\/span><\/td>\n<td style=\"text-align: right\"><span style=\"font-family: arial, helvetica, sans-serif\">468,19<\/span><\/td>\n<\/tr>\n<tr>\n<td style=\"text-align: left\"><span style=\"font-family: arial, helvetica, sans-serif\">Miniaudit\u00f3rio<\/span><\/td>\n<td style=\"text-align: left\"><span style=\"font-family: arial, helvetica, sans-serif\">Santa Cruz<\/span><\/td>\n<td style=\"text-align: right\"><span style=\"font-family: arial, helvetica, sans-serif\">107,95<\/span><\/td>\n<\/tr>\n<tr>\n<td style=\"text-align: left\"><span style=\"font-family: arial, helvetica, sans-serif\">Cinema<\/span><\/td>\n<td style=\"text-align: left\"><span style=\"font-family: arial, helvetica, sans-serif\">Santa Cruz<\/span><\/td>\n<td style=\"text-align: right\"><span style=\"font-family: arial, helvetica, sans-serif\">100,93<\/span><\/td>\n<\/tr>\n<tr>\n<td style=\"text-align: left\"><span style=\"font-family: arial, helvetica, sans-serif\">Central<\/span><\/td>\n<td style=\"text-align: left\"><span style=\"font-family: arial, helvetica, sans-serif\">Cedeteg<\/span><\/td>\n<td style=\"text-align: right\"><span style=\"font-family: arial, helvetica, sans-serif\">254,13<\/span><\/td>\n<\/tr>\n<tr>\n<td style=\"text-align: left\"><span style=\"font-family: arial, helvetica, sans-serif\">Miniaudit\u00f3rio LIDEC\u00a0<\/span><\/td>\n<td style=\"text-align: left\"><span style=\"font-family: arial, helvetica, sans-serif\">Cedeteg<\/span><\/td>\n<td style=\"text-align: right\"><span style=\"font-family: arial, helvetica, sans-serif\">123,27<\/span><\/td>\n<\/tr>\n<tr>\n<td style=\"text-align: left\"><span style=\"font-family: arial, helvetica, sans-serif\">Miniaudit\u00f3rio Ag\u00eancia de Inova\u00e7\u00e3o<\/span><\/td>\n<td style=\"text-align: left\"><span style=\"font-family: arial, helvetica, sans-serif\">Cedeteg<\/span><\/td>\n<td style=\"text-align: right\"><span style=\"font-family: arial, helvetica, sans-serif\">45,58<\/span><\/td>\n<\/tr>\n<tr>\n<td style=\"text-align: left\"><span style=\"font-family: arial, helvetica, sans-serif\">Miniaudit\u00f3rio PDE<\/span><\/td>\n<td style=\"text-align: left\"><span style=\"font-family: arial, helvetica, sans-serif\">Cedeteg<\/span><\/td>\n<td style=\"text-align: right\"><span style=\"font-family: arial, helvetica, sans-serif\">176,15<\/span><\/td>\n<\/tr>\n<tr>\n<td style=\"text-align: left\"><span style=\"font-family: arial, helvetica, sans-serif\">Miniaudit\u00f3rio PPGBIO\u00a0<\/span><\/td>\n<td style=\"text-align: left\"><span style=\"font-family: arial, helvetica, sans-serif\">Cedeteg<\/span><\/td>\n<td style=\"text-align: right\"><span style=\"font-family: arial, helvetica, sans-serif\">176,15<\/span><\/td>\n<\/tr>\n<tr>\n<td style=\"text-align: left\"><span style=\"font-family: arial, helvetica, sans-serif\">Miniaudit\u00f3rio PPGG\u00a0<\/span><\/td>\n<td style=\"text-align: left\"><span style=\"font-family: arial, helvetica, sans-serif\">Cedeteg<\/span><\/td>\n<td style=\"text-align: right\"><span style=\"font-family: arial, helvetica, sans-serif\">83,30\u00a0<\/span><\/td>\n<\/tr>\n<tr>\n<td style=\"text-align: left\"><span style=\"font-family: arial, helvetica, sans-serif\">Miniaudit\u00f3rio PPGQ\u00a0<\/span><\/td>\n<td style=\"text-align: left\"><span style=\"font-family: arial, helvetica, sans-serif\">Cedeteg<\/span><\/td>\n<td style=\"text-align: right\"><span style=\"font-family: arial, helvetica, sans-serif\">84,99<\/span><\/td>\n<\/tr>\n<tr>\n<td style=\"text-align: left\"><span style=\"font-family: arial, helvetica, sans-serif\">Miniaudit\u00f3rio PPGA\u00a0<\/span><\/td>\n<td style=\"text-align: left\"><span style=\"font-family: arial, helvetica, sans-serif\">Cedeteg<\/span><\/td>\n<td style=\"text-align: right\"><span style=\"font-family: arial, helvetica, sans-serif\">81,70<\/span><\/td>\n<\/tr>\n<tr>\n<td style=\"text-align: left\"><span style=\"font-family: arial, helvetica, sans-serif\">Miniaudit\u00f3rio\u00a0Centro Mesorregional<\/span><\/td>\n<td style=\"text-align: left\"><span style=\"font-family: arial, helvetica, sans-serif\">Cedeteg<\/span><\/td>\n<td style=\"text-align: right\"><span style=\"font-family: arial, helvetica, sans-serif\">138,40<\/span><\/td>\n<\/tr>\n<tr>\n<td style=\"text-align: left\"><span style=\"font-family: arial, helvetica, sans-serif\">Miniaudit\u00f3rio AMBIOTEC\u00a0<\/span><\/td>\n<td style=\"text-align: left\"><span style=\"font-family: arial, helvetica, sans-serif\">Cedeteg<\/span><\/td>\n<td style=\"text-align: right\"><span style=\"font-family: arial, helvetica, sans-serif\">111,00<\/span><\/td>\n<\/tr>\n<tr>\n<td style=\"text-align: left\"><span style=\"font-family: arial, helvetica, sans-serif\">Denise Stoklos<\/span><\/td>\n<td style=\"text-align: left\"><span style=\"font-family: arial, helvetica, sans-serif\">Irati<\/span><\/td>\n<td style=\"text-align: right\"><span style=\"font-family: arial, helvetica, sans-serif\">468,19<\/span><\/td>\n<\/tr>\n<tr>\n<td style=\"text-align: left\"><span style=\"font-family: arial, helvetica, sans-serif\">Miniaudit\u00f3rio<\/span><\/td>\n<td style=\"text-align: left\"><span style=\"font-family: arial, helvetica, sans-serif\">Irati<\/span><\/td>\n<td style=\"text-align: right\"><span style=\"font-family: arial, helvetica, sans-serif\">107,95<\/span><\/td>\n<\/tr>\n<\/tbody>\n<\/table>\n<p>[\/vc_column_text][\/vc_tta_section][vc_tta_section title=&#8221;Outros Espa\u00e7os&#8221; tab_id=&#8221;1501677745121-4c540da0-56ac&#8221;][vc_column_text]<\/p>\n<table class=\" aligncenter\">\n<caption><span style=\"font-family: arial, helvetica, sans-serif\"><strong>OUTROS ESPA\u00c7OS POR <em>CAMPUS<\/em> EM M\u00b2<\/strong><\/span><\/caption>\n<thead>\n<tr>\n<td style=\"text-align: center\"><span style=\"font-family: arial, helvetica, sans-serif\"><strong>ESPA\u00c7O<\/strong><\/span><\/td>\n<td style=\"text-align: center\"><span style=\"font-family: arial, helvetica, sans-serif\"><strong>SANTA CRUZ<\/strong><\/span><\/td>\n<td style=\"text-align: center\"><span style=\"font-family: arial, helvetica, sans-serif\"><strong>CEDETEG<\/strong><\/span><\/td>\n<td style=\"text-align: center\"><span style=\"font-family: arial, helvetica, sans-serif\"><strong>IRATI<\/strong><\/span><\/td>\n<\/tr>\n<\/thead>\n<tbody>\n<tr>\n<td style=\"text-align: justify\"><span style=\"font-family: arial, helvetica, sans-serif\">Salas de Aula<\/span><\/td>\n<td style=\"text-align: right\"><span style=\"font-family: arial, helvetica, sans-serif\">2.920,57<\/span><\/td>\n<td style=\"text-align: right\"><span style=\"font-family: arial, helvetica, sans-serif\">4.639,08<\/span><\/td>\n<td style=\"text-align: right\"><span style=\"font-family: arial, helvetica, sans-serif\">2.753,76<\/span><\/td>\n<\/tr>\n<tr>\n<td style=\"text-align: justify\"><span style=\"font-family: arial, helvetica, sans-serif\">Blocos de Pesquisa<\/span><\/td>\n<td style=\"text-align: right\"><span style=\"font-family: arial, helvetica, sans-serif\">903,80<\/span><\/td>\n<td style=\"text-align: right\"><span style=\"font-family: arial, helvetica, sans-serif\">8.239,83<\/span><\/td>\n<td style=\"text-align: right\"><span style=\"font-family: arial, helvetica, sans-serif\">2.007,48<\/span><\/td>\n<\/tr>\n<tr>\n<td style=\"text-align: justify\"><span style=\"font-family: arial, helvetica, sans-serif\">Administrativo<\/span><\/td>\n<td style=\"text-align: right\"><span style=\"font-family: arial, helvetica, sans-serif\">5.806,10<\/span><\/td>\n<td style=\"text-align: right\"><span style=\"font-family: arial, helvetica, sans-serif\">4.178,04<\/span><\/td>\n<td style=\"text-align: right\"><span style=\"font-family: arial, helvetica, sans-serif\">2.593,94<\/span><\/td>\n<\/tr>\n<tr>\n<td style=\"text-align: justify\"><span style=\"font-family: arial, helvetica, sans-serif\">Setores do Conhecimento<\/span><\/td>\n<td style=\"text-align: right\"><span style=\"font-family: arial, helvetica, sans-serif\">202,49<\/span><\/td>\n<td style=\"text-align: right\"><span style=\"font-family: arial, helvetica, sans-serif\">116,75<\/span><\/td>\n<td style=\"text-align: right\"><span style=\"font-family: arial, helvetica, sans-serif\">164,85<\/span><\/td>\n<\/tr>\n<tr>\n<td style=\"text-align: justify\"><span style=\"font-family: arial, helvetica, sans-serif\">Departamentos<\/span><\/td>\n<td style=\"text-align: right\"><span style=\"font-family: arial, helvetica, sans-serif\">2.167,46<\/span><\/td>\n<td style=\"text-align: right\"><span style=\"font-family: arial, helvetica, sans-serif\">35.846,96<\/span><\/td>\n<td style=\"text-align: right\"><span style=\"font-family: arial, helvetica, sans-serif\">3.232,57<\/span><\/td>\n<\/tr>\n<\/tbody>\n<\/table>\n<p>[\/vc_column_text][\/vc_tta_section][\/vc_tta_accordion][\/vc_column][\/vc_row]<\/p>\n<\/div>","protected":false},"excerpt":{"rendered":"<p>[vc_row][vc_column width=&#8221;1\/2&#8243;][vc_column_text]Infraestrutura A UNICENTRO \u00e9 composta por tr\u00eas campi Universit\u00e1rios &#8211; Santa Cruz e Cedeteg, em Guarapuava-PR, e o campus de Irati, na cidade de Irati-PR. A estrutura f\u00edsica dos campi \u00e9 constitu\u00edda por blocos did\u00e1ticos, com salas de aula utilizadas para os cursos de gradua\u00e7\u00e3o e p\u00f3s-gradua\u00e7\u00e3o, blocos administrativos-pedag\u00f3gicos e por laborat\u00f3rios e cl\u00ednicas [&hellip;]<\/p>\n","protected":false},"author":3,"featured_media":0,"parent":860,"menu_order":0,"comment_status":"closed","ping_status":"closed","template":"","meta":{"_exactmetrics_skip_tracking":false,"_exactmetrics_sitenote_active":false,"_exactmetrics_sitenote_note":"","_exactmetrics_sitenote_category":0,"footnotes":"","_links_to":"","_links_to_target":""},"class_list":["post-37","page","type-page","status-publish","hentry"],"_links":{"self":[{"href":"https:\/\/www3.unicentro.br\/anuario\/wp-json\/wp\/v2\/pages\/37","targetHints":{"allow":["GET"]}}],"collection":[{"href":"https:\/\/www3.unicentro.br\/anuario\/wp-json\/wp\/v2\/pages"}],"about":[{"href":"https:\/\/www3.unicentro.br\/anuario\/wp-json\/wp\/v2\/types\/page"}],"author":[{"embeddable":true,"href":"https:\/\/www3.unicentro.br\/anuario\/wp-json\/wp\/v2\/users\/3"}],"replies":[{"embeddable":true,"href":"https:\/\/www3.unicentro.br\/anuario\/wp-json\/wp\/v2\/comments?post=37"}],"version-history":[{"count":0,"href":"https:\/\/www3.unicentro.br\/anuario\/wp-json\/wp\/v2\/pages\/37\/revisions"}],"up":[{"embeddable":true,"href":"https:\/\/www3.unicentro.br\/anuario\/wp-json\/wp\/v2\/pages\/860"}],"wp:attachment":[{"href":"https:\/\/www3.unicentro.br\/anuario\/wp-json\/wp\/v2\/media?parent=37"}],"curies":[{"name":"wp","href":"https:\/\/api.w.org\/{rel}","templated":true}]}}