{"id":35,"date":"2017-04-03T15:55:23","date_gmt":"2017-04-03T18:55:23","guid":{"rendered":"https:\/\/www3.unicentro.br\/anuario\/?page_id=35"},"modified":"2018-07-31T11:02:34","modified_gmt":"2018-07-31T14:02:34","slug":"assistencia-estudantil","status":"publish","type":"page","link":"https:\/\/www3.unicentro.br\/anuario\/anuario-2016\/assistencia-estudantil\/","title":{"rendered":"Assist\u00eancia Estudantil"},"content":{"rendered":"<div class=\"wpb-content-wrapper\"><p>[vc_row][vc_column width=&#8221;1\/2&#8243;][vc_column_text]<span style=\"color: #333333;font-size: 18pt\">Apoio Estudantil<\/span><\/p>\n<div id=\"x_yui_3_16_0_ym19_1_1498051810210_62862\" dir=\"ltr\" style=\"text-align: justify\">A Coordenadoria de Apoio ao Estudante e o Programa de Inclus\u00e3o e Acessibilidade \u2013 PIA trabalham de forma articulada visando \u00e0 inclus\u00e3o, perman\u00eancia e desenvolvimentos do meio universit\u00e1rio. Por meio de a\u00e7\u00f5es multiprofissionais, que incluem, dentre outras, moradia estudantil para estudantes em situa\u00e7\u00e3o de vulnerabilidade socioecon\u00f4mica e atendimento psicossocial em situa\u00e7\u00f5es que demandam interven\u00e7\u00e3o social e\/ou psicol\u00f3gica, buscam reduzir a evas\u00e3o ocasionada por fatores relacionados \u00e0 desigualdade e \u00e0 exclus\u00e3o social, contribuindo, assim, para o processo de democratiza\u00e7\u00e3o do ensino superior p\u00fablico.<\/div>\n<p>[\/vc_column_text][\/vc_column][vc_column width=&#8221;1\/2&#8243;][vc_single_image image=&#8221;1369&#8243; img_size=&#8221;large&#8221; alignment=&#8221;center&#8221;][\/vc_column][\/vc_row][vc_row][vc_column][vc_tta_accordion color=&#8221;white&#8221; c_icon=&#8221;chevron&#8221; active_section=&#8221;7&#8243; collapsible_all=&#8221;true&#8221; title=&#8221;Assist\u00eancia Estudantil pela Coordenadoria de Assist\u00eancia Estudantil &#8211; 2016&#8243;][vc_tta_section title=&#8221;Moradia Estudantil &#8211; 2016&#8243; tab_id=&#8221;1494427083040-e0f6543a-149e&#8221;][vc_column_text]<\/p>\n<table class=\" aligncenter\" cellspacing=\"1,5\">\n<thead>\n<tr>\n<td style=\"text-align: center\"><strong><span style=\"font-family: arial, helvetica, sans-serif\">VAGAS OFERTADAS<\/span><\/strong><\/td>\n<td style=\"text-align: center\"><strong><span style=\"font-family: arial, helvetica, sans-serif\">ALUNAS SELECIONADAS<\/span><\/strong><\/td>\n<\/tr>\n<\/thead>\n<caption><strong><span style=\"font-family: arial, helvetica, sans-serif\">OFERTA DE\u00a0MORADIA ESTUDANTIL &#8211; 2016<\/span><\/strong><\/caption>\n<tbody>\n<tr>\n<td style=\"text-align: right\"><span style=\"font-family: arial, helvetica, sans-serif\">10<\/span><\/td>\n<td style=\"text-align: right\"><span style=\"font-family: arial, helvetica, sans-serif\">06<\/span><\/td>\n<\/tr>\n<\/tbody>\n<\/table>\n<p>[\/vc_column_text][\/vc_tta_section][vc_tta_section title=&#8221;Atendimento Psicossocial &#8211; 2016&#8243; tab_id=&#8221;1494427428929-e31a703e-0d76&#8243;][vc_column_text]<\/p>\n<table class=\" aligncenter\" cellspacing=\"1,5\">\n<caption><span style=\"font-family: arial, helvetica, sans-serif\"><strong>ATENDIMENTO PSICOSSOCIAL &#8211; 2016<\/strong><\/span><\/caption>\n<thead>\n<tr>\n<td><span style=\"font-family: arial, helvetica, sans-serif\"><strong>ATIVIDADE<\/strong><\/span><\/td>\n<td><span style=\"font-family: arial, helvetica, sans-serif\"><strong>TOTAL<\/strong><\/span><\/td>\n<\/tr>\n<\/thead>\n<tbody>\n<tr>\n<td style=\"text-align: left\"><span style=\"font-family: arial, helvetica, sans-serif\">Atendimentos na \u00c1rea de Servi\u00e7o Social<\/span><\/td>\n<td style=\"text-align: right\"><span style=\"font-family: arial, helvetica, sans-serif\">15<\/span><\/td>\n<\/tr>\n<tr>\n<td style=\"text-align: left\"><span style=\"font-family: arial, helvetica, sans-serif\">Atendimentos na \u00c1rea da Psicologia<\/span><\/td>\n<td style=\"text-align: right\"><span style=\"font-family: arial, helvetica, sans-serif\">37<\/span><\/td>\n<\/tr>\n<tr>\n<td style=\"text-align: left\"><span style=\"font-family: arial, helvetica, sans-serif\"><strong>TOTAL<\/strong><\/span><\/td>\n<td style=\"text-align: right\"><span style=\"font-family: arial, helvetica, sans-serif\"><strong>52<\/strong><\/span><\/td>\n<\/tr>\n<\/tbody>\n<\/table>\n<p>[\/vc_column_text][\/vc_tta_section][vc_tta_section title=&#8221;Supervis\u00e3o de Est\u00e1gio &#8211; 2016&#8243; tab_id=&#8221;1494427776603-82320131-3e8f&#8221;][vc_column_text]<\/p>\n<table class=\" aligncenter\" cellspacing=\"1,5\">\n<thead>\n<tr>\n<td><strong><span style=\"font-family: arial, helvetica, sans-serif\">ATIVIDADE<\/span><\/strong><\/td>\n<td><strong><span style=\"font-family: arial, helvetica, sans-serif\">TOTAL<\/span><\/strong><\/td>\n<\/tr>\n<\/thead>\n<caption><strong><span style=\"font-family: arial, helvetica, sans-serif\">SUPERVIS\u00c3O DE EST\u00c1GIO DE ACAD\u00caMICOS DE SERVI\u00c7O SOCIAL &#8211; 2016<\/span><\/strong><\/caption>\n<tbody>\n<tr>\n<td style=\"text-align: left\"><span style=\"font-family: arial, helvetica, sans-serif\">Est\u00e1gio Curricular Obrigat\u00f3rio<\/span><\/td>\n<td style=\"text-align: right\"><span style=\"font-family: arial, helvetica, sans-serif\">03<\/span><\/td>\n<\/tr>\n<tr>\n<td style=\"text-align: left\"><span style=\"font-family: arial, helvetica, sans-serif\">Est\u00e1gio Curricular N\u00e3o Obrigat\u00f3rio (Remunerado)<\/span><\/td>\n<td style=\"text-align: right\"><span style=\"font-family: arial, helvetica, sans-serif\">01<\/span><\/td>\n<\/tr>\n<tr>\n<td style=\"text-align: left\"><span style=\"font-family: arial, helvetica, sans-serif\"><strong>TOTAL<\/strong><\/span><\/td>\n<td style=\"text-align: right\"><span style=\"font-family: arial, helvetica, sans-serif\"><strong>04<\/strong><\/span><\/td>\n<\/tr>\n<\/tbody>\n<\/table>\n<p>[\/vc_column_text][\/vc_tta_section][vc_tta_section title=&#8221;Programa de Inclus\u00e3o e Acessibilidade &#8211; PIA &#8211; 2016&#8243; tab_id=&#8221;1506596927734-99d8fb16-3d40&#8243;][vc_column_text]<\/p>\n<table>\n<thead>\n<tr style=\"text-align: justify\">\n<td style=\"width: 200px;text-align: center\" colspan=\"2\">\n<p class=\"western\" align=\"CENTER\"><span style=\"font-family: arial, helvetica, sans-serif\"><strong>DADOS DO PROGRAMA DE INCLUS\u00c3O E ACESSIBILIDADE &#8211; 2016<\/strong><\/span><\/p>\n<\/td>\n<\/tr>\n<\/thead>\n<tbody>\n<tr style=\"text-align: justify\">\n<td style=\"text-align: justify;width: 200px\"><strong><span style=\"font-family: arial, helvetica, sans-serif\">Alunos Atendidos<\/span><\/strong><\/td>\n<td style=\"text-align: right\"><span style=\"font-family: arial, helvetica, sans-serif\">56<\/span><\/td>\n<\/tr>\n<tr style=\"text-align: justify\">\n<td style=\"vertical-align: middle\"><strong><span style=\"font-family: arial, helvetica, sans-serif\">Motiva\u00e7\u00e3o<\/span><\/strong><\/td>\n<td><span style=\"font-family: arial, helvetica, sans-serif\">Defici\u00eancia auditiva, defici\u00eancia f\u00edsica, defici\u00eancia intelectual, defici\u00eancia m\u00faltipla, defici\u00eancia visual, dist\u00farbios de sa\u00fade que levam a incapacidades, transtornos mentais e transtornos globais do desenvolvimento.<\/span><\/td>\n<\/tr>\n<tr style=\"text-align: justify\">\n<td><strong><span style=\"font-family: arial, helvetica, sans-serif\">Cursos de Gradua\u00e7\u00e3o Presencial<\/span><\/strong><\/td>\n<td><span style=\"font-family: arial, helvetica, sans-serif\">Administra\u00e7\u00e3o, Agronomia, Arte, Ci\u00eancias Cont\u00e1beis, Ci\u00eancia da Computa\u00e7\u00e3o, Engenharia de Alimentos, Filosofia, Fonoaudiologia, Geografia, Hist\u00f3ria, Letras Portugu\u00eas e Literaturas de L\u00edngua Portuguesa, Letras Ingl\u00eas e Literaturas de L\u00edngua Inglesa Matem\u00e1tica, Medicina Veterin\u00e1ria, Pedagogia, Qu\u00edmica e Turismo.<\/span><\/td>\n<\/tr>\n<tr style=\"text-align: justify\">\n<td><strong><span style=\"font-family: arial, helvetica, sans-serif\">Cursos de P\u00f3s-Gradua\u00e7\u00e3o <em>Lato Sensu<\/em><\/span><\/strong><\/td>\n<td><span style=\"font-family: arial, helvetica, sans-serif\">Ensino de Sociologia (EaD), Forma\u00e7\u00e3o de Professores para Doc\u00eancia no Ensino Superior e Especializa\u00e7\u00e3o em LIBRAS (EaD).<\/span><\/td>\n<\/tr>\n<tr style=\"text-align: justify\">\n<td style=\"text-align: justify\"><strong><span style=\"font-family: arial, helvetica, sans-serif\">Cursos de P\u00f3s-Gradua\u00e7\u00e3o <em>Stricto Sensu<\/em><\/span><\/strong><\/td>\n<td><span style=\"font-family: arial, helvetica, sans-serif\">Mestrado em Hist\u00f3ria.<\/span><\/td>\n<\/tr>\n<tr style=\"text-align: justify\">\n<td><strong><span style=\"font-family: arial, helvetica, sans-serif\">Equipe<\/span><\/strong><\/td>\n<td><span style=\"font-family: arial, helvetica, sans-serif\">2 pedagogos, 7 tradutores\/int\u00e9rpretes de l\u00edngua de sinais (TILS), 1 t\u00e9cnico administrativo, 1 assessor, 16 discentes tutores e 3 estagi\u00e1rios.<\/span><\/td>\n<\/tr>\n<tr style=\"text-align: justify\">\n<td><strong><span style=\"font-family: arial, helvetica, sans-serif\">Servi\u00e7os<\/span><\/strong><\/td>\n<td>\n<ul>\n<li><span style=\"font-family: arial, helvetica, sans-serif\">Tradu\u00e7\u00e3o\/interpreta\u00e7\u00e3o Libras\/L\u00edngua portuguesa;<\/span><\/li>\n<li><span style=\"font-family: arial, helvetica, sans-serif\">Transcri\u00e7\u00e3o de material did\u00e1tico C\u00f3digo Braille\/L\u00edngua Portuguesa;<\/span><\/li>\n<li><span style=\"font-family: arial, helvetica, sans-serif\">Adapta\u00e7\u00e3o de material did\u00e1tico para C\u00f3digo Braille;<\/span><\/li>\n<li><span style=\"font-family: arial, helvetica, sans-serif\">Formato digital acess\u00edvel e para tipos ampliados;<\/span><\/li>\n<li><span style=\"font-family: arial, helvetica, sans-serif\">Assessoria no uso de tecnologias assistivas;<\/span><\/li>\n<li><span style=\"font-family: arial, helvetica, sans-serif\">Assessoria no desenvolvimento e implementa\u00e7\u00e3o de medidas pedag\u00f3gicas e adaptativas;<\/span><\/li>\n<li><span style=\"font-family: arial, helvetica, sans-serif\">Atendimento social;<\/span><\/li>\n<li><span style=\"font-family: arial, helvetica, sans-serif\">Encaminhamento para atendimento pedag\u00f3gico, psicol\u00f3gico e para atendimento nas cl\u00ednicas Escola de Farm\u00e1cia, Fisioterapia, Fonoaudiologia, Nutri\u00e7\u00e3o, \u00d3rtese e Pr\u00f3tese, Psicologia e Resid\u00eancia M\u00e9dica; e<\/span><\/li>\n<li><span style=\"font-family: arial, helvetica, sans-serif\">A\u00e7\u00f5es inclusivas relacionadas aos candidatos de processos seletivos para ingresso na Unicentro na forma de vestibular, concurso p\u00fablico, testes seletivos, sele\u00e7\u00e3o de estagi\u00e1rios, cursos de Libras e tutoria discente.<\/span><\/li>\n<\/ul>\n<\/td>\n<\/tr>\n<\/tbody>\n<\/table>\n<p>[\/vc_column_text][\/vc_tta_section][\/vc_tta_accordion][\/vc_column][\/vc_row]<\/p>\n<\/div>","protected":false},"excerpt":{"rendered":"<p>[vc_row][vc_column width=&#8221;1\/2&#8243;][vc_column_text]Apoio Estudantil A Coordenadoria de Apoio ao Estudante e o Programa de Inclus\u00e3o e Acessibilidade \u2013 PIA trabalham de forma articulada visando \u00e0 inclus\u00e3o, perman\u00eancia e desenvolvimentos do meio universit\u00e1rio. Por meio de a\u00e7\u00f5es multiprofissionais, que incluem, dentre outras, moradia estudantil para estudantes em situa\u00e7\u00e3o de vulnerabilidade socioecon\u00f4mica e atendimento psicossocial em situa\u00e7\u00f5es que [&hellip;]<\/p>\n","protected":false},"author":3,"featured_media":0,"parent":860,"menu_order":0,"comment_status":"closed","ping_status":"closed","template":"","meta":{"_exactmetrics_skip_tracking":false,"_exactmetrics_sitenote_active":false,"_exactmetrics_sitenote_note":"","_exactmetrics_sitenote_category":0,"footnotes":"","_links_to":"","_links_to_target":""},"class_list":["post-35","page","type-page","status-publish","hentry"],"_links":{"self":[{"href":"https:\/\/www3.unicentro.br\/anuario\/wp-json\/wp\/v2\/pages\/35","targetHints":{"allow":["GET"]}}],"collection":[{"href":"https:\/\/www3.unicentro.br\/anuario\/wp-json\/wp\/v2\/pages"}],"about":[{"href":"https:\/\/www3.unicentro.br\/anuario\/wp-json\/wp\/v2\/types\/page"}],"author":[{"embeddable":true,"href":"https:\/\/www3.unicentro.br\/anuario\/wp-json\/wp\/v2\/users\/3"}],"replies":[{"embeddable":true,"href":"https:\/\/www3.unicentro.br\/anuario\/wp-json\/wp\/v2\/comments?post=35"}],"version-history":[{"count":0,"href":"https:\/\/www3.unicentro.br\/anuario\/wp-json\/wp\/v2\/pages\/35\/revisions"}],"up":[{"embeddable":true,"href":"https:\/\/www3.unicentro.br\/anuario\/wp-json\/wp\/v2\/pages\/860"}],"wp:attachment":[{"href":"https:\/\/www3.unicentro.br\/anuario\/wp-json\/wp\/v2\/media?parent=35"}],"curies":[{"name":"wp","href":"https:\/\/api.w.org\/{rel}","templated":true}]}}