{"id":33,"date":"2017-04-03T15:55:05","date_gmt":"2017-04-03T18:55:05","guid":{"rendered":"https:\/\/www3.unicentro.br\/anuario\/?page_id=33"},"modified":"2018-04-06T14:40:51","modified_gmt":"2018-04-06T17:40:51","slug":"bibliotecas","status":"publish","type":"page","link":"https:\/\/www3.unicentro.br\/anuario\/anuario-2016\/bibliotecas\/","title":{"rendered":"Bibliotecas"},"content":{"rendered":"<div class=\"wpb-content-wrapper\"><p>[vc_row][vc_column width=&#8221;1\/2&#8243;][vc_column_text]<span style=\"font-size: 20pt;color: #333333\">Bibliotecas<\/span><\/p>\n<p style=\"text-align: justify\">Presentes em todos os <em>campi<\/em> Universit\u00e1rios, as bibliotecas da UNICENTRO contam com um acervo de milhares de obras, incluindo livros, peri\u00f3dicos, disserta\u00e7\u00f5es, monografias, dentre outros. O acervo das Bibliotecas \u00e9 devidamente catalogado, segundo normas internacionais, s\u00e3o disponibilizados aos usu\u00e1rios diversos servi\u00e7os, incluindo \u00a0consulta \u00e0s obras existentes, reserva e renova\u00e7\u00e3o de empr\u00e9stimo <em>online.\u00a0<\/em>Outros servi\u00e7os incluem empr\u00e9stimo domiciliar, empr\u00e9stimos entre bibliotecas, confec\u00e7\u00e3o de fichas catalogr\u00e1ficas e comuta\u00e7\u00e3o bibliogr\u00e1fica.<\/p>\n<p>[\/vc_column_text][vc_tta_accordion color=&#8221;white&#8221; c_icon=&#8221;chevron&#8221; active_section=&#8221;10&#8243; collapsible_all=&#8221;true&#8221; title=&#8221;Dados Gerais&#8221;][vc_tta_section title=&#8221;Acervo, Estrutura e Servi\u00e7os &#8211; Biblioteca do Campus Cedeteg &#8211; 2016&#8243; tab_id=&#8221;1494869582080-56808cad-62f8&#8243;][vc_column_text]<\/p>\n<table class=\" aligncenter\">\n<thead>\n<tr>\n<td><span style=\"font-family: arial, helvetica, sans-serif\"><strong>CATEGORIA<\/strong><\/span><\/td>\n<td><span style=\"font-family: arial, helvetica, sans-serif\"><strong>TOTAL<\/strong><\/span><\/td>\n<\/tr>\n<\/thead>\n<tbody>\n<tr>\n<td style=\"text-align: left\"><span style=\"font-family: arial, helvetica, sans-serif\">N\u00famero de assentos<\/span><\/td>\n<td style=\"text-align: right\"><span style=\"font-family: arial, helvetica, sans-serif\">100<\/span><\/td>\n<\/tr>\n<tr>\n<td style=\"text-align: left\"><span style=\"font-family: arial, helvetica, sans-serif\">N\u00famero de empr\u00e9stimos domiciliares<\/span><\/td>\n<td style=\"text-align: right\"><span style=\"font-family: arial, helvetica, sans-serif\">22.702<\/span><\/td>\n<\/tr>\n<tr>\n<td style=\"text-align: left\"><span style=\"font-family: arial, helvetica, sans-serif\">N\u00famero de empr\u00e9stimos entre bibliotecas<\/span><\/td>\n<td style=\"text-align: right\"><span style=\"font-family: arial, helvetica, sans-serif\">Cerca de 500<\/span><\/td>\n<\/tr>\n<tr>\n<td style=\"text-align: left\"><span style=\"font-family: arial, helvetica, sans-serif\">Usu\u00e1rios Treinados em Programas de Capacita\u00e7\u00e3o<\/span><\/td>\n<td style=\"text-align: right\"><span style=\"font-family: arial, helvetica, sans-serif\">00<\/span><\/td>\n<\/tr>\n<tr>\n<td style=\"text-align: left\" rowspan=\"2\"><span style=\"font-family: arial, helvetica, sans-serif\">N\u00famero de T\u00edtulos do Acervo de Peri\u00f3dicos Impressos<\/span><\/td>\n<td>\n<p style=\"text-align: right\"><span style=\"font-family: arial, helvetica, sans-serif\">T\u00edtulos: 503\u00a0<\/span><\/p>\n<\/td>\n<\/tr>\n<tr>\n<td style=\"text-align: right\"><span style=\"font-family: arial, helvetica, sans-serif\">Fasc\u00edculos: 13.660\u00a0<\/span><\/td>\n<\/tr>\n<tr>\n<td style=\"text-align: left\" rowspan=\"2\"><span style=\"font-family: arial, helvetica, sans-serif\">N\u00famero de T\u00edtulos do Acervo de Livros Impressos<\/span><\/td>\n<td style=\"text-align: right\"><span style=\"font-family: arial, helvetica, sans-serif\">T\u00edtulos:\u00a013.830\u00a0<\/span><\/td>\n<\/tr>\n<tr>\n<td style=\"text-align: right\"><span style=\"font-family: arial, helvetica, sans-serif\">Exemplares:\u00a036.520 <\/span><\/td>\n<\/tr>\n<tr>\n<td style=\"text-align: left\"><span style=\"font-family: arial, helvetica, sans-serif\">N\u00famero de T\u00edtulos de Outros Materiais<\/span><\/td>\n<td style=\"text-align: right\"><span style=\"font-family: arial, helvetica, sans-serif\">1.263<\/span><\/td>\n<\/tr>\n<tr>\n<td style=\"text-align: left\"><strong><span style=\"font-family: arial, helvetica, sans-serif\">ACERVO TOTAL<\/span><\/strong><\/td>\n<td style=\"text-align: right\"><span style=\"font-family: arial, helvetica, sans-serif\"><b>51.443<\/b><\/span><\/td>\n<\/tr>\n<\/tbody>\n<\/table>\n<p>[\/vc_column_text][\/vc_tta_section][vc_tta_section title=&#8221;Acervo, Estrutura e Servi\u00e7os &#8211; Biblioteca do Campus Irati &#8211; 2016&#8243; tab_id=&#8221;1494871004481-12413066-6360&#8243;][vc_column_text]<\/p>\n<table class=\" aligncenter\">\n<thead>\n<tr>\n<td style=\"text-align: center\"><strong><span style=\"font-family: arial, helvetica, sans-serif\">CATEGORIA<\/span><\/strong><\/td>\n<td style=\"text-align: center\"><strong><span style=\"font-family: arial, helvetica, sans-serif\">TOTAL<\/span><\/strong><\/td>\n<\/tr>\n<\/thead>\n<tbody>\n<tr>\n<td style=\"text-align: left\"><span style=\"font-family: arial, helvetica, sans-serif\">N\u00famero de Assentos<\/span><\/td>\n<td style=\"text-align: right\"><span style=\"font-family: arial, helvetica, sans-serif\">72<\/span><\/td>\n<\/tr>\n<tr>\n<td style=\"text-align: left\"><span style=\"font-family: arial, helvetica, sans-serif\">N\u00famero de Empr\u00e9stimos Domiciliares<\/span><\/td>\n<td style=\"text-align: right\"><span style=\"font-family: arial, helvetica, sans-serif\">32.002<\/span><\/td>\n<\/tr>\n<tr>\n<td style=\"text-align: left\" rowspan=\"2\"><span style=\"font-family: arial, helvetica, sans-serif\">N\u00famero de Empr\u00e9stimos entre Bibliotecas<\/span><\/td>\n<td style=\"text-align: right\"><span style=\"font-family: arial, helvetica, sans-serif\">Enviados: 526<\/span><\/td>\n<\/tr>\n<tr>\n<td style=\"text-align: right\"><span style=\"font-family: arial, helvetica, sans-serif\">Recebidos: 340<\/span><\/td>\n<\/tr>\n<tr>\n<td style=\"text-align: left\"><span style=\"font-family: arial, helvetica, sans-serif\">Usu\u00e1rios Treinados em Programa de Capacita\u00e7\u00e3o<\/span><\/td>\n<td style=\"text-align: right\"><span style=\"font-family: arial, helvetica, sans-serif\">166<\/span><\/td>\n<\/tr>\n<tr>\n<td style=\"text-align: left\" rowspan=\"2\"><span style=\"font-family: arial, helvetica, sans-serif\">N\u00famero de T\u00edtulos do Acervo de Peri\u00f3dicos Impressos<\/span><\/td>\n<td style=\"text-align: right\"><span style=\"font-family: arial, helvetica, sans-serif\">T\u00edtulos: 687<\/span><\/td>\n<\/tr>\n<tr>\n<td style=\"text-align: right\"><span style=\"font-family: arial, helvetica, sans-serif\">Fasc\u00edculos: 7.029<\/span><\/td>\n<\/tr>\n<tr>\n<td style=\"text-align: left\"><span style=\"font-family: arial, helvetica, sans-serif\">N\u00famero de T\u00edtulos do Acervo de Livros Impressos<\/span><\/td>\n<td style=\"text-align: right\"><span style=\"font-family: arial, helvetica, sans-serif\">25.578<\/span><\/td>\n<\/tr>\n<tr>\n<td style=\"text-align: left\"><span style=\"font-family: arial, helvetica, sans-serif\">N\u00famero de T\u00edtulos de Outros Materiais<\/span><\/td>\n<td style=\"text-align: right\"><span style=\"font-family: arial, helvetica, sans-serif\">6.075<\/span><\/td>\n<\/tr>\n<tr>\n<td style=\"text-align: left\"><strong><span style=\"font-family: arial, helvetica, sans-serif\">ACERVO TOTAL<\/span><\/strong><\/td>\n<td style=\"text-align: right\"><strong><span style=\"font-family: arial, helvetica, sans-serif\">38.682<\/span><\/strong><\/td>\n<\/tr>\n<\/tbody>\n<\/table>\n<p>[\/vc_column_text][\/vc_tta_section][vc_tta_section title=&#8221;Acervo, Estrutura e Servi\u00e7os &#8211; Biblioteca do Campus Santa Cruz &#8211; 2016&#8243; tab_id=&#8221;1494869582080-080a43eb-7441&#8243;][vc_column_text]<\/p>\n<table class=\" aligncenter\">\n<thead>\n<tr>\n<td style=\"text-align: center\"><strong><span style=\"font-family: arial, helvetica, sans-serif\">CATEGORIA<\/span><\/strong><\/td>\n<td><strong><span style=\"font-family: arial, helvetica, sans-serif\">TOTAL<\/span><\/strong><\/td>\n<\/tr>\n<\/thead>\n<tbody>\n<tr>\n<td style=\"text-align: left\"><span style=\"font-family: arial, helvetica, sans-serif\">N\u00famero de Assentos<\/span><\/td>\n<td style=\"text-align: right\"><span style=\"font-family: arial, helvetica, sans-serif\">137<\/span><\/td>\n<\/tr>\n<tr>\n<td style=\"text-align: left\"><span style=\"font-family: arial, helvetica, sans-serif\">N\u00famero de empr\u00e9stimos domiciliares<\/span><\/td>\n<td style=\"text-align: right\"><span style=\"font-family: arial, helvetica, sans-serif\">43.726<\/span><\/td>\n<\/tr>\n<tr>\n<td style=\"text-align: left\"><span style=\"font-family: arial, helvetica, sans-serif\">N\u00famero de empr\u00e9stimos entre bibliotecas<\/span><\/td>\n<td style=\"text-align: right\"><span style=\"font-family: arial, helvetica, sans-serif\">1.023<\/span><\/td>\n<\/tr>\n<tr>\n<td><span style=\"font-family: arial, helvetica, sans-serif\">Usu\u00e1rios Treinados em Programas de Capacita\u00e7\u00e3o<\/span><\/td>\n<td style=\"text-align: right\"><span style=\"font-family: arial, helvetica, sans-serif\">00<\/span><\/td>\n<\/tr>\n<tr>\n<td><span style=\"font-family: arial, helvetica, sans-serif\">N\u00famero de T\u00edtulos do Acervo Peri\u00f3dico Impressos<\/span><\/td>\n<td style=\"text-align: right\"><span style=\"font-family: arial, helvetica, sans-serif\">19.929<\/span><\/td>\n<\/tr>\n<tr>\n<td><span style=\"font-family: arial, helvetica, sans-serif\">N\u00famero de T\u00edtulos do Acervo de Livros Impressos<\/span><\/td>\n<td style=\"text-align: right\"><span style=\"font-family: arial, helvetica, sans-serif\">34.742<\/span><\/td>\n<\/tr>\n<tr>\n<td style=\"text-align: left\"><strong><span style=\"font-family: arial, helvetica, sans-serif\">ACERVO TOTAL<\/span><\/strong><\/td>\n<td style=\"text-align: right\"><strong><span style=\"font-family: arial, helvetica, sans-serif\">56.447<\/span><\/strong><\/td>\n<\/tr>\n<\/tbody>\n<\/table>\n<p>[\/vc_column_text][\/vc_tta_section][\/vc_tta_accordion][\/vc_column][vc_column width=&#8221;1\/2&#8243;][vc_single_image image=&#8221;333&#8243; img_size=&#8221;large&#8221;][vc_single_image image=&#8221;336&#8243; img_size=&#8221;large&#8221;][\/vc_column][\/vc_row][vc_row][vc_column][vc_tta_accordion color=&#8221;white&#8221; c_icon=&#8221;chevron&#8221; active_section=&#8221;10&#8243; collapsible_all=&#8221;true&#8221;][vc_tta_section title=&#8221;Acervo e Empr\u00e9stimos &#8211; Total Geral &#8211; 2016&#8243; tab_id=&#8221;1506513098417-98e95c38-e098&#8243;][vc_column_text]<\/p>\n<table class=\" aligncenter\">\n<thead>\n<tr>\n<td><\/td>\n<td style=\"text-align: center\"><strong><span style=\"font-family: arial, helvetica, sans-serif\">ACERVO<\/span><\/strong><\/td>\n<td style=\"text-align: center\"><strong><span style=\"font-family: arial, helvetica, sans-serif\">CEDETEG<\/span><\/strong><\/td>\n<td style=\"text-align: center\"><strong><span style=\"font-family: arial, helvetica, sans-serif\">SANTA CRUZ<\/span><\/strong><\/td>\n<td style=\"text-align: center\"><strong><span style=\"font-family: arial, helvetica, sans-serif\">IRATI<\/span><\/strong><\/td>\n<td style=\"text-align: center\"><strong><span style=\"font-family: arial, helvetica, sans-serif\">TOTAL<\/span><\/strong><\/td>\n<\/tr>\n<\/thead>\n<tbody>\n<tr>\n<td style=\"text-align: left\" rowspan=\"3\"><span style=\"font-family: arial, helvetica, sans-serif\">Acervo Geral<\/span><\/td>\n<td style=\"text-align: left\"><span style=\"font-family: arial, helvetica, sans-serif\">Fasc\u00edculos<\/span><\/td>\n<td style=\"text-align: right\"><span style=\"font-family: arial, helvetica, sans-serif\">13.660<\/span><\/td>\n<td style=\"text-align: right\"><span style=\"font-family: arial, helvetica, sans-serif\">19.929<\/span><\/td>\n<td style=\"text-align: right\"><span style=\"font-family: arial, helvetica, sans-serif\">7.029<\/span><\/td>\n<td style=\"text-align: right\"><strong><span style=\"font-family: arial, helvetica, sans-serif\">40.618<\/span><\/strong><\/td>\n<\/tr>\n<tr>\n<td style=\"text-align: left\"><span style=\"font-family: arial, helvetica, sans-serif\">Exemplares<\/span><\/td>\n<td style=\"text-align: right\"><span style=\"font-family: arial, helvetica, sans-serif\">36.520<\/span><\/td>\n<td style=\"text-align: right\"><span style=\"font-family: arial, helvetica, sans-serif\">34.742<\/span><\/td>\n<td style=\"text-align: right\"><span style=\"font-family: arial, helvetica, sans-serif\">25.578<\/span><\/td>\n<td style=\"text-align: right\"><strong><span style=\"font-family: arial, helvetica, sans-serif\">96.840<\/span><\/strong><\/td>\n<\/tr>\n<tr>\n<td style=\"text-align: left\"><span style=\"font-family: arial, helvetica, sans-serif\">Outros Materiais<\/span><\/td>\n<td style=\"text-align: right\"><span style=\"font-family: arial, helvetica, sans-serif\">1.263<\/span><\/td>\n<td style=\"text-align: right\"><span style=\"font-family: arial, helvetica, sans-serif\">1.776<\/span><\/td>\n<td style=\"text-align: right\"><span style=\"font-family: arial, helvetica, sans-serif\">6.075<\/span><\/td>\n<td style=\"text-align: right\"><strong><span style=\"font-family: arial, helvetica, sans-serif\">9.114<\/span><\/strong><\/td>\n<\/tr>\n<tr>\n<td style=\"text-align: left\"><strong><span style=\"font-family: arial, helvetica, sans-serif\">Acervo Total por <em>Campus<\/em><\/span><\/strong><\/td>\n<td><\/td>\n<td style=\"text-align: right\"><strong><span style=\"font-family: arial, helvetica, sans-serif\">51.443<\/span><\/strong><\/td>\n<td style=\"text-align: right\"><strong><span style=\"font-family: arial, helvetica, sans-serif\">56.447<\/span><\/strong><\/td>\n<td style=\"text-align: right\"><strong><span style=\"font-family: arial, helvetica, sans-serif\">38.682<\/span><\/strong><\/td>\n<td style=\"text-align: right\"><strong><span style=\"font-family: arial, helvetica, sans-serif\">146.572<\/span><\/strong><\/td>\n<\/tr>\n<tr>\n<td style=\"text-align: left\"><strong><span style=\"font-family: arial, helvetica, sans-serif\">Empr\u00e9stimos<\/span><\/strong><\/td>\n<td><\/td>\n<td style=\"text-align: right\"><strong><span style=\"font-family: arial, helvetica, sans-serif\">22.702<\/span><\/strong><\/td>\n<td style=\"text-align: right\"><strong><span style=\"font-family: arial, helvetica, sans-serif\">43.726<\/span><\/strong><\/td>\n<td style=\"text-align: right\"><strong><span style=\"font-family: arial, helvetica, sans-serif\">32.002<\/span><\/strong><\/td>\n<td style=\"text-align: right\"><strong><span style=\"font-family: arial, helvetica, sans-serif\">98.430<\/span><\/strong><\/td>\n<\/tr>\n<\/tbody>\n<\/table>\n<p>[\/vc_column_text][\/vc_tta_section][\/vc_tta_accordion][\/vc_column][\/vc_row]<\/p>\n<\/div>","protected":false},"excerpt":{"rendered":"<p>[vc_row][vc_column width=&#8221;1\/2&#8243;][vc_column_text]Bibliotecas Presentes em todos os campi Universit\u00e1rios, as bibliotecas da UNICENTRO contam com um acervo de milhares de obras, incluindo livros, peri\u00f3dicos, disserta\u00e7\u00f5es, monografias, dentre outros. O acervo das Bibliotecas \u00e9 devidamente catalogado, segundo normas internacionais, s\u00e3o disponibilizados aos usu\u00e1rios diversos servi\u00e7os, incluindo \u00a0consulta \u00e0s obras existentes, reserva e renova\u00e7\u00e3o de empr\u00e9stimo online.\u00a0Outros servi\u00e7os [&hellip;]<\/p>\n","protected":false},"author":3,"featured_media":0,"parent":860,"menu_order":0,"comment_status":"closed","ping_status":"closed","template":"","meta":{"_exactmetrics_skip_tracking":false,"_exactmetrics_sitenote_active":false,"_exactmetrics_sitenote_note":"","_exactmetrics_sitenote_category":0,"footnotes":"","_links_to":"","_links_to_target":""},"class_list":["post-33","page","type-page","status-publish","hentry"],"_links":{"self":[{"href":"https:\/\/www3.unicentro.br\/anuario\/wp-json\/wp\/v2\/pages\/33","targetHints":{"allow":["GET"]}}],"collection":[{"href":"https:\/\/www3.unicentro.br\/anuario\/wp-json\/wp\/v2\/pages"}],"about":[{"href":"https:\/\/www3.unicentro.br\/anuario\/wp-json\/wp\/v2\/types\/page"}],"author":[{"embeddable":true,"href":"https:\/\/www3.unicentro.br\/anuario\/wp-json\/wp\/v2\/users\/3"}],"replies":[{"embeddable":true,"href":"https:\/\/www3.unicentro.br\/anuario\/wp-json\/wp\/v2\/comments?post=33"}],"version-history":[{"count":0,"href":"https:\/\/www3.unicentro.br\/anuario\/wp-json\/wp\/v2\/pages\/33\/revisions"}],"up":[{"embeddable":true,"href":"https:\/\/www3.unicentro.br\/anuario\/wp-json\/wp\/v2\/pages\/860"}],"wp:attachment":[{"href":"https:\/\/www3.unicentro.br\/anuario\/wp-json\/wp\/v2\/media?parent=33"}],"curies":[{"name":"wp","href":"https:\/\/api.w.org\/{rel}","templated":true}]}}