{"id":31,"date":"2017-04-03T15:54:51","date_gmt":"2017-04-03T18:54:51","guid":{"rendered":"https:\/\/www3.unicentro.br\/anuario\/?page_id=31"},"modified":"2018-04-06T14:40:51","modified_gmt":"2018-04-06T17:40:51","slug":"editora","status":"publish","type":"page","link":"https:\/\/www3.unicentro.br\/anuario\/anuario-2016\/editora\/","title":{"rendered":"Editora"},"content":{"rendered":"<div class=\"wpb-content-wrapper\"><p>[vc_row][vc_column width=&#8221;1\/2&#8243;][vc_column_text]<\/p>\n<p align=\"JUSTIFY\"><span style=\"font-size: 20pt;color: #333333\">Sobre a EdUni<\/span><\/p>\n<p align=\"JUSTIFY\">A Editora da UNICENTRO, EdUni, tem como\u00a0objetivo contribuir para gera\u00e7\u00e3o e divulga\u00e7\u00e3o\u00a0da produ\u00e7\u00e3o cient\u00edfica, tecnol\u00f3gica, art\u00edstica e cultural dos pesquisadores da Universidade, tanto para a regi\u00e3o de Guarapuava quanto para as demais regi\u00f5es do Brasil. A EdUni \u00e9 filiada \u00e0 Associa\u00e7\u00e3o Brasileira de Editoras Universit\u00e1rias, ABEU, e publica obras com resultados de trabalhos sobre as rela\u00e7\u00f5es de ensino e a pr\u00e1tica de sala de aula, bem como outras provenientes de atividades de pesquisa, t\u00e9cnicas, art\u00edsticas ou culturais desenvolvidas em Institui\u00e7\u00f5es de Ensino Superior.<\/p>\n<p>[\/vc_column_text][vc_tta_accordion color=&#8221;white&#8221; c_icon=&#8221;chevron&#8221; active_section=&#8221;10&#8243; collapsible_all=&#8221;true&#8221; title=&#8221;Dados Gerais&#8221;][vc_tta_section title=&#8221; International Standard Bibliographical Number (ISBN) e Livros Editorados &#8211; 2016&#8243; tab_id=&#8221;1495631316113-4e71a65c-e27e&#8221;][vc_column_text]<\/p>\n<table class=\" aligncenter\">\n<thead>\n<tr>\n<td style=\"text-align: center\"><strong><span style=\"font-family: arial, helvetica, sans-serif\">T\u00cdTULO<\/span><\/strong><\/td>\n<\/tr>\n<\/thead>\n<caption><strong><span style=\"font-family: arial, helvetica, sans-serif\">ISBN E LIVROS EDITORADOS &#8211; 2016<\/span><\/strong><\/caption>\n<tbody>\n<tr>\n<td style=\"text-align: left\"><span style=\"font-family: arial, helvetica, sans-serif\">Est\u00e1gio: Pr\u00e1ticas Pedag\u00f3gicas em Escolas do Campo<\/span><\/td>\n<\/tr>\n<tr>\n<td style=\"text-align: left\"><span style=\"font-family: arial, helvetica, sans-serif\">Hermen\u00eauticas da Fronteira: A Fronteira Entre o Brasil e o Paraguai<\/span><\/td>\n<\/tr>\n<tr>\n<td style=\"text-align: left\"><span style=\"font-family: arial, helvetica, sans-serif\">G\u00eanero e Institui\u00e7\u00f5es Armadas<\/span><\/td>\n<\/tr>\n<tr>\n<td style=\"text-align: left\"><span style=\"font-family: arial, helvetica, sans-serif\">Entre o Mito e a Modernidade<\/span><\/td>\n<\/tr>\n<tr>\n<td style=\"text-align: left\"><span style=\"font-family: arial, helvetica, sans-serif\">Da Religi\u00e3o \u00e0s Religiosidades: O Catolicismo no Sudoeste do Paran\u00e1 (1930-2013)<\/span><\/td>\n<\/tr>\n<tr>\n<td style=\"text-align: left\"><span style=\"font-family: arial, helvetica, sans-serif\">Tempo, Contratempos e Contrapontos<\/span><\/td>\n<\/tr>\n<tr>\n<td style=\"text-align: left\"><span style=\"font-family: arial, helvetica, sans-serif\">Hist\u00f3rias e Di\u00e1logos: Sugest\u00f5es de Teatro para o Ensino M\u00e9dio<\/span><\/td>\n<\/tr>\n<tr>\n<td style=\"text-align: left\"><span style=\"font-family: arial, helvetica, sans-serif\">Introdu\u00e7\u00e3o \u00e0 Tecnologia de Leites e Derivados, 3\u00aa Edi\u00e7\u00e3o<\/span><\/td>\n<\/tr>\n<tr>\n<td style=\"text-align: left\"><span style=\"font-family: arial, helvetica, sans-serif\">O Brasil em Min\u00facias: A Vis\u00e3o Tr\u00e1gico-Hist\u00f3rica na Cr\u00f4nica Machadiana<\/span><\/td>\n<\/tr>\n<tr>\n<td style=\"text-align: left\"><span style=\"font-family: arial, helvetica, sans-serif\">Guia do Autor da Editora Unicentro<\/span><\/td>\n<\/tr>\n<tr>\n<td style=\"text-align: left\"><span style=\"font-family: arial, helvetica, sans-serif\">Teoria e Metodologia do Ensino da Arte<\/span><\/td>\n<\/tr>\n<tr>\n<td style=\"text-align: left\"><span style=\"font-family: arial, helvetica, sans-serif\">Improvisa\u00e7\u00e3o em Dan\u00e7a<\/span><\/td>\n<\/tr>\n<tr>\n<td style=\"text-align: left\"><span style=\"font-family: arial, helvetica, sans-serif\">Cantinho da Prov\u00edncia<\/span><\/td>\n<\/tr>\n<tr>\n<td style=\"text-align: left\"><span style=\"font-family: arial, helvetica, sans-serif\">Entre Falos e Fal\u00e1cias<\/span><\/td>\n<\/tr>\n<tr>\n<td style=\"text-align: left\"><span style=\"font-family: arial, helvetica, sans-serif\">O Brasil em Min\u00facias<\/span><\/td>\n<\/tr>\n<tr>\n<td style=\"text-align: left\"><span style=\"font-family: arial, helvetica, sans-serif\">Vozes da Resist\u00eancia II<\/span><\/td>\n<\/tr>\n<tr>\n<td style=\"text-align: left\"><span style=\"font-family: arial, helvetica, sans-serif\">Ensino de Hist\u00f3ria e Debates Contempor\u00e2neos<\/span><\/td>\n<\/tr>\n<tr>\n<td style=\"text-align: left\"><strong><span style=\"font-family: arial, helvetica, sans-serif\">TOTAL DE PUBLICA\u00c7\u00d5ES: 17<\/span><\/strong><\/td>\n<\/tr>\n<\/tbody>\n<\/table>\n<p>[\/vc_column_text][\/vc_tta_section][vc_tta_section title=&#8221;Peri\u00f3dicos &#8211; International Standard Serial Number (ISSN) &#8211; 2016&#8243; tab_id=&#8221;1495631316113-5add96c5-8101&#8243;][vc_column_text]<\/p>\n<table class=\" aligncenter\">\n<thead>\n<tr>\n<td><span style=\"font-family: arial, helvetica, sans-serif\"><strong>EVENTO<\/strong><\/span><\/td>\n<\/tr>\n<\/thead>\n<caption><span style=\"font-family: arial, helvetica, sans-serif\"><strong>ANAIS DAS SEMANAS\u00a0DE EVENTOS (ISSN) &#8211; 2016<\/strong><\/span><\/caption>\n<tbody>\n<tr>\n<td style=\"text-align: left\"><span style=\"font-family: arial, helvetica, sans-serif\">Col\u00f3quio Educa\u00e7\u00e3o F\u00edsica e Ci\u00eancias Sociais em Di\u00e1logo<\/span><\/td>\n<\/tr>\n<tr>\n<td style=\"text-align: left\"><span style=\"font-family: arial, helvetica, sans-serif\">Simp\u00f3sio Nacional de Estudos do Discurso da Unicentro<\/span><\/td>\n<\/tr>\n<tr>\n<td style=\"text-align: left\"><span style=\"font-family: arial, helvetica, sans-serif\">IRACONT &#8211; Semana de Estudos de Contabilidade<\/span><\/td>\n<\/tr>\n<tr>\n<td style=\"text-align: left\"><span style=\"font-family: arial, helvetica, sans-serif\">Encontro Anual de Inicia\u00e7\u00e3o Cient\u00edfica &#8211; EAIC &#8211; Unicentro<\/span><\/td>\n<\/tr>\n<tr>\n<td style=\"text-align: left\"><span style=\"font-family: arial, helvetica, sans-serif\">Col\u00f3quio Museus, Arquivos: Lugares de Mem\u00f3ria no\/do Espa\u00e7o Urbano<\/span><\/td>\n<\/tr>\n<tr>\n<td style=\"text-align: left\"><span style=\"font-family: arial, helvetica, sans-serif\">Encontro de Inicia\u00e7\u00e3o Cient\u00edfica J\u00fanior<\/span><\/td>\n<\/tr>\n<tr>\n<td style=\"text-align: left\"><span style=\"font-family: arial, helvetica, sans-serif\">Simp\u00f3sio Internacional de Estudos Eslavos<\/span><\/td>\n<\/tr>\n<tr>\n<td style=\"text-align: left\"><span style=\"font-family: arial, helvetica, sans-serif\">Jornada de Literatura e Educa\u00e7\u00e3o<\/span><\/td>\n<\/tr>\n<tr>\n<td style=\"text-align: left\"><strong><span style=\"font-family: arial, helvetica, sans-serif\">TOTAL DE PUBLICA\u00c7\u00d5ES: 08<\/span><\/strong><\/td>\n<\/tr>\n<\/tbody>\n<\/table>\n<p>[\/vc_column_text][\/vc_tta_section][vc_tta_section title=&#8221;Livros em Editora\u00e7\u00e3o &#8211; 2017&#8243; tab_id=&#8221;1495632515782-46bb0d4e-2674&#8243;][vc_column_text]<\/p>\n<table class=\" aligncenter\">\n<thead>\n<tr>\n<td style=\"text-align: center\"><span style=\"font-family: arial, helvetica, sans-serif\"><strong>T\u00cdTULO<\/strong><\/span><\/td>\n<\/tr>\n<\/thead>\n<tbody>\n<tr>\n<td style=\"text-align: left\"><span style=\"font-family: arial, helvetica, sans-serif\">A Aquisi\u00e7\u00e3o de Libras em um Contexto Multilingu\u00edstico<\/span><\/td>\n<\/tr>\n<tr>\n<td style=\"text-align: left\"><span style=\"font-family: arial, helvetica, sans-serif\">A Revolta de 1957 no Sudoeste do Paran\u00e1<\/span><\/td>\n<\/tr>\n<tr>\n<td style=\"text-align: left\"><span style=\"font-family: arial, helvetica, sans-serif\">A Seguridade Social no Brasil e na Argentina<\/span><\/td>\n<\/tr>\n<tr>\n<td style=\"text-align: left\"><span style=\"font-family: arial, helvetica, sans-serif\">O L\u00facido e o Ensino de Ci\u00eancias<\/span><\/td>\n<\/tr>\n<tr>\n<td style=\"text-align: left\"><span style=\"font-family: arial, helvetica, sans-serif\">Pensar o Desenho<\/span><\/td>\n<\/tr>\n<tr>\n<td style=\"text-align: left\"><span style=\"font-family: arial, helvetica, sans-serif\">Sobre Mulheres e Pol\u00edcias<\/span><\/td>\n<\/tr>\n<tr>\n<td style=\"text-align: left\"><span style=\"font-family: arial, helvetica, sans-serif\">Trabalho Sobre o que se Deteriorou<\/span><\/td>\n<\/tr>\n<tr>\n<td style=\"text-align: left\"><span style=\"font-family: arial, helvetica, sans-serif\">Renato Kehl e a Eugenia no Brasil: Ci\u00eancia, Ra\u00e7a e Na\u00e7\u00e3o no Per\u00edodo Entre Guerras<\/span><\/td>\n<\/tr>\n<tr>\n<td style=\"text-align: left\"><span style=\"font-family: arial, helvetica, sans-serif\">The Coup e Brazil de John Updike: Uma Leitura do Norte pelo Sul<\/span><\/td>\n<\/tr>\n<tr>\n<td style=\"text-align: left\"><span style=\"font-family: arial, helvetica, sans-serif\">Audiovisualidades: Elaborar com Foucault<\/span><\/td>\n<\/tr>\n<tr>\n<td style=\"text-align: left\"><span style=\"font-family: arial, helvetica, sans-serif\">O Trabalho Multidisciplinar no Programa Patronato da Comarca de Irati<\/span><\/td>\n<\/tr>\n<tr>\n<td style=\"text-align: left\"><span style=\"font-family: arial, helvetica, sans-serif\">Inf\u00e2ncia e Educa\u00e7\u00e3o Infantil: Pol\u00edticas e Pr\u00e1ticas<\/span><\/td>\n<\/tr>\n<tr>\n<td style=\"text-align: left\"><span style=\"font-family: arial, helvetica, sans-serif\">Antes que Tudo Acabe: O Discurso da M\u00eddia e a Crise Econ\u00f4mica na Cro\u00e1cia e no Brasil<\/span><\/td>\n<\/tr>\n<tr>\n<td style=\"text-align: left\"><span style=\"font-family: arial, helvetica, sans-serif\">Geografia e Forma\u00e7\u00e3o do Ge\u00f3grafo: Desafios e Possibilidades de Leitura do Mundo de Hoje<\/span><\/td>\n<\/tr>\n<tr>\n<td style=\"text-align: left\"><strong><span style=\"font-family: arial, helvetica, sans-serif\">TOTAL DE PUBLICA\u00c7\u00d5ES: 14<\/span><\/strong><\/td>\n<\/tr>\n<\/tbody>\n<\/table>\n<p>[\/vc_column_text][\/vc_tta_section][\/vc_tta_accordion][\/vc_column][vc_column width=&#8221;1\/2&#8243;][vc_single_image image=&#8221;324&#8243; img_size=&#8221;large&#8221;][vc_single_image image=&#8221;325&#8243; img_size=&#8221;large&#8221;][\/vc_column][\/vc_row]<\/p>\n<\/div>","protected":false},"excerpt":{"rendered":"<p>[vc_row][vc_column width=&#8221;1\/2&#8243;][vc_column_text] Sobre a EdUni A Editora da UNICENTRO, EdUni, tem como\u00a0objetivo contribuir para gera\u00e7\u00e3o e divulga\u00e7\u00e3o\u00a0da produ\u00e7\u00e3o cient\u00edfica, tecnol\u00f3gica, art\u00edstica e cultural dos pesquisadores da Universidade, tanto para a regi\u00e3o de Guarapuava quanto para as demais regi\u00f5es do Brasil. A EdUni \u00e9 filiada \u00e0 Associa\u00e7\u00e3o Brasileira de Editoras Universit\u00e1rias, ABEU, e publica obras com [&hellip;]<\/p>\n","protected":false},"author":3,"featured_media":0,"parent":860,"menu_order":0,"comment_status":"closed","ping_status":"closed","template":"","meta":{"_exactmetrics_skip_tracking":false,"_exactmetrics_sitenote_active":false,"_exactmetrics_sitenote_note":"","_exactmetrics_sitenote_category":0,"footnotes":"","_links_to":"","_links_to_target":""},"class_list":["post-31","page","type-page","status-publish","hentry"],"_links":{"self":[{"href":"https:\/\/www3.unicentro.br\/anuario\/wp-json\/wp\/v2\/pages\/31","targetHints":{"allow":["GET"]}}],"collection":[{"href":"https:\/\/www3.unicentro.br\/anuario\/wp-json\/wp\/v2\/pages"}],"about":[{"href":"https:\/\/www3.unicentro.br\/anuario\/wp-json\/wp\/v2\/types\/page"}],"author":[{"embeddable":true,"href":"https:\/\/www3.unicentro.br\/anuario\/wp-json\/wp\/v2\/users\/3"}],"replies":[{"embeddable":true,"href":"https:\/\/www3.unicentro.br\/anuario\/wp-json\/wp\/v2\/comments?post=31"}],"version-history":[{"count":0,"href":"https:\/\/www3.unicentro.br\/anuario\/wp-json\/wp\/v2\/pages\/31\/revisions"}],"up":[{"embeddable":true,"href":"https:\/\/www3.unicentro.br\/anuario\/wp-json\/wp\/v2\/pages\/860"}],"wp:attachment":[{"href":"https:\/\/www3.unicentro.br\/anuario\/wp-json\/wp\/v2\/media?parent=31"}],"curies":[{"name":"wp","href":"https:\/\/api.w.org\/{rel}","templated":true}]}}