{"id":27,"date":"2017-04-03T15:54:21","date_gmt":"2017-04-03T18:54:21","guid":{"rendered":"https:\/\/www3.unicentro.br\/anuario\/?page_id=27"},"modified":"2018-04-06T14:40:55","modified_gmt":"2018-04-06T17:40:55","slug":"inovacao","status":"publish","type":"page","link":"https:\/\/www3.unicentro.br\/anuario\/anuario-2016\/inovacao\/","title":{"rendered":"Inova\u00e7\u00e3o"},"content":{"rendered":"<div class=\"wpb-content-wrapper\"><p>[vc_row][vc_column width=&#8221;1\/2&#8243;][vc_column_text]<span style=\"font-size: 18pt;color: #333333\">Inova\u00e7\u00e3o<\/span><\/p>\n<p style=\"text-align: justify\">As atividades de inova\u00e7\u00e3o integram a Universidade a entidades p\u00fablicas e privadas por meio de parcerias para divulga\u00e7\u00e3o e implanta\u00e7\u00e3o dos conhecimentos gerados. Coordenadas pela Ag\u00eancia de Inova\u00e7\u00e3o Tecnol\u00f3gica, NOVATEC, e pela Incubadora Tecnol\u00f3gica de Guarapuava, INTEG, as atividades de inova\u00e7\u00e3o na Universidade visam ao desenvolvimento regional. Por meio da NOVATEC s\u00e3o oferecidos servi\u00e7os de apoio, assist\u00eancia e capacita\u00e7\u00e3o para empreendimentos, apoio \u00e0 cria\u00e7\u00e3o de laborat\u00f3rios de presta\u00e7\u00e3o de servi\u00e7os e \u00e0 prote\u00e7\u00e3o de cria\u00e7\u00f5es, licenciamentos, inova\u00e7\u00f5es e outras formas de transfer\u00eancia de tecnologias.<\/p>\n<p>[\/vc_column_text][\/vc_column][vc_column width=&#8221;1\/2&#8243;][vc_gallery interval=&#8221;3&#8243; images=&#8221;588,589&#8243; img_size=&#8221;2400&#215;1600&#8243;][\/vc_column][\/vc_row][vc_row][vc_column][vc_tta_accordion color=&#8221;white&#8221; c_icon=&#8221;chevron&#8221; active_section=&#8221;10&#8243; collapsible_all=&#8221;true&#8221; title=&#8221;Dados Gerais&#8221;][vc_tta_section title=&#8221;Patentes e Marcas Depositadas e Concedidas &#8211; 2016&#8243; tab_id=&#8221;1494856446615-c0079559-b896&#8243;][vc_column_text]<\/p>\n<table class=\" aligncenter\">\n<thead>\n<tr>\n<td style=\"text-align: center\"><strong><span style=\"font-family: arial,helvetica,sans-serif\">CATEGORIA<\/span><\/strong><\/td>\n<td style=\"text-align: center\"><strong><span style=\"font-family: arial,helvetica,sans-serif\">TOTAL<\/span><\/strong><\/td>\n<\/tr>\n<\/thead>\n<tbody>\n<tr>\n<td style=\"text-align: left\"><span style=\"font-family: arial,helvetica,sans-serif\">Marcas Institucionais <\/span><\/td>\n<td style=\"text-align: right\"><span style=\"font-family: arial,helvetica,sans-serif\">09<\/span><\/td>\n<\/tr>\n<tr>\n<td style=\"text-align: left\"><span style=\"font-family: arial,helvetica,sans-serif\">Marcas Concedidas<\/span><\/td>\n<td style=\"text-align: right\"><span style=\"font-family: arial,helvetica,sans-serif\">05<\/span><\/td>\n<\/tr>\n<tr>\n<td style=\"text-align: left\"><span style=\"font-family: arial,helvetica,sans-serif\">Patentes Concedidas<\/span><\/td>\n<td style=\"text-align: right\"><span style=\"font-family: arial,helvetica,sans-serif\">05<\/span><\/td>\n<\/tr>\n<tr>\n<td style=\"text-align: left\"><span style=\"font-family: arial,helvetica,sans-serif\">Pedidos de Patentes<\/span><\/td>\n<td style=\"text-align: right\"><span style=\"font-family: arial, helvetica, sans-serif\">07<\/span><\/td>\n<\/tr>\n<\/tbody>\n<\/table>\n<p>[\/vc_column_text][\/vc_tta_section][vc_tta_section title=&#8221;Atendimentos Realizados pela Central de An\u00e1lises &#8211; 2016&#8243; tab_id=&#8221;1494856446617-ae59320f-420d&#8221;][vc_column_text]<\/p>\n<table class=\" aligncenter\">\n<thead>\n<tr>\n<td style=\"text-align: center\"><span style=\"font-family: arial,helvetica,sans-serif\"><strong>TIPO DE ATENDIMENTO<\/strong><\/span><\/td>\n<td style=\"text-align: center\"><span style=\"font-family: arial,helvetica,sans-serif\"><strong>TOTAL DE AMOSTRAS<\/strong><\/span><\/td>\n<td style=\"text-align: center\"><span style=\"font-family: arial,helvetica,sans-serif\"><strong>CLIENTES<\/strong><\/span><\/td>\n<\/tr>\n<\/thead>\n<caption><span style=\"font-family: arial,helvetica,sans-serif\"><strong>ATENDIMENTOS REALIZADOS PELA CENTRAL DE AN\u00c1LISES POR TIPO DE ATENDIMENTO &#8211; 2016<\/strong><\/span><\/caption>\n<tbody>\n<tr>\n<td style=\"text-align: left\"><span style=\"font-family: arial,helvetica,sans-serif\">An\u00e1lises de Combust\u00edveis <\/span><\/td>\n<td style=\"text-align: right\"><span style=\"font-family: arial,helvetica,sans-serif\">1.900<\/span><\/td>\n<td style=\"text-align: right\"><span style=\"font-family: arial,helvetica,sans-serif\">04 Distribuidoras<\/span><\/td>\n<\/tr>\n<tr>\n<td style=\"text-align: left\"><span style=\"font-family: arial,helvetica,sans-serif\">An\u00e1lises de \u00c1gua<\/span><\/td>\n<td style=\"text-align: right\"><span style=\"font-family: arial,helvetica,sans-serif\">810<\/span><\/td>\n<td style=\"text-align: right\"><span style=\"font-family: arial,helvetica,sans-serif\">10 Prefeituras e 40 Pessoas F\u00edsicas<\/span><\/td>\n<\/tr>\n<tr>\n<td style=\"text-align: left\"><span style=\"font-family: arial,helvetica,sans-serif\"><strong>TOTAL<\/strong><\/span><\/td>\n<td style=\"text-align: right\"><span style=\"font-family: arial,helvetica,sans-serif\"><strong>2.710<\/strong><\/span><\/td>\n<td style=\"text-align: right\"><strong><span style=\"font-family: arial,helvetica,sans-serif\">54<\/span> <\/strong><\/td>\n<\/tr>\n<\/tbody>\n<\/table>\n<p>[\/vc_column_text][\/vc_tta_section][vc_tta_section title=&#8221;Atendimentos Realizados pela Usina de Biocombust\u00edvel &#8211; 2016&#8243; tab_id=&#8221;1494857949294-8fce878e-4e49&#8243;][vc_column_text]<\/p>\n<table class=\" aligncenter\">\n<thead>\n<tr>\n<td style=\"text-align: center\"><strong><span style=\"font-family: arial,helvetica,sans-serif\">TIPO DE ATENDIMENTO<\/span><\/strong><\/td>\n<td style=\"text-align: center\"><strong><span style=\"font-family: arial,helvetica,sans-serif\">TOTAL<\/span> <\/strong><\/td>\n<\/tr>\n<\/thead>\n<caption><strong><span style=\"font-family: arial,helvetica,sans-serif\">ATENDIMENTOS REALIZADOS PELA USINA DE BIOCOMBUST\u00cdVEL POR TIPO DE ATENDIMENTO &#8211; 2016<\/span><\/strong><\/caption>\n<tbody>\n<tr>\n<td style=\"text-align: left\"><span style=\"font-family: arial,helvetica,sans-serif\">\u00c1lcool em Gel e Combust\u00edvel<\/span><\/td>\n<td style=\"text-align: right\"><span style=\"font-family: arial,helvetica,sans-serif\">53.000L<\/span><\/td>\n<\/tr>\n<tr>\n<td style=\"text-align: left\"><span style=\"font-family: arial,helvetica,sans-serif\">Patentes depositadas<\/span><\/td>\n<td style=\"text-align: right\"><span style=\"font-family: arial,helvetica,sans-serif\">08<\/span><\/td>\n<\/tr>\n<tr>\n<td style=\"text-align: left\"><strong><span style=\"font-family: arial,helvetica,sans-serif\">TOTAL DE PRODUTOS\/SERVI\u00c7OS<\/span><\/strong><\/td>\n<td style=\"text-align: right\"><strong><span style=\"font-family: arial,helvetica,sans-serif\">53.718<\/span><\/strong><\/td>\n<\/tr>\n<\/tbody>\n<\/table>\n<p>[\/vc_column_text][\/vc_tta_section][vc_tta_section title=&#8221;Atendimentos Realizados por Setores da Ag\u00eancia de Inova\u00e7\u00e3o &#8211; 2016&#8243; tab_id=&#8221;1494858525992-3febbd5e-0ad4&#8243;][vc_column_text]<\/p>\n<table class=\" aligncenter\" style=\"width: 400px\">\n<thead>\n<tr>\n<td style=\"text-align: center\"><span style=\"font-family: arial,helvetica,sans-serif\"><strong>SETOR<\/strong><\/span><\/td>\n<td style=\"text-align: center\"><span style=\"font-family: arial,helvetica,sans-serif\"><strong>TOTAL<\/strong><\/span><\/td>\n<\/tr>\n<\/thead>\n<caption><span style=\"font-family: arial,helvetica,sans-serif\"><strong>ATENDIMENTOS DOS SETORES DA AG\u00caNCIA DE INOVA\u00c7\u00c3O &#8211; 2016<\/strong><\/span><\/caption>\n<tbody>\n<tr>\n<td style=\"text-align: left\"><span style=\"font-family: arial,helvetica,sans-serif\">Central de An\u00e1lises<\/span><\/td>\n<td style=\"text-align: right\"><span style=\"font-family: arial,helvetica,sans-serif\">1.720<\/span><\/td>\n<\/tr>\n<tr>\n<td style=\"text-align: left\"><span style=\"font-family: arial,helvetica,sans-serif\">Parque Tecnol\u00f3gico<\/span><\/td>\n<td style=\"text-align: right\"><span style=\"font-family: arial,helvetica,sans-serif\">280<\/span><\/td>\n<\/tr>\n<tr>\n<td style=\"text-align: left\"><span style=\"font-family: arial,helvetica,sans-serif\">Incubadora Tecnol\u00f3gica<\/span><\/td>\n<td style=\"text-align: right\"><span style=\"font-family: arial,helvetica,sans-serif\">430<\/span><\/td>\n<\/tr>\n<tr>\n<td style=\"text-align: left\"><span style=\"font-family: arial,helvetica,sans-serif\">Propriedade Intelectual <\/span><\/td>\n<td style=\"text-align: right\"><span style=\"font-family: arial,helvetica,sans-serif\">350<\/span><\/td>\n<\/tr>\n<tr>\n<td style=\"text-align: left\"><span style=\"font-family: arial,helvetica,sans-serif\">Mestrado PROFNIT<\/span><\/td>\n<td style=\"text-align: right\"><span style=\"font-family: arial,helvetica,sans-serif\">180<\/span><\/td>\n<\/tr>\n<tr>\n<td style=\"text-align: left\"><span style=\"font-family: arial,helvetica,sans-serif\"><strong>TOTAL<\/strong><\/span><\/td>\n<td style=\"text-align: right\"><span style=\"font-family: arial,helvetica,sans-serif\"><strong>2.960<\/strong><\/span><\/td>\n<\/tr>\n<\/tbody>\n<\/table>\n<p>[\/vc_column_text][\/vc_tta_section][\/vc_tta_accordion][\/vc_column][\/vc_row]<\/p>\n<\/div>","protected":false},"excerpt":{"rendered":"<p>[vc_row][vc_column width=&#8221;1\/2&#8243;][vc_column_text]Inova\u00e7\u00e3o As atividades de inova\u00e7\u00e3o integram a Universidade a entidades p\u00fablicas e privadas por meio de parcerias para divulga\u00e7\u00e3o e implanta\u00e7\u00e3o dos conhecimentos gerados. Coordenadas pela Ag\u00eancia de Inova\u00e7\u00e3o Tecnol\u00f3gica, NOVATEC, e pela Incubadora Tecnol\u00f3gica de Guarapuava, INTEG, as atividades de inova\u00e7\u00e3o na Universidade visam ao desenvolvimento regional. Por meio da NOVATEC s\u00e3o oferecidos [&hellip;]<\/p>\n","protected":false},"author":3,"featured_media":0,"parent":860,"menu_order":0,"comment_status":"closed","ping_status":"closed","template":"","meta":{"_exactmetrics_skip_tracking":false,"_exactmetrics_sitenote_active":false,"_exactmetrics_sitenote_note":"","_exactmetrics_sitenote_category":0,"footnotes":"","_links_to":"","_links_to_target":""},"class_list":["post-27","page","type-page","status-publish","hentry"],"_links":{"self":[{"href":"https:\/\/www3.unicentro.br\/anuario\/wp-json\/wp\/v2\/pages\/27","targetHints":{"allow":["GET"]}}],"collection":[{"href":"https:\/\/www3.unicentro.br\/anuario\/wp-json\/wp\/v2\/pages"}],"about":[{"href":"https:\/\/www3.unicentro.br\/anuario\/wp-json\/wp\/v2\/types\/page"}],"author":[{"embeddable":true,"href":"https:\/\/www3.unicentro.br\/anuario\/wp-json\/wp\/v2\/users\/3"}],"replies":[{"embeddable":true,"href":"https:\/\/www3.unicentro.br\/anuario\/wp-json\/wp\/v2\/comments?post=27"}],"version-history":[{"count":0,"href":"https:\/\/www3.unicentro.br\/anuario\/wp-json\/wp\/v2\/pages\/27\/revisions"}],"up":[{"embeddable":true,"href":"https:\/\/www3.unicentro.br\/anuario\/wp-json\/wp\/v2\/pages\/860"}],"wp:attachment":[{"href":"https:\/\/www3.unicentro.br\/anuario\/wp-json\/wp\/v2\/media?parent=27"}],"curies":[{"name":"wp","href":"https:\/\/api.w.org\/{rel}","templated":true}]}}