{"id":2627,"date":"2023-09-26T11:45:21","date_gmt":"2023-09-26T14:45:21","guid":{"rendered":"https:\/\/www3.unicentro.br\/anuario\/?page_id=2627"},"modified":"2023-09-26T11:45:21","modified_gmt":"2023-09-26T14:45:21","slug":"bibliotecas","status":"publish","type":"page","link":"https:\/\/www3.unicentro.br\/anuario\/anuario-2019\/bibliotecas\/","title":{"rendered":"Bibliotecas"},"content":{"rendered":"<div class=\"wpb-content-wrapper\"><p>[vc_row][vc_column width=&#8221;1\/2&#8243;][vc_column_text]<span style=\"font-size: 16pt;color: #333333\">Bibliotecas<\/span><\/p>\n<p align=\"JUSTIFY\">Residente em todos os <em>campi<\/em> Universit\u00e1rios, as bibliotecas da Unicentro t\u00eam uma infinidade de obras renomadas, incluindo livros, peri\u00f3dicos, disserta\u00e7\u00f5es, monografias, dentre outros. O acervo das Bibliotecas \u00e9 devidamente disposto e catalogado, segundo normas internacionais. S\u00e3o disponibilizados aos usu\u00e1rios diversos servi\u00e7os, incluindo consulta \u00e0s obras existentes, reserva e renova\u00e7\u00e3o de empr\u00e9stimo online. Outros servi\u00e7os incluem empr\u00e9stimo domiciliar, empr\u00e9stimos entre bibliotecas, confec\u00e7\u00e3o de fichas catalogr\u00e1ficas e comuta\u00e7\u00e3o bibliogr\u00e1fica.<\/p>\n<p>[\/vc_column_text][\/vc_column][vc_column width=&#8221;1\/2&#8243;][vc_gallery interval=&#8221;3&#8243; images=&#8221;1980,2042,2043&#8243; img_size=&#8221;1534\u00d71024&#8243; onclick=&#8221;&#8221;][\/vc_column][\/vc_row][vc_row][vc_column][vc_tta_accordion color=&#8221;white&#8221; c_icon=&#8221;chevron&#8221; active_section=&#8221;10&#8243; collapsible_all=&#8221;true&#8221; title=&#8221;Dados Gerais&#8221;][vc_tta_section title=&#8221;Acervo, Estrutura e Servi\u00e7os &#8211; Biblioteca do <i>Campus<\/i> Santa Cruz &#8211; 2019&#8243; tab_id=&#8221;1494869582080-080a43eb-7441&#8243;][vc_column_text]<\/p>\n<table class=\" aligncenter\" style=\"width: 100%;height: 192px\" border=\"0\" cellspacing=\"0\">\n<thead>\n<tr style=\"height: 24px\">\n<td style=\"text-align: center;height: 24px\" align=\"center\" height=\"20\"><span style=\"font-family: arial, helvetica, sans-serif\"><strong>CATEGORIA<\/strong><\/span><\/td>\n<td style=\"text-align: center;height: 24px\" align=\"left\"><span style=\"font-family: arial, helvetica, sans-serif\"><strong>TOTAL<\/strong><\/span><\/td>\n<\/tr>\n<\/thead>\n<colgroup width=\"457\"><\/colgroup>\n<colgroup width=\"85\"><\/colgroup>\n<tbody>\n<tr style=\"height: 24px\">\n<td style=\"text-align: left;height: 24px\" align=\"left\" height=\"20\"><span style=\"font-family: arial, helvetica, sans-serif\">N\u00famero de assentos<\/span><\/td>\n<td style=\"text-align: right;height: 24px\" align=\"right\"><span style=\"font-family: arial, helvetica, sans-serif\">147<\/span><\/td>\n<\/tr>\n<tr style=\"height: 24px\">\n<td style=\"text-align: left;height: 24px\" align=\"left\" height=\"20\"><span style=\"font-family: arial, helvetica, sans-serif\">N\u00famero de empr\u00e9stimos domiciliares<\/span><\/td>\n<td style=\"text-align: right;height: 24px\" align=\"right\"><span style=\"font-family: arial, helvetica, sans-serif\">26.005<\/span><\/td>\n<\/tr>\n<tr style=\"height: 24px\">\n<td style=\"text-align: left;height: 24px\" align=\"left\" height=\"20\"><span style=\"font-family: arial, helvetica, sans-serif\">N\u00famero de empr\u00e9stimos entre bibliotecas<\/span><\/td>\n<td style=\"text-align: right;height: 24px\" align=\"right\"><span style=\"font-family: arial, helvetica, sans-serif\">434<\/span><\/td>\n<\/tr>\n<tr style=\"height: 24px\">\n<td style=\"text-align: left;height: 24px\" align=\"left\" height=\"20\"><span style=\"font-family: arial, helvetica, sans-serif\">N\u00famero de t\u00edtulos do acervo de livros impressos<\/span><\/td>\n<td style=\"text-align: right;height: 24px\" align=\"right\"><span style=\"font-family: arial, helvetica, sans-serif\">31.912<\/span><\/td>\n<\/tr>\n<tr style=\"height: 24px\">\n<td style=\"text-align: left;height: 24px\" align=\"left\" height=\"20\"><span style=\"font-family: arial, helvetica, sans-serif\">N\u00famero de t\u00edtulos do acervo de peri\u00f3dicos impressos<\/span><\/td>\n<td style=\"text-align: right;height: 24px\" align=\"right\"><span style=\"font-family: arial, helvetica, sans-serif\">753<\/span><\/td>\n<\/tr>\n<tr style=\"height: 24px\">\n<td style=\"text-align: left;height: 24px\" align=\"left\" height=\"20\"><span style=\"font-family: arial, helvetica, sans-serif\">N\u00famero de t\u00edtulos de outros materiais<\/span><\/td>\n<td style=\"text-align: right;height: 24px\" align=\"right\"><span style=\"font-family: arial, helvetica, sans-serif\">6.130<\/span><\/td>\n<\/tr>\n<\/tbody>\n<\/table>\n<p>[\/vc_column_text][\/vc_tta_section][vc_tta_section title=&#8221;Acervo, Estrutura e Servi\u00e7os &#8211; Biblioteca do <i>Campus<\/i> Cedeteg &#8211; 2019&#8243; tab_id=&#8221;1494869582080-56808cad-62f8&#8243;][vc_column_text]<\/p>\n<table class=\" aligncenter\" style=\"width: 100%;height: 360px\" border=\"0\" cellspacing=\"0\">\n<thead>\n<tr style=\"height: 24px\">\n<td style=\"text-align: center;height: 24px\" align=\"center\" height=\"19\"><span style=\"font-family: arial, helvetica, sans-serif\"><strong>CATEGORIA<\/strong><\/span><\/td>\n<td style=\"text-align: center;height: 24px\" align=\"center\"><span style=\"font-family: arial, helvetica, sans-serif\"><strong>TOTAL<\/strong><\/span><\/td>\n<\/tr>\n<\/thead>\n<colgroup width=\"235\"><\/colgroup>\n<colgroup width=\"85\"><\/colgroup>\n<tbody>\n<tr style=\"height: 24px\">\n<td style=\"text-align: left;height: 24px\" align=\"left\" height=\"19\"><span style=\"font-family: arial, helvetica, sans-serif\">N\u00famero de assentos<\/span><\/td>\n<td style=\"text-align: right;height: 24px\" align=\"right\"><span style=\"font-family: arial, helvetica, sans-serif\">100<\/span><\/td>\n<\/tr>\n<tr style=\"height: 48px\">\n<td style=\"text-align: left;height: 48px\" align=\"left\" height=\"36\"><span style=\"font-family: arial, helvetica, sans-serif\">N\u00famero de empr\u00e9stimos domiciliares<\/span><\/td>\n<td style=\"text-align: right;height: 48px\" align=\"right\"><span style=\"font-family: arial, helvetica, sans-serif\">14.065<\/span><\/td>\n<\/tr>\n<tr style=\"height: 48px\">\n<td style=\"text-align: left;height: 48px\" align=\"left\" height=\"36\"><span style=\"font-family: arial, helvetica, sans-serif\">N\u00famero de empr\u00e9stimos entre bibliotecas<\/span><\/td>\n<td style=\"text-align: right;height: 48px\" align=\"left\"><span style=\"font-family: arial, helvetica, sans-serif\">100<\/span><\/td>\n<\/tr>\n<tr style=\"height: 24px\">\n<td style=\"text-align: left;height: 72px\" rowspan=\"2\" align=\"left\" height=\"72\"><span style=\"font-family: arial, helvetica, sans-serif\">N\u00famero de t\u00edtulos do acervo de peri\u00f3dicos impressos<\/span><\/td>\n<td style=\"text-align: right;height: 24px\" align=\"left\"><span style=\"font-family: arial, helvetica, sans-serif\">T\u00edtulos: 554<\/span><\/td>\n<\/tr>\n<tr style=\"height: 48px\">\n<td style=\"text-align: right;height: 48px\" align=\"left\"><span style=\"font-family: arial, helvetica, sans-serif\">Fasc\u00edculos: 14.547<\/span><\/td>\n<\/tr>\n<tr style=\"height: 48px\">\n<td style=\"text-align: left;height: 96px\" rowspan=\"2\" align=\"left\" height=\"72\"><span style=\"font-family: arial, helvetica, sans-serif\">N\u00famero de t\u00edtulos do acervo de livros impressos<\/span><\/td>\n<td style=\"text-align: right;height: 48px\" align=\"left\"><span style=\"font-family: arial, helvetica, sans-serif\">T\u00edtulos: 14.658<\/span><\/td>\n<\/tr>\n<tr style=\"height: 48px\">\n<td style=\"text-align: right;height: 48px\" align=\"left\"><span style=\"font-family: arial, helvetica, sans-serif\">Exemplares: 38.615<\/span><\/td>\n<\/tr>\n<tr style=\"height: 48px\">\n<td style=\"text-align: left;height: 48px\" align=\"left\" height=\"36\"><span style=\"font-family: arial, helvetica, sans-serif\">N\u00famero de t\u00edtulos de outros materiais<\/span><\/td>\n<td style=\"text-align: right;height: 48px\" align=\"right\"><span style=\"font-family: arial, helvetica, sans-serif\">1.758<\/span><\/td>\n<\/tr>\n<\/tbody>\n<\/table>\n<p>[\/vc_column_text][\/vc_tta_section][vc_tta_section title=&#8221;Acervo, Estrutura e Servi\u00e7os &#8211; Biblioteca do <i>Campus<\/i> Irati &#8211; 2019&#8243; tab_id=&#8221;1494871004481-12413066-6360&#8243;][vc_column_text]<\/p>\n<table class=\" aligncenter\" style=\"width: 100%;height: 216px\">\n<thead>\n<tr style=\"height: 24px\">\n<td style=\"text-align: center;height: 24px\"><span style=\"font-family: arial, helvetica, sans-serif\"><strong>CATEGORIA<\/strong><\/span><\/td>\n<td style=\"text-align: center;height: 24px\"><span style=\"font-family: arial, helvetica, sans-serif\"><strong>TOTAL<\/strong><\/span><\/td>\n<\/tr>\n<\/thead>\n<tbody>\n<tr style=\"height: 24px\">\n<td style=\"text-align: left;height: 24px\"><span style=\"font-family: arial, helvetica, sans-serif\">N\u00famero de assentos<\/span><\/td>\n<td style=\"text-align: right;height: 24px\"><span style=\"font-family: arial, helvetica, sans-serif\">72<\/span><\/td>\n<\/tr>\n<tr style=\"height: 24px\">\n<td style=\"text-align: left;height: 24px\"><span style=\"font-family: arial, helvetica, sans-serif\">N\u00famero de empr\u00e9stimos domiciliares<\/span><\/td>\n<td style=\"text-align: right;height: 24px\"><span style=\"font-family: arial, helvetica, sans-serif\">11.761<\/span><\/td>\n<\/tr>\n<tr style=\"height: 24px\">\n<td style=\"text-align: left;height: 48px\" rowspan=\"2\"><span style=\"font-family: arial, helvetica, sans-serif\">N\u00famero de empr\u00e9stimos entre bibliotecas<\/span><\/td>\n<td style=\"text-align: right;height: 24px\"><span style=\"font-family: arial, helvetica, sans-serif\">Enviados: 300<\/span><\/td>\n<\/tr>\n<tr style=\"height: 24px\">\n<td style=\"text-align: right;height: 24px\"><span style=\"font-family: arial, helvetica, sans-serif\">Recebidos: 131<\/span><\/td>\n<\/tr>\n<tr style=\"height: 24px\">\n<td style=\"text-align: left;height: 24px\"><span style=\"font-family: arial, helvetica, sans-serif\">Usu\u00e1rios treinados em Programa de Capacita\u00e7\u00e3o<\/span><\/td>\n<td style=\"text-align: right;height: 24px\"><span style=\"font-family: arial, helvetica, sans-serif\">584<\/span><\/td>\n<\/tr>\n<tr style=\"height: 24px\">\n<td style=\"text-align: left;height: 24px\"><span style=\"font-family: arial, helvetica, sans-serif\">N\u00famero de t\u00edtulos do acervo de peri\u00f3dicos impressos<\/span><\/td>\n<td style=\"text-align: right;height: 24px\"><span style=\"font-family: arial, helvetica, sans-serif\">T\u00edtulos: 704<\/span><\/td>\n<\/tr>\n<tr style=\"height: 24px\">\n<td style=\"text-align: left;height: 24px\"><span style=\"font-family: arial, helvetica, sans-serif\">N\u00famero de t\u00edtulos do acervo de livros impressos<\/span><\/td>\n<td style=\"text-align: right;height: 24px\"><span style=\"font-family: arial, helvetica, sans-serif\">26.923<\/span><\/td>\n<\/tr>\n<tr style=\"height: 24px\">\n<td style=\"text-align: left;height: 24px\"><span style=\"font-family: arial, helvetica, sans-serif\">N\u00famero de t\u00edtulos de outros materiais<\/span><\/td>\n<td style=\"text-align: right;height: 24px\"><span style=\"font-family: arial, helvetica, sans-serif\">6.287<\/span><\/td>\n<\/tr>\n<\/tbody>\n<\/table>\n<p>[\/vc_column_text][\/vc_tta_section][vc_tta_section title=&#8221;Acervo e Empr\u00e9stimos &#8211; Total Geral &#8211; 2019&#8243; tab_id=&#8221;1555089566967-4f9cccf1-3caa&#8221;][vc_column_text]&nbsp;<\/p>\n<table class=\" aligncenter\" border=\"0\" cellspacing=\"0\">\n<thead>\n<tr>\n<td colspan=\"2\" align=\"center\" height=\"36\"><span style=\"font-family: arial, helvetica, sans-serif\"><strong>ACERVO<\/strong><\/span><\/td>\n<td align=\"center\"><span style=\"font-family: arial, helvetica, sans-serif\"><strong>CEDETEG<\/strong><\/span><\/td>\n<td align=\"center\"><span style=\"font-family: arial, helvetica, sans-serif\"><strong>SANTA CRUZ<\/strong><\/span><\/td>\n<td align=\"center\"><span style=\"font-family: arial, helvetica, sans-serif\"><strong>IRATI<\/strong><\/span><\/td>\n<td align=\"center\"><span style=\"font-family: arial, helvetica, sans-serif\"><strong>TOTAL<\/strong><\/span><\/td>\n<\/tr>\n<\/thead>\n<colgroup width=\"174\"><\/colgroup>\n<colgroup span=\"5\" width=\"85\"><\/colgroup>\n<tbody>\n<tr>\n<td style=\"text-align: left\" rowspan=\"2\" align=\"left\" height=\"19\"><span style=\"font-family: arial, helvetica, sans-serif\">Acervo Geral<\/span><\/td>\n<td style=\"text-align: left\" align=\"left\"><span style=\"font-family: arial, helvetica, sans-serif\">Exemplares<\/span><\/td>\n<td style=\"text-align: right\" align=\"right\"><span style=\"font-family: arial, helvetica, sans-serif\">53.273<\/span><\/td>\n<td style=\"text-align: right\" align=\"right\"><span style=\"font-family: arial, helvetica, sans-serif\">31.912<\/span><\/td>\n<td style=\"text-align: right\" align=\"right\"><span style=\"font-family: arial, helvetica, sans-serif\">26.923<\/span><\/td>\n<td style=\"text-align: right\" align=\"right\"><span style=\"font-family: arial, helvetica, sans-serif\"><strong>112.108<\/strong><\/span><\/td>\n<\/tr>\n<tr>\n<td style=\"text-align: left\" align=\"left\"><span style=\"font-family: arial, helvetica, sans-serif\">Outros Materiais<\/span><\/td>\n<td style=\"text-align: right\" align=\"right\"><span style=\"font-family: arial, helvetica, sans-serif\">1.758<\/span><\/td>\n<td style=\"text-align: right\" align=\"right\"><span style=\"font-family: arial, helvetica, sans-serif\">6.130<\/span><\/td>\n<td style=\"text-align: right\" align=\"right\"><span style=\"font-family: arial, helvetica, sans-serif\">6.287<\/span><\/td>\n<td style=\"text-align: right\" align=\"right\"><span style=\"font-family: arial, helvetica, sans-serif\"><strong>14.175<\/strong><\/span><\/td>\n<\/tr>\n<tr>\n<td style=\"text-align: left\" align=\"left\" height=\"36\"><span style=\"font-family: arial, helvetica, sans-serif\">Acervo Total por\u00a0<em>Campus<\/em><\/span><\/td>\n<td align=\"left\"><\/td>\n<td style=\"text-align: right\" align=\"right\"><span style=\"font-family: arial, helvetica, sans-serif\">55.031<\/span><\/td>\n<td style=\"text-align: right\" align=\"right\"><span style=\"font-family: arial, helvetica, sans-serif\">38.042<\/span><\/td>\n<td style=\"text-align: right\" align=\"right\"><span style=\"font-family: arial, helvetica, sans-serif\">33.210<\/span><\/td>\n<td style=\"text-align: right\" align=\"right\"><span style=\"font-family: arial, helvetica, sans-serif\"><strong>126.283<\/strong><\/span><\/td>\n<\/tr>\n<tr>\n<td style=\"text-align: left\" align=\"left\" height=\"19\"><span style=\"font-family: arial, helvetica, sans-serif\">Empr\u00e9stimos<\/span><\/td>\n<td align=\"left\"><\/td>\n<td style=\"text-align: right\" align=\"right\"><span style=\"font-family: arial, helvetica, sans-serif\">14.065<\/span><\/td>\n<td style=\"text-align: right\" align=\"right\"><span style=\"font-family: arial, helvetica, sans-serif\">26.005<\/span><\/td>\n<td style=\"text-align: right\" align=\"right\"><span style=\"font-family: arial, helvetica, sans-serif\">11.761<\/span><\/td>\n<td style=\"text-align: right\" align=\"right\"><span style=\"font-family: arial, helvetica, sans-serif\"><strong>51.831<\/strong><\/span><\/td>\n<\/tr>\n<\/tbody>\n<\/table>\n<p>[\/vc_column_text][\/vc_tta_section][\/vc_tta_accordion][\/vc_column][\/vc_row]<\/p>\n<\/div>","protected":false},"excerpt":{"rendered":"<p>[vc_row][vc_column width=&#8221;1\/2&#8243;][vc_column_text]Bibliotecas Residente em todos os campi Universit\u00e1rios, as bibliotecas da Unicentro t\u00eam uma infinidade de obras renomadas, incluindo livros, peri\u00f3dicos, disserta\u00e7\u00f5es, monografias, dentre outros. O acervo das Bibliotecas \u00e9 devidamente disposto e catalogado, segundo normas internacionais. S\u00e3o disponibilizados aos usu\u00e1rios diversos servi\u00e7os, incluindo consulta \u00e0s obras existentes, reserva e renova\u00e7\u00e3o de empr\u00e9stimo online. Outros [&hellip;]<\/p>\n","protected":false},"author":3,"featured_media":0,"parent":2618,"menu_order":0,"comment_status":"closed","ping_status":"closed","template":"","meta":{"_exactmetrics_skip_tracking":false,"_exactmetrics_sitenote_active":false,"_exactmetrics_sitenote_note":"","_exactmetrics_sitenote_category":0,"footnotes":"","_links_to":"","_links_to_target":""},"class_list":["post-2627","page","type-page","status-publish","hentry"],"_links":{"self":[{"href":"https:\/\/www3.unicentro.br\/anuario\/wp-json\/wp\/v2\/pages\/2627","targetHints":{"allow":["GET"]}}],"collection":[{"href":"https:\/\/www3.unicentro.br\/anuario\/wp-json\/wp\/v2\/pages"}],"about":[{"href":"https:\/\/www3.unicentro.br\/anuario\/wp-json\/wp\/v2\/types\/page"}],"author":[{"embeddable":true,"href":"https:\/\/www3.unicentro.br\/anuario\/wp-json\/wp\/v2\/users\/3"}],"replies":[{"embeddable":true,"href":"https:\/\/www3.unicentro.br\/anuario\/wp-json\/wp\/v2\/comments?post=2627"}],"version-history":[{"count":1,"href":"https:\/\/www3.unicentro.br\/anuario\/wp-json\/wp\/v2\/pages\/2627\/revisions"}],"predecessor-version":[{"id":2776,"href":"https:\/\/www3.unicentro.br\/anuario\/wp-json\/wp\/v2\/pages\/2627\/revisions\/2776"}],"up":[{"embeddable":true,"href":"https:\/\/www3.unicentro.br\/anuario\/wp-json\/wp\/v2\/pages\/2618"}],"wp:attachment":[{"href":"https:\/\/www3.unicentro.br\/anuario\/wp-json\/wp\/v2\/media?parent=2627"}],"curies":[{"name":"wp","href":"https:\/\/api.w.org\/{rel}","templated":true}]}}