{"id":2626,"date":"2023-09-26T11:45:21","date_gmt":"2023-09-26T14:45:21","guid":{"rendered":"https:\/\/www3.unicentro.br\/anuario\/?page_id=2626"},"modified":"2023-09-26T11:45:21","modified_gmt":"2023-09-26T14:45:21","slug":"assistencia-estudantil","status":"publish","type":"page","link":"https:\/\/www3.unicentro.br\/anuario\/anuario-2019\/assistencia-estudantil\/","title":{"rendered":"Assist\u00eancia Estudantil"},"content":{"rendered":"<div class=\"wpb-content-wrapper\"><p>[vc_row][vc_column width=&#8221;1\/2&#8243;][vc_empty_space][vc_column_text]<span style=\"font-size: 16pt\">Apoio ao Estudante<\/span><\/p>\n<p align=\"JUSTIFY\">Temos em nossos <em>campi<\/em> Universit\u00e1rios a Coordenadoria de Apoio ao Estudante, COORAE, e o Programa de Inclus\u00e3o e Acessibilidade, PIA, que visam inser\u00e7\u00e3o, perman\u00eancia e desenvolvimento dos acad\u00eamicos na Universidade. Por meio de a\u00e7\u00f5es multiprofissionais, a Unicentro oferece aux\u00edlio estudantil para acad\u00eamicos em situa\u00e7\u00f5es de vulnerabilidade socioecon\u00f4mica e assist\u00eancia social\/psicol\u00f3gica, buscando diminuir a evas\u00e3o social e democratizando cada vez mais a Universidade.<\/p>\n<p>[\/vc_column_text][\/vc_column][vc_column width=&#8221;1\/2&#8243;][vc_empty_space][vc_gallery interval=&#8221;3&#8243; images=&#8221;1970,2023,2049,2050&#8243; img_size=&#8221;1532\u00d71024&#8243;][\/vc_column][\/vc_row][vc_row][vc_column][vc_tta_accordion color=&#8221;white&#8221; c_icon=&#8221;chevron&#8221; active_section=&#8221;7&#8243; collapsible_all=&#8221;true&#8221; title=&#8221;Assist\u00eancia Estudantil&#8221;][vc_tta_section title=&#8221;Moradia Estudantil &#8211; 2019&#8243; tab_id=&#8221;1494427083040-e0f6543a-149e&#8221;][vc_column_text]&nbsp;<\/p>\n<p>&nbsp;<\/p>\n<table style=\"width: 99.7088%;height: 181px\" width=\"43.7675%\">\n<thead>\n<tr>\n<td style=\"text-align: center;width: 14.6104%\"><strong>LOCAL<\/strong><\/td>\n<td style=\"text-align: center;width: 22.7273%\"><strong>CAPACIDADE DE ATENDIMENTO<\/strong><\/td>\n<td style=\"text-align: center;width: 18.1818%\"><strong>VAGAS OFERTADAS<\/strong><\/td>\n<td style=\"text-align: center;width: 42.8571%\"><strong>ESTUDANTES\u00a0SELECIONADAS<\/strong><\/td>\n<\/tr>\n<\/thead>\n<tbody>\n<tr>\n<td style=\"width: 14.6104%;text-align: left\">Guarapuava<\/td>\n<td style=\"text-align: right;width: 22.7273%\">12<\/td>\n<td style=\"text-align: right;width: 18.1818%\">02 vagas remanescentes<\/td>\n<td style=\"text-align: right;width: 42.8571%\">02<\/td>\n<\/tr>\n<tr>\n<td style=\"width: 14.6104%;text-align: left\">Irati<\/td>\n<td style=\"text-align: right;width: 22.7273%\">08<\/td>\n<td style=\"text-align: right;width: 18.1818%\">04 vagas remanescentes<\/td>\n<td style=\"text-align: right;width: 42.8571%\">02<\/td>\n<\/tr>\n<\/tbody>\n<\/table>\n<p>&nbsp;[\/vc_column_text][vc_column_text][\/vc_column_text][\/vc_tta_section][vc_tta_section title=&#8221;Atendimento Psicossocial &#8211; 2019&#8243; tab_id=&#8221;1494427428929-e31a703e-0d76&#8243;][vc_column_text]<\/p>\n<table border=\"0\" cellspacing=\"0\">\n<thead>\n<tr>\n<td style=\"text-align: center\" align=\"center\" height=\"18\"><strong><span style=\"font-family: arial, helvetica, sans-serif\">\u00c1REA<\/span><\/strong><\/td>\n<td style=\"text-align: center\" align=\"center\"><strong><span style=\"font-family: arial, helvetica, sans-serif\">LOCAL<\/span><\/strong><\/td>\n<td style=\"text-align: center\" align=\"center\"><strong><span style=\"font-family: arial, helvetica, sans-serif\">QUANTIDADE DE ATENDIMENTOS <\/span><\/strong><\/td>\n<\/tr>\n<\/thead>\n<colgroup width=\"273\"><\/colgroup>\n<colgroup width=\"200\"><\/colgroup>\n<colgroup width=\"268\"><\/colgroup>\n<tbody>\n<tr>\n<td style=\"text-align: left\" rowspan=\"3\" align=\"center\" valign=\"middle\" height=\"57\"><span style=\"font-family: arial, helvetica, sans-serif\">Atendimentos na \u00c1rea de Psicologia<\/span><\/td>\n<td style=\"text-align: left\" align=\"left\"><span style=\"font-family: arial, helvetica, sans-serif\"><em>Campus<\/em> Santa Cruz<\/span><\/td>\n<td style=\"text-align: right\" align=\"right\"><span style=\"font-family: arial, helvetica, sans-serif\">51<\/span><\/td>\n<\/tr>\n<tr>\n<td style=\"text-align: left\" align=\"left\"><span style=\"font-family: arial, helvetica, sans-serif\"><em>Campus<\/em> Cedeteg<\/span><\/td>\n<td style=\"text-align: right\" align=\"right\"><span style=\"font-family: arial, helvetica, sans-serif\">43<\/span><\/td>\n<\/tr>\n<tr>\n<td style=\"text-align: left\" align=\"left\"><span style=\"font-family: arial, helvetica, sans-serif\"><em>Campus<\/em>\u00a0Irati<\/span><\/td>\n<td style=\"text-align: right\" align=\"right\"><span style=\"font-family: arial, helvetica, sans-serif\">80<\/span><\/td>\n<\/tr>\n<tr>\n<td style=\"text-align: left\" rowspan=\"3\" align=\"center\" valign=\"middle\" height=\"75\"><span style=\"font-family: arial, helvetica, sans-serif\">Apoio \u00e0 Assist\u00eancia Estudantil<\/span><\/td>\n<td style=\"text-align: left\" align=\"left\"><span style=\"font-family: arial, helvetica, sans-serif\"><em>Campus<\/em> Santa Cruz<\/span><\/td>\n<td style=\"text-align: right\" align=\"right\"><span style=\"font-family: arial, helvetica, sans-serif\">215<\/span><\/td>\n<\/tr>\n<tr>\n<td style=\"text-align: left\" align=\"left\"><span style=\"font-family: arial, helvetica, sans-serif\"><em>Campus<\/em> Cedeteg<\/span><\/td>\n<td style=\"text-align: right\" align=\"right\"><span style=\"font-family: arial, helvetica, sans-serif\">377<\/span><\/td>\n<\/tr>\n<tr>\n<td style=\"text-align: left\" align=\"left\"><span style=\"font-family: arial, helvetica, sans-serif\"><em>Campus\u00a0Irati<\/em><\/span><\/td>\n<td style=\"text-align: right\" align=\"right\"><span style=\"font-family: arial, helvetica, sans-serif\">60<\/span><\/td>\n<\/tr>\n<tr>\n<td style=\"text-align: left\" align=\"left\" height=\"18\"><strong><span style=\"font-family: arial, helvetica, sans-serif\">TOTAL GERAL<\/span><\/strong><\/td>\n<td align=\"left\"><\/td>\n<td style=\"text-align: right\" align=\"right\"><strong><span style=\"font-family: arial, helvetica, sans-serif\">686<\/span><\/strong><\/td>\n<\/tr>\n<\/tbody>\n<\/table>\n<p>&nbsp;[\/vc_column_text][\/vc_tta_section][vc_tta_section title=&#8221;Eventos e Atividades Realizadas &#8211; 2019&#8243; tab_id=&#8221;1506596927734-99d8fb16-3d40&#8243;][vc_column_text]<\/p>\n<table class=\" aligncenter\">\n<thead>\n<tr>\n<td style=\"text-align: center\"><strong><span style=\"font-family: arial, helvetica, sans-serif\">EVENTOS E ATIVIDADES<\/span><\/strong><\/td>\n<\/tr>\n<\/thead>\n<tbody>\n<tr>\n<td style=\"text-align: justify\"><span style=\"font-family: arial, helvetica, sans-serif\">Reuni\u00f5es de Planejamento para o M\u00eas do Setembro Amarelo<\/span><\/td>\n<\/tr>\n<tr>\n<td style=\"text-align: justify\"><span style=\"font-family: arial, helvetica, sans-serif\">Constru\u00e7\u00e3o e distribui\u00e7\u00e3o de panfletos &#8220;Falando abertamente sobre Suic\u00eddio&#8221; e divulga\u00e7\u00e3o da programa\u00e7\u00e3o nas redes sociais<\/span><\/td>\n<\/tr>\n<tr>\n<td style=\"text-align: justify\"><span style=\"font-family: arial, helvetica, sans-serif\">Organiza\u00e7\u00e3o de espa\u00e7os de conversa<\/span><\/td>\n<\/tr>\n<tr>\n<td style=\"text-align: justify\"><span style=\"font-family: arial, helvetica, sans-serif\">Constru\u00e7\u00e3o de Edital do processo de sele\u00e7\u00e3o dos estudantes para Moradia Estudantil<\/span><\/td>\n<\/tr>\n<tr>\n<td style=\"text-align: justify\"><span style=\"font-family: arial, helvetica, sans-serif\">Elabora\u00e7\u00e3o da Minuta do Regulamento da Coordenadoria de Apoio ao Estudante<\/span><\/td>\n<\/tr>\n<tr>\n<td style=\"text-align: justify\"><span style=\"font-family: arial, helvetica, sans-serif\">Participa\u00e7\u00e3o da Comiss\u00e3o de Sa\u00fade Mental e da Comiss\u00e3o contra Ass\u00e9dio da Unicentro<\/span><\/td>\n<\/tr>\n<\/tbody>\n<\/table>\n<p>[\/vc_column_text][\/vc_tta_section][vc_tta_section title=&#8221;Publica\u00e7\u00f5es &#8211; 2019&#8243; tab_id=&#8221;1528460764325-33003430-52aa&#8221;][vc_column_text]<\/p>\n<table class=\" aligncenter\" width=\"471\">\n<thead>\n<tr>\n<td style=\"text-align: center\"><strong><span style=\"font-family: arial, helvetica, sans-serif\">ATIVIDADE<\/span><\/strong><\/td>\n<\/tr>\n<\/thead>\n<tbody>\n<tr>\n<td style=\"text-align: justify\"><span style=\"font-family: arial, helvetica, sans-serif\">Divulga\u00e7\u00e3o da Moradia Estudantil.<\/span><\/td>\n<\/tr>\n<tr style=\"text-align: justify\">\n<td><span style=\"font-family: arial, helvetica, sans-serif\">Alimenta\u00e7\u00e3o, com informa\u00e7\u00f5es, da p\u00e1gina da Coordenadoria de Apoio ao estudante no Site da Unicentro.<\/span><\/td>\n<\/tr>\n<\/tbody>\n<\/table>\n<p>[\/vc_column_text][\/vc_tta_section][\/vc_tta_accordion][\/vc_column][\/vc_row][vc_row][vc_column][vc_tta_accordion color=&#8221;white&#8221; c_icon=&#8221;chevron&#8221; active_section=&#8221;20&#8243; collapsible_all=&#8221;true&#8221; title=&#8221;Programa de Inclus\u00e3o e Acessibilidade &#8211; PIA&#8221;][vc_tta_section title=&#8221;Tipos de Atendimentos por Campus &#8211; 2019&#8243; tab_id=&#8221;1528809126980-5d2ac033-f038&#8243;][vc_column_text]&nbsp;<\/p>\n<table style=\"border-collapse: collapse;width: 100%;height: 276px\">\n<thead>\n<tr style=\"height: 23px\">\n<td style=\"width: 16.6667%;height: 46px;text-align: center\" rowspan=\"2\"><strong>TIPO DE ATENDIMENTO<\/strong><\/td>\n<td style=\"width: 16.6667%;height: 23px;text-align: center\" colspan=\"5\"><strong><em>CAMPUS<\/em><\/strong><\/td>\n<\/tr>\n<tr style=\"height: 23px\">\n<td style=\"width: 16.6667%;height: 23px;text-align: center\"><strong>Santa Cruz<\/strong><\/td>\n<td style=\"width: 16.6667%;height: 23px;text-align: center\"><strong>Chopinzinho<\/strong><\/td>\n<td style=\"width: 16.6667%;height: 23px;text-align: center\"><strong>Pitanga<\/strong><\/td>\n<td style=\"width: 16.6667%;height: 23px;text-align: center\"><strong>Cedeteg<\/strong><\/td>\n<td style=\"width: 16.6667%;height: 23px;text-align: center\"><strong>Irati<\/strong><\/td>\n<\/tr>\n<\/thead>\n<tbody>\n<tr style=\"height: 23px\">\n<td style=\"width: 16.6667%;height: 23px;text-align: left\">Defici\u00eancia Auditiva<\/td>\n<td style=\"width: 16.6667%;height: 23px;text-align: right\">03<\/td>\n<td style=\"width: 16.6667%;height: 23px;text-align: right\">00<\/td>\n<td style=\"width: 16.6667%;height: 23px;text-align: right\">00<\/td>\n<td style=\"width: 16.6667%;height: 23px;text-align: right\">00<\/td>\n<td style=\"width: 16.6667%;height: 23px;text-align: right\">00<\/td>\n<\/tr>\n<tr style=\"height: 23px\">\n<td style=\"width: 16.6667%;height: 23px;text-align: left\">Surdez<\/td>\n<td style=\"width: 16.6667%;height: 23px;text-align: right\">15<\/td>\n<td style=\"width: 16.6667%;height: 23px;text-align: right\">00<\/td>\n<td style=\"width: 16.6667%;height: 23px;text-align: right\">1<\/td>\n<td style=\"width: 16.6667%;height: 23px;text-align: right\">1<\/td>\n<td style=\"width: 16.6667%;height: 23px;text-align: right\">1<\/td>\n<\/tr>\n<tr style=\"height: 23px\">\n<td style=\"width: 16.6667%;height: 23px;text-align: left\">Baixa Vis\u00e3o<\/td>\n<td style=\"width: 16.6667%;height: 23px;text-align: right\">01<\/td>\n<td style=\"width: 16.6667%;height: 23px;text-align: right\">01<\/td>\n<td style=\"width: 16.6667%;height: 23px;text-align: right\">00<\/td>\n<td style=\"width: 16.6667%;height: 23px;text-align: right\">01<\/td>\n<td style=\"width: 16.6667%;height: 23px;text-align: right\">01<\/td>\n<\/tr>\n<tr style=\"height: 23px\">\n<td style=\"width: 16.6667%;height: 23px;text-align: left\">Cegueira<\/td>\n<td style=\"width: 16.6667%;height: 23px;text-align: right\">01<\/td>\n<td style=\"width: 16.6667%;height: 23px;text-align: right\">00<\/td>\n<td style=\"width: 16.6667%;height: 23px;text-align: right\">00<\/td>\n<td style=\"width: 16.6667%;height: 23px;text-align: right\">01<\/td>\n<td style=\"width: 16.6667%;height: 23px;text-align: right\">00<\/td>\n<\/tr>\n<tr style=\"height: 23px\">\n<td style=\"width: 16.6667%;height: 23px;text-align: left\">Defici\u00eancia F\u00edsica<\/td>\n<td style=\"width: 16.6667%;height: 23px;text-align: right\">01<\/td>\n<td style=\"width: 16.6667%;height: 23px;text-align: right\">00<\/td>\n<td style=\"width: 16.6667%;height: 23px;text-align: right\">00<\/td>\n<td style=\"width: 16.6667%;height: 23px;text-align: right\">00<\/td>\n<td style=\"width: 16.6667%;height: 23px;text-align: right\">00<\/td>\n<\/tr>\n<tr style=\"height: 23px\">\n<td style=\"width: 16.6667%;height: 23px;text-align: left\">Defici\u00eancia M\u00faltipla<\/td>\n<td style=\"width: 16.6667%;height: 23px;text-align: right\">01<\/td>\n<td style=\"width: 16.6667%;height: 23px;text-align: right\">00<\/td>\n<td style=\"width: 16.6667%;height: 23px;text-align: right\">00<\/td>\n<td style=\"width: 16.6667%;height: 23px;text-align: right\">00<\/td>\n<td style=\"width: 16.6667%;height: 23px;text-align: right\">00<\/td>\n<\/tr>\n<tr style=\"height: 23px\">\n<td style=\"width: 16.6667%;height: 23px;text-align: left\">Dificuldades de Aprendizagem<\/td>\n<td style=\"width: 16.6667%;height: 23px;text-align: right\">00<\/td>\n<td style=\"width: 16.6667%;height: 23px;text-align: right\">00<\/td>\n<td style=\"width: 16.6667%;height: 23px;text-align: right\">00<\/td>\n<td style=\"width: 16.6667%;height: 23px;text-align: right\">04<\/td>\n<td style=\"width: 16.6667%;height: 23px;text-align: right\">04<\/td>\n<\/tr>\n<tr style=\"height: 23px\">\n<td style=\"width: 16.6667%;height: 23px;text-align: left\">Transtorno do Espectro Autista<\/td>\n<td style=\"width: 16.6667%;height: 23px;text-align: right\">03<\/td>\n<td style=\"width: 16.6667%;height: 23px;text-align: right\">00<\/td>\n<td style=\"width: 16.6667%;height: 23px;text-align: right\">00<\/td>\n<td style=\"width: 16.6667%;height: 23px;text-align: right\">02<\/td>\n<td style=\"width: 16.6667%;height: 23px;text-align: right\">01<\/td>\n<\/tr>\n<tr style=\"height: 23px\">\n<td style=\"width: 16.6667%;height: 23px;text-align: left\">Transtorno Mental<\/td>\n<td style=\"width: 16.6667%;height: 23px;text-align: right\">01<\/td>\n<td style=\"width: 16.6667%;height: 23px;text-align: right\">01<\/td>\n<td style=\"width: 16.6667%;height: 23px;text-align: right\">00<\/td>\n<td style=\"width: 16.6667%;height: 23px;text-align: right\">02<\/td>\n<td style=\"width: 16.6667%;height: 23px;text-align: right\">00<\/td>\n<\/tr>\n<tr style=\"height: 23px\">\n<td style=\"width: 16.6667%;text-align: left;height: 23px\"><strong>TOTAL<\/strong><\/td>\n<td style=\"width: 16.6667%;text-align: right;height: 23px\"><strong>26<\/strong><\/td>\n<td style=\"width: 16.6667%;text-align: right;height: 23px\"><strong>02<\/strong><\/td>\n<td style=\"width: 16.6667%;text-align: right;height: 23px\"><strong>01<\/strong><\/td>\n<td style=\"width: 16.6667%;text-align: right;height: 23px\"><strong>11<\/strong><\/td>\n<td style=\"width: 16.6667%;text-align: right;height: 23px\"><strong>07<\/strong><\/td>\n<\/tr>\n<\/tbody>\n<\/table>\n<p>&nbsp;[\/vc_column_text][\/vc_tta_section][vc_tta_section title=&#8221;Atividades e A\u00e7\u00f5es Desenvolvidas &#8211; 2019&#8243; tab_id=&#8221;1528809963391-0f9187ee-f7e7&#8243;][vc_column_text]&nbsp;<\/p>\n<table class=\" aligncenter\" style=\"height: 1068px;width: 71.203%\" width=\"45.1788%\">\n<thead>\n<tr style=\"height: 23px\">\n<td style=\"text-align: center;height: 23px\"><strong>Atividades e A\u00e7\u00f5es &#8211; 2019\u00a0<\/strong><\/td>\n<\/tr>\n<\/thead>\n<tbody>\n<tr style=\"height: 23px\">\n<td style=\"height: 23px;text-align: justify\">MBA em Gest\u00e3o e Estrat\u00e9gias e Mestrado em Letras<\/td>\n<\/tr>\n<tr style=\"height: 95px\">\n<td style=\"height: 95px;text-align: justify\">Orienta\u00e7\u00e3o aos departamentos pedag\u00f3gicos quanto a metodologias inclusivas, apresenta\u00e7\u00e3o e assesoria no uso de recursos pedag\u00f3gicos, metodol\u00f3gicos e tecnol\u00f3gicos alternativos aos docentes, visando facilitar o processo de ensino-aprendizagem<\/td>\n<\/tr>\n<tr style=\"height: 71px\">\n<td style=\"height: 71px;text-align: justify\">Coordena\u00e7\u00e3o do trabalho de 9 tradutores\/int\u00e9rpretes de L\u00edngua de Sinais (TILS) no atendimento a surdos em aulas e atividades extra-classe por meio de reuni\u00f5es mensais<\/td>\n<\/tr>\n<tr style=\"height: 143px\">\n<td style=\"height: 143px;text-align: justify\">Tradu\u00e7\u00e3o\/Interpreta\u00e7\u00e3o de cerca de 4.480 horas aula no \u00e2mbito de gradua\u00e7\u00e3o e\/ou na p\u00f3s-gradua\u00e7\u00e3o e 200 horas aula de atendimento extraclasse, como por exemplo: atendimento ao aluno (AA), aulas de est\u00e1gio obrigat\u00f3rio, reuni\u00f5es de est\u00e1gio em escolas municipais e estaduais, semanas pedag\u00f3gicas e eventos institucionais diversos, matriculas e atendimento em diversos setores administrativos da Unicentro<\/td>\n<\/tr>\n<tr style=\"height: 95px\">\n<td style=\"height: 95px;text-align: justify\">Realiza\u00e7\u00e3o de apoio acad\u00e9mico para assegurar o percurso escolar universit\u00e1rio de discentes com cegueira, baixa vis\u00e3o e dificuldade no processamento visual por meio da realiza\u00e7\u00e3o da adapta\u00e7\u00e3o de cerca de 600 p\u00e1ginas de textos cient\u00edficos para formatos acess\u00edveis, totalizando 1060 p\u00e1ginas adaptadas<\/td>\n<\/tr>\n<tr style=\"height: 119px\">\n<td style=\"height: 119px;text-align: justify\">Assesoria ao Programa de Tutoria Discente Remunerada por meio das seguintes atividades: Triagem e encaminhamento de 13 discentes com defici\u00eancia ou transtorno a PROEN para abertura de vaga de tutoria, aux\u00edlio na divulga\u00e7\u00e3o dos editais de sele\u00e7\u00e3o de tutores e assessoria aos docentes Orientadores e Tutores na elabora\u00e7\u00e3o do Plano Anual de Atividades<\/td>\n<\/tr>\n<tr style=\"height: 23px\">\n<td style=\"height: 23px;text-align: justify\">Atendimento individual de discentes com defici\u00eancia e transtorno<\/td>\n<\/tr>\n<tr style=\"height: 23px\">\n<td style=\"height: 23px;text-align: justify\">Atendimento a familiares de discentes com defici\u00eancia e\/ou transtorno<\/td>\n<\/tr>\n<tr style=\"height: 47px\">\n<td style=\"height: 47px;text-align: justify\">Interpreta\u00e7\u00e3o\/Tradu\u00e7\u00e3o de Reuni\u00f5es Departamentais e de Setores de Conhecimento e Aulas de Libras em cursos de Gradua\u00e7\u00e3o<\/td>\n<\/tr>\n<tr style=\"height: 47px\">\n<td style=\"height: 47px;text-align: justify\">Adapta\u00e7\u00e3o de Textos e Imagens de documentos e p\u00e1ginas web de interesse administrativo<\/td>\n<\/tr>\n<tr style=\"height: 47px\">\n<td style=\"height: 47px;text-align: justify\">Participa\u00e7\u00e3o no Projeto de Pesquisa de Mestrado em Desenvolvimento Comunit\u00e1rio intitulado: Ass\u00e9dio por Detr\u00e1s dos Muros da Universidade.<\/td>\n<\/tr>\n<tr style=\"height: 47px\">\n<td style=\"height: 47px;text-align: justify\">An\u00e1lise e sugest\u00f5es para o Projeto de pesquisa e para o Question\u00e1rio semi-estruturado<\/td>\n<\/tr>\n<tr style=\"height: 47px\">\n<td style=\"height: 47px;text-align: justify\">Aux\u00edlio na divulga\u00e7\u00e3o do Question\u00e1rio Semi-Estruturado por meio da publica\u00e7\u00e3o na p\u00e1gina da COORAE, no Portal Institucional e nas redes sociais<\/td>\n<\/tr>\n<tr style=\"height: 23px\">\n<td style=\"height: 23px;text-align: justify\">Projeto de Extens\u00e3o sobre Baixa Vis\u00e3o<\/td>\n<\/tr>\n<tr style=\"height: 47px\">\n<td style=\"height: 47px;text-align: justify\">VI CICLO DE PALESTRAS SOBRE ACESSIBILIDADE E INCLUS\u00c3O: Caminhos para Todos, caminho certo para a Paz<\/td>\n<\/tr>\n<tr style=\"height: 23px\">\n<td style=\"height: 23px;text-align: justify\">Campanha de preven\u00e7\u00e3o contra defici\u00eancias<\/td>\n<\/tr>\n<\/tbody>\n<\/table>\n<p>&nbsp;[\/vc_column_text][\/vc_tta_section][vc_tta_section title=&#8221;A\u00e7\u00f5es Inclusivas relacionadas aos candidatos de processos seletivos &#8211; 2019&#8243; tab_id=&#8221;1528810854539-e6236a56-a0e2&#8243;][vc_column_text]<\/p>\n<table class=\" aligncenter\" style=\"width: 728px\" width=\"728\">\n<thead>\n<tr>\n<td><strong>A\u00c7\u00d5ES INCLUSIVAS RELACIONADAS AOS CANDIDATOS DE PROCESSOS SELETIVOS<\/strong><\/td>\n<\/tr>\n<\/thead>\n<tbody>\n<tr>\n<td style=\"text-align: justify\">\n<p lang=\"pt-BR\" align=\"JUSTIFY\">Tradu\u00e7\u00e3o\/Interpreta\u00e7\u00e3o de provas para a L\u00edngua Portuguesa\/L\u00edngua Brasileira de Sinais &#8211; LIBRAS<\/p>\n<\/td>\n<\/tr>\n<tr>\n<td style=\"text-align: justify\">\n<p lang=\"pt-BR\" align=\"JUSTIFY\">Assessoria na Sele\u00e7\u00e3o de Tecnologia Assistiva para leitura e realiza\u00e7\u00e3o de provas por candidatos com baixa vis\u00e3o e cegueira<\/p>\n<\/td>\n<\/tr>\n<\/tbody>\n<\/table>\n<p>&nbsp;[\/vc_column_text][\/vc_tta_section][vc_tta_section title=&#8221;Participa\u00e7\u00f5es em eventos &#8211; 2019&#8243; tab_id=&#8221;1528810859341-8893a8c9-6fc6&#8243;][vc_column_text]&nbsp;<\/p>\n<table width=\"886\">\n<thead>\n<tr>\n<td style=\"text-align: center\"><strong>EVENTOS &#8211; 2019<\/strong><\/td>\n<\/tr>\n<\/thead>\n<tbody>\n<tr>\n<td>Conselho Municipal dos Direitos da Pessoa com\u00a0Defici\u00eancia de Guarapuava<\/td>\n<\/tr>\n<tr>\n<td>Comiss\u00e3o de\u00a0Inclus\u00e3o e Acessibilidade da Unicentro<\/td>\n<\/tr>\n<tr>\n<td>Comit\u00ea de Pacto\u00a0Nacional Universit\u00e1rio pela\u00a0Promo\u00e7\u00e3o do Respeito \u00e0\u00a0Diversidade, da Cultura de Paz e Direitos\u00a0Humanos da Unicentro<\/td>\n<\/tr>\n<tr>\n<td>Curso de\u00a0Forma\u00e7\u00e3o Continuada para Tradutores\/Int\u00e9rpretes de L\u00edngua de Sinais promovido pelo Centro de Apoio ao Surdo e aos Profissionais da\u00a0Educa\u00e7\u00e3o de Surdos da Regional Oeste do Paran\u00e1 do N\u00facleo Regional de Ensino de Guarapuava<\/td>\n<\/tr>\n<tr>\n<td>I Encontro Regional da Pessoa com Defici\u00eancia Visual e Outras Defici\u00eancias da Regi\u00e3o de Guarapuava promovido pela Associa\u00e7\u00e3o de Pais e Amigos dos Deficientes Visuais de Guarapuava<\/td>\n<\/tr>\n<tr>\n<td>Reuni\u00f5es com a Equipe do Programa de Assist\u00eancia Estudantil da Unicentro<\/td>\n<\/tr>\n<\/tbody>\n<\/table>\n<p>[\/vc_column_text][\/vc_tta_section][\/vc_tta_accordion][\/vc_column][\/vc_row]<\/p>\n<\/div>","protected":false},"excerpt":{"rendered":"<p>[vc_row][vc_column width=&#8221;1\/2&#8243;][vc_empty_space][vc_column_text]Apoio ao Estudante Temos em nossos campi Universit\u00e1rios a Coordenadoria de Apoio ao Estudante, COORAE, e o Programa de Inclus\u00e3o e Acessibilidade, PIA, que visam inser\u00e7\u00e3o, perman\u00eancia e desenvolvimento dos acad\u00eamicos na Universidade. Por meio de a\u00e7\u00f5es multiprofissionais, a Unicentro oferece aux\u00edlio estudantil para acad\u00eamicos em situa\u00e7\u00f5es de vulnerabilidade socioecon\u00f4mica e assist\u00eancia social\/psicol\u00f3gica, buscando [&hellip;]<\/p>\n","protected":false},"author":3,"featured_media":0,"parent":2618,"menu_order":0,"comment_status":"closed","ping_status":"closed","template":"","meta":{"_exactmetrics_skip_tracking":false,"_exactmetrics_sitenote_active":false,"_exactmetrics_sitenote_note":"","_exactmetrics_sitenote_category":0,"footnotes":"","_links_to":"","_links_to_target":""},"class_list":["post-2626","page","type-page","status-publish","hentry"],"_links":{"self":[{"href":"https:\/\/www3.unicentro.br\/anuario\/wp-json\/wp\/v2\/pages\/2626","targetHints":{"allow":["GET"]}}],"collection":[{"href":"https:\/\/www3.unicentro.br\/anuario\/wp-json\/wp\/v2\/pages"}],"about":[{"href":"https:\/\/www3.unicentro.br\/anuario\/wp-json\/wp\/v2\/types\/page"}],"author":[{"embeddable":true,"href":"https:\/\/www3.unicentro.br\/anuario\/wp-json\/wp\/v2\/users\/3"}],"replies":[{"embeddable":true,"href":"https:\/\/www3.unicentro.br\/anuario\/wp-json\/wp\/v2\/comments?post=2626"}],"version-history":[{"count":1,"href":"https:\/\/www3.unicentro.br\/anuario\/wp-json\/wp\/v2\/pages\/2626\/revisions"}],"predecessor-version":[{"id":2775,"href":"https:\/\/www3.unicentro.br\/anuario\/wp-json\/wp\/v2\/pages\/2626\/revisions\/2775"}],"up":[{"embeddable":true,"href":"https:\/\/www3.unicentro.br\/anuario\/wp-json\/wp\/v2\/pages\/2618"}],"wp:attachment":[{"href":"https:\/\/www3.unicentro.br\/anuario\/wp-json\/wp\/v2\/media?parent=2626"}],"curies":[{"name":"wp","href":"https:\/\/api.w.org\/{rel}","templated":true}]}}