{"id":2623,"date":"2023-09-26T11:45:24","date_gmt":"2023-09-26T14:45:24","guid":{"rendered":"https:\/\/www3.unicentro.br\/anuario\/?page_id=2623"},"modified":"2023-09-26T11:45:24","modified_gmt":"2023-09-26T14:45:24","slug":"recursos-humanos","status":"publish","type":"page","link":"https:\/\/www3.unicentro.br\/anuario\/anuario-2019\/recursos-humanos\/","title":{"rendered":"Recursos Humanos"},"content":{"rendered":"<div class=\"wpb-content-wrapper\"><p>[vc_row][vc_column width=&#8221;1\/2&#8243;][vc_column_text]<\/p>\n<p style=\"text-align: justify\"><span style=\"font-size: 16pt\">Colaboradores<\/span><\/p>\n<p style=\"text-align: justify\" align=\"JUSTIFY\">Em sua rotina a Universidade conta com uma equipe de gest\u00e3o direcionada composta por professores, agentes universit\u00e1rios e estagi\u00e1rios. O setor interno respons\u00e1vel pela contrata\u00e7\u00e3o, orienta\u00e7\u00e3o e acompanhamento desses colaboradores \u00e9 a Pr\u00f3-Reitoria de Recursos Humanos, PRORH. Al\u00e9m dessas fun\u00e7\u00f5es, a PRORH trabalha com a assist\u00eancia especializada, buscando a melhoria da qualidade de vida e condi\u00e7\u00f5es de trabalho dos servidores, por meio de projetos nas \u00e1reas de Servi\u00e7o Social, Psicologia e Seguran\u00e7a do Trabalho.<\/p>\n<p>[\/vc_column_text][\/vc_column][vc_column width=&#8221;1\/2&#8243;][vc_gallery interval=&#8221;3&#8243; images=&#8221;1977,2006,2066,2067,2166&#8243; img_size=&#8221;large&#8221; onclick=&#8221;&#8221;][\/vc_column][\/vc_row][vc_row][vc_column][vc_tta_accordion color=&#8221;white&#8221; c_icon=&#8221;chevron&#8221; active_section=&#8221;30&#8243; collapsible_all=&#8221;true&#8221; title=&#8221;Dados Gerais&#8221;][vc_tta_section title=&#8221;Quadro de Docentes por Tipo de V\u00ednculo e Titula\u00e7\u00e3o &#8211; 2019&#8243; tab_id=&#8221;1496412979728-0a25c7ae-af1c&#8221;][vc_column_text]<\/p>\n<table class=\" aligncenter\" style=\"width: 38.2128%;height: 138px\" border=\"0\" width=\"449\" cellspacing=\"0\">\n<thead>\n<tr style=\"height: 23px\">\n<td style=\"height: 23px;width: 29.3279%\" align=\"center\" height=\"20\"><strong>ESCOLARIDADE<\/strong><\/td>\n<td style=\"height: 23px;width: 18.7373%\" align=\"center\"><strong>EFETIVOS<\/strong><\/td>\n<td style=\"height: 23px;width: 33.1976%\" align=\"center\"><strong>COLABORADORES<\/strong><\/td>\n<td style=\"height: 23px;width: 18.3299%\" align=\"center\"><strong>TOTAL<\/strong><\/td>\n<\/tr>\n<\/thead>\n<caption><strong>DOCENTES POR TIPO DE V\u00cdNCULO E TITULA\u00c7\u00c3O \u2013 2019<\/strong><\/caption>\n<colgroup width=\"138\"><\/colgroup>\n<colgroup width=\"89\"><\/colgroup>\n<colgroup width=\"160\"><\/colgroup>\n<colgroup width=\"198\"><\/colgroup>\n<tbody>\n<tr style=\"height: 23px\">\n<td style=\"height: 23px;width: 29.3279%\" align=\"left\" height=\"20\">Gradua\u00e7\u00e3o<\/td>\n<td style=\"height: 23px;width: 18.7373%;text-align: right\" align=\"right\">01<\/td>\n<td style=\"height: 23px;width: 33.1976%;text-align: right\" align=\"right\">02<\/td>\n<td style=\"height: 23px;width: 18.3299%;text-align: right\" align=\"right\"><strong>03<\/strong><\/td>\n<\/tr>\n<tr style=\"height: 23px\">\n<td style=\"height: 23px;width: 29.3279%\" align=\"left\" height=\"20\">Especializa\u00e7\u00e3o<\/td>\n<td style=\"height: 23px;width: 18.7373%;text-align: right\" align=\"right\">08<\/td>\n<td style=\"height: 23px;width: 33.1976%;text-align: right\" align=\"right\">33<\/td>\n<td style=\"height: 23px;width: 18.3299%;text-align: right\" align=\"right\"><strong>41<\/strong><\/td>\n<\/tr>\n<tr style=\"height: 23px\">\n<td style=\"height: 23px;width: 29.3279%\" align=\"left\" height=\"20\">Mestrado<\/td>\n<td style=\"height: 23px;width: 18.7373%;text-align: right\" align=\"right\">101<\/td>\n<td style=\"height: 23px;width: 33.1976%;text-align: right\" align=\"right\">170<\/td>\n<td style=\"height: 23px;width: 18.3299%;text-align: right\" align=\"right\"><strong>271<\/strong><\/td>\n<\/tr>\n<tr style=\"height: 23px\">\n<td style=\"height: 23px;width: 29.3279%\" align=\"left\" height=\"20\">Doutorado<\/td>\n<td style=\"height: 23px;width: 18.7373%;text-align: right\" align=\"right\">436<\/td>\n<td style=\"height: 23px;width: 33.1976%;text-align: right\" align=\"right\">110<\/td>\n<td style=\"height: 23px;width: 18.3299%;text-align: right\" align=\"right\"><strong>546<\/strong><\/td>\n<\/tr>\n<tr style=\"height: 23px\">\n<td style=\"height: 23px;width: 29.3279%\" align=\"left\" height=\"20\"><strong>TOTAL<\/strong><\/td>\n<td style=\"height: 23px;width: 18.7373%;text-align: right\" align=\"right\"><strong>546<\/strong><\/td>\n<td style=\"height: 23px;width: 33.1976%;text-align: right\" align=\"right\"><strong>315<\/strong><\/td>\n<td style=\"height: 23px;width: 18.3299%;text-align: right\" align=\"right\"><strong>861<\/strong><\/td>\n<\/tr>\n<\/tbody>\n<\/table>\n<p>[\/vc_column_text][\/vc_tta_section][vc_tta_section title=&#8221;Quadro de Agentes Universit\u00e1rios Tempor\u00e1rios &#8211; 2019&#8243; tab_id=&#8221;1496412979740-211946cd-c055&#8243;][vc_column_text]<\/p>\n<table style=\"height: 252px\" width=\"605\">\n<tbody>\n<tr>\n<td style=\"text-align: center\" colspan=\"2\"><strong><span style=\"font-family: arial, helvetica, sans-serif\">AGENTES UNIVERSIT\u00c1RIOS TEMPOR\u00c1RIOS &#8211; 2019<\/span><\/strong><\/td>\n<\/tr>\n<tr>\n<td><strong><span style=\"font-family: arial, helvetica, sans-serif\">Titula\u00e7\u00e3o<\/span><\/strong><\/td>\n<td><strong><span style=\"font-family: arial, helvetica, sans-serif\">Quantidade<\/span><\/strong><\/td>\n<\/tr>\n<tr>\n<td><span style=\"font-family: arial, helvetica, sans-serif\">Doutorado<\/span><\/td>\n<td><span style=\"font-family: arial, helvetica, sans-serif\">0<\/span><\/td>\n<\/tr>\n<tr>\n<td><span style=\"font-family: arial, helvetica, sans-serif\">Mestrado<\/span><\/td>\n<td><span style=\"font-family: arial, helvetica, sans-serif\">2<\/span><\/td>\n<\/tr>\n<tr>\n<td><span style=\"font-family: arial, helvetica, sans-serif\">Especializa\u00e7\u00e3o\u00a0<\/span><\/td>\n<td><span style=\"font-family: arial, helvetica, sans-serif\">7<\/span><\/td>\n<\/tr>\n<tr>\n<td><span style=\"font-family: arial, helvetica, sans-serif\">N\u00edvel Superior<\/span><\/td>\n<td><span style=\"font-family: arial, helvetica, sans-serif\">6<\/span><\/td>\n<\/tr>\n<tr>\n<td><span style=\"font-family: arial, helvetica, sans-serif\">Sem N\u00edvel Superior<\/span><\/td>\n<td><span style=\"font-family: arial, helvetica, sans-serif\">5<\/span><\/td>\n<\/tr>\n<tr>\n<td><span style=\"font-family: arial, helvetica, sans-serif\"><strong>TOTAL<\/strong><\/span><\/td>\n<td><span style=\"font-family: arial, helvetica, sans-serif\"><strong>20<\/strong><\/span><\/td>\n<\/tr>\n<\/tbody>\n<\/table>\n<p>[\/vc_column_text][\/vc_tta_section][vc_tta_section title=&#8221;Quadro de Agentes Universit\u00e1rios Efetivos &#8211; 2019&#8243; tab_id=&#8221;1496412979742-ff00ae98-1158&#8243;][vc_column_text]<\/p>\n<table style=\"height: 252px\" width=\"605\">\n<tbody>\n<tr>\n<td style=\"text-align: center\" colspan=\"2\"><strong><span style=\"font-family: arial, helvetica, sans-serif\">Agentes Universit\u00e1rios Efetivos &#8211; 2019<\/span><\/strong><\/td>\n<\/tr>\n<tr>\n<td><strong><span style=\"font-family: arial, helvetica, sans-serif\">Titula\u00e7\u00e3o<\/span><\/strong><\/td>\n<td><strong><span style=\"font-family: arial, helvetica, sans-serif\">Quantidade<\/span><\/strong><\/td>\n<\/tr>\n<tr>\n<td><span style=\"font-family: arial, helvetica, sans-serif\">Doutorado<\/span><\/td>\n<td><span style=\"font-family: arial, helvetica, sans-serif\">8<\/span><\/td>\n<\/tr>\n<tr>\n<td><span style=\"font-family: arial, helvetica, sans-serif\">Mestrado<\/span><\/td>\n<td><span style=\"font-family: arial, helvetica, sans-serif\">42<\/span><\/td>\n<\/tr>\n<tr>\n<td><span style=\"font-family: arial, helvetica, sans-serif\">Especializa\u00e7\u00e3o\u00a0<\/span><\/td>\n<td><span style=\"font-family: arial, helvetica, sans-serif\">80<\/span><\/td>\n<\/tr>\n<tr>\n<td><span style=\"font-family: arial, helvetica, sans-serif\">N\u00edvel Superior<\/span><\/td>\n<td><span style=\"font-family: arial, helvetica, sans-serif\">51<\/span><\/td>\n<\/tr>\n<tr>\n<td><span style=\"font-family: arial, helvetica, sans-serif\">Sem N\u00edvel Superior<\/span><\/td>\n<td><span style=\"font-family: arial, helvetica, sans-serif\">42<\/span><\/td>\n<\/tr>\n<tr>\n<td><span style=\"font-family: arial, helvetica, sans-serif\"><strong>TOTAL<\/strong><\/span><\/td>\n<td><span style=\"font-family: arial, helvetica, sans-serif\"><strong>223<\/strong><\/span><\/td>\n<\/tr>\n<\/tbody>\n<\/table>\n<p>[\/vc_column_text][\/vc_tta_section][vc_tta_section title=&#8221;Quadro Geral de Servidores &#8211; 2019&#8243; tab_id=&#8221;1496412979744-a469bd39-35e7&#8243;][vc_column_text]<\/p>\n<table style=\"height: 165px\" width=\"587\">\n<tbody>\n<tr>\n<td style=\"text-align: center\" colspan=\"6\"><span style=\"font-family: arial, helvetica, sans-serif\"><strong>QUADRO GERAL DE SERVIDORES &#8211; 2019<\/strong><\/span><\/td>\n<\/tr>\n<tr>\n<td style=\"text-align: center\" colspan=\"2\"><span style=\"font-family: arial, helvetica, sans-serif\"><strong>Quadro de pessoal<\/strong><\/span><\/td>\n<td style=\"text-align: center\"><span style=\"font-family: arial, helvetica, sans-serif\"><strong>Cedeteg<\/strong><\/span><\/td>\n<td style=\"text-align: center\"><span style=\"font-family: arial, helvetica, sans-serif\"><strong>Irati<\/strong><\/span><\/td>\n<td style=\"text-align: center\"><span style=\"font-family: arial, helvetica, sans-serif\"><strong>Santa Cruz<\/strong><\/span><\/td>\n<td style=\"text-align: center\"><span style=\"font-family: arial, helvetica, sans-serif\"><strong>Total<\/strong><\/span><\/td>\n<\/tr>\n<tr>\n<td style=\"text-align: center\" rowspan=\"2\"><span style=\"font-family: arial, helvetica, sans-serif\">Estatut\u00e1rio<\/span><\/td>\n<td style=\"text-align: center\"><span style=\"font-family: arial, helvetica, sans-serif\">Agente<\/span><\/td>\n<td style=\"text-align: center\"><span style=\"font-family: arial, helvetica, sans-serif\">44<\/span><\/td>\n<td style=\"text-align: center\"><span style=\"font-family: arial, helvetica, sans-serif\">57<\/span><\/td>\n<td style=\"text-align: center\"><span style=\"font-family: arial, helvetica, sans-serif\">122<\/span><\/td>\n<td style=\"text-align: center\"><span style=\"font-family: arial, helvetica, sans-serif\"><strong>223<\/strong><\/span><\/td>\n<\/tr>\n<tr>\n<td style=\"text-align: center\"><span style=\"font-family: arial, helvetica, sans-serif\">Docente<\/span><\/td>\n<td style=\"text-align: center\"><span style=\"font-family: arial, helvetica, sans-serif\">227<\/span><\/td>\n<td style=\"text-align: center\"><span style=\"font-family: arial, helvetica, sans-serif\">153<\/span><\/td>\n<td style=\"text-align: center\"><span style=\"font-family: arial, helvetica, sans-serif\">166<\/span><\/td>\n<td style=\"text-align: center\"><span style=\"font-family: arial, helvetica, sans-serif\"><strong>546<\/strong><\/span><\/td>\n<\/tr>\n<tr>\n<td style=\"text-align: center\"><span style=\"font-family: arial, helvetica, sans-serif\">Colaborador<\/span><\/td>\n<td style=\"text-align: center\"><span style=\"font-family: arial, helvetica, sans-serif\">Docente<\/span><\/td>\n<td style=\"text-align: center\"><span style=\"font-family: arial, helvetica, sans-serif\">123<\/span><\/td>\n<td style=\"text-align: center\"><span style=\"font-family: arial, helvetica, sans-serif\">82<\/span><\/td>\n<td style=\"text-align: center\"><span style=\"font-family: arial, helvetica, sans-serif\">110<\/span><\/td>\n<td style=\"text-align: center\"><span style=\"font-family: arial, helvetica, sans-serif\"><strong>315<\/strong><\/span><\/td>\n<\/tr>\n<tr>\n<td style=\"text-align: center\"><span style=\"font-family: arial, helvetica, sans-serif\">Uab\/Conv\u00eanio<\/span><\/td>\n<td style=\"text-align: center\"><span style=\"font-family: arial, helvetica, sans-serif\">Agente<\/span><\/td>\n<td style=\"text-align: center\"><span style=\"font-family: arial, helvetica, sans-serif\">1<\/span><\/td>\n<td style=\"text-align: center\"><span style=\"font-family: arial, helvetica, sans-serif\">2<\/span><\/td>\n<td style=\"text-align: center\"><span style=\"font-family: arial, helvetica, sans-serif\">17<\/span><\/td>\n<td style=\"text-align: center\"><span style=\"font-family: arial, helvetica, sans-serif\"><strong>20<\/strong><\/span><\/td>\n<\/tr>\n<\/tbody>\n<\/table>\n<p>[\/vc_column_text][\/vc_tta_section][vc_tta_section title=&#8221;Programa de Valoriza\u00e7\u00e3o e Relacionamento dos Servidores da Unicentro, PROVARS, e Projeto Bem Estar &#8211; 2019&#8243; tab_id=&#8221;1496412979747-022a7736-5a3c&#8221;][vc_column_text]<\/p>\n<table class=\" aligncenter\" border=\"0\" cellspacing=\"0\">\n<thead>\n<tr>\n<td align=\"center\" height=\"20\"><span style=\"font-family: arial, helvetica, sans-serif\">DATA DE REALIZA\u00c7\u00c3O<\/span><\/td>\n<td align=\"center\"><span style=\"font-family: arial, helvetica, sans-serif\">EVENTO<\/span><\/td>\n<td align=\"center\"><span style=\"font-family: arial, helvetica, sans-serif\">LOCAL<\/span><\/td>\n<\/tr>\n<\/thead>\n<colgroup width=\"197\"><\/colgroup>\n<colgroup width=\"760\"><\/colgroup>\n<colgroup width=\"240\"><\/colgroup>\n<tbody>\n<tr>\n<td style=\"text-align: center\" align=\"left\" height=\"20\"><span style=\"font-family: arial, helvetica, sans-serif\">20\/08\/2019<\/span><\/td>\n<td style=\"text-align: left\" align=\"left\"><span style=\"font-family: arial, helvetica, sans-serif\">Web confer\u00eancia: Treinamento eSocial: O que vem por ai<\/span><\/td>\n<td style=\"text-align: left\" align=\"left\"><span style=\"font-family: arial, helvetica, sans-serif\"><em>Campus<\/em> Santa Cruz<\/span><\/td>\n<\/tr>\n<tr>\n<td style=\"text-align: center\" align=\"left\" height=\"20\"><span style=\"font-family: arial, helvetica, sans-serif\">27\/09\/2019<\/span><\/td>\n<td style=\"text-align: left\" align=\"left\"><span style=\"font-family: arial, helvetica, sans-serif\">Palestra: Bem Estar &#8211; Sa\u00fade Mental<\/span><\/td>\n<td style=\"text-align: left\" align=\"left\"><span style=\"font-family: arial, helvetica, sans-serif\"><em>Campus<\/em> Santa Cruz<\/span><\/td>\n<\/tr>\n<tr>\n<td style=\"text-align: center\" align=\"left\" height=\"20\"><span style=\"font-family: arial, helvetica, sans-serif\">04\/10\/2019<\/span><\/td>\n<td style=\"text-align: left\" align=\"left\"><span style=\"font-family: arial, helvetica, sans-serif\">Palestra: Bem Estar &#8211; Sa\u00fade Mental<\/span><\/td>\n<td style=\"text-align: left\" align=\"left\"><span style=\"font-family: arial, helvetica, sans-serif\"><em>Campus<\/em> Irati<\/span><\/td>\n<\/tr>\n<tr>\n<td style=\"text-align: center\" align=\"left\" height=\"20\"><span style=\"font-family: arial, helvetica, sans-serif\">14\/10\/2019<\/span><\/td>\n<td style=\"text-align: left\" align=\"left\"><span style=\"font-family: arial, helvetica, sans-serif\">Palestra: Projeto de Genoma Humano: Passado, presente e futuro<\/span><\/td>\n<td style=\"text-align: left\" align=\"left\"><span style=\"font-family: arial, helvetica, sans-serif\"><em>Campus Santa Cruz<\/em><\/span><\/td>\n<\/tr>\n<tr>\n<td style=\"text-align: center\" align=\"left\" height=\"20\"><span style=\"font-family: arial, helvetica, sans-serif\">15\/10\/2019<\/span><\/td>\n<td style=\"text-align: left\" align=\"left\"><span style=\"font-family: arial, helvetica, sans-serif\">Palestra: Bem estar, resili\u00eancia e compaix\u00e3o s\u00e3o habilidades que podem ser desenvolvidas com treinamento: treinamento da compaix\u00e3o da abordagem cognitiva<\/span><\/td>\n<td style=\"text-align: left\" align=\"left\"><span style=\"font-family: arial, helvetica, sans-serif\"><em>Campus<\/em> Santa Cruz<\/span><\/td>\n<\/tr>\n<tr>\n<td style=\"text-align: center\" align=\"left\" height=\"20\"><span style=\"font-family: arial, helvetica, sans-serif\">27\/11\/2019<\/span><\/td>\n<td style=\"text-align: left\" align=\"left\"><span style=\"font-family: arial, helvetica, sans-serif\">Palestra: Novembro Vermelho, um m\u00eas dedicado \u00e0 preven\u00e7\u00e3o do c\u00e2ncer bucal<br \/>\n<\/span><\/td>\n<td style=\"text-align: left\" align=\"left\"><span style=\"font-family: arial, helvetica, sans-serif\"><em>Campus<\/em> Santa Cruz<\/span><\/td>\n<\/tr>\n<tr>\n<td style=\"text-align: center\" align=\"left\" height=\"20\"><span style=\"font-family: arial, helvetica, sans-serif\">28\/11\/2019<\/span><\/td>\n<td style=\"text-align: left\" align=\"left\"><span style=\"font-family: arial, helvetica, sans-serif\">Palestra: Novembro Vermelho, um m\u00eas dedicado \u00e0 preven\u00e7\u00e3o do c\u00e2ncer bucal<\/span><\/td>\n<td style=\"text-align: left\" align=\"left\"><span style=\"font-family: arial, helvetica, sans-serif\"><em>Campus<\/em> Cedeteg<\/span><\/td>\n<\/tr>\n<tr>\n<td style=\"text-align: center\" align=\"left\" height=\"20\"><span style=\"font-family: arial, helvetica, sans-serif\">29\/11\/2019<\/span><\/td>\n<td style=\"text-align: left\" align=\"left\"><span style=\"font-family: arial, helvetica, sans-serif\">Palestra: Novembro Vermelho, um m\u00eas dedicado \u00e0 preven\u00e7\u00e3o do c\u00e2ncer bucal<\/span><\/td>\n<td style=\"text-align: left\" align=\"left\"><span style=\"font-family: arial, helvetica, sans-serif\"><em>Campus<\/em> Irati<\/span><\/td>\n<\/tr>\n<tr>\n<td style=\"text-align: center\" align=\"left\" height=\"20\"><span style=\"font-family: arial, helvetica, sans-serif\">2\u00ba semestre\/2019<\/span><\/td>\n<td style=\"text-align: left\" align=\"left\"><span style=\"font-family: arial, helvetica, sans-serif\">Realiza\u00e7\u00e3o das atividades de exerc\u00edcios laborais nos <em>Campi Santa cruz e Cedeteg<\/em><\/span><\/td>\n<td style=\"text-align: left\" align=\"left\"><span style=\"font-family: arial, helvetica, sans-serif\"><em>Campus<\/em> Santa Cruz e Cedeteg<\/span><\/td>\n<\/tr>\n<\/tbody>\n<\/table>\n<p>[\/vc_column_text][\/vc_tta_section][vc_tta_section title=&#8221;Projeto Integra\u00e7\u00e3o: Conhecendo a Unicentro &#8211; 2019&#8243; tab_id=&#8221;49ecc253-aadb-cl&#8221;][vc_column_text]<\/p>\n<table class=\" aligncenter\" border=\"0\" cellspacing=\"0\">\n<thead>\n<tr>\n<td align=\"center\" height=\"20\"><span style=\"font-family: arial, helvetica, sans-serif\">DATA DE REALIZA\u00c7\u00c3O<\/span><\/td>\n<td align=\"center\"><span style=\"font-family: arial, helvetica, sans-serif\">OFICINA<\/span><\/td>\n<td align=\"center\"><span style=\"font-family: arial, helvetica, sans-serif\">LOCAL<\/span><\/td>\n<\/tr>\n<\/thead>\n<colgroup width=\"197\"><\/colgroup>\n<colgroup width=\"760\"><\/colgroup>\n<colgroup width=\"240\"><\/colgroup>\n<tbody>\n<tr>\n<td style=\"text-align: center\" align=\"left\" height=\"20\"><span style=\"font-family: arial, helvetica, sans-serif\">10\/04\/2019<\/span><\/td>\n<td align=\"left\"><span style=\"font-family: arial, helvetica, sans-serif\">Pr\u00f3-Reitoria de Planejamento, PROPLAN \/ <\/span><\/p>\n<p><span style=\"font-family: arial, helvetica, sans-serif\">Coordenadoria de Tecnologia e Informa\u00e7\u00e3o, COORTI.<\/span><\/td>\n<td style=\"text-align: left\" align=\"left\"><span style=\"font-family: arial, helvetica, sans-serif\"><em>Campus<\/em> Santa Cruz<\/span><\/td>\n<\/tr>\n<tr>\n<td style=\"text-align: center\" align=\"left\" height=\"20\"><span style=\"font-family: arial, helvetica, sans-serif\">14\/05\/2019<\/span><\/td>\n<td style=\"text-align: left\" align=\"left\"><span style=\"font-family: arial, helvetica, sans-serif\">Pr\u00f3-Reitoria de Ensino, PROEN \/ <\/span><\/p>\n<p><span style=\"font-family: arial, helvetica, sans-serif\">Assist\u00eancia Estudantil.<\/span><\/td>\n<td style=\"text-align: left\" align=\"left\"><span style=\"font-family: arial, helvetica, sans-serif\"><em>Campus<\/em> Santa Cruz<\/span><\/td>\n<\/tr>\n<tr>\n<td style=\"text-align: center\" align=\"left\" height=\"20\"><span style=\"font-family: arial, helvetica, sans-serif\">13\/06\/2019<\/span><\/td>\n<td style=\"text-align: left\" align=\"left\"><span style=\"font-family: arial, helvetica, sans-serif\">Pr\u00f3-Reitoria de Pesquisa e P\u00f3s-Gradua\u00e7\u00e3o, PROPESP.<\/span><\/td>\n<td style=\"text-align: left\" align=\"left\"><span style=\"font-family: arial, helvetica, sans-serif\"><em>Campus<\/em> Santa Cruz<\/span><\/td>\n<\/tr>\n<tr>\n<td style=\"text-align: center\" align=\"left\" height=\"20\"><span style=\"font-family: arial, helvetica, sans-serif\">14\/08\/2019<\/span><\/td>\n<td style=\"text-align: left\" align=\"left\"><span style=\"font-family: arial, helvetica, sans-serif\">Pr\u00f3-Reitoria de Ensino e Extens\u00e3o e Cultura, PROEC \/ <\/span><\/p>\n<p><span style=\"font-family: arial, helvetica, sans-serif\">N\u00facleo de Educa\u00e7\u00e3o a Dist\u00e2ncia, NEAD.<\/span><\/td>\n<td style=\"text-align: left\" align=\"left\"><span style=\"font-family: arial, helvetica, sans-serif\"><em>Campus Santa Cruz<\/em><\/span><\/td>\n<\/tr>\n<tr>\n<td style=\"text-align: center\" align=\"left\" height=\"20\"><span style=\"font-family: arial, helvetica, sans-serif\">12\/09\/2019<\/span><\/td>\n<td style=\"text-align: left\" align=\"left\"><span style=\"font-family: arial, helvetica, sans-serif\">Pr\u00f3-Reitoria de Administra\u00e7\u00e3o e Finan\u00e7as, PROAF \/ <\/span><\/p>\n<p><span style=\"font-family: arial, helvetica, sans-serif\">Coordenadoria de Conv\u00eanios e Capta\u00e7\u00e3o de Recursos, COORCAP.<\/span><\/td>\n<td style=\"text-align: left\" align=\"left\"><span style=\"font-family: arial, helvetica, sans-serif\"><em>Campus<\/em> Santa Cruz<\/span><\/td>\n<\/tr>\n<tr>\n<td style=\"text-align: center\" align=\"left\" height=\"20\"><span style=\"font-family: arial, helvetica, sans-serif\">22\/10\/2019<\/span><\/td>\n<td style=\"text-align: left\" align=\"left\"><span style=\"font-family: arial, helvetica, sans-serif\">Pr\u00f3-Reitoria de Recursos Humanos, ProRH.<br \/>\n<\/span><\/td>\n<td style=\"text-align: left\" align=\"left\"><span style=\"font-family: arial, helvetica, sans-serif\"><em>Campus<\/em> Santa Cruz<\/span><\/td>\n<\/tr>\n<\/tbody>\n<\/table>\n<p>[\/vc_column_text][\/vc_tta_section][\/vc_tta_accordion][\/vc_column][\/vc_row]<\/p>\n<\/div>","protected":false},"excerpt":{"rendered":"<p>[vc_row][vc_column width=&#8221;1\/2&#8243;][vc_column_text] Colaboradores Em sua rotina a Universidade conta com uma equipe de gest\u00e3o direcionada composta por professores, agentes universit\u00e1rios e estagi\u00e1rios. O setor interno respons\u00e1vel pela contrata\u00e7\u00e3o, orienta\u00e7\u00e3o e acompanhamento desses colaboradores \u00e9 a Pr\u00f3-Reitoria de Recursos Humanos, PRORH. Al\u00e9m dessas fun\u00e7\u00f5es, a PRORH trabalha com a assist\u00eancia especializada, buscando a melhoria da qualidade [&hellip;]<\/p>\n","protected":false},"author":3,"featured_media":0,"parent":2618,"menu_order":0,"comment_status":"closed","ping_status":"closed","template":"","meta":{"_exactmetrics_skip_tracking":false,"_exactmetrics_sitenote_active":false,"_exactmetrics_sitenote_note":"","_exactmetrics_sitenote_category":0,"footnotes":"","_links_to":"","_links_to_target":""},"class_list":["post-2623","page","type-page","status-publish","hentry"],"_links":{"self":[{"href":"https:\/\/www3.unicentro.br\/anuario\/wp-json\/wp\/v2\/pages\/2623","targetHints":{"allow":["GET"]}}],"collection":[{"href":"https:\/\/www3.unicentro.br\/anuario\/wp-json\/wp\/v2\/pages"}],"about":[{"href":"https:\/\/www3.unicentro.br\/anuario\/wp-json\/wp\/v2\/types\/page"}],"author":[{"embeddable":true,"href":"https:\/\/www3.unicentro.br\/anuario\/wp-json\/wp\/v2\/users\/3"}],"replies":[{"embeddable":true,"href":"https:\/\/www3.unicentro.br\/anuario\/wp-json\/wp\/v2\/comments?post=2623"}],"version-history":[{"count":1,"href":"https:\/\/www3.unicentro.br\/anuario\/wp-json\/wp\/v2\/pages\/2623\/revisions"}],"predecessor-version":[{"id":2785,"href":"https:\/\/www3.unicentro.br\/anuario\/wp-json\/wp\/v2\/pages\/2623\/revisions\/2785"}],"up":[{"embeddable":true,"href":"https:\/\/www3.unicentro.br\/anuario\/wp-json\/wp\/v2\/pages\/2618"}],"wp:attachment":[{"href":"https:\/\/www3.unicentro.br\/anuario\/wp-json\/wp\/v2\/media?parent=2623"}],"curies":[{"name":"wp","href":"https:\/\/api.w.org\/{rel}","templated":true}]}}