{"id":2618,"date":"2023-09-26T11:45:20","date_gmt":"2023-09-26T14:45:20","guid":{"rendered":"https:\/\/www3.unicentro.br\/anuario\/?page_id=2618"},"modified":"2023-09-26T12:01:42","modified_gmt":"2023-09-26T15:01:42","slug":"anuario-2019","status":"publish","type":"page","link":"https:\/\/www3.unicentro.br\/anuario\/anuario-2019\/","title":{"rendered":"Anu\u00e1rio 2019"},"content":{"rendered":"<div class=\"wpb-content-wrapper\"><p>[vc_row u_row_style=&#8221;0&#8243; u_row_paralax=&#8221;0&#8243; u_row_scheme=&#8221;0&#8243; css=&#8221;.vc_custom_1534365464944{margin-top: -40px !important;margin-bottom: 50px !important;}&#8221;][vc_column]\n\t\t\t\t<p class=\"rs-p-wp-fix\"><\/p>\n\t\t\t\t<sr7-module data-alias=\"anuario2018-11\" data-id=\"7\" id=\"SR7_7_1\" data-version=\"6.7.51\">\n\t\t\t\t\t<sr7-adjuster><\/sr7-adjuster>\n\t\t\t\t\t<sr7-content>\n\t\t\t\t\t\t<sr7-slide id=\"SR7_7_1-6\" data-key=\"6\">\n\t\t\t\t\t\t\t<sr7-bg id=\"SR7_7_1-6-slidebg\" class=\"sr7-layer\"><noscript><img decoding=\"async\" src=\"https:\/\/www3.unicentro.br\/anuario\/wp-content\/uploads\/sites\/7\/2020\/07\/fundo-slider-2019.jpg\" alt=\"\" title=\"fundo-slider-2019\"><\/noscript><\/sr7-bg>\n\t\t\t\t\t\t<\/sr7-slide>\n\t\t\t\t\t\t<sr7-slide id=\"SR7_7_1-12\" data-key=\"12\">\n\t\t\t\t\t\t<\/sr7-slide>\n\t\t\t\t\t<\/sr7-content>\n\t\t\t\t<\/sr7-module>\n\t\t\t\t<script>\n\t\t\t\t\twindow.SR7 ??={};SR7.PMH ??={}; SR7.PMH[\"SR7_7_1\"] = {cn:100,state:false,fn: function() { if (window._tpt!==undefined && window._tpt.prepareModuleHeight !== undefined) {  _tpt.prepareModuleHeight({id:\"SR7_7_1\",el:[400,400,500,550],type:'hero',shdw:'0',gh:[400,400,500,550],gw:[1240,1024,778,480],vpt:['-200px'],size:{fullWidth:true, fullHeight:false},mh:'0',onh:0,onw:0,bg:{color:'transparent'},plType:'0',plColor:'#FFFFFF'});   SR7.PMH[\"SR7_7_1\"].state=true;} else if(SR7.PMH[\"SR7_7_1\"].cn-->0)\tsetTimeout( SR7.PMH[\"SR7_7_1\"].fn,19);}};SR7.PMH[\"SR7_7_1\" ].fn();\n\t\t\t\t<\/script>\n[\/vc_column][\/vc_row][vc_row u_row_style=&#8221;0&#8243; u_row_paralax=&#8221;0&#8243; u_row_scheme=&#8221;0&#8243; css=&#8221;.vc_custom_1491243847246{margin-bottom: 15px !important;}&#8221;][vc_column width=&#8221;1\/6&#8243;][\/vc_column][vc_column width=&#8221;1\/6&#8243; el_class=&#8221;anuario-icon&#8221; css=&#8221;.vc_custom_1491242540967{padding: 5px !important;background-color: #f4f4f4 !important;border: 2px solid #e0e0e0 !important;border-radius: 5px !important;}&#8221;][vc_icon icon_fontawesome=&#8221;fas fa-microphone&#8221; color=&#8221;white&#8221; background_style=&#8221;rounded-less&#8221; background_color=&#8221;custom&#8221; size=&#8221;xl&#8221; align=&#8221;center&#8221; css_animation=&#8221;fadeIn&#8221; link=&#8221;url:https%3A%2F%2Fwww3.unicentro.br%2Fanuario%2Fanuario-2019%2Fano-base-2019%2F|title:Informa%C3%A7%C3%B5es%20Acad%C3%AAmicas&#8221; css=&#8221;.vc_custom_1695740263314{margin-top: 19px !important;margin-bottom: 5px !important;}&#8221; custom_background_color=&#8221;#000000&#8243;][vc_custom_heading text=&#8221;Apresenta\u00e7\u00e3o&#8221; font_container=&#8221;tag:h4|font_size:18px|text_align:center|color:%23606060&#8243; google_fonts=&#8221;font_family:Gudea%3Aregular%2Citalic%2C700|font_style:400%20regular%3A400%3Anormal&#8221; css_animation=&#8221;fadeIn&#8221; link=&#8221;url:https%3A%2F%2Fwww3.unicentro.br%2Fanuario%2Fanuario-2019%2Fano-base-2019%2F|title:Apresenta%C3%A7%C3%A3o&#8221; css=&#8221;.vc_custom_1695740222407{margin-bottom: 10px !important;}&#8221;][\/vc_column][vc_column width=&#8221;1\/6&#8243; css=&#8221;.vc_custom_1490731119072{border-top-width: 2px !important;border-right-width: 2px !important;border-bottom-width: 2px !important;border-left-width: 2px !important;padding-top: 5px !important;padding-right: 5px !important;padding-bottom: 5px !important;padding-left: 5px !important;background-color: #f4f4f4 !important;border-left-color: #e0e0e0 !important;border-left-style: solid !important;border-right-color: #e0e0e0 !important;border-right-style: solid !important;border-top-color: #e0e0e0 !important;border-top-style: solid !important;border-bottom-color: #e0e0e0 !important;border-bottom-style: solid !important;border-radius: 5px !important;}&#8221; el_class=&#8221;anuario-icon&#8221;][vc_icon icon_fontawesome=&#8221;fa fa-university&#8221; color=&#8221;grey&#8221; background_style=&#8221;rounded-less&#8221; background_color=&#8221;custom&#8221; size=&#8221;xl&#8221; align=&#8221;center&#8221; css_animation=&#8221;fadeIn&#8221; link=&#8221;url:https%3A%2F%2Fwww3.unicentro.br%2Fanuario%2Fanuario-2019%2Finformacoes-academicas%2F|title:Informa%C3%A7%C3%B5es%20Acad%C3%AAmicas||&#8221; css=&#8221;.vc_custom_1533734305109{margin-top: 19px !important;margin-bottom: 5px !important;}&#8221; custom_background_color=&#8221;#0a1470&#8243;][vc_custom_heading text=&#8221;Informa\u00e7\u00f5es Acad\u00eamicas&#8221; font_container=&#8221;tag:h4|font_size:18px|text_align:center|color:%23606060&#8243; google_fonts=&#8221;font_family:Gudea%3Aregular%2Citalic%2C700|font_style:400%20regular%3A400%3Anormal&#8221; css_animation=&#8221;fadeIn&#8221; link=&#8221;url:https%3A%2F%2Fwww3.unicentro.br%2Fanuario%2Fanuario-2019%2Finformacoes-academicas%2F|||&#8221; css=&#8221;.vc_custom_1533734316459{margin-bottom: 10px !important;}&#8221;][\/vc_column][vc_column width=&#8221;1\/6&#8243; el_class=&#8221;anuario-icon&#8221; css=&#8221;.vc_custom_1491242483127{border-top-width: 2px !important;border-right-width: 2px !important;border-bottom-width: 2px !important;border-left-width: 2px !important;padding-top: 5px !important;padding-right: 5px !important;padding-bottom: 5px !important;padding-left: 5px !important;background-color: #f4f4f4 !important;border-left-color: #e0e0e0 !important;border-left-style: solid !important;border-right-color: #e0e0e0 !important;border-right-style: solid !important;border-top-color: #e0e0e0 !important;border-top-style: solid !important;border-bottom-color: #e0e0e0 !important;border-bottom-style: solid !important;border-radius: 5px !important;}&#8221;][vc_icon icon_fontawesome=&#8221;fa fa-users&#8221; color=&#8221;custom&#8221; background_style=&#8221;rounded-less&#8221; background_color=&#8221;custom&#8221; size=&#8221;xl&#8221; align=&#8221;center&#8221; css_animation=&#8221;fadeIn&#8221; link=&#8221;url:https%3A%2F%2Fwww3.unicentro.br%2Fanuario%2Fanuario-2019%2Frecursos-humanos%2F|title:Recursos%20Humanos||&#8221; css=&#8221;.vc_custom_1533734346074{margin-top: 19px !important;margin-bottom: 5px !important;}&#8221; custom_color=&#8221;#ffffff&#8221; custom_background_color=&#8221;#006989&#8243;][vc_custom_heading text=&#8221;Recursos Humanos&#8221; font_container=&#8221;tag:h4|font_size:18px|text_align:center|color:%23606060&#8243; google_fonts=&#8221;font_family:Gudea%3Aregular%2Citalic%2C700|font_style:400%20regular%3A400%3Anormal&#8221; css_animation=&#8221;fadeIn&#8221; link=&#8221;url:https%3A%2F%2Fwww3.unicentro.br%2Fanuario%2Fanuario-2019%2Frecursos-humanos%2F|||&#8221; css=&#8221;.vc_custom_1533734356912{margin-bottom: 10px !important;}&#8221;][\/vc_column][vc_column width=&#8221;1\/6&#8243; el_class=&#8221;anuario-icon&#8221; css=&#8221;.vc_custom_1491242522223{padding: 5px !important;background-color: #f4f4f4 !important;border: 2px solid #e0e0e0 !important;border-radius: 5px !important;}&#8221;][vc_icon icon_fontawesome=&#8221;fa fa-registered&#8221; color=&#8221;grey&#8221; background_style=&#8221;rounded-less&#8221; background_color=&#8221;custom&#8221; size=&#8221;xl&#8221; align=&#8221;center&#8221; css_animation=&#8221;fadeIn&#8221; link=&#8221;url:https%3A%2F%2Fwww3.unicentro.br%2Fanuario%2Fanuario-2019%2Finovacao%2F|||&#8221; css=&#8221;.vc_custom_1533734374045{margin-top: 19px !important;margin-bottom: 5px !important;}&#8221; custom_background_color=&#8221;#482191&#8243;][vc_custom_heading text=&#8221;Inova\u00e7\u00e3o&#8221; font_container=&#8221;tag:h4|font_size:18px|text_align:center|color:%23606060&#8243; google_fonts=&#8221;font_family:Gudea%3Aregular%2Citalic%2C700|font_style:400%20regular%3A400%3Anormal&#8221; css_animation=&#8221;fadeIn&#8221; link=&#8221;url:https%3A%2F%2Fwww3.unicentro.br%2Fanuario%2Fanuario-2019%2Finovacao%2F|||&#8221; css=&#8221;.vc_custom_1533734384723{margin-bottom: 10px !important;}&#8221;][\/vc_column][vc_column width=&#8221;1\/6&#8243;][\/vc_column][\/vc_row][vc_row u_row_style=&#8221;0&#8243; u_row_paralax=&#8221;0&#8243; u_row_scheme=&#8221;0&#8243; css=&#8221;.vc_custom_1491243863005{margin-bottom: 15px !important;}&#8221;][vc_column width=&#8221;1\/6&#8243;][\/vc_column][vc_column width=&#8221;1\/6&#8243; el_class=&#8221;anuario-icon&#8221; css=&#8221;.vc_custom_1491242522223{padding: 5px !important;background-color: #f4f4f4 !important;border: 2px solid #e0e0e0 !important;border-radius: 5px !important;}&#8221;][vc_icon type=&#8221;entypo&#8221; icon_entypo=&#8221;entypo-icon entypo-icon-shareable&#8221; color=&#8221;grey&#8221; background_style=&#8221;rounded-less&#8221; background_color=&#8221;custom&#8221; size=&#8221;xl&#8221; align=&#8221;center&#8221; css_animation=&#8221;fadeIn&#8221; link=&#8221;url:https%3A%2F%2Fwww3.unicentro.br%2Fanuario%2Fanuario-2019%2Fatendimento-a-comunidade%2F|||&#8221; css=&#8221;.vc_custom_1533734405335{margin-top: 19px !important;margin-bottom: 5px !important;}&#8221; custom_background_color=&#8221;#08594d&#8221;][vc_custom_heading text=&#8221;Servi\u00e7os Prestados \u00e0 Comunidade&#8221; font_container=&#8221;tag:h4|font_size:18px|text_align:center|color:%23606060&#8243; google_fonts=&#8221;font_family:Gudea%3Aregular%2Citalic%2C700|font_style:400%20regular%3A400%3Anormal&#8221; css_animation=&#8221;fadeIn&#8221; link=&#8221;url:https%3A%2F%2Fwww3.unicentro.br%2Fanuario%2Fanuario-2019%2Fatendimento-a-comunidade%2F|||&#8221; css=&#8221;.vc_custom_1533735106330{margin-bottom: 10px !important;}&#8221;][\/vc_column][vc_column width=&#8221;1\/6&#8243; css=&#8221;.vc_custom_1490731119072{border-top-width: 2px !important;border-right-width: 2px !important;border-bottom-width: 2px !important;border-left-width: 2px !important;padding-top: 5px !important;padding-right: 5px !important;padding-bottom: 5px !important;padding-left: 5px !important;background-color: #f4f4f4 !important;border-left-color: #e0e0e0 !important;border-left-style: solid !important;border-right-color: #e0e0e0 !important;border-right-style: solid !important;border-top-color: #e0e0e0 !important;border-top-style: solid !important;border-bottom-color: #e0e0e0 !important;border-bottom-style: solid !important;border-radius: 5px !important;}&#8221; el_class=&#8221;anuario-icon&#8221;][vc_icon icon_fontawesome=&#8221;fa fa-pencil&#8221; color=&#8221;grey&#8221; background_style=&#8221;rounded-less&#8221; background_color=&#8221;custom&#8221; size=&#8221;xl&#8221; align=&#8221;center&#8221; css_animation=&#8221;fadeIn&#8221; link=&#8221;url:https%3A%2F%2Fwww3.unicentro.br%2Fanuario%2Fanuario-2019%2Feditora%2F|||&#8221; css=&#8221;.vc_custom_1533734459010{margin-top: 19px !important;margin-bottom: 5px !important;}&#8221; custom_background_color=&#8221;#2e4c0c&#8221;][vc_custom_heading text=&#8221;Editora&#8221; font_container=&#8221;tag:h4|font_size:18px|text_align:center|color:%23606060&#8243; google_fonts=&#8221;font_family:Gudea%3Aregular%2Citalic%2C700|font_style:400%20regular%3A400%3Anormal&#8221; css_animation=&#8221;fadeIn&#8221; link=&#8221;url:https%3A%2F%2Fwww3.unicentro.br%2Fanuario%2Fanuario-2019%2Feditora%2F|||&#8221; css=&#8221;.vc_custom_1533734440831{margin-bottom: 10px !important;}&#8221;][\/vc_column][vc_column width=&#8221;1\/6&#8243; el_class=&#8221;anuario-icon&#8221; css=&#8221;.vc_custom_1491242483127{border-top-width: 2px !important;border-right-width: 2px !important;border-bottom-width: 2px !important;border-left-width: 2px !important;padding-top: 5px !important;padding-right: 5px !important;padding-bottom: 5px !important;padding-left: 5px !important;background-color: #f4f4f4 !important;border-left-color: #e0e0e0 !important;border-left-style: solid !important;border-right-color: #e0e0e0 !important;border-right-style: solid !important;border-top-color: #e0e0e0 !important;border-top-style: solid !important;border-bottom-color: #e0e0e0 !important;border-bottom-style: solid !important;border-radius: 5px !important;}&#8221;][vc_icon icon_fontawesome=&#8221;fa fa-book&#8221; color=&#8221;grey&#8221; background_style=&#8221;rounded-less&#8221; background_color=&#8221;custom&#8221; size=&#8221;xl&#8221; align=&#8221;center&#8221; css_animation=&#8221;fadeIn&#8221; link=&#8221;url:https%3A%2F%2Fwww3.unicentro.br%2Fanuario%2Fanuario-2019%2Fbibliotecas%2F|||&#8221; css=&#8221;.vc_custom_1533734475784{margin-top: 19px !important;margin-bottom: 5px !important;}&#8221; custom_background_color=&#8221;#e2be06&#8243;][vc_custom_heading text=&#8221;Bibliotecas&#8221; font_container=&#8221;tag:h4|font_size:18px|text_align:center|color:%23606060&#8243; google_fonts=&#8221;font_family:Gudea%3Aregular%2Citalic%2C700|font_style:400%20regular%3A400%3Anormal&#8221; css_animation=&#8221;fadeIn&#8221; link=&#8221;url:https%3A%2F%2Fwww3.unicentro.br%2Fanuario%2Fanuario-2019%2Fbibliotecas%2F|||&#8221; css=&#8221;.vc_custom_1533734486794{margin-bottom: 10px !important;}&#8221;][\/vc_column][vc_column width=&#8221;1\/6&#8243; el_class=&#8221;anuario-icon&#8221; css=&#8221;.vc_custom_1491242540967{padding: 5px !important;background-color: #f4f4f4 !important;border: 2px solid #e0e0e0 !important;border-radius: 5px !important;}&#8221;][vc_icon icon_fontawesome=&#8221;fa fa-building-o&#8221; color=&#8221;grey&#8221; background_style=&#8221;rounded-less&#8221; background_color=&#8221;custom&#8221; size=&#8221;xl&#8221; align=&#8221;center&#8221; css_animation=&#8221;fadeIn&#8221; link=&#8221;url:https%3A%2F%2Fwww3.unicentro.br%2Fanuario%2Fanuario-2019%2Finfra-estrutura%2F|||&#8221; css=&#8221;.vc_custom_1533734529364{margin-top: 19px !important;margin-bottom: 5px !important;}&#8221; custom_background_color=&#8221;#b20808&#8243;][vc_custom_heading text=&#8221;Infraestrutura&#8221; font_container=&#8221;tag:h4|font_size:18px|text_align:center|color:%23606060&#8243; google_fonts=&#8221;font_family:Gudea%3Aregular%2Citalic%2C700|font_style:400%20regular%3A400%3Anormal&#8221; css_animation=&#8221;fadeIn&#8221; link=&#8221;url:https%3A%2F%2Fwww3.unicentro.br%2Fanuario%2Fanuario-2019%2Finfra-estrutura%2F|||&#8221; css=&#8221;.vc_custom_1533734539558{margin-bottom: 10px !important;}&#8221;][\/vc_column][vc_column width=&#8221;1\/6&#8243;][\/vc_column][\/vc_row][vc_row u_row_style=&#8221;0&#8243; u_row_paralax=&#8221;0&#8243; u_row_scheme=&#8221;0&#8243; css=&#8221;.vc_custom_1491243863005{margin-bottom: 15px !important;}&#8221;][vc_column width=&#8221;1\/6&#8243;][\/vc_column][vc_column width=&#8221;1\/6&#8243; el_class=&#8221;anuario-icon&#8221; css=&#8221;.vc_custom_1491242540967{padding: 5px !important;background-color: #f4f4f4 !important;border: 2px solid #e0e0e0 !important;border-radius: 5px !important;}&#8221;][vc_icon icon_fontawesome=&#8221;fa fa-info&#8221; color=&#8221;grey&#8221; background_style=&#8221;rounded-less&#8221; background_color=&#8221;custom&#8221; size=&#8221;xl&#8221; align=&#8221;center&#8221; css_animation=&#8221;fadeIn&#8221; link=&#8221;url:https%3A%2F%2Fwww3.unicentro.br%2Fanuario%2Fanuario-2019%2Fassistencia-estudantil%2F|||&#8221; css=&#8221;.vc_custom_1533734501836{margin-top: 19px !important;margin-bottom: 5px !important;}&#8221; custom_background_color=&#8221;#c6880b&#8221;][vc_custom_heading text=&#8221;Assist\u00eancia Estudantil&#8221; font_container=&#8221;tag:h4|font_size:18px|text_align:center|color:%23606060&#8243; google_fonts=&#8221;font_family:Gudea%3Aregular%2Citalic%2C700|font_style:400%20regular%3A400%3Anormal&#8221; css_animation=&#8221;fadeIn&#8221; link=&#8221;url:https%3A%2F%2Fwww3.unicentro.br%2Fanuario%2Fanuario-2019%2Fassistencia-estudantil%2F|||&#8221; css=&#8221;.vc_custom_1533734511213{margin-bottom: 10px !important;}&#8221;][\/vc_column][vc_column width=&#8221;1\/6&#8243; css=&#8221;.vc_custom_1494852800466{border-top-width: 2px !important;border-right-width: 2px !important;border-bottom-width: 2px !important;border-left-width: 2px !important;padding-top: 5px !important;padding-right: 5px !important;padding-bottom: 5px !important;padding-left: 5px !important;background-color: #f4f4f4 !important;border-left-color: #e0e0e0 !important;border-left-style: solid !important;border-right-color: #e0e0e0 !important;border-right-style: solid !important;border-top-color: #e0e0e0 !important;border-top-style: solid !important;border-bottom-color: #e0e0e0 !important;border-bottom-style: solid !important;border-radius: 5px !important;}&#8221; el_class=&#8221;anuario-icon&#8221;][vc_icon icon_fontawesome=&#8221;fa fa-flask&#8221; color=&#8221;grey&#8221; background_style=&#8221;rounded-less&#8221; background_color=&#8221;custom&#8221; size=&#8221;xl&#8221; align=&#8221;center&#8221; css_animation=&#8221;fadeIn&#8221; link=&#8221;url:https%3A%2F%2Fwww3.unicentro.br%2Fanuario%2Fanuario-2019%2Fpesquisa%2F|||&#8221; css=&#8221;.vc_custom_1533734573334{margin-top: 19px !important;margin-bottom: 5px !important;}&#8221; custom_background_color=&#8221;#6b0cd1&#8243;][vc_custom_heading text=&#8221;Pesquisa&#8221; font_container=&#8221;tag:h4|font_size:18px|text_align:center|color:%23606060&#8243; google_fonts=&#8221;font_family:Gudea%3Aregular%2Citalic%2C700|font_style:400%20regular%3A400%3Anormal&#8221; css_animation=&#8221;fadeIn&#8221; link=&#8221;url:https%3A%2F%2Fwww3.unicentro.br%2Fanuario%2Fanuario-2019%2Fpesquisa%2F|||&#8221; css=&#8221;.vc_custom_1533734625006{margin-bottom: 10px !important;}&#8221;][\/vc_column][vc_column width=&#8221;1\/6&#8243; el_class=&#8221;anuario-icon&#8221; css=&#8221;.vc_custom_1491242483127{border-top-width: 2px !important;border-right-width: 2px !important;border-bottom-width: 2px !important;border-left-width: 2px !important;padding-top: 5px !important;padding-right: 5px !important;padding-bottom: 5px !important;padding-left: 5px !important;background-color: #f4f4f4 !important;border-left-color: #e0e0e0 !important;border-left-style: solid !important;border-right-color: #e0e0e0 !important;border-right-style: solid !important;border-top-color: #e0e0e0 !important;border-top-style: solid !important;border-bottom-color: #e0e0e0 !important;border-bottom-style: solid !important;border-radius: 5px !important;}&#8221;][vc_icon icon_fontawesome=&#8221;fa fa-clipboard&#8221; color=&#8221;grey&#8221; background_style=&#8221;rounded-less&#8221; background_color=&#8221;custom&#8221; size=&#8221;xl&#8221; align=&#8221;center&#8221; css_animation=&#8221;fadeIn&#8221; link=&#8221;url:https%3A%2F%2Fwww3.unicentro.br%2Fanuario%2Fanuario-2019%2Fprogramas-e-projetos%2F|||&#8221; css=&#8221;.vc_custom_1533734645611{margin-top: 19px !important;margin-bottom: 5px !important;}&#8221; custom_background_color=&#8221;#07a9b5&#8243;][vc_custom_heading text=&#8221;Ensino e Extens\u00e3o&#8221; font_container=&#8221;tag:h4|font_size:18px|text_align:center|color:%23606060&#8243; google_fonts=&#8221;font_family:Gudea%3Aregular%2Citalic%2C700|font_style:400%20regular%3A400%3Anormal&#8221; css_animation=&#8221;fadeIn&#8221; link=&#8221;url:https%3A%2F%2Fwww3.unicentro.br%2Fanuario%2Fanuario-2019%2Fprogramas-e-projetos%2F|||&#8221; css=&#8221;.vc_custom_1533734655517{margin-bottom: 10px !important;}&#8221;][\/vc_column][vc_column width=&#8221;1\/6&#8243; el_class=&#8221;anuario-icon&#8221; css=&#8221;.vc_custom_1491242522223{padding: 5px !important;background-color: #f4f4f4 !important;border: 2px solid #e0e0e0 !important;border-radius: 5px !important;}&#8221;][vc_icon icon_fontawesome=&#8221;fa fa-globe&#8221; color=&#8221;grey&#8221; background_style=&#8221;rounded-less&#8221; background_color=&#8221;custom&#8221; size=&#8221;xl&#8221; align=&#8221;center&#8221; css_animation=&#8221;fadeIn&#8221; link=&#8221;url:https%3A%2F%2Fwww3.unicentro.br%2Fanuario%2Fanuario-2019%2Frelacoes-internacionais%2F|||&#8221; css=&#8221;.vc_custom_1533734671227{margin-top: 19px !important;margin-bottom: 5px !important;}&#8221; custom_background_color=&#8221;#0c71d6&#8243;][vc_custom_heading text=&#8221;Rela\u00e7\u00f5es Internacionais&#8221; font_container=&#8221;tag:h4|font_size:18px|text_align:center|color:%23606060&#8243; google_fonts=&#8221;font_family:Gudea%3Aregular%2Citalic%2C700|font_style:400%20regular%3A400%3Anormal&#8221; css_animation=&#8221;fadeIn&#8221; link=&#8221;url:https%3A%2F%2Fwww3.unicentro.br%2Fanuario%2Fanuario-2019%2Frelacoes-internacionais%2F|||&#8221; css=&#8221;.vc_custom_1533734681532{margin-bottom: 10px !important;}&#8221;][\/vc_column][vc_column width=&#8221;1\/6&#8243;][\/vc_column][\/vc_row][vc_row][vc_column width=&#8221;1\/6&#8243;][\/vc_column][vc_column width=&#8221;1\/6&#8243;][\/vc_column][vc_column width=&#8221;1\/6&#8243; el_class=&#8221;anuario-icon&#8221; css=&#8221;.vc_custom_1595442024988{border-top-width: 2px !important;border-right-width: 2px !important;border-bottom-width: 2px !important;border-left-width: 2px !important;padding-top: 5px !important;padding-right: 5px !important;padding-bottom: 5px !important;padding-left: 5px !important;background-color: #f4f4f4 !important;border-left-color: #e0e0e0 !important;border-left-style: solid !important;border-right-color: #e0e0e0 !important;border-right-style: solid !important;border-top-color: #e0e0e0 !important;border-top-style: solid !important;border-bottom-color: #e0e0e0 !important;border-bottom-style: solid !important;border-radius: 5px !important;}&#8221;][vc_icon icon_fontawesome=&#8221;fa fa-money&#8221; color=&#8221;grey&#8221; background_style=&#8221;rounded-less&#8221; background_color=&#8221;custom&#8221; size=&#8221;xl&#8221; align=&#8221;center&#8221; css_animation=&#8221;fadeIn&#8221; link=&#8221;url:https%3A%2F%2Fwww3.unicentro.br%2Fanuario%2Fanuario-2019%2Forcamento%2F|||&#8221; css=&#8221;.vc_custom_1533734698574{margin-top: 19px !important;margin-bottom: 5px !important;}&#8221; custom_background_color=&#8221;#01b771&#8243;][vc_custom_heading text=&#8221;Or\u00e7amento&#8221; font_container=&#8221;tag:h4|font_size:18px|text_align:center|color:%23606060&#8243; google_fonts=&#8221;font_family:Gudea%3Aregular%2Citalic%2C700|font_style:400%20regular%3A400%3Anormal&#8221; css_animation=&#8221;fadeIn&#8221; link=&#8221;url:https%3A%2F%2Fwww3.unicentro.br%2Fanuario%2Fanuario-2019%2Forcamento%2F|||&#8221; css=&#8221;.vc_custom_1533734722972{margin-bottom: 10px !important;}&#8221;][\/vc_column][vc_column width=&#8221;1\/6&#8243; el_class=&#8221;anuario-icon&#8221; css=&#8221;.vc_custom_1496324175162{border-top-width: 2px !important;border-right-width: 2px !important;border-bottom-width: 2px !important;border-left-width: 2px !important;padding-top: 5px !important;padding-right: 5px !important;padding-bottom: 5px !important;padding-left: 5px !important;background-color: #f4f4f4 !important;border-left-color: #e0e0e0 !important;border-left-style: solid !important;border-right-color: #e0e0e0 !important;border-right-style: solid !important;border-top-color: #e0e0e0 !important;border-top-style: solid !important;border-bottom-color: #e0e0e0 !important;border-bottom-style: solid !important;border-radius: 5px !important;}&#8221;][vc_icon icon_fontawesome=&#8221;fa fa-exchange&#8221; color=&#8221;grey&#8221; background_style=&#8221;rounded-less&#8221; background_color=&#8221;custom&#8221; size=&#8221;xl&#8221; align=&#8221;center&#8221; css_animation=&#8221;fadeIn&#8221; link=&#8221;url:https%3A%2F%2Fwww3.unicentro.br%2Fanuario%2Fanuario-2019%2Fconvenios%2F|||&#8221; css=&#8221;.vc_custom_1533734739651{margin-top: 19px !important;margin-bottom: 5px !important;}&#8221; custom_background_color=&#8221;#28547f&#8221;][vc_custom_heading text=&#8221;Conv\u00eanios e Capta\u00e7\u00e3o de Recursos&#8221; font_container=&#8221;tag:h4|font_size:18px|text_align:center|color:%23606060&#8243; google_fonts=&#8221;font_family:Gudea%3Aregular%2Citalic%2C700|font_style:400%20regular%3A400%3Anormal&#8221; css_animation=&#8221;fadeIn&#8221; link=&#8221;url:https%3A%2F%2Fwww3.unicentro.br%2Fanuario%2Fanuario-2019%2Fconvenios%2F|||&#8221; css=&#8221;.vc_custom_1533734749825{margin-bottom: 10px !important;}&#8221;][\/vc_column][vc_column width=&#8221;1\/6&#8243; el_class=&#8221;anuario-icon&#8221;][\/vc_column][vc_column width=&#8221;1\/6&#8243;][\/vc_column][\/vc_row]<\/p>\n<\/div>","protected":false},"excerpt":{"rendered":"<p>[vc_row u_row_style=&#8221;0&#8243; u_row_paralax=&#8221;0&#8243; u_row_scheme=&#8221;0&#8243; css=&#8221;.vc_custom_1534365464944{margin-top: -40px !important;margin-bottom: 50px !important;}&#8221;][vc_column][\/vc_column][\/vc_row][vc_row u_row_style=&#8221;0&#8243; u_row_paralax=&#8221;0&#8243; u_row_scheme=&#8221;0&#8243; css=&#8221;.vc_custom_1491243847246{margin-bottom: 15px !important;}&#8221;][vc_column width=&#8221;1\/6&#8243;][\/vc_column][vc_column width=&#8221;1\/6&#8243; el_class=&#8221;anuario-icon&#8221; css=&#8221;.vc_custom_1491242540967{padding: 5px !important;background-color: #f4f4f4 !important;border: 2px solid #e0e0e0 !important;border-radius: 5px !important;}&#8221;][vc_icon icon_fontawesome=&#8221;fas fa-microphone&#8221; color=&#8221;white&#8221; background_style=&#8221;rounded-less&#8221; background_color=&#8221;custom&#8221; size=&#8221;xl&#8221; align=&#8221;center&#8221; css_animation=&#8221;fadeIn&#8221; link=&#8221;url:https%3A%2F%2Fwww3.unicentro.br%2Fanuario%2Fanuario-2019%2Fano-base-2019%2F|title:Informa%C3%A7%C3%B5es%20Acad%C3%AAmicas&#8221; css=&#8221;.vc_custom_1695740263314{margin-top: 19px !important;margin-bottom: 5px !important;}&#8221; custom_background_color=&#8221;#000000&#8243;][vc_custom_heading text=&#8221;Apresenta\u00e7\u00e3o&#8221; font_container=&#8221;tag:h4|font_size:18px|text_align:center|color:%23606060&#8243; google_fonts=&#8221;font_family:Gudea%3Aregular%2Citalic%2C700|font_style:400%20regular%3A400%3Anormal&#8221; css_animation=&#8221;fadeIn&#8221; link=&#8221;url:https%3A%2F%2Fwww3.unicentro.br%2Fanuario%2Fanuario-2019%2Fano-base-2019%2F|title:Apresenta%C3%A7%C3%A3o&#8221; css=&#8221;.vc_custom_1695740222407{margin-bottom: 10px !important;}&#8221;][\/vc_column][vc_column width=&#8221;1\/6&#8243; css=&#8221;.vc_custom_1490731119072{border-top-width: 2px [&hellip;]<\/p>\n","protected":false},"author":3,"featured_media":0,"parent":0,"menu_order":0,"comment_status":"closed","ping_status":"closed","template":"","meta":{"_exactmetrics_skip_tracking":false,"_exactmetrics_sitenote_active":false,"_exactmetrics_sitenote_note":"","_exactmetrics_sitenote_category":0,"footnotes":"","_links_to":"","_links_to_target":""},"class_list":["post-2618","page","type-page","status-publish","hentry"],"_links":{"self":[{"href":"https:\/\/www3.unicentro.br\/anuario\/wp-json\/wp\/v2\/pages\/2618","targetHints":{"allow":["GET"]}}],"collection":[{"href":"https:\/\/www3.unicentro.br\/anuario\/wp-json\/wp\/v2\/pages"}],"about":[{"href":"https:\/\/www3.unicentro.br\/anuario\/wp-json\/wp\/v2\/types\/page"}],"author":[{"embeddable":true,"href":"https:\/\/www3.unicentro.br\/anuario\/wp-json\/wp\/v2\/users\/3"}],"replies":[{"embeddable":true,"href":"https:\/\/www3.unicentro.br\/anuario\/wp-json\/wp\/v2\/comments?post=2618"}],"version-history":[{"count":2,"href":"https:\/\/www3.unicentro.br\/anuario\/wp-json\/wp\/v2\/pages\/2618\/revisions"}],"predecessor-version":[{"id":2809,"href":"https:\/\/www3.unicentro.br\/anuario\/wp-json\/wp\/v2\/pages\/2618\/revisions\/2809"}],"wp:attachment":[{"href":"https:\/\/www3.unicentro.br\/anuario\/wp-json\/wp\/v2\/media?parent=2618"}],"curies":[{"name":"wp","href":"https:\/\/api.w.org\/{rel}","templated":true}]}}