{"id":2587,"date":"2023-10-23T11:16:21","date_gmt":"2023-10-23T14:16:21","guid":{"rendered":"https:\/\/www3.unicentro.br\/anuario\/?page_id=2587"},"modified":"2023-10-23T11:20:43","modified_gmt":"2023-10-23T14:20:43","slug":"ano-base-2021","status":"publish","type":"page","link":"https:\/\/www3.unicentro.br\/anuario\/anuario-2021\/ano-base-2021\/","title":{"rendered":"Apresenta\u00e7\u00e3o"},"content":{"rendered":"<div class=\"wpb-content-wrapper\"><p>[vc_row][vc_column][vc_column_text]<span style=\"font-family: arial, helvetica, sans-serif;font-size: 18pt\">Apresenta\u00e7\u00e3o<\/span><\/p>\n<p style=\"text-align: justify\"><span style=\"font-family: arial, helvetica, sans-serif\">O Anu\u00e1rio Estat\u00edstico da Unicentro \u2013 2021 (ano-base 2021) tem por objetivo apresentar para a comunidade acad\u00eamica e para a sociedade em geral, um conjunto de informa\u00e7\u00f5es sobre os principais indicadores da performance institucional nas suas \u00e1reas de atua\u00e7\u00e3o: ensino, pesquisa, extens\u00e3o, cultura e presta\u00e7\u00e3o de servi\u00e7os \u00e0 comunidade.<\/span><\/p>\n<p style=\"text-align: justify\"><span style=\"font-family: arial, helvetica, sans-serif\">No decorrer do ano de 2021, a Unicentro realizou not\u00f3rias interven\u00e7\u00f5es no meio em que est\u00e1 inserida. Este cat\u00e1logo disponibiliza \u00e0 sociedade as informa\u00e7\u00f5es referentes a esses resultados, em aten\u00e7\u00e3o a presta\u00e7\u00e3o de servi\u00e7os p\u00fablicos. O cat\u00e1logo \u00e9 uma importante ferramenta que pode subsidiar o planejamento estrat\u00e9gico e a formula\u00e7\u00e3o de pol\u00edticas p\u00fablicas para as \u00e1reas abrangidas pela Universidade.<\/span><\/p>\n<p style=\"text-align: justify\"><span style=\"font-family: arial, helvetica, sans-serif\">Neste documento consta o quantitativo de alunos matriculados na institui\u00e7\u00e3o. Em 2021, a Universidade teve 9.178 alunos matriculados no ensino de gradua\u00e7\u00e3o e p\u00f3s-gradua\u00e7\u00e3o. Destes, 6.492 matriculados no ensino de gradua\u00e7\u00e3o presencial, distribu\u00eddos nos 41 cursos ofertados. Ainda, a Unicentro contou com 753 alunos matriculados em seus cinco cursos ofertados no ensino de gradua\u00e7\u00e3o a dist\u00e2ncia. No ensino de p\u00f3s-gradua\u00e7\u00e3o, a Universidade ofereceu 38 cursos nos n\u00edveis de lato e stricto sensu, sendo 13 cursos de especializa\u00e7\u00e3o e 21 programas de mestrado e doutorado. Estiveram matriculados 884 acad\u00eamicos nessas ofertas, distribu\u00eddos nos C\u00e2mpus Santa Cruz, Cedeteg, Irati, nos campus avan\u00e7ados de Chopinzinho, Coronel Vivida e Pitanga, Prudent\u00f3polis e nos polos de apoio presencial para a educa\u00e7\u00e3o a dist\u00e2ncia, com os quais a Universidade mant\u00e9m conv\u00eanios.<\/span><\/p>\n<p style=\"text-align: justify\"><span style=\"font-family: arial, helvetica, sans-serif\">Do ponto de vista do atendimento \u00e0 comunidade, a Universidade prestou servi\u00e7os de fisioterapia, enfermagem, psicologia, nutri\u00e7\u00e3o, farm\u00e1cia, fonoaudiologia, orienta\u00e7\u00e3o e prote\u00e7\u00e3o de direitos da inf\u00e2ncia e juventude e em medicina veterin\u00e1ria, atendendo as necessidades dos munic\u00edpios de Guarapuava, Irati e de toda a regi\u00e3o de entorno, contribuindo \u00e0 sociedade, de forma direta nestas \u00e1reas. Al\u00e9m disso, por meio da Ag\u00eancia de Inova\u00e7\u00e3o Tecnol\u00f3gica, a Unicentro prestou um essencial servi\u00e7o de apoio \u00e0 promo\u00e7\u00e3o da cultura empreendedora e da produ\u00e7\u00e3o intelectual.<\/span><\/p>\n<p style=\"text-align: justify\"><span style=\"font-family: arial, helvetica, sans-serif\">A confec\u00e7\u00e3o deste cat\u00e1logo de informa\u00e7\u00f5es n\u00e3o seria poss\u00edvel sem a colabora\u00e7\u00e3o a participa\u00e7\u00e3o dos setores pedag\u00f3gicos e administrativos da Universidade. Assim, a estes apresentamos nosso agradecimento. Afinal, este anu\u00e1rio se configura como uma importante representa\u00e7\u00e3o dos n\u00edveis de produtividade e desempenho acad\u00eamico, cient\u00edfico e administrativo da Unicentro, que corrobora o cumprimento de sua miss\u00e3o perante a sociedade na qual est\u00e1 inserida.<\/span><\/p>\n<p style=\"text-align: justify\"><span style=\"font-family: arial, helvetica, sans-serif\">Finalmente, destaco o trabalho da equipe executora deste Anu\u00e1rio: do Diretor de Avalia\u00e7\u00e3o Institucional, Angelo Andr\u00e9 Marafon, que coordenou os trabalhos; de Sara Durau Lima, Cassiane Schimidt como respons\u00e1veis pelo tratamento dos dados e diagrama\u00e7\u00e3o do material.<\/span><\/p>\n<p style=\"text-align: right\"><span style=\"font-family: arial, helvetica, sans-serif\"><strong>Maur\u00edcio Jo\u00e3o Atamanczuk<\/strong><\/span><\/p>\n<p style=\"text-align: right\"><span style=\"font-family: arial, helvetica, sans-serif\">Pr\u00f3-Reitor de Planejamento da UNICENTRO<\/span><\/p>\n<p>[\/vc_column_text][\/vc_column][\/vc_row]<\/p>\n<\/div>","protected":false},"excerpt":{"rendered":"<p>[vc_row][vc_column][vc_column_text]Apresenta\u00e7\u00e3o O Anu\u00e1rio Estat\u00edstico da Unicentro \u2013 2021 (ano-base 2021) tem por objetivo apresentar para a comunidade acad\u00eamica e para a sociedade em geral, um conjunto de informa\u00e7\u00f5es sobre os principais indicadores da performance institucional nas suas \u00e1reas de atua\u00e7\u00e3o: ensino, pesquisa, extens\u00e3o, cultura e presta\u00e7\u00e3o de servi\u00e7os \u00e0 comunidade. No decorrer do ano de [&hellip;]<\/p>\n","protected":false},"author":3,"featured_media":0,"parent":2531,"menu_order":0,"comment_status":"closed","ping_status":"closed","template":"","meta":{"_exactmetrics_skip_tracking":false,"_exactmetrics_sitenote_active":false,"_exactmetrics_sitenote_note":"","_exactmetrics_sitenote_category":0,"footnotes":"","_links_to":"","_links_to_target":""},"class_list":["post-2587","page","type-page","status-publish","hentry"],"_links":{"self":[{"href":"https:\/\/www3.unicentro.br\/anuario\/wp-json\/wp\/v2\/pages\/2587","targetHints":{"allow":["GET"]}}],"collection":[{"href":"https:\/\/www3.unicentro.br\/anuario\/wp-json\/wp\/v2\/pages"}],"about":[{"href":"https:\/\/www3.unicentro.br\/anuario\/wp-json\/wp\/v2\/types\/page"}],"author":[{"embeddable":true,"href":"https:\/\/www3.unicentro.br\/anuario\/wp-json\/wp\/v2\/users\/3"}],"replies":[{"embeddable":true,"href":"https:\/\/www3.unicentro.br\/anuario\/wp-json\/wp\/v2\/comments?post=2587"}],"version-history":[{"count":2,"href":"https:\/\/www3.unicentro.br\/anuario\/wp-json\/wp\/v2\/pages\/2587\/revisions"}],"predecessor-version":[{"id":2857,"href":"https:\/\/www3.unicentro.br\/anuario\/wp-json\/wp\/v2\/pages\/2587\/revisions\/2857"}],"up":[{"embeddable":true,"href":"https:\/\/www3.unicentro.br\/anuario\/wp-json\/wp\/v2\/pages\/2531"}],"wp:attachment":[{"href":"https:\/\/www3.unicentro.br\/anuario\/wp-json\/wp\/v2\/media?parent=2587"}],"curies":[{"name":"wp","href":"https:\/\/api.w.org\/{rel}","templated":true}]}}