{"id":2579,"date":"2023-10-23T11:16:22","date_gmt":"2023-10-23T14:16:22","guid":{"rendered":"https:\/\/www3.unicentro.br\/anuario\/?page_id=2579"},"modified":"2024-04-15T15:38:58","modified_gmt":"2024-04-15T18:38:58","slug":"relacoes-internacionais","status":"publish","type":"page","link":"https:\/\/www3.unicentro.br\/anuario\/anuario-2021\/relacoes-internacionais\/","title":{"rendered":"Rela\u00e7\u00f5es Internacionais"},"content":{"rendered":"<div class=\"wpb-content-wrapper\"><p>[vc_row][vc_column width=&#8221;1\/3&#8243;][vc_column_text]<\/p>\n<p style=\"text-align: justify\"><span style=\"font-size: 16pt\">Rela\u00e7\u00f5es Internacionais<\/span><\/p>\n<p style=\"text-align: justify\" align=\"JUSTIFY\">O Escrit\u00f3rio de Rela\u00e7\u00f5es Internacionais, ERI, da Unicentro, tem como seu principal objetivo suprir a grande demanda de internacionaliza\u00e7\u00e3o institucional. A Universidade conta com parcerias de diversos pa\u00edses, facilitando cada vez mais os projetos de interc\u00e2mbio e capacita\u00e7\u00e3o no exterior para acad\u00eamicos, docentes e agentes universit\u00e1rios da Universidade. E devido essas parcerias entre diversos pa\u00edses, atualmente v\u00e1rios acad\u00eamicos internacionais ingressam na institui\u00e7\u00e3o.<\/p>\n<p>[\/vc_column_text][\/vc_column][vc_column width=&#8221;2\/3&#8243;][vc_gallery interval=&#8221;3&#8243; images=&#8221;2966,2960&#8243; img_size=&#8221;large&#8221;][\/vc_column][\/vc_row][vc_row][vc_column][vc_tta_accordion color=&#8221;white&#8221; c_icon=&#8221;chevron&#8221; active_section=&#8221;10&#8243; collapsible_all=&#8221;true&#8221; title=&#8221;Estudantes do Exterior Matriculados na Unicentro&#8221;][vc_tta_section title=&#8221;Alunos Matriculados por Gradua\u00e7\u00e3o e P\u00f3s-Gradua\u00e7\u00e3o &#8211; 2021&#8243; tab_id=&#8221;1494436270355-9166d809-e9a8&#8243;][vc_column_text]<\/p>\n<table class=\" aligncenter\" style=\"width: 45.6043%;height: 302px\" border=\"0\" cellspacing=\"0\">\n<caption><strong><span style=\"font-family: arial, helvetica, sans-serif\">ALUNOS DO EXTERIOR MATRICULADOS POR GRADUA\u00c7\u00c3O E P\u00d3S-GRADUA\u00c7\u00c3O &#8211; 2021<\/span><\/strong><\/caption>\n<thead>\n<tr style=\"height: 47px\">\n<td style=\"text-align: center;height: 47px\" align=\"left\" height=\"17\"><strong><span style=\"font-family: arial, helvetica, sans-serif\">GRADUA\u00c7\u00c3O<\/span><\/strong><\/td>\n<td style=\"text-align: center;height: 47px\" align=\"left\"><strong><span style=\"font-family: arial, helvetica, sans-serif\">TOTAL<\/span><\/strong><\/td>\n<td style=\"text-align: center;height: 47px\" align=\"left\"><strong><span style=\"font-family: arial, helvetica, sans-serif\">P\u00d3S-GRADUA\u00c7\u00c3O<\/span><\/strong><\/td>\n<td style=\"text-align: center;height: 47px\" align=\"left\"><strong><span style=\"font-family: arial, helvetica, sans-serif\">TOTAL<\/span><\/strong><\/td>\n<\/tr>\n<\/thead>\n<colgroup width=\"102\"><\/colgroup>\n<colgroup width=\"103\"><\/colgroup>\n<colgroup width=\"146\"><\/colgroup>\n<colgroup width=\"85\"><\/colgroup>\n<tbody>\n<tr style=\"height: 23px\">\n<td style=\"height: 23px\" align=\"left\" height=\"17\">11<\/td>\n<td style=\"height: 23px\" align=\"left\">11<\/td>\n<td style=\"text-align: left;height: 23px\" align=\"left\">04<\/td>\n<td style=\"text-align: right;height: 23px\" align=\"right\">15<\/td>\n<\/tr>\n<tr style=\"height: 23px\">\n<td style=\"text-align: left;height: 23px\" align=\"left\" height=\"17\"><strong><span style=\"font-family: arial, helvetica, sans-serif\">TOTAL<\/span><\/strong><\/td>\n<td style=\"height: 23px;text-align: left\" align=\"right\">11<\/td>\n<td style=\"text-align: left;height: 23px\" align=\"left\">04<\/td>\n<td style=\"text-align: right;height: 23px\" align=\"right\">15<\/td>\n<\/tr>\n<tr style=\"height: 23px\">\n<td style=\"text-align: left;height: 23px\" colspan=\"2\" align=\"left\" height=\"17\"><strong><span style=\"font-family: arial, helvetica, sans-serif\">TOTAL GERAL<\/span><\/strong><\/td>\n<td style=\"text-align: right;height: 23px\" colspan=\"2\" align=\"right\"><span style=\"font-family: arial, helvetica, sans-serif\"><b>30<\/b><\/span><\/td>\n<\/tr>\n<\/tbody>\n<\/table>\n<p>[\/vc_column_text][\/vc_tta_section][vc_tta_section title=&#8221;Alunos Matriculados por \u00c1rea de Conhecimento &#8211; 2021&#8243; tab_id=&#8221;1494436434750-04f4ddfc-dba5&#8243;][vc_column_text]<\/p>\n<table class=\" aligncenter\" style=\"width: 100%;height: 175px\">\n<caption><strong><span style=\"font-family: arial, helvetica, sans-serif\">ALUNOS DO EXTERIOR MATRICULADOS POR \u00c1REA DE CONHECIMENTO &#8211; 2021<\/span><\/strong><\/caption>\n<thead>\n<tr style=\"height: 31px\">\n<td style=\"text-align: left;height: 31px\"><strong><span style=\"font-family: arial, helvetica, sans-serif\">\u00c1REA DE CONHECIMENTO<\/span><\/strong><\/td>\n<td style=\"text-align: right;height: 31px\"><strong><span style=\"font-family: arial, helvetica, sans-serif\">GRADUA\u00c7\u00c3O<\/span><\/strong><\/td>\n<td style=\"text-align: right;height: 31px\"><strong><span style=\"font-family: arial, helvetica, sans-serif\">P\u00d3S-GRADUA\u00c7\u00c3O<\/span><\/strong><\/td>\n<td style=\"text-align: right;height: 31px\"><strong><span style=\"font-family: arial, helvetica, sans-serif\">TOTAL<\/span><\/strong><\/td>\n<\/tr>\n<\/thead>\n<tbody>\n<tr style=\"height: 24px\">\n<td style=\"text-align: left;height: 24px\"><span style=\"font-family: arial, helvetica, sans-serif\">Ci\u00eancias Agr\u00e1rias<\/span><\/td>\n<td style=\"text-align: right;height: 24px\"><span style=\"font-family: arial, helvetica, sans-serif\">01<\/span><\/td>\n<td style=\"text-align: right;height: 24px\">\u00a0&#8211;<\/td>\n<td style=\"text-align: right;height: 24px\">01<\/td>\n<\/tr>\n<tr style=\"height: 24px\">\n<td style=\"text-align: left;height: 24px\"><span style=\"font-family: arial, helvetica, sans-serif\">Ci\u00eancias da Sa\u00fade<\/span><\/td>\n<td style=\"text-align: right;height: 24px\"><span style=\"font-family: arial, helvetica, sans-serif\">02<\/span><\/td>\n<td style=\"text-align: right;height: 24px\">&#8211;<\/td>\n<td style=\"text-align: right;height: 24px\">02<\/td>\n<\/tr>\n<tr style=\"height: 24px\">\n<td style=\"text-align: left;height: 24px\"><span style=\"font-family: arial, helvetica, sans-serif\">Ci\u00eancias Exatas<\/span><\/td>\n<td style=\"text-align: right;height: 24px\"><span style=\"font-family: arial, helvetica, sans-serif\">02<\/span><\/td>\n<td style=\"text-align: right;height: 24px\">&#8211;<\/td>\n<td style=\"text-align: right;height: 24px\">02<\/td>\n<\/tr>\n<tr style=\"height: 24px\">\n<td style=\"text-align: left;height: 24px\"><span style=\"font-family: arial, helvetica, sans-serif\">Ci\u00eancias Humanas, Letras e Artes<\/span><\/td>\n<td style=\"text-align: right;height: 24px\"><span style=\"font-family: arial, helvetica, sans-serif\">03<\/span><\/td>\n<td style=\"text-align: right;height: 24px\">&#8211;<\/td>\n<td style=\"text-align: right;height: 24px\">03<\/td>\n<\/tr>\n<tr style=\"height: 24px\">\n<td style=\"text-align: left;height: 24px\"><span style=\"font-family: arial, helvetica, sans-serif\">Ci\u00eancias Sociais Aplicadas<\/span><\/td>\n<td style=\"text-align: right;height: 24px\"><span style=\"font-family: arial, helvetica, sans-serif\">03<\/span><\/td>\n<td style=\"text-align: right;height: 24px\">&#8211;<\/td>\n<td style=\"text-align: right;height: 24px\">03<\/td>\n<\/tr>\n<tr style=\"height: 24px\">\n<td style=\"text-align: left;height: 24px\"><strong><span style=\"font-family: arial, helvetica, sans-serif\">TOTAL GERAL<\/span><\/strong><\/td>\n<td style=\"text-align: right;height: 24px\"><span style=\"font-family: arial, helvetica, sans-serif\"><b>11<\/b><\/span><\/td>\n<td style=\"text-align: right;height: 24px\">&#8211;<\/td>\n<td style=\"text-align: right;height: 24px\">11<\/td>\n<\/tr>\n<\/tbody>\n<\/table>\n<p>[\/vc_column_text][\/vc_tta_section][vc_tta_section title=&#8221;Alunos Matriculados por Pa\u00eds de Origem &#8211; 2021&#8243; tab_id=&#8221;1494436442663-672668fa-3b8d&#8221;][vc_column_text]<\/p>\n<table class=\" aligncenter\">\n<caption><strong><span style=\"font-family: arial, helvetica, sans-serif\">ALUNOS DO EXTERIOR MATRICULADOS POR PA\u00cdS DE ORIGEM &#8211; 2021<\/span><\/strong><\/caption>\n<thead>\n<tr>\n<td style=\"text-align: left\"><strong><span style=\"font-family: arial, helvetica, sans-serif\">PA\u00cdS<\/span><\/strong><\/td>\n<td style=\"text-align: right\"><strong><span style=\"font-family: arial, helvetica, sans-serif\">GRADUA\u00c7\u00c3O<\/span><\/strong><\/td>\n<td style=\"text-align: right\"><strong><span style=\"font-family: arial, helvetica, sans-serif\">P\u00d3S-GRADUA\u00c7\u00c3O<\/span><\/strong><\/td>\n<td style=\"text-align: right\"><strong><span style=\"font-family: arial, helvetica, sans-serif\">TOTAL<\/span><\/strong><\/td>\n<\/tr>\n<\/thead>\n<tbody>\n<tr>\n<td style=\"text-align: left\">Paraguai<\/td>\n<td style=\"text-align: right\">06<\/td>\n<td style=\"text-align: right\">&#8211;<\/td>\n<td style=\"text-align: right\">06<\/td>\n<\/tr>\n<tr>\n<td style=\"text-align: left\">Equador<\/td>\n<td style=\"text-align: right\">02<\/td>\n<td style=\"text-align: right\">&#8211;<\/td>\n<td style=\"text-align: right\">02<\/td>\n<\/tr>\n<tr>\n<td style=\"text-align: left\">Alemanha<\/td>\n<td style=\"text-align: right\">01<\/td>\n<td style=\"text-align: right\">&#8211;<\/td>\n<td style=\"text-align: right\">01<\/td>\n<\/tr>\n<tr>\n<td style=\"text-align: left\">Jap\u00e3o<\/td>\n<td style=\"text-align: right\">01<\/td>\n<td style=\"text-align: right\">&#8211;<\/td>\n<td style=\"text-align: right\">01<\/td>\n<\/tr>\n<tr>\n<td style=\"text-align: left\">Estados Unidos<\/td>\n<td style=\"text-align: right\">01<\/td>\n<td style=\"text-align: right\">&#8211;<\/td>\n<td style=\"text-align: right\">01<\/td>\n<\/tr>\n<tr>\n<td style=\"text-align: left\">Cabo Verde<\/td>\n<td style=\"text-align: right\">01<\/td>\n<td style=\"text-align: right\">&#8211;<\/td>\n<td style=\"text-align: right\">01<\/td>\n<\/tr>\n<tr>\n<td style=\"text-align: left\">Alemanha<\/td>\n<td style=\"text-align: right\">01<\/td>\n<td style=\"text-align: right\">&#8211;<\/td>\n<td style=\"text-align: right\">01<\/td>\n<\/tr>\n<tr>\n<td style=\"text-align: left\">Angola<\/td>\n<td style=\"text-align: right\">01<\/td>\n<td style=\"text-align: right\">&#8211;<\/td>\n<td style=\"text-align: right\">01<\/td>\n<\/tr>\n<tr>\n<td style=\"text-align: left\">Col\u00f4mbia<\/td>\n<td style=\"text-align: right\">01<\/td>\n<td style=\"text-align: right\">&#8211;<\/td>\n<td style=\"text-align: right\">01<\/td>\n<\/tr>\n<tr>\n<td style=\"text-align: left\"><strong><span style=\"font-family: arial, helvetica, sans-serif\">TOTAL GERAL<\/span><\/strong><\/td>\n<td style=\"text-align: right\">15<\/td>\n<td style=\"text-align: right\">&#8211;<\/td>\n<td style=\"text-align: right\">15<\/td>\n<\/tr>\n<\/tbody>\n<\/table>\n<p>[\/vc_column_text][\/vc_tta_section][\/vc_tta_accordion][vc_tta_accordion color=&#8221;white&#8221; c_icon=&#8221;chevron&#8221; active_section=&#8221;10&#8243; collapsible_all=&#8221;true&#8221; title=&#8221;Estudantes da Unicentro no Exterior&#8221;][vc_tta_section title=&#8221;Alunos Matriculados no Exterior por Gradua\u00e7\u00e3o e P\u00f3s-Gradua\u00e7\u00e3o &#8211; 2021&#8243; tab_id=&#8221;1494436252041-0a6cc592-2d92&#8243;][vc_column_text]<\/p>\n<table class=\" aligncenter\" border=\"0\" cellspacing=\"0\">\n<caption><strong>ALUNOS MATRICULADOS NO EXTERIOR POR GRADUA\u00c7\u00c3O E P\u00d3S-GRADUA\u00c7\u00c3O &#8211; 2021<\/strong><\/caption>\n<thead>\n<tr>\n<td align=\"left\" height=\"17\"><strong>GRADUA\u00c7\u00c3O<\/strong><\/td>\n<td align=\"left\"><strong>TOTAL<\/strong><\/td>\n<td align=\"left\"><strong>P\u00d3S-GRADUA\u00c7\u00c3O<\/strong><\/td>\n<td align=\"left\"><strong>TOTAL<\/strong><\/td>\n<\/tr>\n<\/thead>\n<colgroup width=\"108\"><\/colgroup>\n<colgroup width=\"103\"><\/colgroup>\n<colgroup width=\"141\"><\/colgroup>\n<colgroup width=\"85\"><\/colgroup>\n<tbody>\n<tr>\n<td style=\"text-align: left\" align=\"left\" height=\"17\">Bacharelado<\/td>\n<td style=\"text-align: right\" align=\"right\">08<\/td>\n<td style=\"text-align: left\" align=\"left\">Mestrado Acad\u00eamico<\/td>\n<td style=\"text-align: right\" align=\"right\">10<\/td>\n<\/tr>\n<tr>\n<td style=\"text-align: left\" align=\"left\" height=\"17\">Licenciatura<\/td>\n<td style=\"text-align: right\" align=\"right\">04<\/td>\n<td style=\"text-align: left\" align=\"left\">Mestrado Profissional<\/td>\n<td style=\"text-align: right\" align=\"right\">00<\/td>\n<\/tr>\n<tr>\n<td style=\"text-align: left\" align=\"left\" height=\"17\"><\/td>\n<td style=\"text-align: right\" align=\"right\"><\/td>\n<td style=\"text-align: left\" align=\"left\">Doutorado<\/td>\n<td style=\"text-align: right\" align=\"right\">05<\/td>\n<\/tr>\n<tr>\n<td style=\"text-align: left\" align=\"left\" height=\"17\"><strong>TOTAL<\/strong><\/td>\n<td style=\"text-align: right\" align=\"right\"><strong>12<\/strong><\/td>\n<td style=\"text-align: left\" align=\"left\"><strong>TOTAL<\/strong><\/td>\n<td style=\"text-align: right\" align=\"right\"><strong>15<\/strong><\/td>\n<\/tr>\n<tr>\n<td style=\"text-align: left\" colspan=\"2\" align=\"left\" height=\"17\"><strong>TOTAL GERAL<\/strong><\/td>\n<td style=\"text-align: right\" colspan=\"2\" align=\"left\"><strong>27<\/strong><\/td>\n<\/tr>\n<\/tbody>\n<\/table>\n<p>[\/vc_column_text][\/vc_tta_section][vc_tta_section title=&#8221;Alunos Matriculados no Exterior por \u00c1reas de Conhecimento &#8211; 2021&#8243; tab_id=&#8221;1494436252041-18b8319e-e2b3&#8243;][vc_column_text]<\/p>\n<table class=\" aligncenter\">\n<caption><strong><span style=\"font-family: arial, helvetica, sans-serif\">ALUNOS MATRICULADOS NO EXTERIOR POR \u00c1REAS DE CONHECIMENTO &#8211; 2021<\/span><\/strong><\/caption>\n<thead>\n<tr>\n<td style=\"text-align: left\"><strong><span style=\"font-family: arial, helvetica, sans-serif\">\u00c1REA DE CONHECIMENTO<\/span><\/strong><\/td>\n<td style=\"text-align: right\"><strong><span style=\"font-family: arial, helvetica, sans-serif\">GRADUA\u00c7\u00c3O<\/span><\/strong><\/td>\n<td style=\"text-align: right\"><strong><span style=\"font-family: arial, helvetica, sans-serif\">P\u00d3S-GRADUA\u00c7\u00c3O<\/span><\/strong><\/td>\n<td style=\"text-align: right\"><strong><span style=\"font-family: arial, helvetica, sans-serif\">TOTAL<\/span><\/strong><\/td>\n<\/tr>\n<\/thead>\n<tbody>\n<tr>\n<td style=\"text-align: left\"><span style=\"font-family: arial, helvetica, sans-serif\">Ci\u00eancias Agr\u00e1rias<\/span><\/td>\n<td style=\"text-align: right\"><span style=\"font-family: arial, helvetica, sans-serif\">04<\/span><\/td>\n<td style=\"text-align: right\">&#8211;<\/td>\n<td style=\"text-align: right\">04<\/td>\n<\/tr>\n<tr>\n<td style=\"text-align: left\"><span style=\"font-family: arial, helvetica, sans-serif\">Ci\u00eancias Exatas<\/span><\/td>\n<td style=\"text-align: right\"><span style=\"font-family: arial, helvetica, sans-serif\">03<\/span><\/td>\n<td style=\"text-align: right\">&#8211;<\/td>\n<td style=\"text-align: right\">03<\/td>\n<\/tr>\n<tr>\n<td style=\"text-align: left\"><strong><span style=\"font-family: arial, helvetica, sans-serif\">TOTAL<\/span><\/strong><\/td>\n<td style=\"text-align: right\"><span style=\"font-family: arial, helvetica, sans-serif\"><b>07<\/b><\/span><\/td>\n<td style=\"text-align: right\"><span style=\"font-family: arial, helvetica, sans-serif\"><b>&#8211;<\/b><\/span><\/td>\n<td style=\"text-align: right\"><span style=\"font-family: arial, helvetica, sans-serif\"><b>07<\/b><\/span><\/td>\n<\/tr>\n<\/tbody>\n<\/table>\n<p>[\/vc_column_text][\/vc_tta_section][vc_tta_section title=&#8221;Alunos Matriculados no Exterior por Pa\u00eds de Destino &#8211; 2021&#8243; tab_id=&#8221;1494520877306-83bdea16-2227&#8243;][vc_column_text]<\/p>\n<table class=\" aligncenter\" style=\"width: 14.9597%\">\n<caption><strong><span style=\"font-family: arial, helvetica, sans-serif\">ALUNOS MATRICULADOS NO EXTERIOR POR PA\u00cdS DE DESTINO &#8211; 2021<\/span><\/strong><\/caption>\n<thead>\n<tr>\n<td style=\"width: 31.1203%\"><strong><span style=\"font-family: arial, helvetica, sans-serif\">PA\u00cdS<\/span><\/strong><\/td>\n<td style=\"width: 45.6432%\"><strong><span style=\"font-family: arial, helvetica, sans-serif\">GRADUA\u00c7\u00c3O<\/span><\/strong><\/td>\n<td style=\"width: 23.2365%\"><strong><span style=\"font-family: arial, helvetica, sans-serif\">TOTAL<\/span><\/strong><\/td>\n<\/tr>\n<\/thead>\n<tbody>\n<tr>\n<td style=\"text-align: left;width: 31.1203%\">B\u00e9lgica<\/td>\n<td style=\"text-align: right;width: 45.6432%\">02<\/td>\n<td style=\"text-align: right;width: 23.2365%\">02<\/td>\n<\/tr>\n<tr>\n<td style=\"text-align: left;width: 31.1203%\">Portugal<\/td>\n<td style=\"text-align: right;width: 45.6432%\">03<\/td>\n<td style=\"text-align: right;width: 23.2365%\">03<\/td>\n<\/tr>\n<tr>\n<td style=\"text-align: left;width: 31.1203%\">Inglaterra<\/td>\n<td style=\"text-align: right;width: 45.6432%\">01<\/td>\n<td style=\"text-align: right;width: 23.2365%\">01<\/td>\n<\/tr>\n<tr>\n<td style=\"text-align: left;width: 31.1203%\">Argentina<\/td>\n<td style=\"text-align: right;width: 45.6432%\">01<\/td>\n<td style=\"text-align: right;width: 23.2365%\">01<\/td>\n<\/tr>\n<tr>\n<td style=\"text-align: left;width: 31.1203%\"><strong><span style=\"font-family: arial, helvetica, sans-serif\">TOTAL<\/span><\/strong><\/td>\n<td style=\"text-align: right;width: 45.6432%\"><strong>07<\/strong><\/td>\n<td style=\"text-align: right;width: 23.2365%\"><strong>07<\/strong><\/td>\n<\/tr>\n<\/tbody>\n<\/table>\n<p>[\/vc_column_text][\/vc_tta_section][\/vc_tta_accordion][vc_tta_accordion color=&#8221;white&#8221; c_icon=&#8221;chevron&#8221; active_section=&#8221;10&#8243; collapsible_all=&#8221;true&#8221; title=&#8221;Acordos de Coopera\u00e7\u00e3o Internacional&#8221;][vc_tta_section title=&#8221;N\u00fameros de Acordos Internacionais &#8211; 2020&#8243; tab_id=&#8221;1494436211037-b8c412b5-6b1a&#8221;][vc_column_text]<\/p>\n<table class=\" aligncenter\" style=\"width: 100%;height: 72px\">\n<caption><span style=\"font-family: arial, helvetica, sans-serif\"><strong>N\u00daMEROS DE ACORDOS INTERNACIONAIS &#8211; 2020<\/strong><\/span><\/caption>\n<thead>\n<tr style=\"height: 24px\">\n<td style=\"height: 24px\"><strong><span style=\"font-family: arial, helvetica, sans-serif\">Pa\u00eds de Acordo<\/span><\/strong><\/td>\n<td style=\"height: 24px\"><strong><span style=\"font-family: arial, helvetica, sans-serif\">TOTAL<\/span><\/strong><\/td>\n<\/tr>\n<\/thead>\n<tbody>\n<tr style=\"height: 24px\">\n<td style=\"text-align: left;height: 24px\">Alemanha<\/td>\n<td style=\"text-align: right;height: 24px\">01<\/td>\n<\/tr>\n<tr style=\"height: 24px\">\n<td style=\"text-align: left;height: 24px\">Portugal<\/td>\n<td style=\"text-align: right;height: 24px\">01<\/td>\n<\/tr>\n<tr>\n<td style=\"text-align: left\">Panam\u00e1<\/td>\n<td style=\"text-align: right\">01<\/td>\n<\/tr>\n<tr>\n<td style=\"text-align: left\">Ucr\u00e2nia<\/td>\n<td style=\"text-align: right\">01<\/td>\n<\/tr>\n<tr>\n<td style=\"text-align: left\">Uruguai<\/td>\n<td style=\"text-align: right\">01<\/td>\n<\/tr>\n<tr>\n<td style=\"text-align: left\">B\u00e9lgica<\/td>\n<td style=\"text-align: right\">01<\/td>\n<\/tr>\n<tr>\n<td style=\"text-align: left\">Inernational Human Motricity Network<\/td>\n<td style=\"text-align: right\">01<\/td>\n<\/tr>\n<\/tbody>\n<\/table>\n<p>[\/vc_column_text][\/vc_tta_section][vc_tta_section title=&#8221;Rela\u00e7\u00e3o de Acordos de Coopera\u00e7\u00e3o Internacional &#8211; 2020&#8243; tab_id=&#8221;1494436221130-0e78fe5f-d7bf&#8221;][vc_column_text]<\/p>\n<table class=\" aligncenter\" style=\"width: 38.113%;height: 384px\">\n<caption><strong><span style=\"font-family: arial, helvetica, sans-serif\">RELA\u00c7\u00c3O DE ACORDOS DE COOPERA\u00c7\u00c3O INTERNACIONAL &#8211; 2020<\/span><\/strong><\/caption>\n<thead>\n<tr style=\"height: 24px\">\n<td style=\"text-align: center;width: 614px;height: 24px\"><span style=\"font-family: arial, helvetica, sans-serif;font-size: 10pt\"><strong>INSTITUI\u00c7\u00c3O<\/strong><\/span><\/td>\n<\/tr>\n<\/thead>\n<tbody>\n<tr style=\"height: 24px\">\n<td style=\"text-align: left;width: 614px;height: 24px\">Hochschule f\u00fcr Forstwirtschaft Rottenburg<\/td>\n<\/tr>\n<tr style=\"height: 24px\">\n<td style=\"text-align: left;width: 614px;height: 24px\">Instituto Polit\u00e9cnico de Viseu &#8211; IPV<\/td>\n<\/tr>\n<tr style=\"height: 24px\">\n<td style=\"text-align: left;width: 614px;height: 24px\">UNIVERSIDAD TECNOL\u00d3GICA DE PANAM\u00c1 &#8211; UTP<\/td>\n<\/tr>\n<tr style=\"height: 24px\">\n<td style=\"text-align: left;width: 614px;height: 24px\">International Human Motricity Network<\/td>\n<\/tr>\n<tr style=\"height: 24px\">\n<td style=\"text-align: left;width: 614px;height: 24px\">H.S. Skovoroda Kharkiv Universidade Pedag\u00f3gica Nacional<\/td>\n<\/tr>\n<tr style=\"height: 24px\">\n<td style=\"text-align: left;width: 614px;height: 24px\">Universidad de la Empresa<\/td>\n<\/tr>\n<tr style=\"height: 24px\">\n<td style=\"text-align: left;width: 614px;height: 24px\">Universidade de Mons<\/td>\n<\/tr>\n<\/tbody>\n<\/table>\n<p>[\/vc_column_text][\/vc_tta_section][\/vc_tta_accordion][vc_single_image image=&#8221;439&#8243; img_size=&#8221;large&#8221;][vc_row_inner][vc_column_inner][\/vc_column_inner][\/vc_row_inner][\/vc_column][\/vc_row]<\/p>\n<\/div>","protected":false},"excerpt":{"rendered":"<p>[vc_row][vc_column width=&#8221;1\/3&#8243;][vc_column_text] Rela\u00e7\u00f5es Internacionais O Escrit\u00f3rio de Rela\u00e7\u00f5es Internacionais, ERI, da Unicentro, tem como seu principal objetivo suprir a grande demanda de internacionaliza\u00e7\u00e3o institucional. A Universidade conta com parcerias de diversos pa\u00edses, facilitando cada vez mais os projetos de interc\u00e2mbio e capacita\u00e7\u00e3o no exterior para acad\u00eamicos, docentes e agentes universit\u00e1rios da Universidade. E devido essas [&hellip;]<\/p>\n","protected":false},"author":3,"featured_media":0,"parent":2531,"menu_order":0,"comment_status":"closed","ping_status":"closed","template":"","meta":{"_exactmetrics_skip_tracking":false,"_exactmetrics_sitenote_active":false,"_exactmetrics_sitenote_note":"","_exactmetrics_sitenote_category":0,"footnotes":"","_links_to":"","_links_to_target":""},"class_list":["post-2579","page","type-page","status-publish","hentry"],"_links":{"self":[{"href":"https:\/\/www3.unicentro.br\/anuario\/wp-json\/wp\/v2\/pages\/2579","targetHints":{"allow":["GET"]}}],"collection":[{"href":"https:\/\/www3.unicentro.br\/anuario\/wp-json\/wp\/v2\/pages"}],"about":[{"href":"https:\/\/www3.unicentro.br\/anuario\/wp-json\/wp\/v2\/types\/page"}],"author":[{"embeddable":true,"href":"https:\/\/www3.unicentro.br\/anuario\/wp-json\/wp\/v2\/users\/3"}],"replies":[{"embeddable":true,"href":"https:\/\/www3.unicentro.br\/anuario\/wp-json\/wp\/v2\/comments?post=2579"}],"version-history":[{"count":3,"href":"https:\/\/www3.unicentro.br\/anuario\/wp-json\/wp\/v2\/pages\/2579\/revisions"}],"predecessor-version":[{"id":3266,"href":"https:\/\/www3.unicentro.br\/anuario\/wp-json\/wp\/v2\/pages\/2579\/revisions\/3266"}],"up":[{"embeddable":true,"href":"https:\/\/www3.unicentro.br\/anuario\/wp-json\/wp\/v2\/pages\/2531"}],"wp:attachment":[{"href":"https:\/\/www3.unicentro.br\/anuario\/wp-json\/wp\/v2\/media?parent=2579"}],"curies":[{"name":"wp","href":"https:\/\/api.w.org\/{rel}","templated":true}]}}