{"id":2575,"date":"2023-10-23T11:16:22","date_gmt":"2023-10-23T14:16:22","guid":{"rendered":"https:\/\/www3.unicentro.br\/anuario\/?page_id=2575"},"modified":"2023-10-23T11:20:46","modified_gmt":"2023-10-23T14:20:46","slug":"inovacao","status":"publish","type":"page","link":"https:\/\/www3.unicentro.br\/anuario\/anuario-2021\/inovacao\/","title":{"rendered":"Inova\u00e7\u00e3o"},"content":{"rendered":"<div class=\"wpb-content-wrapper\"><p>[vc_row][vc_column width=&#8221;1\/2&#8243;][vc_empty_space][vc_gallery interval=&#8221;3&#8243; images=&#8221;2060,2019&#8243; img_size=&#8221;large&#8221; onclick=&#8221;&#8221;][\/vc_column][vc_column width=&#8221;1\/2&#8243;][vc_column_text]<\/p>\n<p style=\"text-align: justify\"><span style=\"font-size: 16pt\">Inova\u00e7\u00e3o<\/span><\/p>\n<p style=\"text-align: justify\" align=\"JUSTIFY\">A tecnologia da inova\u00e7\u00e3o integra as Universidades p\u00fablicas e privadas, concretizando a melhor divulga\u00e7\u00e3o e implanta\u00e7\u00e3o dos conhecimentos gerados. Coordenadas pela Ag\u00eancia de Inova\u00e7\u00e3o Tecnol\u00f3gica, NOVATEC, e pela Incubadora Tecnol\u00f3gica de Guarapuava, INTEG, localizadas no Campus Cedeteg, as atividades de inova\u00e7\u00e3o na Universidade visam o aprimoramento regional e, por meio desses setores, oferece servi\u00e7os de amparo, assist\u00eancia e capacita\u00e7\u00e3o para empreendimentos, apoio \u00e0 cria\u00e7\u00e3o de laborat\u00f3rios de presta\u00e7\u00e3o de servi\u00e7os, prote\u00e7\u00e3o de cria\u00e7\u00f5es, licenciamentos, inova\u00e7\u00f5es e outras formas de transfer\u00eancia de tecnologias.<\/p>\n<p>[\/vc_column_text][\/vc_column][\/vc_row][vc_row][vc_column][vc_tta_accordion color=&#8221;white&#8221; c_icon=&#8221;chevron&#8221; active_section=&#8221;10&#8243; collapsible_all=&#8221;true&#8221; title=&#8221;Dados Gerais&#8221;][vc_tta_section title=&#8221;Patentes e Marcas Depositadas &#8211; 2021&#8243; tab_id=&#8221;1494856446615-c0079559-b896&#8243;][vc_column_text]<\/p>\n<table class=\" aligncenter\" width=\"352\">\n<thead>\n<tr>\n<td style=\"text-align: center\" colspan=\"2\"><span style=\"font-family: arial, helvetica, sans-serif\"><strong>PATENTES E MARCAS<\/strong><\/span><\/td>\n<\/tr>\n<\/thead>\n<tbody>\n<tr>\n<td style=\"text-align: left\"><span style=\"font-family: arial, helvetica, sans-serif\">Patentes Depositadas<\/span><\/td>\n<td style=\"text-align: right\"><span style=\"font-family: arial, helvetica, sans-serif\">03<\/span><\/td>\n<\/tr>\n<tr>\n<td style=\"text-align: left\"><span style=\"font-family: arial, helvetica, sans-serif\">Marcas Depositadas<\/span><\/td>\n<td style=\"text-align: right\"><span style=\"font-family: arial, helvetica, sans-serif\">07<\/span><\/td>\n<\/tr>\n<tr>\n<td style=\"text-align: left\"><span style=\"font-family: arial, helvetica, sans-serif\"><strong>TOTAL<\/strong><\/span><\/td>\n<td style=\"text-align: right\"><span style=\"font-family: arial, helvetica, sans-serif\"><strong>10<\/strong><\/span><\/td>\n<\/tr>\n<\/tbody>\n<\/table>\n<p>[\/vc_column_text][\/vc_tta_section][\/vc_tta_accordion][\/vc_column][\/vc_row]<\/p>\n<\/div>","protected":false},"excerpt":{"rendered":"<p>[vc_row][vc_column width=&#8221;1\/2&#8243;][vc_empty_space][vc_gallery interval=&#8221;3&#8243; images=&#8221;2060,2019&#8243; img_size=&#8221;large&#8221; onclick=&#8221;&#8221;][\/vc_column][vc_column width=&#8221;1\/2&#8243;][vc_column_text] Inova\u00e7\u00e3o A tecnologia da inova\u00e7\u00e3o integra as Universidades p\u00fablicas e privadas, concretizando a melhor divulga\u00e7\u00e3o e implanta\u00e7\u00e3o dos conhecimentos gerados. Coordenadas pela Ag\u00eancia de Inova\u00e7\u00e3o Tecnol\u00f3gica, NOVATEC, e pela Incubadora Tecnol\u00f3gica de Guarapuava, INTEG, localizadas no Campus Cedeteg, as atividades de inova\u00e7\u00e3o na Universidade visam o aprimoramento regional [&hellip;]<\/p>\n","protected":false},"author":3,"featured_media":0,"parent":2531,"menu_order":0,"comment_status":"closed","ping_status":"closed","template":"","meta":{"_exactmetrics_skip_tracking":false,"_exactmetrics_sitenote_active":false,"_exactmetrics_sitenote_note":"","_exactmetrics_sitenote_category":0,"footnotes":"","_links_to":"","_links_to_target":""},"class_list":["post-2575","page","type-page","status-publish","hentry"],"_links":{"self":[{"href":"https:\/\/www3.unicentro.br\/anuario\/wp-json\/wp\/v2\/pages\/2575","targetHints":{"allow":["GET"]}}],"collection":[{"href":"https:\/\/www3.unicentro.br\/anuario\/wp-json\/wp\/v2\/pages"}],"about":[{"href":"https:\/\/www3.unicentro.br\/anuario\/wp-json\/wp\/v2\/types\/page"}],"author":[{"embeddable":true,"href":"https:\/\/www3.unicentro.br\/anuario\/wp-json\/wp\/v2\/users\/3"}],"replies":[{"embeddable":true,"href":"https:\/\/www3.unicentro.br\/anuario\/wp-json\/wp\/v2\/comments?post=2575"}],"version-history":[{"count":1,"href":"https:\/\/www3.unicentro.br\/anuario\/wp-json\/wp\/v2\/pages\/2575\/revisions"}],"predecessor-version":[{"id":2870,"href":"https:\/\/www3.unicentro.br\/anuario\/wp-json\/wp\/v2\/pages\/2575\/revisions\/2870"}],"up":[{"embeddable":true,"href":"https:\/\/www3.unicentro.br\/anuario\/wp-json\/wp\/v2\/pages\/2531"}],"wp:attachment":[{"href":"https:\/\/www3.unicentro.br\/anuario\/wp-json\/wp\/v2\/media?parent=2575"}],"curies":[{"name":"wp","href":"https:\/\/api.w.org\/{rel}","templated":true}]}}