{"id":2268,"date":"2020-02-18T14:56:37","date_gmt":"2020-02-18T17:56:37","guid":{"rendered":"https:\/\/www3.unicentro.br\/anuario\/?page_id=2268"},"modified":"2023-09-22T10:21:09","modified_gmt":"2023-09-22T13:21:09","slug":"editora","status":"publish","type":"page","link":"https:\/\/www3.unicentro.br\/anuario\/anuario-2020\/editora\/","title":{"rendered":"Editora Universit\u00e1ria"},"content":{"rendered":"<div class=\"wpb-content-wrapper\"><p>[vc_row][vc_column width=&#8221;1\/2&#8243;][vc_column_text]<\/p>\n<p align=\"JUSTIFY\"><span style=\"font-size: 16pt\">Sobre a Editora Universit\u00e1ria<\/span><\/p>\n<p align=\"JUSTIFY\">A Editora Universit\u00e1ria da Unicentro, EdUni, vem desde 2001 publicando livros com objetivo de contribuir na gera\u00e7\u00e3o e divulga\u00e7\u00e3o de todos os tipos de produ\u00e7\u00f5es acad\u00eamicas dentro da Universidade, tanto em Guarapuava, quanto nas demais regi\u00f5es do Brasil. Filiada na Associa\u00e7\u00e3o Brasileira de Editoras Universit\u00e1rias, ABEU, a EdUni profissionalizou seus editoriais adquirindo excel\u00eancia em publica\u00e7\u00f5es voltadas para \u00e1rea de ensino, pesquisa e extens\u00e3o, aprimorando reflex\u00f5es procedentes das atividades de pesquisa, t\u00e9cnicas, art\u00edsticas ou culturais desenvolvidas em Institui\u00e7\u00f5es de Ensino Superior.<\/p>\n<p>[\/vc_column_text][vc_tta_accordion color=&#8221;white&#8221; c_icon=&#8221;chevron&#8221; active_section=&#8221;10&#8243; collapsible_all=&#8221;true&#8221; title=&#8221;Dados Gerais&#8221;][vc_tta_section title=&#8221;Dados Gerais Editora &#8211; 2020&#8243; tab_id=&#8221;1495632515782-46bb0d4e-2674&#8243;][vc_column_text]<\/p>\n<table class=\" aligncenter\" style=\"height: 296px;width: 84.5554%\" width=\"48.4002%\">\n<tbody>\n<tr>\n<td style=\"width: 66.1376%;text-align: left\"><span style=\"font-family: arial, helvetica, sans-serif\">Livros Publicados de ISBN Pr\u00f3pria<\/span><\/td>\n<td style=\"width: 25.6614%;text-align: right\"><span style=\"font-family: arial, helvetica, sans-serif\"><strong>10<\/strong><\/span><\/td>\n<\/tr>\n<tr style=\"height: 23px\">\n<td style=\"width: 66.1376%;text-align: left;height: 23px\"><span style=\"font-family: arial, helvetica, sans-serif\">Livros Publicados em Parceria \/ Co-edi\u00e7\u00f5es<\/span><\/td>\n<td style=\"width: 25.6614%;text-align: right;height: 23px\"><span style=\"font-family: arial, helvetica, sans-serif\"><strong>04<\/strong><\/span><\/td>\n<\/tr>\n<tr style=\"height: 33px\">\n<td style=\"height: 33px;width: 66.1376%;text-align: left\"><span style=\"font-family: arial, helvetica, sans-serif\">Livros em editora\u00e7\u00e3o<\/span><\/td>\n<td style=\"text-align: right;height: 33px;width: 25.6614%\"><span style=\"font-family: arial, helvetica, sans-serif\"><strong>06<\/strong><\/span><\/td>\n<\/tr>\n<tr style=\"height: 33px\">\n<td style=\"height: 33px;width: 66.1376%;text-align: left\"><span style=\"font-family: arial, helvetica, sans-serif\">Livros em parecer<\/span><\/td>\n<td style=\"height: 33px;width: 25.6614%;text-align: right\"><strong><span style=\"font-family: arial, helvetica, sans-serif\">08<\/span><\/strong><\/td>\n<\/tr>\n<tr style=\"height: 33px\">\n<td style=\"height: 33px;width: 66.1376%;text-align: left\"><span style=\"font-family: arial, helvetica, sans-serif\">Pedidos de ISSN<\/span><\/td>\n<td style=\"text-align: right;height: 33px;width: 25.6614%\"><strong><span style=\"font-family: arial, helvetica, sans-serif\">04<\/span><\/strong><\/td>\n<\/tr>\n<tr style=\"height: 33px\">\n<td style=\"height: 33px;width: 66.1376%;text-align: left\"><span style=\"font-family: arial, helvetica, sans-serif\">Participa\u00e7\u00e3o em eventos com exposi\u00e7\u00e3o e venda de livros<\/span><\/td>\n<td style=\"text-align: right;height: 33px;width: 25.6614%\"><strong><span style=\"font-family: arial, helvetica, sans-serif\">09<\/span><\/strong><\/td>\n<\/tr>\n<tr style=\"height: 33px\">\n<td style=\"height: 33px;width: 66.1376%;text-align: left\"><span style=\"font-family: arial, helvetica, sans-serif\">Projetos Sociais<\/span><\/td>\n<td style=\"text-align: right;height: 33px;width: 25.6614%\"><strong><span style=\"font-family: arial, helvetica, sans-serif\">03<\/span><\/strong><\/td>\n<\/tr>\n<tr style=\"height: 33px\">\n<td style=\"height: 33px;width: 66.1376%;text-align: left\"><span style=\"font-family: arial, helvetica, sans-serif\">Lan\u00e7amentos de Livros de editora\u00e7\u00e3o pr\u00f3pria e de outras editoras<\/span><\/td>\n<td style=\"text-align: right;height: 33px;width: 25.6614%\"><strong><span style=\"font-family: arial, helvetica, sans-serif\">27<\/span><\/strong><\/td>\n<\/tr>\n<\/tbody>\n<\/table>\n<p>[\/vc_column_text][\/vc_tta_section][\/vc_tta_accordion][\/vc_column][vc_column width=&#8221;1\/2&#8243;][vc_single_image image=&#8221;324&#8243; img_size=&#8221;large&#8221; alignment=&#8221;center&#8221; style=&#8221;vc_box_border&#8221; border_color=&#8221;white&#8221;][vc_gallery interval=&#8221;5&#8243; images=&#8221;2715,2714,2716&#8243; img_size=&#8221;680&#215;400&#8243; onclick=&#8221;&#8221; css_animation=&#8221;zoomIn&#8221;][\/vc_column][\/vc_row]<\/p>\n<\/div>","protected":false},"excerpt":{"rendered":"<p>[vc_row][vc_column width=&#8221;1\/2&#8243;][vc_column_text] Sobre a Editora Universit\u00e1ria A Editora Universit\u00e1ria da Unicentro, EdUni, vem desde 2001 publicando livros com objetivo de contribuir na gera\u00e7\u00e3o e divulga\u00e7\u00e3o de todos os tipos de produ\u00e7\u00f5es acad\u00eamicas dentro da Universidade, tanto em Guarapuava, quanto nas demais regi\u00f5es do Brasil. Filiada na Associa\u00e7\u00e3o Brasileira de Editoras Universit\u00e1rias, ABEU, a EdUni profissionalizou [&hellip;]<\/p>\n","protected":false},"author":3,"featured_media":0,"parent":2263,"menu_order":0,"comment_status":"closed","ping_status":"closed","template":"","meta":{"_exactmetrics_skip_tracking":false,"_exactmetrics_sitenote_active":false,"_exactmetrics_sitenote_note":"","_exactmetrics_sitenote_category":0,"footnotes":"","_links_to":"","_links_to_target":""},"class_list":["post-2268","page","type-page","status-publish","hentry"],"_links":{"self":[{"href":"https:\/\/www3.unicentro.br\/anuario\/wp-json\/wp\/v2\/pages\/2268","targetHints":{"allow":["GET"]}}],"collection":[{"href":"https:\/\/www3.unicentro.br\/anuario\/wp-json\/wp\/v2\/pages"}],"about":[{"href":"https:\/\/www3.unicentro.br\/anuario\/wp-json\/wp\/v2\/types\/page"}],"author":[{"embeddable":true,"href":"https:\/\/www3.unicentro.br\/anuario\/wp-json\/wp\/v2\/users\/3"}],"replies":[{"embeddable":true,"href":"https:\/\/www3.unicentro.br\/anuario\/wp-json\/wp\/v2\/comments?post=2268"}],"version-history":[{"count":2,"href":"https:\/\/www3.unicentro.br\/anuario\/wp-json\/wp\/v2\/pages\/2268\/revisions"}],"predecessor-version":[{"id":2717,"href":"https:\/\/www3.unicentro.br\/anuario\/wp-json\/wp\/v2\/pages\/2268\/revisions\/2717"}],"up":[{"embeddable":true,"href":"https:\/\/www3.unicentro.br\/anuario\/wp-json\/wp\/v2\/pages\/2263"}],"wp:attachment":[{"href":"https:\/\/www3.unicentro.br\/anuario\/wp-json\/wp\/v2\/media?parent=2268"}],"curies":[{"name":"wp","href":"https:\/\/api.w.org\/{rel}","templated":true}]}}