{"id":1551,"date":"2019-02-20T17:12:11","date_gmt":"2019-02-20T20:12:11","guid":{"rendered":"https:\/\/www3.unicentro.br\/anuario\/?page_id=1551"},"modified":"2019-06-25T13:46:15","modified_gmt":"2019-06-25T16:46:15","slug":"inovacao","status":"publish","type":"page","link":"https:\/\/www3.unicentro.br\/anuario\/anuario-2018\/inovacao\/","title":{"rendered":"Inova\u00e7\u00e3o"},"content":{"rendered":"<div class=\"wpb-content-wrapper\"><p>[vc_row][vc_column width=&#8221;1\/2&#8243;][vc_empty_space][vc_gallery interval=&#8221;3&#8243; images=&#8221;2060,2019&#8243; img_size=&#8221;large&#8221; onclick=&#8221;&#8221;][\/vc_column][vc_column width=&#8221;1\/2&#8243;][vc_column_text]<\/p>\n<p style=\"text-align: justify;\"><span style=\"font-size: 16pt;\">Inova\u00e7\u00e3o<\/span><\/p>\n<p style=\"text-align: justify;\" align=\"JUSTIFY\">A tecnologia da inova\u00e7\u00e3o integra as Universidades p\u00fablicas e privadas, concretizando a melhor divulga\u00e7\u00e3o e implanta\u00e7\u00e3o dos conhecimentos gerados. Coordenadas pela Ag\u00eancia de Inova\u00e7\u00e3o Tecnol\u00f3gica, NOVATEC, e pela Incubadora Tecnol\u00f3gica de Guarapuava, INTEG, localizadas no Campus Cedeteg, as atividades de inova\u00e7\u00e3o na Universidade visam o aprimoramento regional e, por meio desses setores, oferece servi\u00e7os de amparo, assist\u00eancia e capacita\u00e7\u00e3o para empreendimentos, apoio \u00e0 cria\u00e7\u00e3o de laborat\u00f3rios de presta\u00e7\u00e3o de servi\u00e7os, prote\u00e7\u00e3o de cria\u00e7\u00f5es, licenciamentos, inova\u00e7\u00f5es e outras formas de transfer\u00eancia de tecnologias.<\/p>\n<p>[\/vc_column_text][\/vc_column][\/vc_row][vc_row][vc_column][vc_tta_accordion color=&#8221;white&#8221; c_icon=&#8221;chevron&#8221; active_section=&#8221;10&#8243; collapsible_all=&#8221;true&#8221; title=&#8221;Dados Gerais&#8221;][vc_tta_section title=&#8221;Patentes e Marcas Depositadas &#8211; 2018&#8243; tab_id=&#8221;1494856446615-c0079559-b896&#8243;][vc_column_text]<\/p>\n<table class=\" aligncenter\" width=\"352\">\n<thead>\n<tr>\n<td style=\"text-align: center\" colspan=\"2\"><span style=\"font-family: arial, helvetica, sans-serif\"><strong>PATENTES E MARCAS<\/strong><\/span><\/td>\n<\/tr>\n<\/thead>\n<tbody>\n<tr>\n<td style=\"text-align: left\"><span style=\"font-family: arial, helvetica, sans-serif\">Patentes Depositadas<\/span><\/td>\n<td style=\"text-align: right\"><span style=\"font-family: arial, helvetica, sans-serif\">06<\/span><\/td>\n<\/tr>\n<tr>\n<td style=\"text-align: left\"><span style=\"font-family: arial, helvetica, sans-serif\">Marcas Depositadas<\/span><\/td>\n<td style=\"text-align: right\"><span style=\"font-family: arial, helvetica, sans-serif\">00<\/span><\/td>\n<\/tr>\n<tr>\n<td style=\"text-align: left\"><span style=\"font-family: arial, helvetica, sans-serif\"><strong>TOTAL<\/strong><\/span><\/td>\n<td style=\"text-align: right\"><span style=\"font-family: arial, helvetica, sans-serif\"><strong>06<\/strong><\/span><\/td>\n<\/tr>\n<\/tbody>\n<\/table>\n<p>[\/vc_column_text][\/vc_tta_section][vc_tta_section title=&#8221;Atendimentos Realizados pela Central de An\u00e1lises &#8211; 2018&#8243; tab_id=&#8221;1494856446617-ae59320f-420d&#8221;][vc_column_text]<\/p>\n<table class=\" aligncenter\">\n<thead>\n<tr>\n<td style=\"text-align: center\"><strong><span style=\"font-family: arial, helvetica, sans-serif\">TIPO DE ATENDIMENTO<\/span><\/strong><\/td>\n<td style=\"text-align: center\"><strong><span style=\"font-family: arial, helvetica, sans-serif\">N\u00ba DE AMOSTRAS<\/span><\/strong><\/td>\n<td style=\"text-align: center\"><strong><span style=\"font-family: arial, helvetica, sans-serif\">CLIENTES<\/span><\/strong><\/td>\n<\/tr>\n<\/thead>\n<caption><strong><span style=\"font-family: arial, helvetica, sans-serif\">ATENDIMENTOS REALIZADOS PELA CENTRAL DE AN\u00c1LISES POR TIPO DE ATENDIMENTO &#8211; 2018<\/span><\/strong><\/caption>\n<tbody>\n<tr>\n<td style=\"text-align: left\"><span style=\"font-family: arial, helvetica, sans-serif\">An\u00e1lises de Combust\u00edveis <\/span><\/td>\n<td style=\"text-align: right\"><span style=\"font-family: arial, helvetica, sans-serif\">5.000<\/span><\/td>\n<td style=\"text-align: right\"><span style=\"font-family: arial, helvetica, sans-serif\">04 Distribuidoras<\/span><\/td>\n<\/tr>\n<tr>\n<td style=\"text-align: left\"><span style=\"font-family: arial, helvetica, sans-serif\">An\u00e1lises de \u00c1gua<\/span><\/td>\n<td style=\"text-align: right\"><span style=\"font-family: arial, helvetica, sans-serif\">8.000<\/span><\/td>\n<td style=\"text-align: right\"><span style=\"font-family: arial, helvetica, sans-serif\">14 Prefeituras e 40 Pessoas F\u00edsicas<\/span><\/td>\n<\/tr>\n<tr>\n<td style=\"text-align: left\"><strong><span style=\"font-family: arial, helvetica, sans-serif\">TOTAL<\/span><\/strong><\/td>\n<td style=\"text-align: right\"><strong><span style=\"font-family: arial, helvetica, sans-serif\">13.000<\/span><\/strong><\/td>\n<td style=\"text-align: right\"><strong><span style=\"font-family: arial, helvetica, sans-serif\">58<\/span><\/strong><\/td>\n<\/tr>\n<\/tbody>\n<\/table>\n<p>[\/vc_column_text][\/vc_tta_section][vc_tta_section title=&#8221;Atendimentos Realizados pela Usina de Biocombust\u00edvel &#8211; 2018&#8243; tab_id=&#8221;1494857949294-8fce878e-4e49&#8243;][vc_column_text]<\/p>\n<table class=\" aligncenter\" border=\"0\" cellspacing=\"0\">\n<thead>\n<tr>\n<td style=\"text-align: center\" align=\"left\" height=\"17\"><strong><span style=\"font-family: arial, helvetica, sans-serif\">TIPO DE ATENDIMENTO<\/span><\/strong><\/td>\n<td style=\"text-align: center\" align=\"left\"><strong><span style=\"font-family: arial, helvetica, sans-serif\">TOTAL<\/span><\/strong><\/td>\n<\/tr>\n<\/thead>\n<caption><strong><span style=\"font-family: arial, helvetica, sans-serif\">ATENDIMENTOS REALIZADOS PELA USINA DE BIOCOMBUST\u00cdVEL POR TIPO DE ATENDIMENTO \u2013 2018<\/span><\/strong><\/caption>\n<colgroup width=\"230\"><\/colgroup>\n<colgroup width=\"85\"><\/colgroup>\n<tbody>\n<tr>\n<td style=\"text-align: left\" align=\"left\" height=\"17\"><span style=\"font-family: arial, helvetica, sans-serif\">\u00c1lcool em Gel e Combust\u00edvel<\/span><\/td>\n<td style=\"text-align: right\" align=\"right\"><span style=\"font-family: arial, helvetica, sans-serif\">5.000L<\/span><\/td>\n<\/tr>\n<tr>\n<td style=\"text-align: left\" align=\"left\" height=\"17\"><span style=\"font-family: arial, helvetica, sans-serif\">\u00c1lcool L\u00edquido 70%<\/span><\/td>\n<td style=\"text-align: right\" align=\"right\"><span style=\"font-family: arial, helvetica, sans-serif\">1.500L<\/span><\/td>\n<\/tr>\n<tr>\n<td style=\"text-align: left\" align=\"left\" height=\"17\"><strong><span style=\"font-family: arial, helvetica, sans-serif\">TOTAL<\/span><\/strong><\/td>\n<td style=\"text-align: right\" align=\"right\"><strong><span style=\"font-family: arial, helvetica, sans-serif\">6.500L<\/span><\/strong><\/td>\n<\/tr>\n<\/tbody>\n<\/table>\n<p>[\/vc_column_text][\/vc_tta_section][vc_tta_section title=&#8221;Atendimentos Realizados por Setores da Ag\u00eancia de Inova\u00e7\u00e3o &#8211; 2018&#8243; tab_id=&#8221;1494858525992-3febbd5e-0ad4&#8243;][vc_column_text]<\/p>\n<table class=\" aligncenter\" border=\"0\" cellspacing=\"0\">\n<thead>\n<tr>\n<td style=\"text-align: center\" align=\"left\" height=\"17\"><strong><span style=\"font-family: arial, helvetica, sans-serif\">SETOR<\/span><\/strong><\/td>\n<td style=\"text-align: center\" align=\"left\"><strong><span style=\"font-family: arial, helvetica, sans-serif\">TOTAL<\/span><\/strong><\/td>\n<\/tr>\n<\/thead>\n<caption><strong><span style=\"font-family: arial, helvetica, sans-serif\">ATENDIMENTOS DOS SETORES DA AG\u00caNCIA DE INOVA\u00c7\u00c3O \u2013 2018<\/span><\/strong><\/caption>\n<colgroup width=\"156\"><\/colgroup>\n<colgroup width=\"85\"><\/colgroup>\n<tbody>\n<tr>\n<td style=\"text-align: left\" align=\"left\" height=\"17\"><span style=\"font-family: arial, helvetica, sans-serif\">Central de An\u00e1lises<\/span><\/td>\n<td style=\"text-align: right\" align=\"right\"><span style=\"font-family: arial, helvetica, sans-serif\">13.000<\/span><\/td>\n<\/tr>\n<tr>\n<td style=\"text-align: left\" align=\"left\" height=\"17\"><span style=\"font-family: arial, helvetica, sans-serif\">Parque Tecnol\u00f3gico<\/span><\/td>\n<td style=\"text-align: right\" align=\"right\"><span style=\"font-family: arial, helvetica, sans-serif\">280<\/span><\/td>\n<\/tr>\n<tr>\n<td style=\"text-align: left\" align=\"left\" height=\"17\"><span style=\"font-family: arial, helvetica, sans-serif\">Incubadora Tecnol\u00f3gica<\/span><\/td>\n<td style=\"text-align: right\" align=\"right\"><span style=\"font-family: arial, helvetica, sans-serif\">230<\/span><\/td>\n<\/tr>\n<tr>\n<td style=\"text-align: left\" align=\"left\" height=\"17\"><span style=\"font-family: arial, helvetica, sans-serif\">Propriedade Intelectual<\/span><\/td>\n<td style=\"text-align: right\" align=\"right\"><span style=\"font-family: arial, helvetica, sans-serif\">400<\/span><\/td>\n<\/tr>\n<tr>\n<td style=\"text-align: left\" align=\"left\" height=\"17\"><span style=\"font-family: arial, helvetica, sans-serif\">Mestrado PROFNIT<\/span><\/td>\n<td style=\"text-align: right\" align=\"right\"><span style=\"font-family: arial, helvetica, sans-serif\">200<\/span><\/td>\n<\/tr>\n<tr>\n<td style=\"text-align: left\" align=\"left\" height=\"17\"><strong><span style=\"font-family: arial, helvetica, sans-serif\">TOTAL<\/span><\/strong><\/td>\n<td style=\"text-align: right\" align=\"right\"><strong><span style=\"font-family: arial, helvetica, sans-serif\">14.110<\/span><\/strong><\/td>\n<\/tr>\n<\/tbody>\n<\/table>\n<p>[\/vc_column_text][\/vc_tta_section][\/vc_tta_accordion][\/vc_column][\/vc_row]<\/p>\n<\/div>","protected":false},"excerpt":{"rendered":"<p>[vc_row][vc_column width=&#8221;1\/2&#8243;][vc_empty_space][vc_gallery interval=&#8221;3&#8243; images=&#8221;2060,2019&#8243; img_size=&#8221;large&#8221; onclick=&#8221;&#8221;][\/vc_column][vc_column width=&#8221;1\/2&#8243;][vc_column_text] Inova\u00e7\u00e3o A tecnologia da inova\u00e7\u00e3o integra as Universidades p\u00fablicas e privadas, concretizando a melhor divulga\u00e7\u00e3o e implanta\u00e7\u00e3o dos conhecimentos gerados. Coordenadas pela Ag\u00eancia de Inova\u00e7\u00e3o Tecnol\u00f3gica, NOVATEC, e pela Incubadora Tecnol\u00f3gica de Guarapuava, INTEG, localizadas no Campus Cedeteg, as atividades de inova\u00e7\u00e3o na Universidade visam o aprimoramento regional [&hellip;]<\/p>\n","protected":false},"author":3,"featured_media":0,"parent":1542,"menu_order":0,"comment_status":"closed","ping_status":"closed","template":"","meta":{"_exactmetrics_skip_tracking":false,"_exactmetrics_sitenote_active":false,"_exactmetrics_sitenote_note":"","_exactmetrics_sitenote_category":0,"footnotes":"","_links_to":"","_links_to_target":""},"class_list":["post-1551","page","type-page","status-publish","hentry"],"_links":{"self":[{"href":"https:\/\/www3.unicentro.br\/anuario\/wp-json\/wp\/v2\/pages\/1551","targetHints":{"allow":["GET"]}}],"collection":[{"href":"https:\/\/www3.unicentro.br\/anuario\/wp-json\/wp\/v2\/pages"}],"about":[{"href":"https:\/\/www3.unicentro.br\/anuario\/wp-json\/wp\/v2\/types\/page"}],"author":[{"embeddable":true,"href":"https:\/\/www3.unicentro.br\/anuario\/wp-json\/wp\/v2\/users\/3"}],"replies":[{"embeddable":true,"href":"https:\/\/www3.unicentro.br\/anuario\/wp-json\/wp\/v2\/comments?post=1551"}],"version-history":[{"count":0,"href":"https:\/\/www3.unicentro.br\/anuario\/wp-json\/wp\/v2\/pages\/1551\/revisions"}],"up":[{"embeddable":true,"href":"https:\/\/www3.unicentro.br\/anuario\/wp-json\/wp\/v2\/pages\/1542"}],"wp:attachment":[{"href":"https:\/\/www3.unicentro.br\/anuario\/wp-json\/wp\/v2\/media?parent=1551"}],"curies":[{"name":"wp","href":"https:\/\/api.w.org\/{rel}","templated":true}]}}