{"id":1547,"date":"2019-02-20T17:12:07","date_gmt":"2019-02-20T20:12:07","guid":{"rendered":"https:\/\/www3.unicentro.br\/anuario\/?page_id=1547"},"modified":"2019-06-13T14:01:47","modified_gmt":"2019-06-13T17:01:47","slug":"editora","status":"publish","type":"page","link":"https:\/\/www3.unicentro.br\/anuario\/anuario-2018\/editora\/","title":{"rendered":"Editora Universit\u00e1ria"},"content":{"rendered":"<div class=\"wpb-content-wrapper\"><p>[vc_row][vc_column width=&#8221;1\/2&#8243;][vc_column_text]<\/p>\n<p align=\"JUSTIFY\"><span style=\"font-size: 16pt;\">Sobre a Editora Universit\u00e1ria<\/span><\/p>\n<p align=\"JUSTIFY\">A Editora Universit\u00e1ria da Unicentro, EdUni, vem desde 2001 publicando livros com objetivo de contribuir na gera\u00e7\u00e3o e divulga\u00e7\u00e3o de todos os tipos de produ\u00e7\u00f5es acad\u00eamicas dentro da Universidade, tanto em Guarapuava, quanto nas demais regi\u00f5es do Brasil. Filiada na Associa\u00e7\u00e3o Brasileira de Editoras Universit\u00e1rias, ABEU, a EdUni profissionalizou seus editoriais adquirindo excel\u00eancia em publica\u00e7\u00f5es voltadas para \u00e1rea de ensino, pesquisa e extens\u00e3o, aprimorando reflex\u00f5es procedentes das atividades de pesquisa, t\u00e9cnicas, art\u00edsticas ou culturais desenvolvidas em Institui\u00e7\u00f5es de Ensino Superior.<\/p>\n<p>[\/vc_column_text][vc_tta_accordion color=&#8221;white&#8221; c_icon=&#8221;chevron&#8221; active_section=&#8221;10&#8243; collapsible_all=&#8221;true&#8221; title=&#8221;Dados Gerais&#8221;][vc_tta_section title=&#8221;International Standard Bibliographical Number (ISBN) e Livros Editorados &#8211; 2018&#8243; tab_id=&#8221;1495631316113-4e71a65c-e27e&#8221;][vc_column_text]<\/p>\n<table class=\" aligncenter\" width=\"364\">\n<thead>\n<tr>\n<td style=\"text-align: center\" width=\"722\"><span style=\"font-family: arial, helvetica, sans-serif\"><strong>T\u00cdTULO<\/strong><\/span><\/td>\n<\/tr>\n<\/thead>\n<tbody>\n<tr>\n<td style=\"text-align: justify\" width=\"722\"><span style=\"font-family: arial, helvetica, sans-serif\">Geografia e forma\u00e7\u00e3o do ge\u00f3grafo: desafios e possibilidades de leitura do mundo de hoje<\/span><\/td>\n<\/tr>\n<tr style=\"text-align: justify\">\n<td width=\"722\"><span style=\"font-family: arial, helvetica, sans-serif\">Hist\u00f3rias e conflitos: uma an\u00e1lise em v\u00e1rias escalas<\/span><\/td>\n<\/tr>\n<tr style=\"text-align: justify\">\n<td width=\"722\"><span style=\"font-family: arial, helvetica, sans-serif\">Ser idoso na atualidade: subjetividade e discurso<\/span><\/td>\n<\/tr>\n<tr style=\"text-align: justify\">\n<td width=\"722\"><span style=\"font-family: arial, helvetica, sans-serif\">Sociolingu\u00edstica: estudo de varia\u00e7\u00f5es, mudan\u00e7as e atitudes lingu\u00edsticas<\/span><\/td>\n<\/tr>\n<tr style=\"text-align: justify\">\n<td width=\"722\"><span style=\"font-family: arial, helvetica, sans-serif\">An\u00e1lise liter\u00e1ria: leitura de poemas<\/span><\/td>\n<\/tr>\n<tr style=\"text-align: justify\">\n<td width=\"722\"><span style=\"font-family: arial, helvetica, sans-serif\">Leituras norte-sul: percep\u00e7\u00f5es de si e do outro na obra de John Updike<\/span><\/td>\n<\/tr>\n<tr style=\"text-align: justify\">\n<td width=\"722\"><span style=\"font-family: arial, helvetica, sans-serif\">A revolta de 1957 no sudoeste do Paran\u00e1: a luta pela terra entre mem\u00f3rias e comemora\u00e7\u00f5es<\/span><\/td>\n<\/tr>\n<tr>\n<td style=\"text-align: justify\" width=\"722\"><span style=\"font-family: arial, helvetica, sans-serif\">Propriedade em debate: moderniza\u00e7\u00e3o, recursos naturais e propriedade intelectual no Brasil<\/span><\/td>\n<\/tr>\n<tr>\n<td style=\"text-align: left\" width=\"722\"><strong><span style=\"font-family: arial, helvetica, sans-serif\">TOTAL DE PUBLICA\u00c7\u00d5ES: 09<\/span><\/strong><\/td>\n<\/tr>\n<\/tbody>\n<\/table>\n<p>[\/vc_column_text][\/vc_tta_section][vc_tta_section title=&#8221;Peri\u00f3dicos &#8211; International Standard Serial Number (ISSN) &#8211; 2018&#8243; tab_id=&#8221;1495631316113-5add96c5-8101&#8243;][vc_column_text]<\/p>\n<table class=\" aligncenter\" style=\"height: 236px\" width=\"329\">\n<thead>\n<tr>\n<td style=\"text-align: center\" width=\"720\"><strong><span style=\"font-family: arial, helvetica, sans-serif\">EVENTO<\/span><\/strong><\/td>\n<\/tr>\n<\/thead>\n<tbody>\n<tr>\n<td style=\"text-align: justify\" width=\"720\"><span style=\"font-family: arial, helvetica, sans-serif\">Encontro Anual de Extens\u00e3o Universit\u00e1ria<\/span><\/td>\n<\/tr>\n<tr>\n<td style=\"text-align: justify\" width=\"720\"><span style=\"font-family: arial, helvetica, sans-serif\">Mostra de Arte da UNICENTRO<\/span><\/td>\n<\/tr>\n<tr>\n<td style=\"text-align: justify\" width=\"720\"><span style=\"font-family: arial, helvetica, sans-serif\">Semin\u00e1rio de Disserta\u00e7\u00f5es em Andamento e Simp\u00f3sio do Laborat\u00f3rio de Linguagens, Varia\u00e7\u00f5es e Ensino<\/span><\/td>\n<\/tr>\n<tr>\n<td style=\"text-align: justify\" width=\"720\"><span style=\"font-family: arial, helvetica, sans-serif\">Semana Integrada de Hist\u00f3ria<\/span><\/td>\n<\/tr>\n<tr>\n<td style=\"text-align: left\" width=\"720\"><strong><span style=\"font-family: arial, helvetica, sans-serif\">TOTAL DE PUBLICA\u00c7\u00d5ES: 04<\/span><\/strong><\/td>\n<\/tr>\n<\/tbody>\n<\/table>\n<p>[\/vc_column_text][\/vc_tta_section][vc_tta_section title=&#8221;Livros em Editora\u00e7\u00e3o &#8211; 2018&#8243; tab_id=&#8221;1495632515782-46bb0d4e-2674&#8243;][vc_column_text]<\/p>\n<table>\n<thead>\n<tr>\n<td style=\"text-align: center\"><strong><span style=\"font-family: arial, helvetica, sans-serif\">T\u00cdTULO<\/span><\/strong><\/td>\n<\/tr>\n<\/thead>\n<tbody>\n<tr>\n<td style=\"text-align: justify\"><span style=\"font-family: arial, helvetica, sans-serif\">Geografia f\u00edsica: breve introdu\u00e7\u00e3o \u00e0 ci\u00eancia geogr\u00e1fica<\/span><\/td>\n<\/tr>\n<tr>\n<td style=\"text-align: justify\"><span style=\"font-family: arial, helvetica, sans-serif\">Perspectivas de coloniales sobre la educaci\u00f3n<\/span><\/td>\n<\/tr>\n<tr>\n<td style=\"text-align: justify\"><span style=\"font-family: arial, helvetica, sans-serif\">AULA COM&#8230; em vias de uma did\u00e1tica de inven\u00e7\u00e3o<\/span><\/td>\n<\/tr>\n<tr>\n<td>\n<p style=\"text-align: justify\"><span style=\"font-family: arial, helvetica, sans-serif\">A divis\u00e3o pol\u00edtica do territ\u00f3rio brasileiro: os compartimentos quilombolas no Vale do Rio\u00a0<\/span><span style=\"font-family: arial, helvetica, sans-serif\">Ribeira (SP)<\/span><\/p>\n<\/td>\n<\/tr>\n<tr>\n<td style=\"text-align: justify\"><span style=\"font-family: arial, helvetica, sans-serif\">Audiovisualidades: elaborar com Foucault<\/span><\/td>\n<\/tr>\n<tr>\n<td style=\"text-align: justify\"><span style=\"font-family: arial, helvetica, sans-serif\">Literatura e Ensino: desafios contempor\u00e2neos<\/span><\/td>\n<\/tr>\n<tr>\n<td style=\"text-align: justify\"><span style=\"font-family: arial, helvetica, sans-serif\">Vestir a farda: masculinidade(s) e feminilidade(s) na Pol\u00edcia Militar do Paran\u00e1<\/span><\/td>\n<\/tr>\n<tr>\n<td><strong><span style=\"font-family: arial, helvetica, sans-serif\">TOTAL DE PUBLICA\u00c7\u00d5ES: 07<\/span><\/strong><\/td>\n<\/tr>\n<\/tbody>\n<\/table>\n<p>[\/vc_column_text][\/vc_tta_section][\/vc_tta_accordion][\/vc_column][vc_column width=&#8221;1\/2&#8243;][vc_single_image image=&#8221;324&#8243; img_size=&#8221;large&#8221; alignment=&#8221;center&#8221; style=&#8221;vc_box_border&#8221; border_color=&#8221;white&#8221;][vc_gallery interval=&#8221;5&#8243; images=&#8221;1923,1924,1925,1926,1927&#8243; img_size=&#8221;680&#215;400&#8243; onclick=&#8221;&#8221; css_animation=&#8221;zoomIn&#8221;][\/vc_column][\/vc_row]<\/p>\n<\/div>","protected":false},"excerpt":{"rendered":"<p>[vc_row][vc_column width=&#8221;1\/2&#8243;][vc_column_text] Sobre a Editora Universit\u00e1ria A Editora Universit\u00e1ria da Unicentro, EdUni, vem desde 2001 publicando livros com objetivo de contribuir na gera\u00e7\u00e3o e divulga\u00e7\u00e3o de todos os tipos de produ\u00e7\u00f5es acad\u00eamicas dentro da Universidade, tanto em Guarapuava, quanto nas demais regi\u00f5es do Brasil. Filiada na Associa\u00e7\u00e3o Brasileira de Editoras Universit\u00e1rias, ABEU, a EdUni profissionalizou [&hellip;]<\/p>\n","protected":false},"author":3,"featured_media":0,"parent":1542,"menu_order":0,"comment_status":"closed","ping_status":"closed","template":"","meta":{"_exactmetrics_skip_tracking":false,"_exactmetrics_sitenote_active":false,"_exactmetrics_sitenote_note":"","_exactmetrics_sitenote_category":0,"footnotes":"","_links_to":"","_links_to_target":""},"class_list":["post-1547","page","type-page","status-publish","hentry"],"_links":{"self":[{"href":"https:\/\/www3.unicentro.br\/anuario\/wp-json\/wp\/v2\/pages\/1547","targetHints":{"allow":["GET"]}}],"collection":[{"href":"https:\/\/www3.unicentro.br\/anuario\/wp-json\/wp\/v2\/pages"}],"about":[{"href":"https:\/\/www3.unicentro.br\/anuario\/wp-json\/wp\/v2\/types\/page"}],"author":[{"embeddable":true,"href":"https:\/\/www3.unicentro.br\/anuario\/wp-json\/wp\/v2\/users\/3"}],"replies":[{"embeddable":true,"href":"https:\/\/www3.unicentro.br\/anuario\/wp-json\/wp\/v2\/comments?post=1547"}],"version-history":[{"count":0,"href":"https:\/\/www3.unicentro.br\/anuario\/wp-json\/wp\/v2\/pages\/1547\/revisions"}],"up":[{"embeddable":true,"href":"https:\/\/www3.unicentro.br\/anuario\/wp-json\/wp\/v2\/pages\/1542"}],"wp:attachment":[{"href":"https:\/\/www3.unicentro.br\/anuario\/wp-json\/wp\/v2\/media?parent=1547"}],"curies":[{"name":"wp","href":"https:\/\/api.w.org\/{rel}","templated":true}]}}