{"id":1545,"date":"2019-02-20T17:12:07","date_gmt":"2019-02-20T20:12:07","guid":{"rendered":"https:\/\/www3.unicentro.br\/anuario\/?page_id=1545"},"modified":"2019-06-25T13:47:47","modified_gmt":"2019-06-25T16:47:47","slug":"bibliotecas","status":"publish","type":"page","link":"https:\/\/www3.unicentro.br\/anuario\/anuario-2018\/bibliotecas\/","title":{"rendered":"Bibliotecas"},"content":{"rendered":"<div class=\"wpb-content-wrapper\"><p>[vc_row][vc_column width=&#8221;1\/2&#8243;][vc_column_text]<span style=\"font-size: 16pt; color: #333333;\">Bibliotecas<\/span><\/p>\n<p align=\"JUSTIFY\">Residente em todos os <em>campi<\/em> Universit\u00e1rios, as bibliotecas da Unicentro t\u00eam uma infinidade de obras renomadas, incluindo livros, peri\u00f3dicos, disserta\u00e7\u00f5es, monografias, dentre outros. O acervo das Bibliotecas \u00e9 devidamente disposto e catalogado, segundo normas internacionais. S\u00e3o disponibilizados aos usu\u00e1rios diversos servi\u00e7os, incluindo consulta \u00e0s obras existentes, reserva e renova\u00e7\u00e3o de empr\u00e9stimo online. Outros servi\u00e7os incluem empr\u00e9stimo domiciliar, empr\u00e9stimos entre bibliotecas, confec\u00e7\u00e3o de fichas catalogr\u00e1ficas e comuta\u00e7\u00e3o bibliogr\u00e1fica.<\/p>\n<p>[\/vc_column_text][\/vc_column][vc_column width=&#8221;1\/2&#8243;][vc_gallery interval=&#8221;3&#8243; images=&#8221;1980,2042,2043&#8243; img_size=&#8221;1534\u00d71024&#8243; onclick=&#8221;&#8221;][\/vc_column][\/vc_row][vc_row][vc_column][vc_tta_accordion color=&#8221;white&#8221; c_icon=&#8221;chevron&#8221; active_section=&#8221;10&#8243; collapsible_all=&#8221;true&#8221; title=&#8221;Dados Gerais&#8221;][vc_tta_section title=&#8221;Acervo, Estrutura e Servi\u00e7os &#8211; Biblioteca do <i>Campus<\/i> Santa Cruz &#8211; 2018&#8243; tab_id=&#8221;1494869582080-080a43eb-7441&#8243;][vc_column_text]<\/p>\n<table class=\" aligncenter\" border=\"0\" cellspacing=\"0\">\n<thead>\n<tr>\n<td style=\"text-align: center\" align=\"center\" height=\"20\"><strong><span style=\"font-family: arial, helvetica, sans-serif\">CATEGORIA<\/span><\/strong><\/td>\n<td style=\"text-align: center\" align=\"left\"><strong><span style=\"font-family: arial, helvetica, sans-serif\">TOTAL<\/span><\/strong><\/td>\n<\/tr>\n<\/thead>\n<colgroup width=\"457\"><\/colgroup>\n<colgroup width=\"85\"><\/colgroup>\n<tbody>\n<tr>\n<td style=\"text-align: left\" align=\"left\" height=\"20\"><span style=\"font-family: arial, helvetica, sans-serif\">N\u00famero de assentos<\/span><\/td>\n<td style=\"text-align: right\" align=\"right\"><span style=\"font-family: arial, helvetica, sans-serif\">147<\/span><\/td>\n<\/tr>\n<tr>\n<td style=\"text-align: left\" align=\"left\" height=\"20\"><span style=\"font-family: arial, helvetica, sans-serif\">N\u00famero de empr\u00e9stimos domiciliares<\/span><\/td>\n<td style=\"text-align: right\" align=\"right\"><span style=\"font-family: arial, helvetica, sans-serif\">30.149<\/span><\/td>\n<\/tr>\n<tr>\n<td style=\"text-align: left\" align=\"left\" height=\"20\"><span style=\"font-family: arial, helvetica, sans-serif\">N\u00famero de empr\u00e9stimos entre bibliotecas<\/span><\/td>\n<td style=\"text-align: right\" align=\"right\"><span style=\"font-family: arial, helvetica, sans-serif\">284<\/span><\/td>\n<\/tr>\n<tr>\n<td style=\"text-align: left\" align=\"left\" height=\"20\"><span style=\"font-family: arial, helvetica, sans-serif\">Usu\u00e1rios treinados em programas de capacita\u00e7\u00e3o<\/span><\/td>\n<td style=\"text-align: right\" align=\"right\"><span style=\"font-family: arial, helvetica, sans-serif\">235<\/span><\/td>\n<\/tr>\n<tr>\n<td style=\"text-align: left\" align=\"left\" height=\"20\"><span style=\"font-family: arial, helvetica, sans-serif\">N\u00famero de t\u00edtulos do acervo de livros impressos<\/span><\/td>\n<td style=\"text-align: right\" align=\"right\"><span style=\"font-family: arial, helvetica, sans-serif\">33.953<\/span><\/td>\n<\/tr>\n<tr>\n<td style=\"text-align: left\" align=\"left\" height=\"20\"><span style=\"font-family: arial, helvetica, sans-serif\">N\u00famero de t\u00edtulos do acervo de peri\u00f3dicos impressos<\/span><\/td>\n<td style=\"text-align: right\" align=\"right\"><span style=\"font-family: arial, helvetica, sans-serif\">769<\/span><\/td>\n<\/tr>\n<tr>\n<td style=\"text-align: left\" align=\"left\" height=\"20\"><span style=\"font-family: arial, helvetica, sans-serif\">N\u00famero de t\u00edtulos de outros materiais<\/span><\/td>\n<td style=\"text-align: right\" align=\"right\"><span style=\"font-family: arial, helvetica, sans-serif\">3.989<\/span><\/td>\n<\/tr>\n<tr>\n<td style=\"text-align: left\" align=\"left\" height=\"20\"><strong><span style=\"font-family: arial, helvetica, sans-serif\">ACERVO TOTAL<\/span><\/strong><\/td>\n<td style=\"text-align: right\" align=\"right\"><strong><span style=\"font-family: arial, helvetica, sans-serif\">69.526<\/span><\/strong><\/td>\n<\/tr>\n<\/tbody>\n<\/table>\n<p>[\/vc_column_text][\/vc_tta_section][vc_tta_section title=&#8221;Acervo, Estrutura e Servi\u00e7os &#8211; Biblioteca do <i>Campus<\/i> Cedeteg &#8211; 2018&#8243; tab_id=&#8221;1494869582080-56808cad-62f8&#8243;][vc_column_text]<\/p>\n<table class=\" aligncenter\" border=\"0\" cellspacing=\"0\">\n<thead>\n<tr>\n<td style=\"text-align: center\" align=\"center\" height=\"19\"><strong><span style=\"font-family: arial, helvetica, sans-serif\">CATEGORIA<\/span><\/strong><\/td>\n<td style=\"text-align: center\" align=\"center\"><strong><span style=\"font-family: arial, helvetica, sans-serif\">TOTAL<\/span><\/strong><\/td>\n<\/tr>\n<\/thead>\n<colgroup width=\"235\"><\/colgroup>\n<colgroup width=\"85\"><\/colgroup>\n<tbody>\n<tr>\n<td style=\"text-align: left\" align=\"left\" height=\"19\"><span style=\"font-family: arial, helvetica, sans-serif\">N\u00famero de assentos<\/span><\/td>\n<td style=\"text-align: right\" align=\"right\"><span style=\"font-family: arial, helvetica, sans-serif\">100<\/span><\/td>\n<\/tr>\n<tr>\n<td style=\"text-align: left\" align=\"left\" height=\"36\"><span style=\"font-family: arial, helvetica, sans-serif\">N\u00famero de empr\u00e9stimos domiciliares<\/span><\/td>\n<td style=\"text-align: right\" align=\"right\"><span style=\"font-family: arial, helvetica, sans-serif\">14.365<\/span><\/td>\n<\/tr>\n<tr>\n<td style=\"text-align: left\" align=\"left\" height=\"36\"><span style=\"font-family: arial, helvetica, sans-serif\">N\u00famero de empr\u00e9stimos entre bibliotecas<\/span><\/td>\n<td style=\"text-align: right\" align=\"left\"><span style=\"font-family: arial, helvetica, sans-serif\">157<\/span><\/td>\n<\/tr>\n<tr>\n<td style=\"text-align: left\" rowspan=\"2\" align=\"left\" height=\"72\"><span style=\"font-family: arial, helvetica, sans-serif\">N\u00famero de t\u00edtulos do acervo de peri\u00f3dicos impressos<\/span><\/td>\n<td style=\"text-align: right\" align=\"left\"><span style=\"font-family: arial, helvetica, sans-serif\">T\u00edtulos: 510\u00a0<\/span><\/td>\n<\/tr>\n<tr>\n<td style=\"text-align: right\" align=\"left\"><span style=\"font-family: arial, helvetica, sans-serif\">Fasc\u00edculos: 13.567<\/span><\/td>\n<\/tr>\n<tr>\n<td style=\"text-align: left\" rowspan=\"2\" align=\"left\" height=\"72\"><span style=\"font-family: arial, helvetica, sans-serif\">N\u00famero de t\u00edtulos do acervo de livros impressos<\/span><\/td>\n<td style=\"text-align: right\" align=\"left\"><span style=\"font-family: arial, helvetica, sans-serif\">T\u00edtulos:\u00a014.400<\/span><\/td>\n<\/tr>\n<tr>\n<td style=\"text-align: right\" align=\"left\"><span style=\"font-family: arial, helvetica, sans-serif\">Exemplares:\u00a033.852<\/span><\/td>\n<\/tr>\n<tr>\n<td style=\"text-align: left\" align=\"left\" height=\"36\"><span style=\"font-family: arial, helvetica, sans-serif\">N\u00famero de t\u00edtulos de outros materiais<\/span><\/td>\n<td style=\"text-align: right\" align=\"right\"><span style=\"font-family: arial, helvetica, sans-serif\">1.263<\/span><\/td>\n<\/tr>\n<tr>\n<td align=\"left\" height=\"19\"><span style=\"font-family: arial, helvetica, sans-serif\"><strong>ACERVO TOTAL<\/strong><\/span><\/td>\n<td align=\"right\"><span style=\"font-family: arial, helvetica, sans-serif\"><strong>78.214<\/strong><\/span><\/td>\n<\/tr>\n<\/tbody>\n<\/table>\n<p>[\/vc_column_text][\/vc_tta_section][vc_tta_section title=&#8221;Acervo, Estrutura e Servi\u00e7os &#8211; Biblioteca do <i>Campus<\/i> Irati &#8211; 2018&#8243; tab_id=&#8221;1494871004481-12413066-6360&#8243;][vc_column_text]<\/p>\n<table class=\" aligncenter\">\n<thead>\n<tr>\n<td style=\"text-align: center\"><strong><span style=\"font-family: arial, helvetica, sans-serif\">CATEGORIA<\/span><\/strong><\/td>\n<td style=\"text-align: center\"><strong><span style=\"font-family: arial, helvetica, sans-serif\">TOTAL<\/span><\/strong><\/td>\n<\/tr>\n<\/thead>\n<tbody>\n<tr>\n<td style=\"text-align: left\"><span style=\"font-family: arial, helvetica, sans-serif\">N\u00famero de assentos<\/span><\/td>\n<td style=\"text-align: right\"><span style=\"font-family: arial, helvetica, sans-serif\">72<\/span><\/td>\n<\/tr>\n<tr>\n<td style=\"text-align: left\"><span style=\"font-family: arial, helvetica, sans-serif\">N\u00famero de empr\u00e9stimos domiciliares<\/span><\/td>\n<td style=\"text-align: right\"><span style=\"font-family: arial, helvetica, sans-serif\">21.986<\/span><\/td>\n<\/tr>\n<tr>\n<td style=\"text-align: left\" rowspan=\"2\"><span style=\"font-family: arial, helvetica, sans-serif\">N\u00famero de empr\u00e9stimos entre bibliotecas<\/span><\/td>\n<td style=\"text-align: right\"><span style=\"font-family: arial, helvetica, sans-serif\">Enviados: 416<\/span><\/td>\n<\/tr>\n<tr>\n<td style=\"text-align: right\"><span style=\"font-family: arial, helvetica, sans-serif\">Recebidos: 148<\/span><\/td>\n<\/tr>\n<tr>\n<td style=\"text-align: left\"><span style=\"font-family: arial, helvetica, sans-serif\">Usu\u00e1rios treinados em Programa de Capacita\u00e7\u00e3o<\/span><\/td>\n<td style=\"text-align: right\"><span style=\"font-family: arial, helvetica, sans-serif\">471<\/span><\/td>\n<\/tr>\n<tr>\n<td style=\"text-align: left\"><span style=\"font-family: arial, helvetica, sans-serif\">N\u00famero de t\u00edtulos do acervo de peri\u00f3dicos impressos<\/span><\/td>\n<td style=\"text-align: right\"><span style=\"font-family: arial, helvetica, sans-serif\">T\u00edtulos: 699<\/span><\/td>\n<\/tr>\n<tr>\n<td style=\"text-align: left\"><span style=\"font-family: arial, helvetica, sans-serif\">N\u00famero de t\u00edtulos do acervo de livros impressos<\/span><\/td>\n<td style=\"text-align: right\"><span style=\"font-family: arial, helvetica, sans-serif\">26.679<\/span><\/td>\n<\/tr>\n<tr>\n<td style=\"text-align: left\"><span style=\"font-family: arial, helvetica, sans-serif\">N\u00famero de t\u00edtulos de outros materiais<\/span><\/td>\n<td style=\"text-align: right\"><span style=\"font-family: arial, helvetica, sans-serif\">6.249<\/span><\/td>\n<\/tr>\n<tr>\n<td style=\"text-align: left\"><strong><span style=\"font-family: arial, helvetica, sans-serif\">ACERVO TOTAL<\/span><\/strong><\/td>\n<td style=\"text-align: right\"><strong><span style=\"font-family: arial, helvetica, sans-serif\">56.720<\/span><\/strong><\/td>\n<\/tr>\n<\/tbody>\n<\/table>\n<p>[\/vc_column_text][\/vc_tta_section][vc_tta_section title=&#8221;Acervo e Empr\u00e9stimos &#8211; Total Geral &#8211; 2018&#8243; tab_id=&#8221;1555089566967-4f9cccf1-3caa&#8221;][vc_column_text]<\/p>\n<table class=\" aligncenter\" border=\"0\" cellspacing=\"0\">\n<thead>\n<tr>\n<td align=\"center\" height=\"36\"><\/td>\n<td align=\"center\"><strong><span style=\"font-family: arial, helvetica, sans-serif\">ACERVO<\/span><\/strong><\/td>\n<td align=\"center\"><strong><span style=\"font-family: arial, helvetica, sans-serif\">CEDETEG<\/span><\/strong><\/td>\n<td align=\"center\"><strong><span style=\"font-family: arial, helvetica, sans-serif\">SANTA CRUZ<\/span><\/strong><\/td>\n<td align=\"center\"><strong><span style=\"font-family: arial, helvetica, sans-serif\">IRATI<\/span><\/strong><\/td>\n<td align=\"center\"><strong><span style=\"font-family: arial, helvetica, sans-serif\">TOTAL<\/span><\/strong><\/td>\n<\/tr>\n<\/thead>\n<colgroup width=\"174\"><\/colgroup>\n<colgroup span=\"5\" width=\"85\"><\/colgroup>\n<tbody>\n<tr>\n<td style=\"text-align: left\" rowspan=\"2\" align=\"left\" height=\"19\"><span style=\"font-family: arial, helvetica, sans-serif\">Acervo Geral<\/span><\/td>\n<td style=\"text-align: left\" align=\"left\"><span style=\"font-family: arial, helvetica, sans-serif\">Exemplares<\/span><\/td>\n<td style=\"text-align: right\" align=\"right\"><span style=\"font-family: arial, helvetica, sans-serif\">47.419<\/span><\/td>\n<td style=\"text-align: right\" align=\"right\"><span style=\"font-family: arial, helvetica, sans-serif\">34.722<\/span><\/td>\n<td style=\"text-align: right\" align=\"right\"><span style=\"font-family: arial, helvetica, sans-serif\">27.378<\/span><\/td>\n<td style=\"text-align: right\" align=\"right\"><strong><span style=\"font-family: arial, helvetica, sans-serif\">109.519<\/span><\/strong><\/td>\n<\/tr>\n<tr>\n<td style=\"text-align: left\" align=\"left\"><span style=\"font-family: arial, helvetica, sans-serif\">Outros Materiais<\/span><\/td>\n<td style=\"text-align: right\" align=\"right\"><span style=\"font-family: arial, helvetica, sans-serif\">1.263<\/span><\/td>\n<td style=\"text-align: right\" align=\"right\"><span style=\"font-family: arial, helvetica, sans-serif\">3.989<\/span><\/td>\n<td style=\"text-align: right\" align=\"right\"><span style=\"font-family: arial, helvetica, sans-serif\">6.249<\/span><\/td>\n<td style=\"text-align: right\" align=\"right\"><strong><span style=\"font-family: arial, helvetica, sans-serif\">11.501<\/span><\/strong><\/td>\n<\/tr>\n<tr>\n<td style=\"text-align: left\" align=\"left\" height=\"36\"><span style=\"font-family: arial, helvetica, sans-serif\">Acervo Total por\u00a0<em>Campus<\/em><\/span><\/td>\n<td align=\"left\"><\/td>\n<td style=\"text-align: right\" align=\"right\"><span style=\"font-family: arial, helvetica, sans-serif\">48.682<\/span><\/td>\n<td style=\"text-align: right\" align=\"right\"><span style=\"font-family: arial, helvetica, sans-serif\">38.711<\/span><\/td>\n<td style=\"text-align: right\" align=\"right\"><span style=\"font-family: arial, helvetica, sans-serif\">33.627<\/span><\/td>\n<td style=\"text-align: right\" align=\"right\"><strong><span style=\"font-family: arial, helvetica, sans-serif\">120.020<\/span><\/strong><\/td>\n<\/tr>\n<tr>\n<td style=\"text-align: left\" align=\"left\" height=\"19\"><span style=\"font-family: arial, helvetica, sans-serif\">Empr\u00e9stimos<\/span><\/td>\n<td align=\"left\"><\/td>\n<td style=\"text-align: right\" align=\"right\"><span style=\"font-family: arial, helvetica, sans-serif\">14.522<\/span><\/td>\n<td style=\"text-align: right\" align=\"right\"><span style=\"font-family: arial, helvetica, sans-serif\">30.433<\/span><\/td>\n<td style=\"text-align: right\" align=\"right\"><span style=\"font-family: arial, helvetica, sans-serif\">22.550<\/span><\/td>\n<td style=\"text-align: right\" align=\"right\"><strong><span style=\"font-family: arial, helvetica, sans-serif\">67.505<\/span><\/strong><\/td>\n<\/tr>\n<\/tbody>\n<\/table>\n<p>[\/vc_column_text][\/vc_tta_section][\/vc_tta_accordion][\/vc_column][\/vc_row]<\/p>\n<\/div>","protected":false},"excerpt":{"rendered":"<p>[vc_row][vc_column width=&#8221;1\/2&#8243;][vc_column_text]Bibliotecas Residente em todos os campi Universit\u00e1rios, as bibliotecas da Unicentro t\u00eam uma infinidade de obras renomadas, incluindo livros, peri\u00f3dicos, disserta\u00e7\u00f5es, monografias, dentre outros. O acervo das Bibliotecas \u00e9 devidamente disposto e catalogado, segundo normas internacionais. S\u00e3o disponibilizados aos usu\u00e1rios diversos servi\u00e7os, incluindo consulta \u00e0s obras existentes, reserva e renova\u00e7\u00e3o de empr\u00e9stimo online. Outros [&hellip;]<\/p>\n","protected":false},"author":3,"featured_media":0,"parent":1542,"menu_order":0,"comment_status":"closed","ping_status":"closed","template":"","meta":{"_exactmetrics_skip_tracking":false,"_exactmetrics_sitenote_active":false,"_exactmetrics_sitenote_note":"","_exactmetrics_sitenote_category":0,"footnotes":"","_links_to":"","_links_to_target":""},"class_list":["post-1545","page","type-page","status-publish","hentry"],"_links":{"self":[{"href":"https:\/\/www3.unicentro.br\/anuario\/wp-json\/wp\/v2\/pages\/1545","targetHints":{"allow":["GET"]}}],"collection":[{"href":"https:\/\/www3.unicentro.br\/anuario\/wp-json\/wp\/v2\/pages"}],"about":[{"href":"https:\/\/www3.unicentro.br\/anuario\/wp-json\/wp\/v2\/types\/page"}],"author":[{"embeddable":true,"href":"https:\/\/www3.unicentro.br\/anuario\/wp-json\/wp\/v2\/users\/3"}],"replies":[{"embeddable":true,"href":"https:\/\/www3.unicentro.br\/anuario\/wp-json\/wp\/v2\/comments?post=1545"}],"version-history":[{"count":0,"href":"https:\/\/www3.unicentro.br\/anuario\/wp-json\/wp\/v2\/pages\/1545\/revisions"}],"up":[{"embeddable":true,"href":"https:\/\/www3.unicentro.br\/anuario\/wp-json\/wp\/v2\/pages\/1542"}],"wp:attachment":[{"href":"https:\/\/www3.unicentro.br\/anuario\/wp-json\/wp\/v2\/media?parent=1545"}],"curies":[{"name":"wp","href":"https:\/\/api.w.org\/{rel}","templated":true}]}}