{"id":58,"date":"2026-04-30T10:55:46","date_gmt":"2026-04-30T13:55:46","guid":{"rendered":"https:\/\/www3.unicentro.br\/ambiotec\/?page_id=58"},"modified":"2026-04-30T10:55:46","modified_gmt":"2026-04-30T13:55:46","slug":"equipamentos","status":"publish","type":"page","link":"https:\/\/www3.unicentro.br\/ambiotec\/equipamentos\/","title":{"rendered":"Equipamentos"},"content":{"rendered":"<ul>\n<li><strong><a href=\"https:\/\/www2.unicentro.br\/pesquisa\/files\/2020\/09\/ADCP-%E2%80%93-Acoustic-Doppler-Current-Profiler-RiverSurveyor-M9.pdf?x75905\">ADCP \u2013 (Acoustic Doppler Current Profiler) \u2013 RiverSurveyor M9<\/a><\/strong><\/li>\n<li><a href=\"https:\/\/www2.unicentro.br\/pesquisa\/files\/2020\/09\/Analisador-de-diesel-gasolina-e-combustivel.pdf?x75905\"><strong>Analisador de diesel, gasolina e combust\u00edvel<\/strong><\/a><\/li>\n<li><strong><a href=\"https:\/\/www2.unicentro.br\/pesquisa\/files\/2020\/09\/Analisador-de-elementos-quimicos.pdf?x75905\">Analisador de elementos qu\u00edmicos<\/a><\/strong><\/li>\n<li><strong><a href=\"https:\/\/www2.unicentro.br\/pesquisa\/files\/2020\/09\/Analisador-de-enxofre-e-nitrogenio-total.pdf?x75905\">Analisador de enxofre e nitrog\u00eanio total<\/a><\/strong><\/li>\n<li><strong><a href=\"https:\/\/www2.unicentro.br\/pesquisa\/files\/2020\/09\/Camara-Climatica-FITOTRON.pdf?x75905\">C\u00e2mara Clim\u00e1tica FITOTRON<\/a><\/strong><\/li>\n<li><strong><a href=\"https:\/\/www2.unicentro.br\/pesquisa\/files\/2020\/09\/Camera-de-germinacao-duas-unidades.pdf?x75905\">C\u00e2mera de germina\u00e7\u00e3o (duas unidades)<\/a><\/strong><\/li>\n<li><strong><a href=\"https:\/\/www2.unicentro.br\/pesquisa\/files\/2020\/09\/Centrifuga-Refrigerada.pdf?x75905\">Centr\u00edfuga Refrigerada<\/a><\/strong><\/li>\n<li><strong><a href=\"https:\/\/www2.unicentro.br\/pesquisa\/files\/2020\/09\/Colorimetro-Minolta.pdf?x75905\">Color\u00edmetro Minolta<\/a><\/strong><\/li>\n<li><strong><a href=\"https:\/\/www2.unicentro.br\/pesquisa\/files\/2020\/09\/Conjunto-destilador-e-colorimetro-automatico.pdf?x75905\">Conjunto destilador e color\u00edmetro autom\u00e1tico<\/a><\/strong><\/li>\n<li><strong><a href=\"https:\/\/www2.unicentro.br\/pesquisa\/files\/2020\/09\/Conjunto-microdestilador-e-reator.pdf?x75905\">Conjunto microdestilador e reator<\/a><\/strong><\/li>\n<li><strong><a href=\"https:\/\/www2.unicentro.br\/pesquisa\/files\/2020\/09\/Conjunto-para-retirada-de-amostras-indeformadas.pdf?x75905\">Conjunto para retirada de amostras indeformadas<\/a><\/strong><\/li>\n<li><strong><a href=\"https:\/\/www2.unicentro.br\/pesquisa\/files\/2020\/09\/Espectrofotometro-UV-VIS-Shimadzu.pdf?x75905\">Espectrofot\u00f4metro UV-VIS Shimadzu<\/a><\/strong><\/li>\n<li><strong><a href=\"https:\/\/www2.unicentro.br\/pesquisa\/files\/2020\/09\/Estacao-Meteorologica.pdf?x75905\">Esta\u00e7\u00e3o Meteorol\u00f3gica<\/a><\/strong><\/li>\n<li><strong><a href=\"https:\/\/www2.unicentro.br\/pesquisa\/files\/2020\/09\/Estufa-de-secagem-duas-unidades.pdf?x75905\">Estufa de secagem (duas unidades)<\/a><\/strong><\/li>\n<li><strong><a href=\"https:\/\/www2.unicentro.br\/pesquisa\/files\/2020\/09\/fluorometro-de-Pulso-de-Amplitude-Modulada-PAM.pdf?x75905\">Fluor\u00f4metro de Pulso de Amplitude Modulada \u2013 PAM<\/a><\/strong><\/li>\n<li><strong><a href=\"https:\/\/www2.unicentro.br\/pesquisa\/files\/2020\/09\/Georadar-de-penetracao-no-solo.pdf?x75905\">Georadar de penetra\u00e7\u00e3o no solo<\/a><\/strong><\/li>\n<li><strong><a href=\"https:\/\/www2.unicentro.br\/pesquisa\/files\/2020\/09\/Gerador-de-Nitrogenio-Gasoso-Aparelho-de-uso-do-MEV.pdf?x75905\">Gerador de Nitrog\u00eanio Gasoso \u2013 Aparelho de uso do MEV<\/a><\/strong><\/li>\n<li><strong><a href=\"https:\/\/www2.unicentro.br\/pesquisa\/files\/2020\/09\/GNSS-%E2%80%93-Marca-Prexiso-%E2%80%93-Sistema-de-Posicionamento-Geodesico-Constituido-de-1-par-de-antenas-e-acessorios.pdf?x75905\">GNSS \u2013 Marca Prexiso \u2013 Sistema de Posicionamento Geod\u00e9sico Constitu\u00eddo de 1 par de antenas e acess\u00f3rios<\/a><\/strong><\/li>\n<li><strong><a href=\"https:\/\/www2.unicentro.br\/pesquisa\/files\/2020\/09\/Labirinto-octagonal.pdf?x75905\">Labirinto octagonal<\/a><\/strong><\/li>\n<li><strong><a href=\"https:\/\/www2.unicentro.br\/pesquisa\/files\/2020\/09\/Medidor-de-area-foliar-de-bancada.pdf?x75905\">Medidor de \u00e1rea foliar de bancada<\/a><\/strong><\/li>\n<li><strong><a href=\"https:\/\/www2.unicentro.br\/pesquisa\/files\/2020\/09\/Medidor-de-area-foliar-portatil.pdf?x75905\">Medidor de \u00e1rea foliar port\u00e1til<\/a><\/strong><\/li>\n<li><strong><a href=\"https:\/\/www2.unicentro.br\/pesquisa\/files\/2020\/09\/Microscopio-Eletronico-de-Varredura.pdf?x75905\">Microsc\u00f3pio Eletr\u00f4nico de Varredura<\/a><\/strong><\/li>\n<li><strong><a href=\"https:\/\/www2.unicentro.br\/pesquisa\/files\/2020\/09\/Microscopio-Polarizador-microscopio-de-polarizacao-trinocular.pdf?x75905\">Microsc\u00f3pio Polarizador- microsc\u00f3pio de polariza\u00e7\u00e3o trinocular<\/a><\/strong><\/li>\n<li><strong><a href=\"https:\/\/www2.unicentro.br\/pesquisa\/files\/2020\/09\/Microtomo.pdf?x75905\">Micr\u00f3tomo<\/a><\/strong><\/li>\n<li><strong><a href=\"https:\/\/www2.unicentro.br\/pesquisa\/files\/2020\/09\/Penetrometro-de-bancada.pdf?x75905\">Penetr\u00f4metro de bancada<\/a><\/strong><\/li>\n<li><strong><a href=\"https:\/\/www2.unicentro.br\/pesquisa\/files\/2020\/09\/Pletismografo-de-cauda-para-ratos.pdf?x75905\">Pletism\u00f3grafo de cauda para ratos<\/a><\/strong><\/li>\n<li><strong><a href=\"https:\/\/www2.unicentro.br\/pesquisa\/files\/2020\/09\/Purificador-de-proteinas-Akta-Pure-25.pdf?x75905\">Purificador de prote\u00ednas Akta Pure 25<\/a><\/strong><\/li>\n<li><strong><a href=\"https:\/\/www2.unicentro.br\/pesquisa\/files\/2020\/09\/Sistema-de-espectroscopia-Cary-100.pdf?x75905\">Sistema de espectroscopia Cary 100<\/a><\/strong><\/li>\n<li><strong><a href=\"https:\/\/www2.unicentro.br\/pesquisa\/files\/2020\/09\/Termociclador-para-PCR.pdf?x75905\">Termociclador para PCR (unidade 1)<\/a><\/strong><\/li>\n<li><strong><a href=\"https:\/\/www2.unicentro.br\/pesquisa\/files\/2020\/09\/Termociclador-para-PCR-1.pdf?x75905\">Termociclador para PCR (unidade 2)<\/a><\/strong><\/li>\n<li><strong><a href=\"https:\/\/www2.unicentro.br\/pesquisa\/files\/2020\/09\/Viscosimetro-automatico.pdf?x75905\">Viscos\u00edmetro autom\u00e1tico<\/a><\/strong><\/li>\n<\/ul>\n","protected":false},"excerpt":{"rendered":"<p>ADCP \u2013 (Acoustic Doppler Current Profiler) \u2013 RiverSurveyor M9 Analisador de diesel, gasolina e combust\u00edvel Analisador de elementos qu\u00edmicos Analisador de enxofre e nitrog\u00eanio total C\u00e2mara Clim\u00e1tica FITOTRON C\u00e2mera de germina\u00e7\u00e3o (duas unidades) Centr\u00edfuga Refrigerada Color\u00edmetro Minolta Conjunto destilador e color\u00edmetro autom\u00e1tico Conjunto microdestilador e reator Conjunto para retirada de amostras indeformadas Espectrofot\u00f4metro UV-VIS Shimadzu [&hellip;]<\/p>\n","protected":false},"author":3,"featured_media":0,"parent":0,"menu_order":0,"comment_status":"closed","ping_status":"closed","template":"","meta":{"_exactmetrics_skip_tracking":false,"_exactmetrics_sitenote_active":false,"_exactmetrics_sitenote_note":"","_exactmetrics_sitenote_category":0,"footnotes":"","_links_to":"","_links_to_target":""},"class_list":["post-58","page","type-page","status-publish","hentry"],"_links":{"self":[{"href":"https:\/\/www3.unicentro.br\/ambiotec\/wp-json\/wp\/v2\/pages\/58","targetHints":{"allow":["GET"]}}],"collection":[{"href":"https:\/\/www3.unicentro.br\/ambiotec\/wp-json\/wp\/v2\/pages"}],"about":[{"href":"https:\/\/www3.unicentro.br\/ambiotec\/wp-json\/wp\/v2\/types\/page"}],"author":[{"embeddable":true,"href":"https:\/\/www3.unicentro.br\/ambiotec\/wp-json\/wp\/v2\/users\/3"}],"replies":[{"embeddable":true,"href":"https:\/\/www3.unicentro.br\/ambiotec\/wp-json\/wp\/v2\/comments?post=58"}],"version-history":[{"count":1,"href":"https:\/\/www3.unicentro.br\/ambiotec\/wp-json\/wp\/v2\/pages\/58\/revisions"}],"predecessor-version":[{"id":59,"href":"https:\/\/www3.unicentro.br\/ambiotec\/wp-json\/wp\/v2\/pages\/58\/revisions\/59"}],"wp:attachment":[{"href":"https:\/\/www3.unicentro.br\/ambiotec\/wp-json\/wp\/v2\/media?parent=58"}],"curies":[{"name":"wp","href":"https:\/\/api.w.org\/{rel}","templated":true}]}}