{"id":56,"date":"2026-04-30T10:55:23","date_gmt":"2026-04-30T13:55:23","guid":{"rendered":"https:\/\/www3.unicentro.br\/ambiotec\/?page_id=56"},"modified":"2026-04-30T10:55:23","modified_gmt":"2026-04-30T13:55:23","slug":"laboratorios","status":"publish","type":"page","link":"https:\/\/www3.unicentro.br\/ambiotec\/laboratorios\/","title":{"rendered":"Laborat\u00f3rios"},"content":{"rendered":"<p><strong>Laborat\u00f3rios internos:<\/strong><\/p>\n<ul>\n<li><a href=\"https:\/\/pnipe.mcti.gov.br\/laboratory\/27132\">LAMP &#8211; Laborat\u00f3rio de Apoio ao Melhoramento de Plantas<\/a><\/li>\n<li><a href=\"https:\/\/pnipe.mcti.gov.br\/laboratory\/25438\">DNALab &#8211; Laborat\u00f3rio de Gen\u00e9tica Molecular<\/a><\/li>\n<li><a href=\"https:\/\/pnipe.mcti.gov.br\/laboratory\/36444\">LMA &#8211; Laborat\u00f3rio de Microbiologia Aplicada<\/a><\/li>\n<li><a href=\"https:\/\/pnipe.mcti.gov.br\/laboratory\/36377\">LaBoTe &#8211; Laborat\u00f3rio de Bot\u00e2nica Estrutural<\/a><\/li>\n<li><a href=\"https:\/\/pnipe.mcti.gov.br\/laboratory\/1206\">Bioenergia I \u2013 Laborat\u00f3rio GPEL 2<\/a><\/li>\n<li><a href=\"https:\/\/sites.google.com\/view\/soilerosionlab\/home\">Laborat\u00f3rio de Eros\u00e3o do Solo<\/a><\/li>\n<li>Laborat\u00f3rio de F\u00edsica do Solo<\/li>\n<li>Laborat\u00f3rio de P\u00f3s-Colheita de Frutas e Hortali\u00e7as<\/li>\n<li><a href=\"https:\/\/pnipe.mcti.gov.br\/laboratory\/36395\">GEOPOMIGRA &#8211; Laborat\u00f3rio de Estudos Pol\u00edtico-Territoriais e Migra\u00e7\u00f5es<\/a><\/li>\n<\/ul>\n<p><strong>Laborat\u00f3rios vinculados:<\/strong><\/p>\n<ul>\n<li><a href=\"https:\/\/pnipe.mcti.gov.br\/laboratory\/30094\">NMAP &#8211; Laborat\u00f3rio de M\u00e1quinas Agr\u00edcolas e Agricultura de Precis\u00e3o &#8211; N\u00facleo de Mecaniza\u00e7\u00e3o e Agricultura de Precis\u00e3o<\/a><\/li>\n<li><a href=\"https:\/\/pnipe.mcti.gov.br\/laboratory\/27003\">Laborat\u00f3rio de Fitopatologia<\/a><\/li>\n<li>Laborat\u00f3rio de Solos<\/li>\n<\/ul>\n","protected":false},"excerpt":{"rendered":"<p>Laborat\u00f3rios internos: LAMP &#8211; Laborat\u00f3rio de Apoio ao Melhoramento de Plantas DNALab &#8211; Laborat\u00f3rio de Gen\u00e9tica Molecular LMA &#8211; Laborat\u00f3rio de Microbiologia Aplicada LaBoTe &#8211; Laborat\u00f3rio de Bot\u00e2nica Estrutural Bioenergia I \u2013 Laborat\u00f3rio GPEL 2 Laborat\u00f3rio de Eros\u00e3o do Solo Laborat\u00f3rio de F\u00edsica do Solo Laborat\u00f3rio de P\u00f3s-Colheita de Frutas e Hortali\u00e7as GEOPOMIGRA &#8211; Laborat\u00f3rio [&hellip;]<\/p>\n","protected":false},"author":3,"featured_media":0,"parent":0,"menu_order":0,"comment_status":"closed","ping_status":"closed","template":"","meta":{"_exactmetrics_skip_tracking":false,"_exactmetrics_sitenote_active":false,"_exactmetrics_sitenote_note":"","_exactmetrics_sitenote_category":0,"footnotes":"","_links_to":"","_links_to_target":""},"class_list":["post-56","page","type-page","status-publish","hentry"],"_links":{"self":[{"href":"https:\/\/www3.unicentro.br\/ambiotec\/wp-json\/wp\/v2\/pages\/56","targetHints":{"allow":["GET"]}}],"collection":[{"href":"https:\/\/www3.unicentro.br\/ambiotec\/wp-json\/wp\/v2\/pages"}],"about":[{"href":"https:\/\/www3.unicentro.br\/ambiotec\/wp-json\/wp\/v2\/types\/page"}],"author":[{"embeddable":true,"href":"https:\/\/www3.unicentro.br\/ambiotec\/wp-json\/wp\/v2\/users\/3"}],"replies":[{"embeddable":true,"href":"https:\/\/www3.unicentro.br\/ambiotec\/wp-json\/wp\/v2\/comments?post=56"}],"version-history":[{"count":1,"href":"https:\/\/www3.unicentro.br\/ambiotec\/wp-json\/wp\/v2\/pages\/56\/revisions"}],"predecessor-version":[{"id":57,"href":"https:\/\/www3.unicentro.br\/ambiotec\/wp-json\/wp\/v2\/pages\/56\/revisions\/57"}],"wp:attachment":[{"href":"https:\/\/www3.unicentro.br\/ambiotec\/wp-json\/wp\/v2\/media?parent=56"}],"curies":[{"name":"wp","href":"https:\/\/api.w.org\/{rel}","templated":true}]}}