{"id":53,"date":"2026-04-30T10:50:14","date_gmt":"2026-04-30T13:50:14","guid":{"rendered":"https:\/\/www3.unicentro.br\/ambiotec\/?page_id=53"},"modified":"2026-04-30T10:50:14","modified_gmt":"2026-04-30T13:50:14","slug":"como-usar","status":"publish","type":"page","link":"https:\/\/www3.unicentro.br\/ambiotec\/como-usar\/","title":{"rendered":"Como usar"},"content":{"rendered":"<p>Os laborat\u00f3rios e equipamentos disponibilizados no Ambiotec atendem \u00e0s pol\u00edticas e normas institucionais da Infraestrutura Multiusu\u00e1ria de Pesquisa da Unicentro. Para o uso dessa infraestrutura s\u00e3o recomendadas as seguintes instru\u00e7\u00f5es:<\/p>\n<ul>\n<li>Fazer o agendamento para a reserva e prezar pelo cumprimento de hor\u00e1rios;<\/li>\n<li>Manter a limpeza e zelar pela integridade dos equipamentos e instala\u00e7\u00f5es;<\/li>\n<li>Utilizar Equipamentos de Prote\u00e7\u00e3o Individual (EPIs), conforme o caso: jaleco, \u00f3culos de prote\u00e7\u00e3o, luvas e m\u00e1scara descart\u00e1veis, etc.<\/li>\n<li>Comunicar o respons\u00e1vel pelo equipamento\/laborat\u00f3rio sobre eventuais ocorr\u00eancias ou irregularidades.<\/li>\n<\/ul>\n<p><strong>Importante<\/strong>: nas publica\u00e7\u00f5es decorrentes do uso da IMP deve-se mencionar adequadamente os equipamentos utilizados e prestar agradecimento \u00e0s ag\u00eancias de financiamento.<\/p>\n","protected":false},"excerpt":{"rendered":"<p>Os laborat\u00f3rios e equipamentos disponibilizados no Ambiotec atendem \u00e0s pol\u00edticas e normas institucionais da Infraestrutura Multiusu\u00e1ria de Pesquisa da Unicentro. Para o uso dessa infraestrutura s\u00e3o recomendadas as seguintes instru\u00e7\u00f5es: Fazer o agendamento para a reserva e prezar pelo cumprimento de hor\u00e1rios; Manter a limpeza e zelar pela integridade dos equipamentos e instala\u00e7\u00f5es; Utilizar Equipamentos [&hellip;]<\/p>\n","protected":false},"author":3,"featured_media":0,"parent":0,"menu_order":0,"comment_status":"closed","ping_status":"closed","template":"","meta":{"_exactmetrics_skip_tracking":false,"_exactmetrics_sitenote_active":false,"_exactmetrics_sitenote_note":"","_exactmetrics_sitenote_category":0,"footnotes":"","_links_to":"","_links_to_target":""},"class_list":["post-53","page","type-page","status-publish","hentry"],"_links":{"self":[{"href":"https:\/\/www3.unicentro.br\/ambiotec\/wp-json\/wp\/v2\/pages\/53","targetHints":{"allow":["GET"]}}],"collection":[{"href":"https:\/\/www3.unicentro.br\/ambiotec\/wp-json\/wp\/v2\/pages"}],"about":[{"href":"https:\/\/www3.unicentro.br\/ambiotec\/wp-json\/wp\/v2\/types\/page"}],"author":[{"embeddable":true,"href":"https:\/\/www3.unicentro.br\/ambiotec\/wp-json\/wp\/v2\/users\/3"}],"replies":[{"embeddable":true,"href":"https:\/\/www3.unicentro.br\/ambiotec\/wp-json\/wp\/v2\/comments?post=53"}],"version-history":[{"count":1,"href":"https:\/\/www3.unicentro.br\/ambiotec\/wp-json\/wp\/v2\/pages\/53\/revisions"}],"predecessor-version":[{"id":54,"href":"https:\/\/www3.unicentro.br\/ambiotec\/wp-json\/wp\/v2\/pages\/53\/revisions\/54"}],"wp:attachment":[{"href":"https:\/\/www3.unicentro.br\/ambiotec\/wp-json\/wp\/v2\/media?parent=53"}],"curies":[{"name":"wp","href":"https:\/\/api.w.org\/{rel}","templated":true}]}}