{"id":51,"date":"2026-04-30T10:49:29","date_gmt":"2026-04-30T13:49:29","guid":{"rendered":"https:\/\/www3.unicentro.br\/ambiotec\/?page_id=51"},"modified":"2026-04-30T10:49:29","modified_gmt":"2026-04-30T13:49:29","slug":"equipe","status":"publish","type":"page","link":"https:\/\/www3.unicentro.br\/ambiotec\/equipe\/","title":{"rendered":"Equipe"},"content":{"rendered":"<p>A equipe do Ambiotec \u00e9 constitu\u00edda por docentes\/pesquisadores vinculados \u00e0 P\u00f3s-gradua\u00e7\u00e3o e por bolsistas de apoio t\u00e9cnico:<\/p>\n<ul>\n<li>Prof<sup>a<\/sup>. Adriana Knob &#8211; <a href=\"http:\/\/lattes.cnpq.br\/1289646338155108\">http:\/\/lattes.cnpq.br\/1289646338155108<\/a><\/li>\n<li>Prof. Adriano Silv\u00e9rio &#8211; <a href=\"http:\/\/lattes.cnpq.br\/4122667370820929\">http:\/\/lattes.cnpq.br\/4122667370820929<\/a><\/li>\n<li>Prof. Andr\u00e9 Lazzarin Gallina &#8211; <a href=\"http:\/\/lattes.cnpq.br\/1244804271465938\">http:\/\/lattes.cnpq.br\/1244804271465938<\/a><\/li>\n<li>Prof. Cristiano Andr\u00e9 Pott &#8211; <a href=\"http:\/\/lattes.cnpq.br\/7560267294347037\">http:\/\/lattes.cnpq.br\/7560267294347037<\/a><\/li>\n<li>Prof. Edivaldo Lopes Thomaz &#8211; <a href=\"http:\/\/lattes.cnpq.br\/4660243356517448\">http:\/\/lattes.cnpq.br\/4660243356517448<\/a><\/li>\n<li>Prof<sup>a<\/sup>. Marcia da Silva &#8211; <a href=\"http:\/\/lattes.cnpq.br\/5643900933084303\">http:\/\/lattes.cnpq.br\/5643900933084303<\/a><\/li>\n<li>Prof. Marcos Ventura Faria &#8211; <a href=\"http:\/\/lattes.cnpq.br\/0413552050308341\">http:\/\/lattes.cnpq.br\/0413552050308341<\/a><\/li>\n<li>Prof<sup>a<\/sup>. Marquiana de Freitas Vilas Boas Gomes &#8211; <a href=\"http:\/\/lattes.cnpq.br\/8733013411095807\">http:\/\/lattes.cnpq.br\/8733013411095807<\/a><\/li>\n<li>Prof. Paulo Roberto da Silva &#8211; <a href=\"http:\/\/lattes.cnpq.br\/5507170343259076\">http:\/\/lattes.cnpq.br\/5507170343259076<\/a><\/li>\n<li>Prof. Renato Vasconcelos Botelho &#8211; <a href=\"http:\/\/lattes.cnpq.br\/2014910053192461\">http:\/\/lattes.cnpq.br\/2014910053192461<\/a><\/li>\n<\/ul>\n<p><strong>\u00a0<\/strong><\/p>\n<p><strong>Apoio T\u00e9cnico:<\/strong><\/p>\n<ul>\n<li>Ms. Let\u00edcia Sviech, Bolsista T\u00e9cnica &#8211; Funda\u00e7\u00e3o Arauc\u00e1ria<\/li>\n<li>Ms<strong>. <\/strong>Felipe Liss Zchonski &#8211; T\u00e9cnico de Laborat\u00f3rio<\/li>\n<\/ul>\n","protected":false},"excerpt":{"rendered":"<p>A equipe do Ambiotec \u00e9 constitu\u00edda por docentes\/pesquisadores vinculados \u00e0 P\u00f3s-gradua\u00e7\u00e3o e por bolsistas de apoio t\u00e9cnico: Profa. Adriana Knob &#8211; http:\/\/lattes.cnpq.br\/1289646338155108 Prof. Adriano Silv\u00e9rio &#8211; http:\/\/lattes.cnpq.br\/4122667370820929 Prof. Andr\u00e9 Lazzarin Gallina &#8211; http:\/\/lattes.cnpq.br\/1244804271465938 Prof. Cristiano Andr\u00e9 Pott &#8211; http:\/\/lattes.cnpq.br\/7560267294347037 Prof. Edivaldo Lopes Thomaz &#8211; http:\/\/lattes.cnpq.br\/4660243356517448 Profa. Marcia da Silva &#8211; http:\/\/lattes.cnpq.br\/5643900933084303 Prof. Marcos Ventura Faria [&hellip;]<\/p>\n","protected":false},"author":3,"featured_media":0,"parent":0,"menu_order":0,"comment_status":"closed","ping_status":"closed","template":"","meta":{"_exactmetrics_skip_tracking":false,"_exactmetrics_sitenote_active":false,"_exactmetrics_sitenote_note":"","_exactmetrics_sitenote_category":0,"footnotes":"","_links_to":"","_links_to_target":""},"class_list":["post-51","page","type-page","status-publish","hentry"],"_links":{"self":[{"href":"https:\/\/www3.unicentro.br\/ambiotec\/wp-json\/wp\/v2\/pages\/51","targetHints":{"allow":["GET"]}}],"collection":[{"href":"https:\/\/www3.unicentro.br\/ambiotec\/wp-json\/wp\/v2\/pages"}],"about":[{"href":"https:\/\/www3.unicentro.br\/ambiotec\/wp-json\/wp\/v2\/types\/page"}],"author":[{"embeddable":true,"href":"https:\/\/www3.unicentro.br\/ambiotec\/wp-json\/wp\/v2\/users\/3"}],"replies":[{"embeddable":true,"href":"https:\/\/www3.unicentro.br\/ambiotec\/wp-json\/wp\/v2\/comments?post=51"}],"version-history":[{"count":1,"href":"https:\/\/www3.unicentro.br\/ambiotec\/wp-json\/wp\/v2\/pages\/51\/revisions"}],"predecessor-version":[{"id":52,"href":"https:\/\/www3.unicentro.br\/ambiotec\/wp-json\/wp\/v2\/pages\/51\/revisions\/52"}],"wp:attachment":[{"href":"https:\/\/www3.unicentro.br\/ambiotec\/wp-json\/wp\/v2\/media?parent=51"}],"curies":[{"name":"wp","href":"https:\/\/api.w.org\/{rel}","templated":true}]}}