{"id":49,"date":"2026-04-30T10:48:41","date_gmt":"2026-04-30T13:48:41","guid":{"rendered":"https:\/\/www3.unicentro.br\/ambiotec\/?page_id=49"},"modified":"2026-04-30T10:48:41","modified_gmt":"2026-04-30T13:48:41","slug":"gestao","status":"publish","type":"page","link":"https:\/\/www3.unicentro.br\/ambiotec\/gestao\/","title":{"rendered":"Gest\u00e3o"},"content":{"rendered":"<p><strong>A gest\u00e3o \u00e9 executada pelo <\/strong>Subcomit\u00ea Gestor do Ambiotec, do C\u00e2mpus Cedeteg, designado pela <a href=\"https:\/\/sgu.unicentro.br\/pcatooficiais\/imprimir\/C51ED131\"><strong>Portaria n\u00ba 84-GR\/UNICENTRO, de 12 de fevereiro de 2026<\/strong><\/a>, alterada pela <a href=\"https:\/\/sgu.unicentro.br\/pcatooficiais\/imprimir\/9A5D97E9\"><strong>Portaria n\u00ba 190-GR\/UNICENTRO, de 5 de mar\u00e7o de 2026<\/strong><\/a>.<\/p>\n","protected":false},"excerpt":{"rendered":"<p>A gest\u00e3o \u00e9 executada pelo Subcomit\u00ea Gestor do Ambiotec, do C\u00e2mpus Cedeteg, designado pela Portaria n\u00ba 84-GR\/UNICENTRO, de 12 de fevereiro de 2026, alterada pela Portaria n\u00ba 190-GR\/UNICENTRO, de 5 de mar\u00e7o de 2026.<\/p>\n","protected":false},"author":3,"featured_media":0,"parent":0,"menu_order":0,"comment_status":"closed","ping_status":"closed","template":"","meta":{"_exactmetrics_skip_tracking":false,"_exactmetrics_sitenote_active":false,"_exactmetrics_sitenote_note":"","_exactmetrics_sitenote_category":0,"footnotes":"","_links_to":"","_links_to_target":""},"class_list":["post-49","page","type-page","status-publish","hentry"],"_links":{"self":[{"href":"https:\/\/www3.unicentro.br\/ambiotec\/wp-json\/wp\/v2\/pages\/49","targetHints":{"allow":["GET"]}}],"collection":[{"href":"https:\/\/www3.unicentro.br\/ambiotec\/wp-json\/wp\/v2\/pages"}],"about":[{"href":"https:\/\/www3.unicentro.br\/ambiotec\/wp-json\/wp\/v2\/types\/page"}],"author":[{"embeddable":true,"href":"https:\/\/www3.unicentro.br\/ambiotec\/wp-json\/wp\/v2\/users\/3"}],"replies":[{"embeddable":true,"href":"https:\/\/www3.unicentro.br\/ambiotec\/wp-json\/wp\/v2\/comments?post=49"}],"version-history":[{"count":1,"href":"https:\/\/www3.unicentro.br\/ambiotec\/wp-json\/wp\/v2\/pages\/49\/revisions"}],"predecessor-version":[{"id":50,"href":"https:\/\/www3.unicentro.br\/ambiotec\/wp-json\/wp\/v2\/pages\/49\/revisions\/50"}],"wp:attachment":[{"href":"https:\/\/www3.unicentro.br\/ambiotec\/wp-json\/wp\/v2\/media?parent=49"}],"curies":[{"name":"wp","href":"https:\/\/api.w.org\/{rel}","templated":true}]}}